{"id":4598,"date":"2020-02-12T08:51:30","date_gmt":"2020-02-12T07:51:30","guid":{"rendered":"https:\/\/kongshojcamping.dk\/titelseite\/"},"modified":"2022-11-04T10:14:25","modified_gmt":"2022-11-04T09:14:25","slug":"titelseite","status":"publish","type":"page","link":"https:\/\/kongshojcamping.dk\/de\/","title":{"rendered":"Titelseite"},"content":{"rendered":"<section class=\"wpb-content-wrapper\"><p>[vc_row full_width=&#8220;stretch_row&#8220;][vc_column css_animation=&#8220;fadeInUp&#8220;]<div class=\"ult-spacer spacer-69f8b3bc1e117\" data-id=\"69f8b3bc1e117\" data-height=\"90\" data-height-mobile=\"60\" data-height-tab=\"90\" data-height-tab-portrait=\"60\" data-height-mobile-landscape=\"60\" style=\"clear:both;display:block;\"><\/div>[vc_row_inner][vc_column_inner offset=&#8220;vc_col-lg-2 vc_col-md-2 vc_col-xs-12&#8243;][\/vc_column_inner][vc_column_inner offset=&#8220;vc_col-lg-8 vc_col-md-8 vc_col-xs-12&#8243;][vc_column_text el_class=&#8220;custom&#8220;]<\/p>\n<h6 style=\"text-align: center;\">Kongsh\u00f8j Camping<\/h6>\n<p>[\/vc_column_text][vc_empty_space height=&#8220;10px&#8220;][vc_column_text]<\/p>\n<h1 style=\"text-align: center;\">Camping mit Campingplatz und Campingh\u00fctte in Strandn\u00e4he auf F\u00fcnen<\/h1>\n<h3 style=\"text-align: center;\">Wir sind ein gem\u00fctlicher Campingplatz<\/h3>\n<p style=\"text-align: center;\">Herrlicher Familienplatz s\u00fcdlich von Nyborg. Gut gelegen in natursch\u00f6ner Umgebung mit kinderfreundlichem Badestrand mit blauer Flagge.<\/p>\n<p style=\"text-align: center;\">Guter Spielplatz u.a. mit 2 H\u00fcpfkissen, Mooncars, Schwebebahn und Streicheltieren. Spielhalle mit Badminton und Tischtennis. Fl\u00e4che f\u00fcr Fu\u00dfball, Basketball und Volleyball. Gute Angelm\u00f6glichkeiten in Salz- und S\u00fc\u00dfwasser.<\/p>\n<p>[\/vc_column_text][\/vc_column_inner][vc_column_inner offset=&#8220;vc_col-lg-2 vc_col-md-2 vc_col-xs-12&#8243;][\/vc_column_inner][\/vc_row_inner]<div class=\"ult-spacer spacer-69f8b3bc1e164\" data-id=\"69f8b3bc1e164\" data-height=\"90\" data-height-mobile=\"60\" data-height-tab=\"90\" data-height-tab-portrait=\"60\" data-height-mobile-landscape=\"60\" style=\"clear:both;display:block;\"><\/div>[\/vc_column][\/vc_row][vc_row full_width=&#8220;stretch_row_content&#8220; el_class=&#8220;stretch-full&#8220; css=&#8220;.vc_custom_1664183636886{background-color: #fafafa !important;}&#8220;][vc_column css_animation=&#8220;fadeInUp&#8220;]<div class=\"ult-spacer spacer-69f8b3bc1e18b\" data-id=\"69f8b3bc1e18b\" data-height=\"90\" data-height-mobile=\"60\" data-height-tab=\"90\" data-height-tab-portrait=\"60\" data-height-mobile-landscape=\"60\" style=\"clear:both;display:block;\"><\/div>[vc_row_inner][vc_column_inner width=&#8220;1\/2&#8243; offset=&#8220;vc_col-lg-3 vc_col-md-6 vc_col-xs-12&#8243;]<div class=\"ult-new-ib ult-ib-effect-style2  ult-ib-resp ult-ib2-min-height \" data-min-width=\"768\" data-max-width=\"900\" style=\"background:#0090cb; opacity:0; \" data-opacity=\"0.5\" data-hover-opacity=\"0.2\"  data-min-height=\"300\" ><img decoding=\"async\" class=\"ult-new-ib-img\" style=\"opacity:0.5;\" alt=\"null\" src=\"https:\/\/kongshojcamping.dk\/wp-content\/uploads\/2022\/09\/14072015-24-2-1024x684-1.jpg\"  data-min-height=\"300\"   \/><div id=\"interactive-banner-wrap-5367\" class=\"ult-new-ib-desc\" style=\"\"><h3 class=\"ult-new-ib-title ult-responsive\"  data-ultimate-target='#interactive-banner-wrap-5367 .ult-new-ib-title'  data-responsive-json-new='{\"font-size\":\"desktop:26px;tablet:26px;tablet_portrait:22px;mobile_landscape:26px;mobile:22px;\",\"line-height\":\"\"}'  style=\"font-weight:bold;color:#f8ca3c;\">H\u00fctten<\/h3><div class=\"ult-new-ib-content ult-responsive\"  data-ultimate-target='#interactive-banner-wrap-5367 .ult-new-ib-content'  data-responsive-json-new='{\"font-size\":\"desktop:16px;\",\"line-height\":\"\"}'  style=\"font-weight:200;color:#f8ca3c;\"><p>Lesen Sie hier mehr<\/p><\/div><\/div><a class=\"ult-new-ib-link\" href=\"\/de\/huetten\/\" title=\"L\u00e6s mere\"  ><\/a><\/div><div class=\"ult-spacer spacer-69f8b3bc1e4e1\" data-id=\"69f8b3bc1e4e1\" data-height=\"0\" data-height-mobile=\"30\" data-height-tab=\"60\" data-height-tab-portrait=\"60\" data-height-mobile-landscape=\"30\" style=\"clear:both;display:block;\"><\/div>[\/vc_column_inner][vc_column_inner width=&#8220;1\/2&#8243; offset=&#8220;vc_col-lg-3 vc_col-md-6 vc_col-xs-12&#8243;]<div class=\"ult-new-ib ult-ib-effect-style2  ult-ib-resp ult-ib2-min-height \" data-min-width=\"768\" data-max-width=\"900\" style=\"background:#0090cb; opacity:0; \" data-opacity=\"0.5\" data-hover-opacity=\"0.2\"  data-min-height=\"300\" ><img decoding=\"async\" class=\"ult-new-ib-img\" style=\"opacity:0.5;\" alt=\"null\" src=\"https:\/\/kongshojcamping.dk\/wp-content\/uploads\/2022\/09\/img-0586-1024x768-1.jpg\"  data-min-height=\"300\"   \/><div id=\"interactive-banner-wrap-9717\" class=\"ult-new-ib-desc\" style=\"\"><h3 class=\"ult-new-ib-title ult-responsive\"  data-ultimate-target='#interactive-banner-wrap-9717 .ult-new-ib-title'  data-responsive-json-new='{\"font-size\":\"desktop:26px;tablet:26px;tablet_portrait:22px;mobile_landscape:26px;mobile:22px;\",\"line-height\":\"\"}'  style=\"font-weight:bold;color:#f8ca3c;\">Aktivit\u00e4ten<\/h3><div class=\"ult-new-ib-content ult-responsive\"  data-ultimate-target='#interactive-banner-wrap-9717 .ult-new-ib-content'  data-responsive-json-new='{\"font-size\":\"desktop:16px;\",\"line-height\":\"\"}'  style=\"font-weight:200;color:#f8ca3c;\"><p>Lesen Sie hier mehr<\/p><\/div><\/div><a class=\"ult-new-ib-link\" href=\"\/de\/aktivitaeten\/\" title=\"L\u00e6s mere\"  ><\/a><\/div><div class=\"ult-spacer spacer-69f8b3bc1e79b\" data-id=\"69f8b3bc1e79b\" data-height=\"0\" data-height-mobile=\"30\" data-height-tab=\"60\" data-height-tab-portrait=\"60\" data-height-mobile-landscape=\"30\" style=\"clear:both;display:block;\"><\/div>[\/vc_column_inner][vc_column_inner width=&#8220;1\/2&#8243; offset=&#8220;vc_col-lg-3 vc_col-md-6 vc_col-xs-12&#8243;]<div class=\"ult-new-ib ult-ib-effect-style2  ult-ib-resp ult-ib2-min-height \" data-min-width=\"768\" data-max-width=\"900\" style=\"background:#0090cb; opacity:0; \" data-opacity=\"0.5\" data-hover-opacity=\"0.2\"  data-min-height=\"300\" ><img decoding=\"async\" class=\"ult-new-ib-img\" style=\"opacity:0.5;\" alt=\"null\" src=\"https:\/\/kongshojcamping.dk\/wp-content\/uploads\/2022\/09\/img-04911.jpg\"  data-min-height=\"300\"   \/><div id=\"interactive-banner-wrap-4816\" class=\"ult-new-ib-desc\" style=\"\"><h3 class=\"ult-new-ib-title ult-responsive\"  data-ultimate-target='#interactive-banner-wrap-4816 .ult-new-ib-title'  data-responsive-json-new='{\"font-size\":\"desktop:26px;tablet:26px;tablet_portrait:22px;mobile_landscape:26px;mobile:22px;\",\"line-height\":\"\"}'  style=\"font-weight:bold;color:#f8ca3c;\">Camping<\/h3><div class=\"ult-new-ib-content ult-responsive\"  data-ultimate-target='#interactive-banner-wrap-4816 .ult-new-ib-content'  data-responsive-json-new='{\"font-size\":\"desktop:16px;\",\"line-height\":\"\"}'  style=\"font-weight:200;color:#f8ca3c;\"><p>Lesen Sie hier mehr<\/p><\/div><\/div><a class=\"ult-new-ib-link\" href=\"\/de\/camping\/\" title=\"L\u00e6s mere\"  ><\/a><\/div><div class=\"ult-spacer spacer-69f8b3bc1ea56\" data-id=\"69f8b3bc1ea56\" data-height=\"0\" data-height-mobile=\"30\" data-height-tab=\"0\" data-height-tab-portrait=\"0\" data-height-mobile-landscape=\"30\" style=\"clear:both;display:block;\"><\/div>[\/vc_column_inner][vc_column_inner width=&#8220;1\/2&#8243; offset=&#8220;vc_col-lg-3 vc_col-md-6 vc_col-xs-12&#8243;]<div class=\"ult-new-ib ult-ib-effect-style2  ult-ib-resp ult-ib2-min-height \" data-min-width=\"768\" data-max-width=\"900\" style=\"background:#0090cb; opacity:0; \" data-opacity=\"0.5\" data-hover-opacity=\"0.2\"  data-min-height=\"300\" ><img decoding=\"async\" class=\"ult-new-ib-img\" style=\"opacity:0.5;\" alt=\"null\" src=\"https:\/\/kongshojcamping.dk\/wp-content\/uploads\/2022\/09\/2012-684-1024x683-1.jpg\"  data-min-height=\"300\"   \/><div id=\"interactive-banner-wrap-9512\" class=\"ult-new-ib-desc\" style=\"\"><h3 class=\"ult-new-ib-title ult-responsive\"  data-ultimate-target='#interactive-banner-wrap-9512 .ult-new-ib-title'  data-responsive-json-new='{\"font-size\":\"desktop:26px;tablet:26px;tablet_portrait:22px;mobile_landscape:26px;mobile:22px;\",\"line-height\":\"\"}'  style=\"font-weight:bold;color:#f8ca3c;\">Kontakt<\/h3><div class=\"ult-new-ib-content ult-responsive\"  data-ultimate-target='#interactive-banner-wrap-9512 .ult-new-ib-content'  data-responsive-json-new='{\"font-size\":\"desktop:16px;\",\"line-height\":\"\"}'  style=\"font-weight:200;color:#f8ca3c;\"><p>Lesen Sie hier mehr<\/p><\/div><\/div><a class=\"ult-new-ib-link\" href=\"\/de\/kontakt-uns\/\" title=\"L\u00e6s mere\"  ><\/a><\/div>[\/vc_column_inner][\/vc_row_inner]<div class=\"ult-spacer spacer-69f8b3bc1ed14\" data-id=\"69f8b3bc1ed14\" data-height=\"90\" data-height-mobile=\"60\" data-height-tab=\"90\" data-height-tab-portrait=\"60\" data-height-mobile-landscape=\"60\" style=\"clear:both;display:block;\"><\/div>[\/vc_column][\/vc_row][vc_row full_width=&#8220;stretch_row_content_no_spaces&#8220; equal_height=&#8220;yes&#8220;][vc_column css_animation=&#8220;fadeInLeft&#8220; el_class=&#8220;stretch&#8220; offset=&#8220;vc_col-lg-6 vc_col-md-6 vc_col-xs-12&#8243;][vc_column_text]<\/p>\n<h2>Malerische Gegend mit einem guten Strand<\/h2>\n<p>Der Platz liegt in einer landschaftlich reizvollen Gegend mit einem guten Badestrand und der Blauen Flagge, und es gibt eine fantastische Natur rund um den Platz mit vielen Wegen und einem eigenen Hundewald von 5000 m2. Wenn Sie keinen Wohnwagen dabei haben, vermieten wir sowohl H\u00fctten als auch Wohnwagen, darunter 8 brandneue Luxush\u00fctten.<\/p>\n<p>Wir freuen uns, Sie auf Kongsh\u00f8j Strand Camping begr\u00fc\u00dfen zu d\u00fcrfen.[\/vc_column_text][\/vc_column][vc_column css_animation=&#8220;fadeInRight&#8220; css=&#8220;.vc_custom_1667553195614{background-image: url(https:\/\/kongshojcamping.dk\/wp-content\/uploads\/2022\/11\/thumbnail-img-8242.jpg?id=900037) !important;background-position: center !important;background-repeat: no-repeat !important;background-size: cover !important;}&#8220; offset=&#8220;vc_col-lg-6 vc_col-md-6 vc_col-xs-12&#8243;]<div class=\"ult-spacer spacer-69f8b3bc1ed3f\" data-id=\"69f8b3bc1ed3f\" data-height=\"0\" data-height-mobile=\"200\" data-height-tab=\"0\" data-height-tab-portrait=\"300\" data-height-mobile-landscape=\"250\" style=\"clear:both;display:block;\"><\/div>[\/vc_column][\/vc_row][vc_row full_width=&#8220;stretch_row_content&#8220; el_class=&#8220;stretch-full&#8220; css=&#8220;.vc_custom_1665468856786{background-color: #fafafa !important;}&#8220;][vc_column css_animation=&#8220;fadeInUp&#8220;]<div class=\"ult-spacer spacer-69f8b3bc1ed63\" data-id=\"69f8b3bc1ed63\" data-height=\"90\" data-height-mobile=\"60\" data-height-tab=\"90\" data-height-tab-portrait=\"60\" data-height-mobile-landscape=\"60\" style=\"clear:both;display:block;\"><\/div>[vc_row_inner][vc_column_inner offset=&#8220;vc_col-lg-6 vc_col-md-6 vc_col-xs-12&#8243;]<div class=\"ult-new-ib ult-ib-effect-style2  ult-ib-resp ult-ib2-min-height \" data-min-width=\"768\" data-max-width=\"900\" style=\"background:#0090cb; opacity:0; \" data-opacity=\"0.5\" data-hover-opacity=\"0.2\"  data-min-height=\"300\" ><img decoding=\"async\" class=\"ult-new-ib-img\" style=\"opacity:0.5;\" alt=\"null\" src=\"https:\/\/kongshojcamping.dk\/wp-content\/uploads\/2022\/10\/img-5396-1024x768-1.jpg\"  data-min-height=\"300\"   \/><div id=\"interactive-banner-wrap-8487\" class=\"ult-new-ib-desc\" style=\"\"><h3 class=\"ult-new-ib-title ult-responsive\"  data-ultimate-target='#interactive-banner-wrap-8487 .ult-new-ib-title'  data-responsive-json-new='{\"font-size\":\"desktop:26px;tablet:26px;tablet_portrait:22px;mobile_landscape:26px;mobile:22px;\",\"line-height\":\"\"}'  style=\"font-weight:bold;color:#f8ca3c;\">Saisonpl\u00e4tze<\/h3><div class=\"ult-new-ib-content ult-responsive\"  data-ultimate-target='#interactive-banner-wrap-8487 .ult-new-ib-content'  data-responsive-json-new='{\"font-size\":\"desktop:16px;\",\"line-height\":\"\"}'  style=\"font-weight:200;color:#f8ca3c;\"><p>Wenn Sie einen Platz f\u00fcr die Saison 2023 suchen, k\u00f6nnen Sie gerne anrufen oder vorbeikommen.<\/p><\/div><\/div><a class=\"ult-new-ib-link\" href=\"\/de\/ueber-den-platz\/\" title=\"L\u00e6s mere\"  ><\/a><\/div><div class=\"ult-spacer spacer-69f8b3bc1f026\" data-id=\"69f8b3bc1f026\" data-height=\"0\" data-height-mobile=\"30\" data-height-tab=\"60\" data-height-tab-portrait=\"60\" data-height-mobile-landscape=\"30\" style=\"clear:both;display:block;\"><\/div>[\/vc_column_inner][vc_column_inner offset=&#8220;vc_col-lg-6 vc_col-md-6 vc_col-xs-12&#8243;]<div class=\"ult-new-ib ult-ib-effect-style2  ult-ib-resp ult-ib2-min-height \" data-min-width=\"768\" data-max-width=\"900\" style=\"background:#0090cb; opacity:0; \" data-opacity=\"0.5\" data-hover-opacity=\"0.2\"  data-min-height=\"300\" ><img decoding=\"async\" class=\"ult-new-ib-img\" style=\"opacity:0.5;\" alt=\"null\" src=\"https:\/\/kongshojcamping.dk\/wp-content\/uploads\/2022\/09\/dsc02410-kopi-1024x683-1.jpg\"  data-min-height=\"300\"   \/><div id=\"interactive-banner-wrap-3259\" class=\"ult-new-ib-desc\" style=\"\"><h3 class=\"ult-new-ib-title ult-responsive\"  data-ultimate-target='#interactive-banner-wrap-3259 .ult-new-ib-title'  data-responsive-json-new='{\"font-size\":\"desktop:26px;tablet:26px;tablet_portrait:22px;mobile_landscape:26px;mobile:22px;\",\"line-height\":\"\"}'  style=\"font-weight:bold;color:#f8ca3c;\">Summer Haus<\/h3><div class=\"ult-new-ib-content ult-responsive\"  data-ultimate-target='#interactive-banner-wrap-3259 .ult-new-ib-content'  data-responsive-json-new='{\"font-size\":\"desktop:16px;\",\"line-height\":\"\"}'  style=\"font-weight:200;color:#f8ca3c;\"><p>Sch\u00f6nes Ferienhaus mit Platz f\u00fcr 26 Personen mit einzigartigen M\u00f6glichkeiten f\u00fcr Zusammenk\u00fcnfte.<\/p><\/div><\/div><a class=\"ult-new-ib-link\" href=\"\/de\/luxurioeses-sommerhaus\/\" title=\"L\u00e6s mere\"  ><\/a><\/div>[\/vc_column_inner][\/vc_row_inner]<div class=\"ult-spacer spacer-69f8b3bc1f4df\" data-id=\"69f8b3bc1f4df\" data-height=\"90\" data-height-mobile=\"60\" data-height-tab=\"90\" data-height-tab-portrait=\"60\" data-height-mobile-landscape=\"60\" style=\"clear:both;display:block;\"><\/div>[\/vc_column][\/vc_row][vc_row full_width=&#8220;stretch_row&#8220; el_class=&#8220;overlay cta coloured&#8220; css=&#8220;.vc_custom_1664183301271{background-image: url(https:\/\/kongshojcamping.dk\/wp-content\/uploads\/2022\/09\/svg-camping.svg?id=3437) !important;background-position: center !important;background-repeat: no-repeat !important;background-size: cover !important;}&#8220;][vc_column]<div class=\"ult-spacer spacer-69f8b3bc1f507\" data-id=\"69f8b3bc1f507\" data-height=\"90\" data-height-mobile=\"60\" data-height-tab=\"90\" data-height-tab-portrait=\"60\" data-height-mobile-landscape=\"60\" style=\"clear:both;display:block;\"><\/div>[vc_column_text css_animation=&#8220;fadeInUp&#8220;]<\/p>\n<h3 style=\"text-align: center;\">Folge uns auf Facebook<\/h3>\n<p>[\/vc_column_text][vc_empty_space height=&#8220;60px&#8220;][vc_raw_html]JTNDY2VudGVyJTNFJTBBJTNDZGl2JTIwaWQlM0QlMjJmYi1yb290JTIyJTNFJTNDJTJGZGl2JTNFJTBBJTNDc2NyaXB0JTIwYXN5bmMlMjBkZWZlciUyMGNyb3Nzb3JpZ2luJTNEJTIyYW5vbnltb3VzJTIyJTIwc3JjJTNEJTIyaHR0cHMlM0ElMkYlMkZjb25uZWN0LmZhY2Vib29rLm5ldCUyRmRhX0RLJTJGc2RrLmpzJTIzeGZibWwlM0QxJTI2dmVyc2lvbiUzRHYxNS4wJTIyJTIwbm9uY2UlM0QlMjJra0tXOGJNdSUyMiUzRSUzQyUyRnNjcmlwdCUzRSUwQSUzQ2RpdiUyMGNsYXNzJTNEJTIyZmItcGFnZSUyMiUyMGRhdGEtaHJlZiUzRCUyMmh0dHBzJTNBJTJGJTJGd3d3LmZhY2Vib29rLmNvbSUyRmtvbmdzaG9qc3RyYW5kY2FtcGluZyUyMiUyMGRhdGEtdGFicyUzRCUyMnRpbWVsaW5lJTIyJTIwZGF0YS13aWR0aCUzRCUyMjUwMCUyMiUyMGRhdGEtaGVpZ2h0JTNEJTIyJTIyJTIwZGF0YS1zbWFsbC1oZWFkZXIlM0QlMjJmYWxzZSUyMiUyMGRhdGEtYWRhcHQtY29udGFpbmVyLXdpZHRoJTNEJTIydHJ1ZSUyMiUyMGRhdGEtaGlkZS1jb3ZlciUzRCUyMmZhbHNlJTIyJTIwZGF0YS1zaG93LWZhY2VwaWxlJTNEJTIydHJ1ZSUyMiUyMGRhdGEtbGF6eSUzRCUyMnRydWUlMjIlM0UlMEElM0NibG9ja3F1b3RlJTIwY2xhc3MlM0QlMjJmYi14ZmJtbC1wYXJzZS1pZ25vcmUlMjIlMjBjaXRlJTNEJTIyaHR0cHMlM0ElMkYlMkZ3d3cuZmFjZWJvb2suY29tJTJGa29uZ3Nob2pzdHJhbmRjYW1waW5nJTIyJTNFJTNDYSUyMGhyZWYlM0QlMjJodHRwcyUzQSUyRiUyRnd3dy5mYWNlYm9vay5jb20lMkZrb25nc2hvanN0cmFuZGNhbXBpbmclMjIlM0VLb25nc2glQzMlQjhqJTIwU3RyYW5kJTIwQ2FtcGluZyUzQyUyRmElM0UlM0MlMkZibG9ja3F1b3RlJTNFJTBBJTNDJTJGZGl2JTNFJTBBJTI2bmJzcCUzQg==[\/vc_raw_html]<div class=\"ult-spacer spacer-69f8b3bc1f52a\" data-id=\"69f8b3bc1f52a\" data-height=\"90\" data-height-mobile=\"60\" data-height-tab=\"90\" data-height-tab-portrait=\"60\" data-height-mobile-landscape=\"60\" style=\"clear:both;display:block;\"><\/div>[\/vc_column][\/vc_row]<\/p>\n<\/section>","protected":false},"excerpt":{"rendered":"<p>[vc_row full_width=&#8220;stretch_row&#8220;][vc_column css_animation=&#8220;fadeInUp&#8220;][vc_row_inner][vc_column_inner offset=&#8220;vc_col-lg-2 vc_col-md-2 vc_col-xs-12&#8243;][\/vc_column_inner][vc_column_inner offset=&#8220;vc_col-lg-8 vc_col-md-8 vc_col-xs-12&#8243;][vc_column_text el_class=&#8220;custom&#8220;] Kongsh\u00f8j Camping [\/vc_column_text][vc_empty_space height=&#8220;10px&#8220;][vc_column_text] Camping mit Campingplatz und Campingh\u00fctte in Strandn\u00e4he auf F\u00fcnen Wir sind ein gem\u00fctlicher Campingplatz Herrlicher Familienplatz s\u00fcdlich von Nyborg. Gut gelegen in natursch\u00f6ner Umgebung mit kinderfreundlichem Badestrand mit blauer Flagge. Guter Spielplatz u.a. mit 2 H\u00fcpfkissen, Mooncars, Schwebebahn und Streicheltieren. Spielhalle &#8230; <a title=\"Titelseite\" class=\"read-more\" href=\"https:\/\/kongshojcamping.dk\/de\/\" aria-label=\"Mehr zu Titelseite\">Weiterlesen &#8230;<\/a><\/p>\n","protected":false},"author":1,"featured_media":0,"parent":0,"menu_order":0,"comment_status":"closed","ping_status":"closed","template":"","meta":{"_acf_changed":false,"footnotes":""},"categories":[],"class_list":["post-4598","page","type-page","status-publish"],"acf":[],"yoast_head":"<!-- This site is optimized with the Yoast SEO plugin v27.2 - https:\/\/yoast.com\/product\/yoast-seo-wordpress\/ -->\n<title>Camping med campingplads og campinghytte n\u00e6r strand p\u00e5 Fyn &#183; Kongsh\u00f8j Camping<\/title>\n<meta name=\"robots\" content=\"index, follow, max-snippet:-1, max-image-preview:large, max-video-preview:-1\" \/>\n<link rel=\"canonical\" href=\"https:\/\/kongshojcamping.dk\/de\/\" \/>\n<meta property=\"og:locale\" content=\"de_DE\" \/>\n<meta property=\"og:type\" content=\"article\" \/>\n<meta property=\"og:title\" content=\"Camping med campingplads og campinghytte n\u00e6r strand p\u00e5 Fyn &#183; Kongsh\u00f8j Camping\" \/>\n<meta property=\"og:description\" content=\"[vc_row full_width=&#8220;stretch_row&#8220;][vc_column css_animation=&#8220;fadeInUp&#8220;][vc_row_inner][vc_column_inner offset=&#8220;vc_col-lg-2 vc_col-md-2 vc_col-xs-12&#8243;][\/vc_column_inner][vc_column_inner offset=&#8220;vc_col-lg-8 vc_col-md-8 vc_col-xs-12&#8243;][vc_column_text el_class=&#8220;custom&#8220;] Kongsh\u00f8j Camping [\/vc_column_text][vc_empty_space height=&#8220;10px&#8220;][vc_column_text] Camping mit Campingplatz und Campingh\u00fctte in Strandn\u00e4he auf F\u00fcnen Wir sind ein gem\u00fctlicher Campingplatz Herrlicher Familienplatz s\u00fcdlich von Nyborg. Gut gelegen in natursch\u00f6ner Umgebung mit kinderfreundlichem Badestrand mit blauer Flagge. Guter Spielplatz u.a. mit 2 H\u00fcpfkissen, Mooncars, Schwebebahn und Streicheltieren. Spielhalle ... Weiterlesen ...\" \/>\n<meta property=\"og:url\" content=\"https:\/\/kongshojcamping.dk\/de\/\" \/>\n<meta property=\"og:site_name\" content=\"Kongsh\u00f8j Camping\" \/>\n<meta property=\"article:modified_time\" content=\"2022-11-04T09:14:25+00:00\" \/>\n<meta name=\"twitter:card\" content=\"summary_large_image\" \/>\n<meta name=\"twitter:label1\" content=\"Gesch\u00e4tzte Lesezeit\" \/>\n\t<meta name=\"twitter:data1\" content=\"3\u00a0Minuten\" \/>\n<script type=\"application\/ld+json\" class=\"yoast-schema-graph\">{\"@context\":\"https:\/\/schema.org\",\"@graph\":[{\"@type\":\"WebPage\",\"@id\":\"https:\/\/kongshojcamping.dk\/de\/\",\"url\":\"https:\/\/kongshojcamping.dk\/de\/\",\"name\":\"Camping med campingplads og campinghytte n\u00e6r strand p\u00e5 Fyn &#183; Kongsh\u00f8j Camping\",\"isPartOf\":{\"@id\":\"https:\/\/kongshojcamping.dk\/de\/#website\"},\"datePublished\":\"2020-02-12T07:51:30+00:00\",\"dateModified\":\"2022-11-04T09:14:25+00:00\",\"breadcrumb\":{\"@id\":\"https:\/\/kongshojcamping.dk\/de\/#breadcrumb\"},\"inLanguage\":\"de\",\"potentialAction\":[{\"@type\":\"ReadAction\",\"target\":[\"https:\/\/kongshojcamping.dk\/de\/\"]}]},{\"@type\":\"BreadcrumbList\",\"@id\":\"https:\/\/kongshojcamping.dk\/de\/#breadcrumb\",\"itemListElement\":[{\"@type\":\"ListItem\",\"position\":1,\"name\":\"Hjem\",\"item\":\"https:\/\/kongshojcamping.dk\/de\/titelseite\/\"},{\"@type\":\"ListItem\",\"position\":2,\"name\":\"Titelseite\"}]},{\"@type\":\"WebSite\",\"@id\":\"https:\/\/kongshojcamping.dk\/de\/#website\",\"url\":\"https:\/\/kongshojcamping.dk\/de\/\",\"name\":\"Kongsh\u00f8j Camping\",\"description\":\"Camping med campingplads og campinghytte n\u00e6r strand p\u00e5 Fyn\",\"publisher\":{\"@id\":\"https:\/\/kongshojcamping.dk\/de\/#organization\"},\"potentialAction\":[{\"@type\":\"SearchAction\",\"target\":{\"@type\":\"EntryPoint\",\"urlTemplate\":\"https:\/\/kongshojcamping.dk\/de\/?s={search_term_string}\"},\"query-input\":{\"@type\":\"PropertyValueSpecification\",\"valueRequired\":true,\"valueName\":\"search_term_string\"}}],\"inLanguage\":\"de\"},{\"@type\":\"Organization\",\"@id\":\"https:\/\/kongshojcamping.dk\/de\/#organization\",\"name\":\"Kongsh\u00f8j Camping\",\"url\":\"https:\/\/kongshojcamping.dk\/de\/\",\"logo\":{\"@type\":\"ImageObject\",\"inLanguage\":\"de\",\"@id\":\"https:\/\/kongshojcamping.dk\/de\/#\/schema\/logo\/image\/\",\"url\":\"https:\/\/kongshojcamping.dk\/wp-content\/uploads\/2022\/09\/layer-2.png\",\"contentUrl\":\"https:\/\/kongshojcamping.dk\/wp-content\/uploads\/2022\/09\/layer-2.png\",\"width\":997,\"height\":613,\"caption\":\"Kongsh\u00f8j Camping\"},\"image\":{\"@id\":\"https:\/\/kongshojcamping.dk\/de\/#\/schema\/logo\/image\/\"}}]}<\/script>\n<!-- \/ Yoast SEO plugin. -->","yoast_head_json":{"title":"Camping med campingplads og campinghytte n\u00e6r strand p\u00e5 Fyn &#183; Kongsh\u00f8j Camping","robots":{"index":"index","follow":"follow","max-snippet":"max-snippet:-1","max-image-preview":"max-image-preview:large","max-video-preview":"max-video-preview:-1"},"canonical":"https:\/\/kongshojcamping.dk\/de\/","og_locale":"de_DE","og_type":"article","og_title":"Camping med campingplads og campinghytte n\u00e6r strand p\u00e5 Fyn &#183; Kongsh\u00f8j Camping","og_description":"[vc_row full_width=&#8220;stretch_row&#8220;][vc_column css_animation=&#8220;fadeInUp&#8220;][vc_row_inner][vc_column_inner offset=&#8220;vc_col-lg-2 vc_col-md-2 vc_col-xs-12&#8243;][\/vc_column_inner][vc_column_inner offset=&#8220;vc_col-lg-8 vc_col-md-8 vc_col-xs-12&#8243;][vc_column_text el_class=&#8220;custom&#8220;] Kongsh\u00f8j Camping [\/vc_column_text][vc_empty_space height=&#8220;10px&#8220;][vc_column_text] Camping mit Campingplatz und Campingh\u00fctte in Strandn\u00e4he auf F\u00fcnen Wir sind ein gem\u00fctlicher Campingplatz Herrlicher Familienplatz s\u00fcdlich von Nyborg. Gut gelegen in natursch\u00f6ner Umgebung mit kinderfreundlichem Badestrand mit blauer Flagge. Guter Spielplatz u.a. mit 2 H\u00fcpfkissen, Mooncars, Schwebebahn und Streicheltieren. Spielhalle ... Weiterlesen ...","og_url":"https:\/\/kongshojcamping.dk\/de\/","og_site_name":"Kongsh\u00f8j Camping","article_modified_time":"2022-11-04T09:14:25+00:00","twitter_card":"summary_large_image","twitter_misc":{"Gesch\u00e4tzte Lesezeit":"3\u00a0Minuten"},"schema":{"@context":"https:\/\/schema.org","@graph":[{"@type":"WebPage","@id":"https:\/\/kongshojcamping.dk\/de\/","url":"https:\/\/kongshojcamping.dk\/de\/","name":"Camping med campingplads og campinghytte n\u00e6r strand p\u00e5 Fyn &#183; Kongsh\u00f8j Camping","isPartOf":{"@id":"https:\/\/kongshojcamping.dk\/de\/#website"},"datePublished":"2020-02-12T07:51:30+00:00","dateModified":"2022-11-04T09:14:25+00:00","breadcrumb":{"@id":"https:\/\/kongshojcamping.dk\/de\/#breadcrumb"},"inLanguage":"de","potentialAction":[{"@type":"ReadAction","target":["https:\/\/kongshojcamping.dk\/de\/"]}]},{"@type":"BreadcrumbList","@id":"https:\/\/kongshojcamping.dk\/de\/#breadcrumb","itemListElement":[{"@type":"ListItem","position":1,"name":"Hjem","item":"https:\/\/kongshojcamping.dk\/de\/titelseite\/"},{"@type":"ListItem","position":2,"name":"Titelseite"}]},{"@type":"WebSite","@id":"https:\/\/kongshojcamping.dk\/de\/#website","url":"https:\/\/kongshojcamping.dk\/de\/","name":"Kongsh\u00f8j Camping","description":"Camping med campingplads og campinghytte n\u00e6r strand p\u00e5 Fyn","publisher":{"@id":"https:\/\/kongshojcamping.dk\/de\/#organization"},"potentialAction":[{"@type":"SearchAction","target":{"@type":"EntryPoint","urlTemplate":"https:\/\/kongshojcamping.dk\/de\/?s={search_term_string}"},"query-input":{"@type":"PropertyValueSpecification","valueRequired":true,"valueName":"search_term_string"}}],"inLanguage":"de"},{"@type":"Organization","@id":"https:\/\/kongshojcamping.dk\/de\/#organization","name":"Kongsh\u00f8j Camping","url":"https:\/\/kongshojcamping.dk\/de\/","logo":{"@type":"ImageObject","inLanguage":"de","@id":"https:\/\/kongshojcamping.dk\/de\/#\/schema\/logo\/image\/","url":"https:\/\/kongshojcamping.dk\/wp-content\/uploads\/2022\/09\/layer-2.png","contentUrl":"https:\/\/kongshojcamping.dk\/wp-content\/uploads\/2022\/09\/layer-2.png","width":997,"height":613,"caption":"Kongsh\u00f8j Camping"},"image":{"@id":"https:\/\/kongshojcamping.dk\/de\/#\/schema\/logo\/image\/"}}]}},"_links":{"self":[{"href":"https:\/\/kongshojcamping.dk\/de\/wp-json\/wp\/v2\/pages\/4598","targetHints":{"allow":["GET"]}}],"collection":[{"href":"https:\/\/kongshojcamping.dk\/de\/wp-json\/wp\/v2\/pages"}],"about":[{"href":"https:\/\/kongshojcamping.dk\/de\/wp-json\/wp\/v2\/types\/page"}],"author":[{"embeddable":true,"href":"https:\/\/kongshojcamping.dk\/de\/wp-json\/wp\/v2\/users\/1"}],"replies":[{"embeddable":true,"href":"https:\/\/kongshojcamping.dk\/de\/wp-json\/wp\/v2\/comments?post=4598"}],"version-history":[{"count":17,"href":"https:\/\/kongshojcamping.dk\/de\/wp-json\/wp\/v2\/pages\/4598\/revisions"}],"predecessor-version":[{"id":900052,"href":"https:\/\/kongshojcamping.dk\/de\/wp-json\/wp\/v2\/pages\/4598\/revisions\/900052"}],"wp:attachment":[{"href":"https:\/\/kongshojcamping.dk\/de\/wp-json\/wp\/v2\/media?parent=4598"}],"wp:term":[{"taxonomy":"category","embeddable":true,"href":"https:\/\/kongshojcamping.dk\/de\/wp-json\/wp\/v2\/categories?post=4598"}],"curies":[{"name":"wp","href":"https:\/\/api.w.org\/{rel}","templated":true}]}}