{"id":4620,"date":"2022-09-22T15:18:41","date_gmt":"2022-09-22T13:18:41","guid":{"rendered":"https:\/\/kongshojcamping.dk\/kat-3-og-4\/"},"modified":"2025-06-23T15:04:25","modified_gmt":"2025-06-23T13:04:25","slug":"kat-3-og-4","status":"publish","type":"page","link":"https:\/\/kongshojcamping.dk\/de\/kat-3-og-4\/","title":{"rendered":"Kat 3 og 4"},"content":{"rendered":"<section class=\"wpb-content-wrapper\"><p>[vc_row full_width=&#8220;stretch_row&#8220;][vc_column]<div class=\"ult-spacer spacer-69ecbefc450d7\" data-id=\"69ecbefc450d7\" data-height=\"90\" data-height-mobile=\"60\" data-height-tab=\"90\" data-height-tab-portrait=\"60\" data-height-mobile-landscape=\"60\" style=\"clear:both;display:block;\"><\/div>[vc_row_inner][vc_column_inner offset=&#8220;vc_col-lg-8 vc_col-md-8 vc_col-xs-12&#8243;][vc_column_text]<strong>H\u00fctten mit Meerblick und gem\u00fctlicher Atmosph\u00e4re<\/strong><\/p>\n<p>Unsere H\u00fctten liegen nur 30 Meter vom modernisierten Sanit\u00e4rgeb\u00e4ude entfernt \u2013 mit \u00fcberdachter Terrasse, Gartenm\u00f6beln, Grill und herrlichem Blick aufs Meer.<\/p>\n<p>Alle H\u00fctten sind isoliert, beheizt und verf\u00fcgen \u00fcber kostenloses WLAN.<\/p>\n<p><strong>Kategorie 3 \u2013 H\u00fctte 2 &amp; 3<\/strong><\/p>\n<ul>\n<li>Zwei separate Schlafzimmer:<br \/>\n\u2013 Eines mit Doppelbett<br \/>\n\u2013 Eines mit Etagenbett<\/li>\n<li>Schlafboden (Hems) mit zus\u00e4tzlichem Schlafplatz<\/li>\n<li>Wohnraum mit Esstisch, komplett ausgestatteter K\u00fcche, Fernseher und zwei Sesseln<\/li>\n<li><strong>Ohne WC<\/strong>, aber in der N\u00e4he von Sanit\u00e4rgeb\u00e4ude<\/li>\n<\/ul>\n<p><strong>Kategorie 4 \u2013 H\u00fctte 1 &amp; 4<\/strong><\/p>\n<ul>\n<li>Schlafzimmer mit Doppelbett<\/li>\n<li>Schlafsofa im Wohnbereich<\/li>\n<li>Schlafboden mit zus\u00e4tzlichem Schlafplatz<\/li>\n<li>Voll ausgestattete K\u00fcche, Fernseher und Essbereich<\/li>\n<li><strong>Mit eigenem WC<\/strong><\/li>\n<\/ul>\n<p>Ideal f\u00fcr Familien, die Ruhe, Natur und N\u00e4he zum Wasser suchen.<\/p>\n<p>[\/vc_column_text][vc_empty_space height=&#8220;30px&#8220;][vc_btn title=&#8220;Book&#8220; style=&#8220;custom&#8220; custom_background=&#8220;#f8ca3c&#8220; custom_text=&#8220;#2d4750&#8243; shape=&#8220;square&#8220; align=&#8220;left&#8220; link=&#8220;url:https%3A%2F%2Fkongshoj.onlinebooking.dk%2Fbooking%2Fdefault.aspx|target:_blank|&#8220;]<div class=\"ult-spacer spacer-69ecbefc4511a\" data-id=\"69ecbefc4511a\" data-height=\"0\" data-height-mobile=\"30\" data-height-tab=\"0\" data-height-tab-portrait=\"0\" data-height-mobile-landscape=\"30\" style=\"clear:both;display:block;\"><\/div>[\/vc_column_inner][vc_column_inner offset=&#8220;vc_col-lg-4 vc_col-md-4 vc_col-xs-12&#8243;][vc_column_text css=&#8220;.vc_custom_1664263415019{padding-top: 30px !important;padding-right: 30px !important;padding-bottom: 30px !important;padding-left: 30px !important;background-color: #fafafa !important;}&#8220;]<\/p>\n<h3>Praktische Information<\/h3>\n<ul>\n<li><strong>Die Anreise<\/strong>\u00a0erfolgt von 15:00 Uhr und Abreise ist sp\u00e4testens 10:00<\/li>\n<li><strong>Die Endreinigung<\/strong>\u00a0kann bei Buchung einer Kabine bestellt werden. Der Preis betr\u00e4gt DKK 300.<\/li>\n<li><strong>Hunde<\/strong>\u00a0sind willkommen, aber gegen einen kleinen Aufpreis. Die Kabinen sind rauchfrei<\/li>\n<li><strong>Die H\u00fctten<\/strong>\u00a0sind mit Bettdecken und Kissen ausgestattet, aber Sie m\u00fcssen Ihre eigene Bettw\u00e4sche mitbringen.<\/li>\n<\/ul>\n<p>[\/vc_column_text][\/vc_column_inner][\/vc_row_inner][vc_empty_space height=&#8220;60px&#8220;][vc_media_grid gap=&#8220;20&#8243; grid_id=&#8220;vc_gid:1750683716833-9153924c-52b7-7&#8243; include=&#8220;3507,900439,900415,900385,900406,900436,3511,900418,900409&#8243;]<div class=\"ult-spacer spacer-69ecbefc4514a\" data-id=\"69ecbefc4514a\" data-height=\"90\" data-height-mobile=\"60\" data-height-tab=\"90\" data-height-tab-portrait=\"60\" data-height-mobile-landscape=\"60\" style=\"clear:both;display:block;\"><\/div>[\/vc_column][\/vc_row]<\/p>\n<\/section>","protected":false},"excerpt":{"rendered":"<p>Sch\u00f6ne H\u00fctten in Kat. 3 oder 4 von 23m2 f\u00fcr 6 Personen.<\/p>\n","protected":false},"author":1,"featured_media":4006,"parent":0,"menu_order":2,"comment_status":"closed","ping_status":"closed","template":"","meta":{"_acf_changed":false,"footnotes":""},"categories":[29],"class_list":{"0":"post-4620","1":"page","2":"type-page","3":"status-publish","4":"has-post-thumbnail","6":"category-huetten"},"acf":[],"yoast_head":"<!-- This site is optimized with the Yoast SEO plugin v27.2 - https:\/\/yoast.com\/product\/yoast-seo-wordpress\/ -->\n<title>Kat 3 og 4 &#183; Kongsh\u00f8j Camping<\/title>\n<meta name=\"robots\" content=\"index, follow, max-snippet:-1, max-image-preview:large, max-video-preview:-1\" \/>\n<link rel=\"canonical\" href=\"https:\/\/kongshojcamping.dk\/de\/kat-3-og-4\/\" \/>\n<meta property=\"og:locale\" content=\"de_DE\" \/>\n<meta property=\"og:type\" content=\"article\" \/>\n<meta property=\"og:title\" content=\"Kat 3 og 4 &#183; Kongsh\u00f8j Camping\" \/>\n<meta property=\"og:description\" content=\"Sch\u00f6ne H\u00fctten in Kat. 3 oder 4 von 23m2 f\u00fcr 6 Personen.\" \/>\n<meta property=\"og:url\" content=\"https:\/\/kongshojcamping.dk\/de\/kat-3-og-4\/\" \/>\n<meta property=\"og:site_name\" content=\"Kongsh\u00f8j Camping\" \/>\n<meta property=\"article:modified_time\" content=\"2025-06-23T13:04:25+00:00\" \/>\n<meta property=\"og:image\" content=\"https:\/\/kongshojcamping.dk\/wp-content\/uploads\/2022\/09\/dsc02897-1024x683-1.jpg\" \/>\n\t<meta property=\"og:image:width\" content=\"1024\" \/>\n\t<meta property=\"og:image:height\" content=\"683\" \/>\n\t<meta property=\"og:image:type\" content=\"image\/jpeg\" \/>\n<meta name=\"twitter:card\" content=\"summary_large_image\" \/>\n<meta name=\"twitter:label1\" content=\"Gesch\u00e4tzte Lesezeit\" \/>\n\t<meta name=\"twitter:data1\" content=\"4\u00a0Minuten\" \/>\n<script type=\"application\/ld+json\" class=\"yoast-schema-graph\">{\"@context\":\"https:\/\/schema.org\",\"@graph\":[{\"@type\":\"WebPage\",\"@id\":\"https:\/\/kongshojcamping.dk\/de\/kat-3-og-4\/\",\"url\":\"https:\/\/kongshojcamping.dk\/de\/kat-3-og-4\/\",\"name\":\"Kat 3 og 4 &#183; Kongsh\u00f8j Camping\",\"isPartOf\":{\"@id\":\"https:\/\/kongshojcamping.dk\/de\/#website\"},\"primaryImageOfPage\":{\"@id\":\"https:\/\/kongshojcamping.dk\/de\/kat-3-og-4\/#primaryimage\"},\"image\":{\"@id\":\"https:\/\/kongshojcamping.dk\/de\/kat-3-og-4\/#primaryimage\"},\"thumbnailUrl\":\"https:\/\/kongshojcamping.dk\/wp-content\/uploads\/2022\/09\/dsc02897-1024x683-1.jpg\",\"datePublished\":\"2022-09-22T13:18:41+00:00\",\"dateModified\":\"2025-06-23T13:04:25+00:00\",\"breadcrumb\":{\"@id\":\"https:\/\/kongshojcamping.dk\/de\/kat-3-og-4\/#breadcrumb\"},\"inLanguage\":\"de\",\"potentialAction\":[{\"@type\":\"ReadAction\",\"target\":[\"https:\/\/kongshojcamping.dk\/de\/kat-3-og-4\/\"]}]},{\"@type\":\"ImageObject\",\"inLanguage\":\"de\",\"@id\":\"https:\/\/kongshojcamping.dk\/de\/kat-3-og-4\/#primaryimage\",\"url\":\"https:\/\/kongshojcamping.dk\/wp-content\/uploads\/2022\/09\/dsc02897-1024x683-1.jpg\",\"contentUrl\":\"https:\/\/kongshojcamping.dk\/wp-content\/uploads\/2022\/09\/dsc02897-1024x683-1.jpg\",\"width\":1024,\"height\":683},{\"@type\":\"BreadcrumbList\",\"@id\":\"https:\/\/kongshojcamping.dk\/de\/kat-3-og-4\/#breadcrumb\",\"itemListElement\":[{\"@type\":\"ListItem\",\"position\":1,\"name\":\"Hjem\",\"item\":\"https:\/\/kongshojcamping.dk\/de\/titelseite\/\"},{\"@type\":\"ListItem\",\"position\":2,\"name\":\"Kat 3 og 4\"}]},{\"@type\":\"WebSite\",\"@id\":\"https:\/\/kongshojcamping.dk\/de\/#website\",\"url\":\"https:\/\/kongshojcamping.dk\/de\/\",\"name\":\"Kongsh\u00f8j Camping\",\"description\":\"Camping med campingplads og campinghytte n\u00e6r strand p\u00e5 Fyn\",\"publisher\":{\"@id\":\"https:\/\/kongshojcamping.dk\/de\/#organization\"},\"potentialAction\":[{\"@type\":\"SearchAction\",\"target\":{\"@type\":\"EntryPoint\",\"urlTemplate\":\"https:\/\/kongshojcamping.dk\/de\/?s={search_term_string}\"},\"query-input\":{\"@type\":\"PropertyValueSpecification\",\"valueRequired\":true,\"valueName\":\"search_term_string\"}}],\"inLanguage\":\"de\"},{\"@type\":\"Organization\",\"@id\":\"https:\/\/kongshojcamping.dk\/de\/#organization\",\"name\":\"Kongsh\u00f8j Camping\",\"url\":\"https:\/\/kongshojcamping.dk\/de\/\",\"logo\":{\"@type\":\"ImageObject\",\"inLanguage\":\"de\",\"@id\":\"https:\/\/kongshojcamping.dk\/de\/#\/schema\/logo\/image\/\",\"url\":\"https:\/\/kongshojcamping.dk\/wp-content\/uploads\/2022\/09\/layer-2.png\",\"contentUrl\":\"https:\/\/kongshojcamping.dk\/wp-content\/uploads\/2022\/09\/layer-2.png\",\"width\":997,\"height\":613,\"caption\":\"Kongsh\u00f8j Camping\"},\"image\":{\"@id\":\"https:\/\/kongshojcamping.dk\/de\/#\/schema\/logo\/image\/\"}}]}<\/script>\n<!-- \/ Yoast SEO plugin. -->","yoast_head_json":{"title":"Kat 3 og 4 &#183; Kongsh\u00f8j Camping","robots":{"index":"index","follow":"follow","max-snippet":"max-snippet:-1","max-image-preview":"max-image-preview:large","max-video-preview":"max-video-preview:-1"},"canonical":"https:\/\/kongshojcamping.dk\/de\/kat-3-og-4\/","og_locale":"de_DE","og_type":"article","og_title":"Kat 3 og 4 &#183; Kongsh\u00f8j Camping","og_description":"Sch\u00f6ne H\u00fctten in Kat. 3 oder 4 von 23m2 f\u00fcr 6 Personen.","og_url":"https:\/\/kongshojcamping.dk\/de\/kat-3-og-4\/","og_site_name":"Kongsh\u00f8j Camping","article_modified_time":"2025-06-23T13:04:25+00:00","og_image":[{"width":1024,"height":683,"url":"https:\/\/kongshojcamping.dk\/wp-content\/uploads\/2022\/09\/dsc02897-1024x683-1.jpg","type":"image\/jpeg"}],"twitter_card":"summary_large_image","twitter_misc":{"Gesch\u00e4tzte Lesezeit":"4\u00a0Minuten"},"schema":{"@context":"https:\/\/schema.org","@graph":[{"@type":"WebPage","@id":"https:\/\/kongshojcamping.dk\/de\/kat-3-og-4\/","url":"https:\/\/kongshojcamping.dk\/de\/kat-3-og-4\/","name":"Kat 3 og 4 &#183; Kongsh\u00f8j Camping","isPartOf":{"@id":"https:\/\/kongshojcamping.dk\/de\/#website"},"primaryImageOfPage":{"@id":"https:\/\/kongshojcamping.dk\/de\/kat-3-og-4\/#primaryimage"},"image":{"@id":"https:\/\/kongshojcamping.dk\/de\/kat-3-og-4\/#primaryimage"},"thumbnailUrl":"https:\/\/kongshojcamping.dk\/wp-content\/uploads\/2022\/09\/dsc02897-1024x683-1.jpg","datePublished":"2022-09-22T13:18:41+00:00","dateModified":"2025-06-23T13:04:25+00:00","breadcrumb":{"@id":"https:\/\/kongshojcamping.dk\/de\/kat-3-og-4\/#breadcrumb"},"inLanguage":"de","potentialAction":[{"@type":"ReadAction","target":["https:\/\/kongshojcamping.dk\/de\/kat-3-og-4\/"]}]},{"@type":"ImageObject","inLanguage":"de","@id":"https:\/\/kongshojcamping.dk\/de\/kat-3-og-4\/#primaryimage","url":"https:\/\/kongshojcamping.dk\/wp-content\/uploads\/2022\/09\/dsc02897-1024x683-1.jpg","contentUrl":"https:\/\/kongshojcamping.dk\/wp-content\/uploads\/2022\/09\/dsc02897-1024x683-1.jpg","width":1024,"height":683},{"@type":"BreadcrumbList","@id":"https:\/\/kongshojcamping.dk\/de\/kat-3-og-4\/#breadcrumb","itemListElement":[{"@type":"ListItem","position":1,"name":"Hjem","item":"https:\/\/kongshojcamping.dk\/de\/titelseite\/"},{"@type":"ListItem","position":2,"name":"Kat 3 og 4"}]},{"@type":"WebSite","@id":"https:\/\/kongshojcamping.dk\/de\/#website","url":"https:\/\/kongshojcamping.dk\/de\/","name":"Kongsh\u00f8j Camping","description":"Camping med campingplads og campinghytte n\u00e6r strand p\u00e5 Fyn","publisher":{"@id":"https:\/\/kongshojcamping.dk\/de\/#organization"},"potentialAction":[{"@type":"SearchAction","target":{"@type":"EntryPoint","urlTemplate":"https:\/\/kongshojcamping.dk\/de\/?s={search_term_string}"},"query-input":{"@type":"PropertyValueSpecification","valueRequired":true,"valueName":"search_term_string"}}],"inLanguage":"de"},{"@type":"Organization","@id":"https:\/\/kongshojcamping.dk\/de\/#organization","name":"Kongsh\u00f8j Camping","url":"https:\/\/kongshojcamping.dk\/de\/","logo":{"@type":"ImageObject","inLanguage":"de","@id":"https:\/\/kongshojcamping.dk\/de\/#\/schema\/logo\/image\/","url":"https:\/\/kongshojcamping.dk\/wp-content\/uploads\/2022\/09\/layer-2.png","contentUrl":"https:\/\/kongshojcamping.dk\/wp-content\/uploads\/2022\/09\/layer-2.png","width":997,"height":613,"caption":"Kongsh\u00f8j Camping"},"image":{"@id":"https:\/\/kongshojcamping.dk\/de\/#\/schema\/logo\/image\/"}}]}},"_links":{"self":[{"href":"https:\/\/kongshojcamping.dk\/de\/wp-json\/wp\/v2\/pages\/4620","targetHints":{"allow":["GET"]}}],"collection":[{"href":"https:\/\/kongshojcamping.dk\/de\/wp-json\/wp\/v2\/pages"}],"about":[{"href":"https:\/\/kongshojcamping.dk\/de\/wp-json\/wp\/v2\/types\/page"}],"author":[{"embeddable":true,"href":"https:\/\/kongshojcamping.dk\/de\/wp-json\/wp\/v2\/users\/1"}],"replies":[{"embeddable":true,"href":"https:\/\/kongshojcamping.dk\/de\/wp-json\/wp\/v2\/comments?post=4620"}],"version-history":[{"count":12,"href":"https:\/\/kongshojcamping.dk\/de\/wp-json\/wp\/v2\/pages\/4620\/revisions"}],"predecessor-version":[{"id":900462,"href":"https:\/\/kongshojcamping.dk\/de\/wp-json\/wp\/v2\/pages\/4620\/revisions\/900462"}],"wp:featuredmedia":[{"embeddable":true,"href":"https:\/\/kongshojcamping.dk\/de\/wp-json\/wp\/v2\/media\/4006"}],"wp:attachment":[{"href":"https:\/\/kongshojcamping.dk\/de\/wp-json\/wp\/v2\/media?parent=4620"}],"wp:term":[{"taxonomy":"category","embeddable":true,"href":"https:\/\/kongshojcamping.dk\/de\/wp-json\/wp\/v2\/categories?post=4620"}],"curies":[{"name":"wp","href":"https:\/\/api.w.org\/{rel}","templated":true}]}}