{"id":4626,"date":"2022-09-22T15:18:41","date_gmt":"2022-09-22T13:18:41","guid":{"rendered":"https:\/\/kongshojcamping.dk\/kat-5-l\/"},"modified":"2022-10-18T12:21:16","modified_gmt":"2022-10-18T10:21:16","slug":"kat-5-l","status":"publish","type":"page","link":"https:\/\/kongshojcamping.dk\/de\/kat-5-l\/","title":{"rendered":"Kat 5 L"},"content":{"rendered":"<section class=\"wpb-content-wrapper\"><p>[vc_row full_width=&#8220;stretch_row&#8220;][vc_column]<div class=\"ult-spacer spacer-69ecd30fbdd6b\" data-id=\"69ecd30fbdd6b\" data-height=\"90\" data-height-mobile=\"60\" data-height-tab=\"90\" data-height-tab-portrait=\"60\" data-height-mobile-landscape=\"60\" style=\"clear:both;display:block;\"><\/div>[vc_row_inner][vc_column_inner offset=&#8220;vc_col-lg-8 vc_col-md-8 vc_col-xs-12&#8243;][vc_column_text]<\/p>\n<h2>Die H\u00fctten sind 30 m\u00b2 gro\u00df und bieten Platz f\u00fcr 6 Personen<\/h2>\n<p>30 m2 Luxush\u00fctten. Sch\u00f6ne Ferienh\u00fctten in Kategorie 5L. Die H\u00fctten haben 30m2 und sind komplett ausgestattet. Wohnzimmer mit offener K\u00fcche, Zimmer mit Etagenbetten, Schlafzimmer mit Doppelbett, Badezimmer und Terrasse mit Gartenm\u00f6bel.<\/p>\n<p>Freuen Sie sich![\/vc_column_text][vc_empty_space height=&#8220;30px&#8220;][vc_btn title=&#8220;Book&#8220; style=&#8220;custom&#8220; custom_background=&#8220;#f8ca3c&#8220; custom_text=&#8220;#2d4750&#8243; shape=&#8220;square&#8220; align=&#8220;left&#8220; link=&#8220;url:https%3A%2F%2Fkongshoj.onlinebooking.dk%2Fbooking%2Fdefault.aspx|target:_blank|&#8220;]<div class=\"ult-spacer spacer-69ecd30fbddad\" data-id=\"69ecd30fbddad\" data-height=\"0\" data-height-mobile=\"30\" data-height-tab=\"0\" data-height-tab-portrait=\"0\" data-height-mobile-landscape=\"30\" style=\"clear:both;display:block;\"><\/div>[\/vc_column_inner][vc_column_inner offset=&#8220;vc_col-lg-4 vc_col-md-4 vc_col-xs-12&#8243;][vc_column_text css=&#8220;.vc_custom_1664263839251{padding-top: 30px !important;padding-right: 30px !important;padding-bottom: 30px !important;padding-left: 30px !important;background-color: #fafafa !important;}&#8220;]<\/p>\n<h3>Praktische Information<\/h3>\n<ul>\n<li><strong>Die Anreise<\/strong>\u00a0erfolgt von 15:00 Uhr und Abreise ist sp\u00e4testens 10:00<\/li>\n<li><strong>Die Endreinigung<\/strong>\u00a0kann bei Buchung einer Kabine bestellt werden. Der Preis betr\u00e4gt DKK 300.<\/li>\n<li><strong>Hunde<\/strong>\u00a0sind willkommen, aber gegen einen kleinen Aufpreis. Die Kabinen sind rauchfrei<\/li>\n<li><strong>Die H\u00fctten<\/strong>\u00a0sind mit Bettdecken und Kissen ausgestattet, aber Sie m\u00fcssen Ihre eigene Bettw\u00e4sche mitbringen.<\/li>\n<\/ul>\n<p>[\/vc_column_text][\/vc_column_inner][\/vc_row_inner][vc_empty_space height=&#8220;60px&#8220;][vc_media_grid gap=&#8220;20&#8243; grid_id=&#8220;vc_gid:1664263818929-33c66222-c31f-3&#8243; include=&#8220;3522,3523,3524,3525,3526,3527,3528,3529&#8243;]<div class=\"ult-spacer spacer-69ecd30fbddd0\" data-id=\"69ecd30fbddd0\" data-height=\"90\" data-height-mobile=\"60\" data-height-tab=\"90\" data-height-tab-portrait=\"60\" data-height-mobile-landscape=\"60\" style=\"clear:both;display:block;\"><\/div>[\/vc_column][\/vc_row]<\/p>\n<\/section>","protected":false},"excerpt":{"rendered":"<p>2 neue Luxuskabinen ab 2016 mit Bad und WC.<\/p>\n","protected":false},"author":1,"featured_media":4022,"parent":0,"menu_order":3,"comment_status":"closed","ping_status":"closed","template":"","meta":{"_acf_changed":false,"footnotes":""},"categories":[29],"class_list":{"0":"post-4626","1":"page","2":"type-page","3":"status-publish","4":"has-post-thumbnail","6":"category-huetten"},"acf":[],"yoast_head":"<!-- This site is optimized with the Yoast SEO plugin v27.2 - https:\/\/yoast.com\/product\/yoast-seo-wordpress\/ -->\n<title>Kat 5 L &#183; Kongsh\u00f8j Camping<\/title>\n<meta name=\"robots\" content=\"index, follow, max-snippet:-1, max-image-preview:large, max-video-preview:-1\" \/>\n<link rel=\"canonical\" href=\"https:\/\/kongshojcamping.dk\/de\/kat-5-l\/\" \/>\n<meta property=\"og:locale\" content=\"de_DE\" \/>\n<meta property=\"og:type\" content=\"article\" \/>\n<meta property=\"og:title\" content=\"Kat 5 L &#183; Kongsh\u00f8j Camping\" \/>\n<meta property=\"og:description\" content=\"2 neue Luxuskabinen ab 2016 mit Bad und WC.\" \/>\n<meta property=\"og:url\" content=\"https:\/\/kongshojcamping.dk\/de\/kat-5-l\/\" \/>\n<meta property=\"og:site_name\" content=\"Kongsh\u00f8j Camping\" \/>\n<meta property=\"article:modified_time\" content=\"2022-10-18T10:21:16+00:00\" \/>\n<meta property=\"og:image\" content=\"https:\/\/kongshojcamping.dk\/wp-content\/uploads\/2022\/09\/img-4823-1024x768-1.jpg\" \/>\n\t<meta property=\"og:image:width\" content=\"1024\" \/>\n\t<meta property=\"og:image:height\" content=\"768\" \/>\n\t<meta property=\"og:image:type\" content=\"image\/jpeg\" \/>\n<meta name=\"twitter:card\" content=\"summary_large_image\" \/>\n<meta name=\"twitter:label1\" content=\"Gesch\u00e4tzte Lesezeit\" \/>\n\t<meta name=\"twitter:data1\" content=\"1\u00a0Minute\" \/>\n<script type=\"application\/ld+json\" class=\"yoast-schema-graph\">{\"@context\":\"https:\/\/schema.org\",\"@graph\":[{\"@type\":\"WebPage\",\"@id\":\"https:\/\/kongshojcamping.dk\/de\/kat-5-l\/\",\"url\":\"https:\/\/kongshojcamping.dk\/de\/kat-5-l\/\",\"name\":\"Kat 5 L &#183; Kongsh\u00f8j Camping\",\"isPartOf\":{\"@id\":\"https:\/\/kongshojcamping.dk\/de\/#website\"},\"primaryImageOfPage\":{\"@id\":\"https:\/\/kongshojcamping.dk\/de\/kat-5-l\/#primaryimage\"},\"image\":{\"@id\":\"https:\/\/kongshojcamping.dk\/de\/kat-5-l\/#primaryimage\"},\"thumbnailUrl\":\"https:\/\/kongshojcamping.dk\/wp-content\/uploads\/2022\/09\/img-4823-1024x768-1.jpg\",\"datePublished\":\"2022-09-22T13:18:41+00:00\",\"dateModified\":\"2022-10-18T10:21:16+00:00\",\"breadcrumb\":{\"@id\":\"https:\/\/kongshojcamping.dk\/de\/kat-5-l\/#breadcrumb\"},\"inLanguage\":\"de\",\"potentialAction\":[{\"@type\":\"ReadAction\",\"target\":[\"https:\/\/kongshojcamping.dk\/de\/kat-5-l\/\"]}]},{\"@type\":\"ImageObject\",\"inLanguage\":\"de\",\"@id\":\"https:\/\/kongshojcamping.dk\/de\/kat-5-l\/#primaryimage\",\"url\":\"https:\/\/kongshojcamping.dk\/wp-content\/uploads\/2022\/09\/img-4823-1024x768-1.jpg\",\"contentUrl\":\"https:\/\/kongshojcamping.dk\/wp-content\/uploads\/2022\/09\/img-4823-1024x768-1.jpg\",\"width\":1024,\"height\":768},{\"@type\":\"BreadcrumbList\",\"@id\":\"https:\/\/kongshojcamping.dk\/de\/kat-5-l\/#breadcrumb\",\"itemListElement\":[{\"@type\":\"ListItem\",\"position\":1,\"name\":\"Hjem\",\"item\":\"https:\/\/kongshojcamping.dk\/de\/titelseite\/\"},{\"@type\":\"ListItem\",\"position\":2,\"name\":\"Kat 5 L\"}]},{\"@type\":\"WebSite\",\"@id\":\"https:\/\/kongshojcamping.dk\/de\/#website\",\"url\":\"https:\/\/kongshojcamping.dk\/de\/\",\"name\":\"Kongsh\u00f8j Camping\",\"description\":\"Camping med campingplads og campinghytte n\u00e6r strand p\u00e5 Fyn\",\"publisher\":{\"@id\":\"https:\/\/kongshojcamping.dk\/de\/#organization\"},\"potentialAction\":[{\"@type\":\"SearchAction\",\"target\":{\"@type\":\"EntryPoint\",\"urlTemplate\":\"https:\/\/kongshojcamping.dk\/de\/?s={search_term_string}\"},\"query-input\":{\"@type\":\"PropertyValueSpecification\",\"valueRequired\":true,\"valueName\":\"search_term_string\"}}],\"inLanguage\":\"de\"},{\"@type\":\"Organization\",\"@id\":\"https:\/\/kongshojcamping.dk\/de\/#organization\",\"name\":\"Kongsh\u00f8j Camping\",\"url\":\"https:\/\/kongshojcamping.dk\/de\/\",\"logo\":{\"@type\":\"ImageObject\",\"inLanguage\":\"de\",\"@id\":\"https:\/\/kongshojcamping.dk\/de\/#\/schema\/logo\/image\/\",\"url\":\"https:\/\/kongshojcamping.dk\/wp-content\/uploads\/2022\/09\/layer-2.png\",\"contentUrl\":\"https:\/\/kongshojcamping.dk\/wp-content\/uploads\/2022\/09\/layer-2.png\",\"width\":997,\"height\":613,\"caption\":\"Kongsh\u00f8j Camping\"},\"image\":{\"@id\":\"https:\/\/kongshojcamping.dk\/de\/#\/schema\/logo\/image\/\"}}]}<\/script>\n<!-- \/ Yoast SEO plugin. -->","yoast_head_json":{"title":"Kat 5 L &#183; Kongsh\u00f8j Camping","robots":{"index":"index","follow":"follow","max-snippet":"max-snippet:-1","max-image-preview":"max-image-preview:large","max-video-preview":"max-video-preview:-1"},"canonical":"https:\/\/kongshojcamping.dk\/de\/kat-5-l\/","og_locale":"de_DE","og_type":"article","og_title":"Kat 5 L &#183; Kongsh\u00f8j Camping","og_description":"2 neue Luxuskabinen ab 2016 mit Bad und WC.","og_url":"https:\/\/kongshojcamping.dk\/de\/kat-5-l\/","og_site_name":"Kongsh\u00f8j Camping","article_modified_time":"2022-10-18T10:21:16+00:00","og_image":[{"width":1024,"height":768,"url":"https:\/\/kongshojcamping.dk\/wp-content\/uploads\/2022\/09\/img-4823-1024x768-1.jpg","type":"image\/jpeg"}],"twitter_card":"summary_large_image","twitter_misc":{"Gesch\u00e4tzte Lesezeit":"1\u00a0Minute"},"schema":{"@context":"https:\/\/schema.org","@graph":[{"@type":"WebPage","@id":"https:\/\/kongshojcamping.dk\/de\/kat-5-l\/","url":"https:\/\/kongshojcamping.dk\/de\/kat-5-l\/","name":"Kat 5 L &#183; Kongsh\u00f8j Camping","isPartOf":{"@id":"https:\/\/kongshojcamping.dk\/de\/#website"},"primaryImageOfPage":{"@id":"https:\/\/kongshojcamping.dk\/de\/kat-5-l\/#primaryimage"},"image":{"@id":"https:\/\/kongshojcamping.dk\/de\/kat-5-l\/#primaryimage"},"thumbnailUrl":"https:\/\/kongshojcamping.dk\/wp-content\/uploads\/2022\/09\/img-4823-1024x768-1.jpg","datePublished":"2022-09-22T13:18:41+00:00","dateModified":"2022-10-18T10:21:16+00:00","breadcrumb":{"@id":"https:\/\/kongshojcamping.dk\/de\/kat-5-l\/#breadcrumb"},"inLanguage":"de","potentialAction":[{"@type":"ReadAction","target":["https:\/\/kongshojcamping.dk\/de\/kat-5-l\/"]}]},{"@type":"ImageObject","inLanguage":"de","@id":"https:\/\/kongshojcamping.dk\/de\/kat-5-l\/#primaryimage","url":"https:\/\/kongshojcamping.dk\/wp-content\/uploads\/2022\/09\/img-4823-1024x768-1.jpg","contentUrl":"https:\/\/kongshojcamping.dk\/wp-content\/uploads\/2022\/09\/img-4823-1024x768-1.jpg","width":1024,"height":768},{"@type":"BreadcrumbList","@id":"https:\/\/kongshojcamping.dk\/de\/kat-5-l\/#breadcrumb","itemListElement":[{"@type":"ListItem","position":1,"name":"Hjem","item":"https:\/\/kongshojcamping.dk\/de\/titelseite\/"},{"@type":"ListItem","position":2,"name":"Kat 5 L"}]},{"@type":"WebSite","@id":"https:\/\/kongshojcamping.dk\/de\/#website","url":"https:\/\/kongshojcamping.dk\/de\/","name":"Kongsh\u00f8j Camping","description":"Camping med campingplads og campinghytte n\u00e6r strand p\u00e5 Fyn","publisher":{"@id":"https:\/\/kongshojcamping.dk\/de\/#organization"},"potentialAction":[{"@type":"SearchAction","target":{"@type":"EntryPoint","urlTemplate":"https:\/\/kongshojcamping.dk\/de\/?s={search_term_string}"},"query-input":{"@type":"PropertyValueSpecification","valueRequired":true,"valueName":"search_term_string"}}],"inLanguage":"de"},{"@type":"Organization","@id":"https:\/\/kongshojcamping.dk\/de\/#organization","name":"Kongsh\u00f8j Camping","url":"https:\/\/kongshojcamping.dk\/de\/","logo":{"@type":"ImageObject","inLanguage":"de","@id":"https:\/\/kongshojcamping.dk\/de\/#\/schema\/logo\/image\/","url":"https:\/\/kongshojcamping.dk\/wp-content\/uploads\/2022\/09\/layer-2.png","contentUrl":"https:\/\/kongshojcamping.dk\/wp-content\/uploads\/2022\/09\/layer-2.png","width":997,"height":613,"caption":"Kongsh\u00f8j Camping"},"image":{"@id":"https:\/\/kongshojcamping.dk\/de\/#\/schema\/logo\/image\/"}}]}},"_links":{"self":[{"href":"https:\/\/kongshojcamping.dk\/de\/wp-json\/wp\/v2\/pages\/4626","targetHints":{"allow":["GET"]}}],"collection":[{"href":"https:\/\/kongshojcamping.dk\/de\/wp-json\/wp\/v2\/pages"}],"about":[{"href":"https:\/\/kongshojcamping.dk\/de\/wp-json\/wp\/v2\/types\/page"}],"author":[{"embeddable":true,"href":"https:\/\/kongshojcamping.dk\/de\/wp-json\/wp\/v2\/users\/1"}],"replies":[{"embeddable":true,"href":"https:\/\/kongshojcamping.dk\/de\/wp-json\/wp\/v2\/comments?post=4626"}],"version-history":[{"count":6,"href":"https:\/\/kongshojcamping.dk\/de\/wp-json\/wp\/v2\/pages\/4626\/revisions"}],"predecessor-version":[{"id":5011,"href":"https:\/\/kongshojcamping.dk\/de\/wp-json\/wp\/v2\/pages\/4626\/revisions\/5011"}],"wp:featuredmedia":[{"embeddable":true,"href":"https:\/\/kongshojcamping.dk\/de\/wp-json\/wp\/v2\/media\/4022"}],"wp:attachment":[{"href":"https:\/\/kongshojcamping.dk\/de\/wp-json\/wp\/v2\/media?parent=4626"}],"wp:term":[{"taxonomy":"category","embeddable":true,"href":"https:\/\/kongshojcamping.dk\/de\/wp-json\/wp\/v2\/categories?post=4626"}],"curies":[{"name":"wp","href":"https:\/\/api.w.org\/{rel}","templated":true}]}}