{"id":4638,"date":"2022-09-22T15:18:41","date_gmt":"2022-09-22T13:18:41","guid":{"rendered":"https:\/\/kongshojcamping.dk\/wohnwagen\/"},"modified":"2025-06-04T16:02:39","modified_gmt":"2025-06-04T14:02:39","slug":"wohnwagen","status":"publish","type":"page","link":"https:\/\/kongshojcamping.dk\/de\/wohnwagen\/","title":{"rendered":"Wohnwagen"},"content":{"rendered":"<section class=\"wpb-content-wrapper\"><p>[vc_row full_width=&#8220;stretch_row&#8220;][vc_column]<div class=\"ult-spacer spacer-69eab03f01f09\" data-id=\"69eab03f01f09\" data-height=\"90\" data-height-mobile=\"60\" data-height-tab=\"90\" data-height-tab-portrait=\"60\" data-height-mobile-landscape=\"60\" style=\"clear:both;display:block;\"><\/div>[vc_row_inner][vc_column_inner offset=&#8220;vc_col-lg-8 vc_col-md-8 vc_col-xs-12&#8243;][vc_column_text]<\/p>\n<h3>Gem\u00fctlicher und gut ausgestatteter Wohnwagen f\u00fcr 4 Personen (Wilk)<\/h3>\n<p>Genie\u00dfen Sie Ihren Urlaub in diesem einladenden Wohnwagen \u2013 ideal f\u00fcr die ganze Familie. Der Wohnwagen verf\u00fcgt \u00fcber ein festes Doppelbett und eine ger\u00e4umige Sitzecke, die sich einfach in ein weiteres Doppelbett verwandeln l\u00e4sst. Au\u00dferdem gibt es eine gut ausgestattete K\u00fcche, ein WC und eine gem\u00fctliche Sofaecke.<\/p>\n<p>&nbsp;<\/p>\n<p>Das vollst\u00e4ndig m\u00f6blierte Vorzelt bietet einen Fernseher und viel Platz zum Entspannen. Drau\u00dfen stehen Gartenm\u00f6bel und ein Grill bereit \u2013 perfekt f\u00fcr laue Sommerabende.<\/p>\n<p>Der Wohnwagen befindet sich auf Platz 217 und ist im Online-Buchungssystem unter \u201eC1\u201c zu finden.<\/p>\n<p>&nbsp;<\/p>\n<p><strong>Preise:<\/strong><\/p>\n<p>Woche 28\u201330: 4.950 DKK<\/p>\n<p>Woche 27, 31, 32: 4.150 DKK<\/p>\n<p>Tagespreis: 600 DKK[\/vc_column_text][vc_empty_space height=&#8220;30px&#8220;][vc_media_grid gap=&#8220;20&#8243; grid_id=&#8220;vc_gid:1749045306740-9eb26a49-c2c3-1&#8243; include=&#8220;900345,900354,900357,900351,900348,900360&#8243;][vc_empty_space height=&#8220;30px&#8220;][vc_column_text]<\/p>\n<h3>Sch\u00f6ner Wohnwagen mit Meerblick \u2013 Platz f\u00fcr 4 Personen (Tabbert)<\/h3>\n<p>Genie\u00dfen Sie Ihren Urlaub in diesem gem\u00fctlichen Wohnwagen mit traumhaftem Blick auf das Meer. Der Wohnwagen ist mit einem Doppelbett und einer Sitzecke ausgestattet, die sich leicht in weitere Schlafpl\u00e4tze verwandeln l\u00e4sst. Eine kleine K\u00fcche und ein WC sind ebenfalls vorhanden.<\/p>\n<p>&nbsp;<\/p>\n<p>Das ger\u00e4umige Vorzelt ist m\u00f6bliert und bietet viel Platz zum Entspannen und Beisammensein. Im Wohnwagen finden Sie au\u00dferdem einen Fernseher und einen DVD-Player \u2013 ideal f\u00fcr gem\u00fctliche Abende.<\/p>\n<p>Der Wohnwagen befindet sich auf Platz 31 und ist im Online-Buchungssystem unter \u201eC2\u201c zu finden.[\/vc_column_text][vc_media_grid grid_id=&#8220;vc_gid:1749045449430-1dbb92c9-c1b5-5&#8243; include=&#8220;4072,4076,4078,4080,4084,4086&#8243;][vc_empty_space height=&#8220;30px&#8220;][vc_column_text]<\/p>\n<h3>Gem\u00fctlicher Wohnwagen f\u00fcr 4 Personen \u2013 Hymer Nova<\/h3>\n<p>Dieser sch\u00f6ne Wohnwagen ist ideal f\u00fcr einen entspannten Urlaub mit bis zu 4 Personen. Er verf\u00fcgt \u00fcber 2 Einzelbetten und eine Sitzecke, die sich in weitere Schlafpl\u00e4tze verwandeln l\u00e4sst. Eine kleine K\u00fcche, eine Mini-Backofen und ein WC sind ebenfalls vorhanden.<\/p>\n<p>&nbsp;<\/p>\n<p>Das m\u00f6blierte Vorzelt bietet zus\u00e4tzlichen Raum zum Entspannen, und im Wohnwagen gibt es einen Fernseher. Vor dem Wohnwagen stehen Gartenm\u00f6bel und ein Grill \u2013 perfekt f\u00fcr laue Sommerabende.<\/p>\n<p>Der Wohnwagen befindet sich auf Platz 131 und ist im Online-Buchungssystem unter \u201eC3\u201c gelistet.<\/p>\n<p>&nbsp;<\/p>\n<p><strong>Preise<\/strong><\/p>\n<p>Woche 28\u201330: 4.000 DKK<\/p>\n<p>Woche 27, 31, 32: 3.500 DKK<\/p>\n<p>Tagespreis: 500 DKK[\/vc_column_text][vc_media_grid grid_id=&#8220;vc_gid:1749045570289-d2795ff4-13fe-0&#8243; include=&#8220;4100,4092,4094,4096,4098,4088&#8243;][\/vc_column_inner][vc_column_inner offset=&#8220;vc_col-lg-4 vc_col-md-4 vc_col-xs-12&#8243;][vc_column_text css=&#8220;.vc_custom_1749045751320{padding-top: 30px !important;padding-right: 30px !important;padding-bottom: 30px !important;padding-left: 30px !important;background-color: #fafafa !important;}&#8220;]<\/p>\n<h3>Praktische Information<\/h3>\n<ul>\n<li><strong>Die Anreise<\/strong>\u00a0erfolgt von 15:00 Uhr und Abreise ist sp\u00e4testens 10:00<\/li>\n<li><strong>Die Endreinigung<\/strong>\u00a0kann bei Buchung einer Kabine bestellt werden. Der Preis betr\u00e4gt DKK 300.<\/li>\n<li><strong>Hunde<\/strong>\u00a0sind willkommen, aber gegen einen kleinen Aufpreis. Die Kabinen sind rauchfrei<\/li>\n<li><strong>Die Wohnwagen<\/strong>\u00a0sind mit Bettdecken und Kissen ausgestattet, aber Sie m\u00fcssen Ihre eigene Bettw\u00e4sche mitbringen.<\/li>\n<\/ul>\n<p>[\/vc_column_text][\/vc_column_inner][\/vc_row_inner]<div class=\"ult-spacer spacer-69eab03f01f49\" data-id=\"69eab03f01f49\" data-height=\"90\" data-height-mobile=\"60\" data-height-tab=\"90\" data-height-tab-portrait=\"60\" data-height-mobile-landscape=\"60\" style=\"clear:both;display:block;\"><\/div>[\/vc_column][\/vc_row]<\/p>\n<\/section>","protected":false},"excerpt":{"rendered":"<p>Wir haben sch\u00f6ne Wohnwagen<\/p>\n","protected":false},"author":1,"featured_media":4056,"parent":0,"menu_order":5,"comment_status":"closed","ping_status":"closed","template":"","meta":{"_acf_changed":false,"footnotes":""},"categories":[29],"class_list":{"0":"post-4638","1":"page","2":"type-page","3":"status-publish","4":"has-post-thumbnail","6":"category-huetten"},"acf":[],"yoast_head":"<!-- This site is optimized with the Yoast SEO plugin v27.2 - https:\/\/yoast.com\/product\/yoast-seo-wordpress\/ -->\n<title>Wohnwagen &#183; Kongsh\u00f8j Camping<\/title>\n<meta name=\"robots\" content=\"index, follow, max-snippet:-1, max-image-preview:large, max-video-preview:-1\" \/>\n<link rel=\"canonical\" href=\"https:\/\/kongshojcamping.dk\/de\/wohnwagen\/\" \/>\n<meta property=\"og:locale\" content=\"de_DE\" \/>\n<meta property=\"og:type\" content=\"article\" \/>\n<meta property=\"og:title\" content=\"Wohnwagen &#183; Kongsh\u00f8j Camping\" \/>\n<meta property=\"og:description\" content=\"Wir haben sch\u00f6ne Wohnwagen\" \/>\n<meta property=\"og:url\" content=\"https:\/\/kongshojcamping.dk\/de\/wohnwagen\/\" \/>\n<meta property=\"og:site_name\" content=\"Kongsh\u00f8j Camping\" \/>\n<meta property=\"article:modified_time\" content=\"2025-06-04T14:02:39+00:00\" \/>\n<meta property=\"og:image\" content=\"https:\/\/kongshojcamping.dk\/wp-content\/uploads\/2022\/09\/img-08861-1024x768-1.jpg\" \/>\n\t<meta property=\"og:image:width\" content=\"1024\" \/>\n\t<meta property=\"og:image:height\" content=\"768\" \/>\n\t<meta property=\"og:image:type\" content=\"image\/jpeg\" \/>\n<meta name=\"twitter:card\" content=\"summary_large_image\" \/>\n<meta name=\"twitter:label1\" content=\"Gesch\u00e4tzte Lesezeit\" \/>\n\t<meta name=\"twitter:data1\" content=\"6\u00a0Minuten\" \/>\n<script type=\"application\/ld+json\" class=\"yoast-schema-graph\">{\"@context\":\"https:\/\/schema.org\",\"@graph\":[{\"@type\":\"WebPage\",\"@id\":\"https:\/\/kongshojcamping.dk\/de\/wohnwagen\/\",\"url\":\"https:\/\/kongshojcamping.dk\/de\/wohnwagen\/\",\"name\":\"Wohnwagen &#183; Kongsh\u00f8j Camping\",\"isPartOf\":{\"@id\":\"https:\/\/kongshojcamping.dk\/de\/#website\"},\"primaryImageOfPage\":{\"@id\":\"https:\/\/kongshojcamping.dk\/de\/wohnwagen\/#primaryimage\"},\"image\":{\"@id\":\"https:\/\/kongshojcamping.dk\/de\/wohnwagen\/#primaryimage\"},\"thumbnailUrl\":\"https:\/\/kongshojcamping.dk\/wp-content\/uploads\/2022\/09\/img-08861-1024x768-1.jpg\",\"datePublished\":\"2022-09-22T13:18:41+00:00\",\"dateModified\":\"2025-06-04T14:02:39+00:00\",\"breadcrumb\":{\"@id\":\"https:\/\/kongshojcamping.dk\/de\/wohnwagen\/#breadcrumb\"},\"inLanguage\":\"de\",\"potentialAction\":[{\"@type\":\"ReadAction\",\"target\":[\"https:\/\/kongshojcamping.dk\/de\/wohnwagen\/\"]}]},{\"@type\":\"ImageObject\",\"inLanguage\":\"de\",\"@id\":\"https:\/\/kongshojcamping.dk\/de\/wohnwagen\/#primaryimage\",\"url\":\"https:\/\/kongshojcamping.dk\/wp-content\/uploads\/2022\/09\/img-08861-1024x768-1.jpg\",\"contentUrl\":\"https:\/\/kongshojcamping.dk\/wp-content\/uploads\/2022\/09\/img-08861-1024x768-1.jpg\",\"width\":1024,\"height\":768},{\"@type\":\"BreadcrumbList\",\"@id\":\"https:\/\/kongshojcamping.dk\/de\/wohnwagen\/#breadcrumb\",\"itemListElement\":[{\"@type\":\"ListItem\",\"position\":1,\"name\":\"Hjem\",\"item\":\"https:\/\/kongshojcamping.dk\/de\/titelseite\/\"},{\"@type\":\"ListItem\",\"position\":2,\"name\":\"Wohnwagen\"}]},{\"@type\":\"WebSite\",\"@id\":\"https:\/\/kongshojcamping.dk\/de\/#website\",\"url\":\"https:\/\/kongshojcamping.dk\/de\/\",\"name\":\"Kongsh\u00f8j Camping\",\"description\":\"Camping med campingplads og campinghytte n\u00e6r strand p\u00e5 Fyn\",\"publisher\":{\"@id\":\"https:\/\/kongshojcamping.dk\/de\/#organization\"},\"potentialAction\":[{\"@type\":\"SearchAction\",\"target\":{\"@type\":\"EntryPoint\",\"urlTemplate\":\"https:\/\/kongshojcamping.dk\/de\/?s={search_term_string}\"},\"query-input\":{\"@type\":\"PropertyValueSpecification\",\"valueRequired\":true,\"valueName\":\"search_term_string\"}}],\"inLanguage\":\"de\"},{\"@type\":\"Organization\",\"@id\":\"https:\/\/kongshojcamping.dk\/de\/#organization\",\"name\":\"Kongsh\u00f8j Camping\",\"url\":\"https:\/\/kongshojcamping.dk\/de\/\",\"logo\":{\"@type\":\"ImageObject\",\"inLanguage\":\"de\",\"@id\":\"https:\/\/kongshojcamping.dk\/de\/#\/schema\/logo\/image\/\",\"url\":\"https:\/\/kongshojcamping.dk\/wp-content\/uploads\/2022\/09\/layer-2.png\",\"contentUrl\":\"https:\/\/kongshojcamping.dk\/wp-content\/uploads\/2022\/09\/layer-2.png\",\"width\":997,\"height\":613,\"caption\":\"Kongsh\u00f8j Camping\"},\"image\":{\"@id\":\"https:\/\/kongshojcamping.dk\/de\/#\/schema\/logo\/image\/\"}}]}<\/script>\n<!-- \/ Yoast SEO plugin. -->","yoast_head_json":{"title":"Wohnwagen &#183; Kongsh\u00f8j Camping","robots":{"index":"index","follow":"follow","max-snippet":"max-snippet:-1","max-image-preview":"max-image-preview:large","max-video-preview":"max-video-preview:-1"},"canonical":"https:\/\/kongshojcamping.dk\/de\/wohnwagen\/","og_locale":"de_DE","og_type":"article","og_title":"Wohnwagen &#183; Kongsh\u00f8j Camping","og_description":"Wir haben sch\u00f6ne Wohnwagen","og_url":"https:\/\/kongshojcamping.dk\/de\/wohnwagen\/","og_site_name":"Kongsh\u00f8j Camping","article_modified_time":"2025-06-04T14:02:39+00:00","og_image":[{"width":1024,"height":768,"url":"https:\/\/kongshojcamping.dk\/wp-content\/uploads\/2022\/09\/img-08861-1024x768-1.jpg","type":"image\/jpeg"}],"twitter_card":"summary_large_image","twitter_misc":{"Gesch\u00e4tzte Lesezeit":"6\u00a0Minuten"},"schema":{"@context":"https:\/\/schema.org","@graph":[{"@type":"WebPage","@id":"https:\/\/kongshojcamping.dk\/de\/wohnwagen\/","url":"https:\/\/kongshojcamping.dk\/de\/wohnwagen\/","name":"Wohnwagen &#183; Kongsh\u00f8j Camping","isPartOf":{"@id":"https:\/\/kongshojcamping.dk\/de\/#website"},"primaryImageOfPage":{"@id":"https:\/\/kongshojcamping.dk\/de\/wohnwagen\/#primaryimage"},"image":{"@id":"https:\/\/kongshojcamping.dk\/de\/wohnwagen\/#primaryimage"},"thumbnailUrl":"https:\/\/kongshojcamping.dk\/wp-content\/uploads\/2022\/09\/img-08861-1024x768-1.jpg","datePublished":"2022-09-22T13:18:41+00:00","dateModified":"2025-06-04T14:02:39+00:00","breadcrumb":{"@id":"https:\/\/kongshojcamping.dk\/de\/wohnwagen\/#breadcrumb"},"inLanguage":"de","potentialAction":[{"@type":"ReadAction","target":["https:\/\/kongshojcamping.dk\/de\/wohnwagen\/"]}]},{"@type":"ImageObject","inLanguage":"de","@id":"https:\/\/kongshojcamping.dk\/de\/wohnwagen\/#primaryimage","url":"https:\/\/kongshojcamping.dk\/wp-content\/uploads\/2022\/09\/img-08861-1024x768-1.jpg","contentUrl":"https:\/\/kongshojcamping.dk\/wp-content\/uploads\/2022\/09\/img-08861-1024x768-1.jpg","width":1024,"height":768},{"@type":"BreadcrumbList","@id":"https:\/\/kongshojcamping.dk\/de\/wohnwagen\/#breadcrumb","itemListElement":[{"@type":"ListItem","position":1,"name":"Hjem","item":"https:\/\/kongshojcamping.dk\/de\/titelseite\/"},{"@type":"ListItem","position":2,"name":"Wohnwagen"}]},{"@type":"WebSite","@id":"https:\/\/kongshojcamping.dk\/de\/#website","url":"https:\/\/kongshojcamping.dk\/de\/","name":"Kongsh\u00f8j Camping","description":"Camping med campingplads og campinghytte n\u00e6r strand p\u00e5 Fyn","publisher":{"@id":"https:\/\/kongshojcamping.dk\/de\/#organization"},"potentialAction":[{"@type":"SearchAction","target":{"@type":"EntryPoint","urlTemplate":"https:\/\/kongshojcamping.dk\/de\/?s={search_term_string}"},"query-input":{"@type":"PropertyValueSpecification","valueRequired":true,"valueName":"search_term_string"}}],"inLanguage":"de"},{"@type":"Organization","@id":"https:\/\/kongshojcamping.dk\/de\/#organization","name":"Kongsh\u00f8j Camping","url":"https:\/\/kongshojcamping.dk\/de\/","logo":{"@type":"ImageObject","inLanguage":"de","@id":"https:\/\/kongshojcamping.dk\/de\/#\/schema\/logo\/image\/","url":"https:\/\/kongshojcamping.dk\/wp-content\/uploads\/2022\/09\/layer-2.png","contentUrl":"https:\/\/kongshojcamping.dk\/wp-content\/uploads\/2022\/09\/layer-2.png","width":997,"height":613,"caption":"Kongsh\u00f8j Camping"},"image":{"@id":"https:\/\/kongshojcamping.dk\/de\/#\/schema\/logo\/image\/"}}]}},"_links":{"self":[{"href":"https:\/\/kongshojcamping.dk\/de\/wp-json\/wp\/v2\/pages\/4638","targetHints":{"allow":["GET"]}}],"collection":[{"href":"https:\/\/kongshojcamping.dk\/de\/wp-json\/wp\/v2\/pages"}],"about":[{"href":"https:\/\/kongshojcamping.dk\/de\/wp-json\/wp\/v2\/types\/page"}],"author":[{"embeddable":true,"href":"https:\/\/kongshojcamping.dk\/de\/wp-json\/wp\/v2\/users\/1"}],"replies":[{"embeddable":true,"href":"https:\/\/kongshojcamping.dk\/de\/wp-json\/wp\/v2\/comments?post=4638"}],"version-history":[{"count":16,"href":"https:\/\/kongshojcamping.dk\/de\/wp-json\/wp\/v2\/pages\/4638\/revisions"}],"predecessor-version":[{"id":900379,"href":"https:\/\/kongshojcamping.dk\/de\/wp-json\/wp\/v2\/pages\/4638\/revisions\/900379"}],"wp:featuredmedia":[{"embeddable":true,"href":"https:\/\/kongshojcamping.dk\/de\/wp-json\/wp\/v2\/media\/4056"}],"wp:attachment":[{"href":"https:\/\/kongshojcamping.dk\/de\/wp-json\/wp\/v2\/media?parent=4638"}],"wp:term":[{"taxonomy":"category","embeddable":true,"href":"https:\/\/kongshojcamping.dk\/de\/wp-json\/wp\/v2\/categories?post=4638"}],"curies":[{"name":"wp","href":"https:\/\/api.w.org\/{rel}","templated":true}]}}