{"id":4647,"date":"2022-09-22T15:18:42","date_gmt":"2022-09-22T13:18:42","guid":{"rendered":"https:\/\/kongshojcamping.dk\/aktivitaeten\/"},"modified":"2025-02-26T22:00:13","modified_gmt":"2025-02-26T21:00:13","slug":"aktivitaeten","status":"publish","type":"page","link":"https:\/\/kongshojcamping.dk\/de\/aktivitaeten\/","title":{"rendered":"Aktivit\u00e4ten"},"content":{"rendered":"<section class=\"wpb-content-wrapper\"><p>[vc_row full_width=&#8220;stretch_row&#8220;][vc_column]<div class=\"ult-spacer spacer-69ecb81588846\" data-id=\"69ecb81588846\" data-height=\"90\" data-height-mobile=\"60\" data-height-tab=\"90\" data-height-tab-portrait=\"60\" data-height-mobile-landscape=\"60\" style=\"clear:both;display:block;\"><\/div>[vc_row_inner][vc_column_inner offset=&#8220;vc_col-lg-8 vc_col-md-8 vc_col-xs-12&#8243;][vc_column_text]<\/p>\n<h2>Hier bei Kongsh\u00f8j Strand Camping verbringen wir viel Zeit mit unseren gemeinsamen Aktivit\u00e4ten, die sehr vielf\u00e4ltig sind<\/h2>\n<p>Der Spielplatz ist ein zentraler Punkt auf dem Kongsh\u00f8j Strand Camping, hier treffen sich alle Kinder und es entstehen Freundschaften.<\/p>\n<p>Unsere zwei H\u00fcpfkissen sind besonders beliebt. Das eine ist f\u00fcr die \u201cerwachsenen\u201d Kinder, das andere f\u00fcr die Kleinen.<\/p>\n<p>Aktivit\u00e4ten haben keinen festen Rahmen, sie entstehen spontan und nach Bedarf. Ein warmer und windstiller Sommerabend l\u00e4dt zu einem gem\u00fctlichen Lagerfeuerabend mit Brot am Spie\u00df ein. Auch eine Kinderdiskothek f\u00fcr die Kleinsten oder ein T\u00e4nzchen f\u00fcr \u201cdie Reiferen\u201d kommen schon mal vor.<\/p>\n<p>Wie gesagt sind unsere Aktivit\u00e4ten nicht festgelegt, denn meistens finden unsere Camper auf nat\u00fcrliche und spontane Art selbst zusammen.<\/p>\n<p>Manche veranstalten einen kleinen Badmintonwettbewerb, aber auch eine Runde Tischtennis in unserer gro\u00dfen Spielhalle kann in Form halten.<\/p>\n<p>Viele Stunden kann man an unserem sch\u00f6nen kinderfreundlichen Strand verbringen. An warmen Tagen mit Sonnenschein ist Baden angesagt, und Eimer und Schaufel f\u00fcr die Kinder sind ein Mu\u00df.<\/p>\n<h3>Die Spielpl\u00e4tze sind mit Ger\u00e4ten ausgestattet, die sowohl f\u00fcr gro\u00dfe als auch f\u00fcr kleine Kinder geeignet sind<\/h3>\n<p>Um unser Campingplatz haben wir zwei verschiedene Spielpl\u00e4tze f\u00fcr alle Altersgruppen, und Unsere zwei H\u00fcpfkissen sind besonders beliebt. Das eine ist f\u00fcr die \u201cerwachsenen\u201d Kinder, das andere f\u00fcr die Kleinen.<\/p>\n<p>F\u00fcr unsere kleinen G\u00e4ste gibt es ganz viele s\u00fc\u00dfe tolle Tiere, die sie f\u00fcttern k\u00f6nnen, oder mit denen sie spielen k\u00f6nnen. Wir haben Kaninchen, Ziegen,Schaf und Pferde.<\/p>\n<p>Manche veranstalten einen kleinen Badmintonwettbewerb, aber auch eine Runde Tischtennis in unserer gro\u00dfen Spielhalle kann in Form halten.<\/p>\n<h3>Gute Chancen einen Hecht zu fangen<\/h3>\n<p>Die Angel kann man entweder an die K\u00fcste oder an einen unserer S\u00fc\u00dfwasserseen mitnehmen, und die Chance, einen Hecht an den Haken und Fischfrikadellen auf den Tisch zu bekommen, stehen gut.<\/p>\n<p>Ansonsten kann man sich die Zeit auf dem Kongsh\u00f8j Strand Camping mit Wanderungen in den angrenzenden Wald T\u00e5rup Lundeskov, mit Entspannen oder bei einem Grillabend vertreiben.[\/vc_column_text][\/vc_column_inner][vc_column_inner offset=&#8220;vc_col-lg-4 vc_col-md-4 vc_col-xs-12&#8243;][\/vc_column_inner][\/vc_row_inner][vc_empty_space height=&#8220;60px&#8220;][vc_media_grid gap=&#8220;20&#8243; grid_id=&#8220;vc_gid:1740603286122-58949036-2abb-10&#8243; include=&#8220;3617,3623,3618,900253,900250,3619,3620,3622,3624,3626&#8243;]<div class=\"ult-spacer spacer-69ecb81588888\" data-id=\"69ecb81588888\" data-height=\"90\" data-height-mobile=\"60\" data-height-tab=\"90\" data-height-tab-portrait=\"60\" data-height-mobile-landscape=\"60\" style=\"clear:both;display:block;\"><\/div>[\/vc_column][\/vc_row]<\/p>\n<\/section>","protected":false},"excerpt":{"rendered":"<p>Wir haben Krabbenfischen und Ballonmann f\u00fcr die Kleinen, Banko, Fu\u00dfballturnier und Minigolfturnier f\u00fcr die etwas Gr\u00f6\u00dferen.<\/p>\n","protected":false},"author":1,"featured_media":0,"parent":0,"menu_order":7,"comment_status":"closed","ping_status":"closed","template":"","meta":{"_acf_changed":false,"footnotes":""},"categories":[],"class_list":["post-4647","page","type-page","status-publish"],"acf":[],"yoast_head":"<!-- This site is optimized with the Yoast SEO plugin v27.2 - https:\/\/yoast.com\/product\/yoast-seo-wordpress\/ -->\n<title>Aktivit\u00e4ten &#183; Kongsh\u00f8j Camping<\/title>\n<meta name=\"robots\" content=\"index, follow, max-snippet:-1, max-image-preview:large, max-video-preview:-1\" \/>\n<link rel=\"canonical\" href=\"https:\/\/kongshojcamping.dk\/de\/aktivitaeten\/\" \/>\n<meta property=\"og:locale\" content=\"de_DE\" \/>\n<meta property=\"og:type\" content=\"article\" \/>\n<meta property=\"og:title\" content=\"Aktivit\u00e4ten &#183; Kongsh\u00f8j Camping\" \/>\n<meta property=\"og:description\" content=\"Wir haben Krabbenfischen und Ballonmann f\u00fcr die Kleinen, Banko, Fu\u00dfballturnier und Minigolfturnier f\u00fcr die etwas Gr\u00f6\u00dferen.\" \/>\n<meta property=\"og:url\" content=\"https:\/\/kongshojcamping.dk\/de\/aktivitaeten\/\" \/>\n<meta property=\"og:site_name\" content=\"Kongsh\u00f8j Camping\" \/>\n<meta property=\"article:modified_time\" content=\"2025-02-26T21:00:13+00:00\" \/>\n<meta name=\"twitter:card\" content=\"summary_large_image\" \/>\n<meta name=\"twitter:label1\" content=\"Gesch\u00e4tzte Lesezeit\" \/>\n\t<meta name=\"twitter:data1\" content=\"2\u00a0Minuten\" \/>\n<script type=\"application\/ld+json\" class=\"yoast-schema-graph\">{\"@context\":\"https:\/\/schema.org\",\"@graph\":[{\"@type\":\"WebPage\",\"@id\":\"https:\/\/kongshojcamping.dk\/de\/aktivitaeten\/\",\"url\":\"https:\/\/kongshojcamping.dk\/de\/aktivitaeten\/\",\"name\":\"Aktivit\u00e4ten &#183; Kongsh\u00f8j Camping\",\"isPartOf\":{\"@id\":\"https:\/\/kongshojcamping.dk\/de\/#website\"},\"datePublished\":\"2022-09-22T13:18:42+00:00\",\"dateModified\":\"2025-02-26T21:00:13+00:00\",\"breadcrumb\":{\"@id\":\"https:\/\/kongshojcamping.dk\/de\/aktivitaeten\/#breadcrumb\"},\"inLanguage\":\"de\",\"potentialAction\":[{\"@type\":\"ReadAction\",\"target\":[\"https:\/\/kongshojcamping.dk\/de\/aktivitaeten\/\"]}]},{\"@type\":\"BreadcrumbList\",\"@id\":\"https:\/\/kongshojcamping.dk\/de\/aktivitaeten\/#breadcrumb\",\"itemListElement\":[{\"@type\":\"ListItem\",\"position\":1,\"name\":\"Hjem\",\"item\":\"https:\/\/kongshojcamping.dk\/de\/titelseite\/\"},{\"@type\":\"ListItem\",\"position\":2,\"name\":\"Aktivit\u00e4ten\"}]},{\"@type\":\"WebSite\",\"@id\":\"https:\/\/kongshojcamping.dk\/de\/#website\",\"url\":\"https:\/\/kongshojcamping.dk\/de\/\",\"name\":\"Kongsh\u00f8j Camping\",\"description\":\"Camping med campingplads og campinghytte n\u00e6r strand p\u00e5 Fyn\",\"publisher\":{\"@id\":\"https:\/\/kongshojcamping.dk\/de\/#organization\"},\"potentialAction\":[{\"@type\":\"SearchAction\",\"target\":{\"@type\":\"EntryPoint\",\"urlTemplate\":\"https:\/\/kongshojcamping.dk\/de\/?s={search_term_string}\"},\"query-input\":{\"@type\":\"PropertyValueSpecification\",\"valueRequired\":true,\"valueName\":\"search_term_string\"}}],\"inLanguage\":\"de\"},{\"@type\":\"Organization\",\"@id\":\"https:\/\/kongshojcamping.dk\/de\/#organization\",\"name\":\"Kongsh\u00f8j Camping\",\"url\":\"https:\/\/kongshojcamping.dk\/de\/\",\"logo\":{\"@type\":\"ImageObject\",\"inLanguage\":\"de\",\"@id\":\"https:\/\/kongshojcamping.dk\/de\/#\/schema\/logo\/image\/\",\"url\":\"https:\/\/kongshojcamping.dk\/wp-content\/uploads\/2022\/09\/layer-2.png\",\"contentUrl\":\"https:\/\/kongshojcamping.dk\/wp-content\/uploads\/2022\/09\/layer-2.png\",\"width\":997,\"height\":613,\"caption\":\"Kongsh\u00f8j Camping\"},\"image\":{\"@id\":\"https:\/\/kongshojcamping.dk\/de\/#\/schema\/logo\/image\/\"}}]}<\/script>\n<!-- \/ Yoast SEO plugin. -->","yoast_head_json":{"title":"Aktivit\u00e4ten &#183; Kongsh\u00f8j Camping","robots":{"index":"index","follow":"follow","max-snippet":"max-snippet:-1","max-image-preview":"max-image-preview:large","max-video-preview":"max-video-preview:-1"},"canonical":"https:\/\/kongshojcamping.dk\/de\/aktivitaeten\/","og_locale":"de_DE","og_type":"article","og_title":"Aktivit\u00e4ten &#183; Kongsh\u00f8j Camping","og_description":"Wir haben Krabbenfischen und Ballonmann f\u00fcr die Kleinen, Banko, Fu\u00dfballturnier und Minigolfturnier f\u00fcr die etwas Gr\u00f6\u00dferen.","og_url":"https:\/\/kongshojcamping.dk\/de\/aktivitaeten\/","og_site_name":"Kongsh\u00f8j Camping","article_modified_time":"2025-02-26T21:00:13+00:00","twitter_card":"summary_large_image","twitter_misc":{"Gesch\u00e4tzte Lesezeit":"2\u00a0Minuten"},"schema":{"@context":"https:\/\/schema.org","@graph":[{"@type":"WebPage","@id":"https:\/\/kongshojcamping.dk\/de\/aktivitaeten\/","url":"https:\/\/kongshojcamping.dk\/de\/aktivitaeten\/","name":"Aktivit\u00e4ten &#183; Kongsh\u00f8j Camping","isPartOf":{"@id":"https:\/\/kongshojcamping.dk\/de\/#website"},"datePublished":"2022-09-22T13:18:42+00:00","dateModified":"2025-02-26T21:00:13+00:00","breadcrumb":{"@id":"https:\/\/kongshojcamping.dk\/de\/aktivitaeten\/#breadcrumb"},"inLanguage":"de","potentialAction":[{"@type":"ReadAction","target":["https:\/\/kongshojcamping.dk\/de\/aktivitaeten\/"]}]},{"@type":"BreadcrumbList","@id":"https:\/\/kongshojcamping.dk\/de\/aktivitaeten\/#breadcrumb","itemListElement":[{"@type":"ListItem","position":1,"name":"Hjem","item":"https:\/\/kongshojcamping.dk\/de\/titelseite\/"},{"@type":"ListItem","position":2,"name":"Aktivit\u00e4ten"}]},{"@type":"WebSite","@id":"https:\/\/kongshojcamping.dk\/de\/#website","url":"https:\/\/kongshojcamping.dk\/de\/","name":"Kongsh\u00f8j Camping","description":"Camping med campingplads og campinghytte n\u00e6r strand p\u00e5 Fyn","publisher":{"@id":"https:\/\/kongshojcamping.dk\/de\/#organization"},"potentialAction":[{"@type":"SearchAction","target":{"@type":"EntryPoint","urlTemplate":"https:\/\/kongshojcamping.dk\/de\/?s={search_term_string}"},"query-input":{"@type":"PropertyValueSpecification","valueRequired":true,"valueName":"search_term_string"}}],"inLanguage":"de"},{"@type":"Organization","@id":"https:\/\/kongshojcamping.dk\/de\/#organization","name":"Kongsh\u00f8j Camping","url":"https:\/\/kongshojcamping.dk\/de\/","logo":{"@type":"ImageObject","inLanguage":"de","@id":"https:\/\/kongshojcamping.dk\/de\/#\/schema\/logo\/image\/","url":"https:\/\/kongshojcamping.dk\/wp-content\/uploads\/2022\/09\/layer-2.png","contentUrl":"https:\/\/kongshojcamping.dk\/wp-content\/uploads\/2022\/09\/layer-2.png","width":997,"height":613,"caption":"Kongsh\u00f8j Camping"},"image":{"@id":"https:\/\/kongshojcamping.dk\/de\/#\/schema\/logo\/image\/"}}]}},"_links":{"self":[{"href":"https:\/\/kongshojcamping.dk\/de\/wp-json\/wp\/v2\/pages\/4647","targetHints":{"allow":["GET"]}}],"collection":[{"href":"https:\/\/kongshojcamping.dk\/de\/wp-json\/wp\/v2\/pages"}],"about":[{"href":"https:\/\/kongshojcamping.dk\/de\/wp-json\/wp\/v2\/types\/page"}],"author":[{"embeddable":true,"href":"https:\/\/kongshojcamping.dk\/de\/wp-json\/wp\/v2\/users\/1"}],"replies":[{"embeddable":true,"href":"https:\/\/kongshojcamping.dk\/de\/wp-json\/wp\/v2\/comments?post=4647"}],"version-history":[{"count":7,"href":"https:\/\/kongshojcamping.dk\/de\/wp-json\/wp\/v2\/pages\/4647\/revisions"}],"predecessor-version":[{"id":900256,"href":"https:\/\/kongshojcamping.dk\/de\/wp-json\/wp\/v2\/pages\/4647\/revisions\/900256"}],"wp:attachment":[{"href":"https:\/\/kongshojcamping.dk\/de\/wp-json\/wp\/v2\/media?parent=4647"}],"wp:term":[{"taxonomy":"category","embeddable":true,"href":"https:\/\/kongshojcamping.dk\/de\/wp-json\/wp\/v2\/categories?post=4647"}],"curies":[{"name":"wp","href":"https:\/\/api.w.org\/{rel}","templated":true}]}}