{"id":4665,"date":"2022-09-22T15:18:43","date_gmt":"2022-09-22T13:18:43","guid":{"rendered":"https:\/\/kongshojcamping.dk\/erlebnisse\/"},"modified":"2022-10-13T10:57:20","modified_gmt":"2022-10-13T08:57:20","slug":"erlebnisse","status":"publish","type":"page","link":"https:\/\/kongshojcamping.dk\/de\/erlebnisse\/","title":{"rendered":"Erlebnisse"},"content":{"rendered":"<section class=\"wpb-content-wrapper\"><p>[vc_row full_width=&#8220;stretch_row&#8220;][vc_column]<div class=\"ult-spacer spacer-69ecbee84fa7e\" data-id=\"69ecbee84fa7e\" data-height=\"90\" data-height-mobile=\"60\" data-height-tab=\"90\" data-height-tab-portrait=\"60\" data-height-mobile-landscape=\"60\" style=\"clear:both;display:block;\"><\/div>[vc_row_inner][vc_column_inner offset=&#8220;vc_col-lg-8 vc_col-md-8 vc_col-xs-12&#8243;][vc_column_text]<\/p>\n<h2>Irgendwo in Europa liegen Herrenh\u00e4user und Schl\u00f6sser so nah beieinander wie auf Ostf\u00fcnen<\/h2>\n<p>Nirgends in Europa liegen Gutsh\u00f6fe und Schl\u00f6sser so dicht beieinander wie auf Ostf\u00fcnen. Die Parks und G\u00e4rten sind wie aus dem M\u00e4rchen, und viele sind dem Publikum ge\u00f6ffnet. Wenn man auf F\u00fcnen ist, kommt man nicht um Hans Christian Andersen herum. Von Kongsh\u00f8j ist es ca. \u00bd Stunde Fahrt bis Odense. Hier kann man u.a. das Haus von Hans Christian Andersen besichtigen oder \u201cFyrt\u00f8jet\u201d (Das Feuerzeug), das neue Kinderkulturhaus, erleben.<\/p>\n<p>\u00dcberhaupt ist Odense ja die Hauptstadt von F\u00fcnen und es gibt hier viele M\u00f6glichkeiten. Das f\u00fcnische Dorf erz\u00e4hlt und zeigt das Leben auf F\u00fcnen um das Jahr 1850. Geht man in den Zoo in Odense, kommt man in alle Erdteile, u.a. mit Kriechtieren und L\u00f6wen.<\/p>\n<p>Der Vorteil, den Urlaub auf F\u00fcnen zu verbringen, liegt nicht allein in den Attraktionen, die F\u00fcnen zu bieten hat, sondern auch darin, da\u00df F\u00fcnen ein kleines Paradies ist, in dem Abst\u00e4nde leicht zu \u00fcberwinden sind.<\/p>\n<p>Unsere pr\u00e4chtigen Br\u00fccken haben ein schnelles Vorankommen leicht gemacht. Nur gut eine Stunde Fahrt von Kongsh\u00f8j und Sie sind in Kopenhagen oder in Legoland.<\/p>\n<p><strong>Klicken Sie auf die einzelnen Bilder, um zu deren Websites zu gelangen.<\/strong>[\/vc_column_text][\/vc_column_inner][vc_column_inner offset=&#8220;vc_col-lg-4 vc_col-md-4 vc_col-xs-12&#8243;][\/vc_column_inner][\/vc_row_inner][vc_empty_space height=&#8220;60px&#8220;][\/vc_column][\/vc_row][vc_row full_width=&#8220;stretch_row&#8220;][vc_column][vc_row_inner][vc_column_inner width=&#8220;1\/3&#8243;]<div class=\"ult-new-ib ult-ib-effect-style2  ult-ib-resp ult-ib2-min-height \" data-min-width=\"768\" data-max-width=\"900\" style=\"background:#0090cb; opacity:0; \" data-opacity=\"0.5\" data-hover-opacity=\"0.2\"  data-min-height=\"300\" ><img decoding=\"async\" class=\"ult-new-ib-img\" style=\"opacity:0.5;\" alt=\"null\" src=\"https:\/\/kongshojcamping.dk\/wp-content\/uploads\/2022\/09\/istock-1193585712-min-scaled.jpg\"  data-min-height=\"300\"   \/><div id=\"interactive-banner-wrap-4589\" class=\"ult-new-ib-desc\" style=\"\"><h3 class=\"ult-new-ib-title ult-responsive\"  data-ultimate-target='#interactive-banner-wrap-4589 .ult-new-ib-title'  data-responsive-json-new='{\"font-size\":\"desktop:26px;tablet:26px;tablet_portrait:22px;mobile_landscape:26px;mobile:22px;\",\"line-height\":\"\"}'  style=\"font-weight:bold;color:#f8ca3c;\">Das F\u00fcnische Dorf<\/h3><div class=\"ult-new-ib-content ult-responsive\"  data-ultimate-target='#interactive-banner-wrap-4589 .ult-new-ib-content'  data-responsive-json-new='{\"font-size\":\"desktop:16px;\",\"line-height\":\"\"}'  style=\"font-weight:200;color:#f8ca3c;\"><p>Lesen Sie hier mehr<\/p><\/div><\/div><a class=\"ult-new-ib-link\" href=\"http:\/\/museum.odense.dk\/museer\/den-fynske-landsby\" title=\"L\u00e6s mere\" target=\"_blank\" rel=\"noopener\"  ><\/a><\/div>[vc_empty_space height=&#8220;30px&#8220;][vc_column_text]Im f\u00fcnischen Freilichtmuseum mit l\u00e4ndlichen Geb\u00e4uden aus dem 18. und 19. Jahrhundert wurde ein f\u00fcnisches Dorf mit Fachwerkh\u00e4usern, Feldhecken, Haustieren, Dorfteich und Dorfstra\u00dfe nachgebaut.[\/vc_column_text]<div class=\"ult-spacer spacer-69ecbee84fe45\" data-id=\"69ecbee84fe45\" data-height=\"0\" data-height-mobile=\"30\" data-height-tab=\"0\" data-height-tab-portrait=\"0\" data-height-mobile-landscape=\"30\" style=\"clear:both;display:block;\"><\/div>[\/vc_column_inner][vc_column_inner width=&#8220;1\/3&#8243;]<div class=\"ult-new-ib ult-ib-effect-style2  ult-ib-resp ult-ib2-min-height \" data-min-width=\"768\" data-max-width=\"900\" style=\"background:#0090cb; opacity:0; \" data-opacity=\"0.5\" data-hover-opacity=\"0.2\"  data-min-height=\"300\" ><img decoding=\"async\" class=\"ult-new-ib-img\" style=\"opacity:0.5;\" alt=\"null\" src=\"https:\/\/kongshojcamping.dk\/wp-content\/uploads\/2022\/09\/istock-1381947130-min-scaled.jpg\"  data-min-height=\"300\"   \/><div id=\"interactive-banner-wrap-1367\" class=\"ult-new-ib-desc\" style=\"\"><h3 class=\"ult-new-ib-title ult-responsive\"  data-ultimate-target='#interactive-banner-wrap-1367 .ult-new-ib-title'  data-responsive-json-new='{\"font-size\":\"desktop:26px;tablet:26px;tablet_portrait:22px;mobile_landscape:26px;mobile:22px;\",\"line-height\":\"\"}'  style=\"font-weight:bold;color:#f8ca3c;\">Odense ZOO<\/h3><div class=\"ult-new-ib-content ult-responsive\"  data-ultimate-target='#interactive-banner-wrap-1367 .ult-new-ib-content'  data-responsive-json-new='{\"font-size\":\"desktop:16px;\",\"line-height\":\"\"}'  style=\"font-weight:200;color:#f8ca3c;\"><p>Lesen Sie hier mehr<\/p><\/div><\/div><a class=\"ult-new-ib-link\" href=\"http:\/\/www.odensezoo.dk\/forside\/\" title=\"L\u00e6s mere\" target=\"_blank\" rel=\"noopener\"  ><\/a><\/div>[vc_empty_space height=&#8220;30px&#8220;][vc_column_text]Im Odense Zoo haben wir \u00fcber 2.000 Tiere aus aller Welt. Sie k\u00f6nnen z. B. die eleganten Giraffen und Antilopen in der afrikanischen Kiwara-Savanne bestaunen und das Gebr\u00fcll der L\u00f6wen h\u00f6ren.[\/vc_column_text]<div class=\"ult-spacer spacer-69ecbee850115\" data-id=\"69ecbee850115\" data-height=\"0\" data-height-mobile=\"30\" data-height-tab=\"0\" data-height-tab-portrait=\"0\" data-height-mobile-landscape=\"30\" style=\"clear:both;display:block;\"><\/div>[\/vc_column_inner][vc_column_inner width=&#8220;1\/3&#8243;]<div class=\"ult-new-ib ult-ib-effect-style2  ult-ib-resp ult-ib2-min-height \" data-min-width=\"768\" data-max-width=\"900\" style=\"background:#0090cb; opacity:0; \" data-opacity=\"0.5\" data-hover-opacity=\"0.2\"  data-min-height=\"300\" ><img decoding=\"async\" class=\"ult-new-ib-img\" style=\"opacity:0.5;\" alt=\"null\" src=\"https:\/\/kongshojcamping.dk\/wp-content\/uploads\/2022\/09\/istock-1257014816-min-scaled.jpg\"  data-min-height=\"300\"   \/><div id=\"interactive-banner-wrap-5394\" class=\"ult-new-ib-desc\" style=\"\"><h3 class=\"ult-new-ib-title ult-responsive\"  data-ultimate-target='#interactive-banner-wrap-5394 .ult-new-ib-title'  data-responsive-json-new='{\"font-size\":\"desktop:26px;tablet:26px;tablet_portrait:22px;mobile_landscape:26px;mobile:22px;\",\"line-height\":\"\"}'  style=\"font-weight:bold;color:#f8ca3c;\">Egeskov<\/h3><div class=\"ult-new-ib-content ult-responsive\"  data-ultimate-target='#interactive-banner-wrap-5394 .ult-new-ib-content'  data-responsive-json-new='{\"font-size\":\"desktop:16px;\",\"line-height\":\"\"}'  style=\"font-weight:200;color:#f8ca3c;\"><p>Lesen Sie hier mehr<\/p><\/div><\/div><a class=\"ult-new-ib-link\" href=\"https:\/\/egeskov.dk\/\" title=\"L\u00e6s mere\" target=\"_blank\" rel=\"noopener\"  ><\/a><\/div>[vc_empty_space height=&#8220;30px&#8220;][vc_column_text]Schloss Egeskov ist f\u00fcr die ganze Familie ein Erlebnis. Die sch\u00f6nste Gartenanlage Europas als auch besterhaltenes Wasserschloss, sowie spannende Ausstellungen, bieten der Familie einen ganzen Tag voller Spannung, Spiel und Erlebnis[\/vc_column_text][\/vc_column_inner][\/vc_row_inner]<div class=\"ult-spacer spacer-69ecbee850389\" data-id=\"69ecbee850389\" data-height=\"60\" data-height-mobile=\"30\" data-height-tab=\"60\" data-height-tab-portrait=\"60\" data-height-mobile-landscape=\"30\" style=\"clear:both;display:block;\"><\/div>[vc_row_inner][vc_column_inner width=&#8220;1\/3&#8243;]<div class=\"ult-new-ib ult-ib-effect-style2  ult-ib-resp ult-ib2-min-height \" data-min-width=\"768\" data-max-width=\"900\" style=\"background:#0090cb; opacity:0; \" data-opacity=\"0.5\" data-hover-opacity=\"0.2\"  data-min-height=\"300\" ><img decoding=\"async\" class=\"ult-new-ib-img\" style=\"opacity:0.5;\" alt=\"null\" src=\"https:\/\/kongshojcamping.dk\/wp-content\/uploads\/2022\/09\/istock-1330928997-min-scaled.jpg\"  data-min-height=\"300\"   \/><div id=\"interactive-banner-wrap-3575\" class=\"ult-new-ib-desc\" style=\"\"><h3 class=\"ult-new-ib-title ult-responsive\"  data-ultimate-target='#interactive-banner-wrap-3575 .ult-new-ib-title'  data-responsive-json-new='{\"font-size\":\"desktop:26px;tablet:26px;tablet_portrait:22px;mobile_landscape:26px;mobile:22px;\",\"line-height\":\"\"}'  style=\"font-weight:bold;color:#f8ca3c;\">Gorilla Park<\/h3><div class=\"ult-new-ib-content ult-responsive\"  data-ultimate-target='#interactive-banner-wrap-3575 .ult-new-ib-content'  data-responsive-json-new='{\"font-size\":\"desktop:16px;\",\"line-height\":\"\"}'  style=\"font-weight:200;color:#f8ca3c;\"><p>Lesen Sie hier mehr<\/p><\/div><\/div><a class=\"ult-new-ib-link\" href=\"https:\/\/gorillapark.dk\/\" title=\"L\u00e6s mere\" target=\"_blank\" rel=\"noopener\"  ><\/a><\/div>[vc_empty_space height=&#8220;30px&#8220;][vc_column_text]Gorilla Park Svendborg ist ein wundersch\u00f6n gelegenen Kletterpark f\u00fcr die ganze Familie.Es gibt 8 Parcours mit mehr als 100 Hindernisse. Die Bahnen haben verschiendene Schwierigkeitsgrade- z.B. eine Bahn f\u00fcr die ganz Kleinen und die King Kongbahn die in einer h\u00f6he von 18 Metern liegt.[\/vc_column_text]<div class=\"ult-spacer spacer-69ecbee850643\" data-id=\"69ecbee850643\" data-height=\"0\" data-height-mobile=\"30\" data-height-tab=\"0\" data-height-tab-portrait=\"0\" data-height-mobile-landscape=\"30\" style=\"clear:both;display:block;\"><\/div>[\/vc_column_inner][vc_column_inner width=&#8220;1\/3&#8243;]<div class=\"ult-new-ib ult-ib-effect-style2  ult-ib-resp ult-ib2-min-height \" data-min-width=\"768\" data-max-width=\"900\" style=\"background:#0090cb; opacity:0; \" data-opacity=\"0.5\" data-hover-opacity=\"0.2\"  data-min-height=\"300\" ><img decoding=\"async\" class=\"ult-new-ib-img\" style=\"opacity:0.5;\" alt=\"null\" src=\"https:\/\/kongshojcamping.dk\/wp-content\/uploads\/2022\/09\/istock-1293307670-min.jpg\"  data-min-height=\"300\"   \/><div id=\"interactive-banner-wrap-6940\" class=\"ult-new-ib-desc\" style=\"\"><h3 class=\"ult-new-ib-title ult-responsive\"  data-ultimate-target='#interactive-banner-wrap-6940 .ult-new-ib-title'  data-responsive-json-new='{\"font-size\":\"desktop:26px;tablet:26px;tablet_portrait:22px;mobile_landscape:26px;mobile:22px;\",\"line-height\":\"\"}'  style=\"font-weight:bold;color:#f8ca3c;\">Valdemars Schloss<\/h3><div class=\"ult-new-ib-content ult-responsive\"  data-ultimate-target='#interactive-banner-wrap-6940 .ult-new-ib-content'  data-responsive-json-new='{\"font-size\":\"desktop:16px;\",\"line-height\":\"\"}'  style=\"font-weight:200;color:#f8ca3c;\"><p>Lesen Sie hier mehr<\/p><\/div><\/div><a class=\"ult-new-ib-link\" href=\"https:\/\/valdemarsslot.dk\/\" title=\"L\u00e6s mere\" target=\"_blank\" rel=\"noopener\"  ><\/a><\/div>[vc_empty_space height=&#8220;30px&#8220;][vc_column_text]Valdemars Schloss hat die T\u00fcren des Privatbesitzes ge\u00f6ffnet, um Sie an der Geschichte, die das Schloss und die umliegenden Geb\u00e4ude erz\u00e4hlen k\u00f6nnen, teilhaben zu lassen.[\/vc_column_text]<div class=\"ult-spacer spacer-69ecbee850917\" data-id=\"69ecbee850917\" data-height=\"0\" data-height-mobile=\"30\" data-height-tab=\"0\" data-height-tab-portrait=\"0\" data-height-mobile-landscape=\"30\" style=\"clear:both;display:block;\"><\/div>[\/vc_column_inner][vc_column_inner width=&#8220;1\/3&#8243;]<div class=\"ult-new-ib ult-ib-effect-style2  ult-ib-resp ult-ib2-min-height \" data-min-width=\"768\" data-max-width=\"900\" style=\"background:#0090cb; opacity:0; \" data-opacity=\"0.5\" data-hover-opacity=\"0.2\"  data-min-height=\"300\" ><img decoding=\"async\" class=\"ult-new-ib-img\" style=\"opacity:0.5;\" alt=\"null\" src=\"https:\/\/kongshojcamping.dk\/wp-content\/uploads\/2022\/09\/istock-914630702-min-scaled.jpg\"  data-min-height=\"300\"   \/><div id=\"interactive-banner-wrap-2522\" class=\"ult-new-ib-desc\" style=\"\"><h3 class=\"ult-new-ib-title ult-responsive\"  data-ultimate-target='#interactive-banner-wrap-2522 .ult-new-ib-title'  data-responsive-json-new='{\"font-size\":\"desktop:26px;tablet:26px;tablet_portrait:22px;mobile_landscape:26px;mobile:22px;\",\"line-height\":\"\"}'  style=\"font-weight:bold;color:#f8ca3c;\">Das d\u00e4nische Eisenbahnmuseum<\/h3><div class=\"ult-new-ib-content ult-responsive\"  data-ultimate-target='#interactive-banner-wrap-2522 .ult-new-ib-content'  data-responsive-json-new='{\"font-size\":\"desktop:16px;\",\"line-height\":\"\"}'  style=\"font-weight:200;color:#f8ca3c;\"><p>Lesen Sie hier mehr<\/p><\/div><\/div><a class=\"ult-new-ib-link\" href=\"https:\/\/www.jernbanemuseet.dk\/\" title=\"L\u00e6s mere\" target=\"_blank\" rel=\"noopener\"  ><\/a><\/div>[vc_empty_space height=&#8220;30px&#8220;][vc_column_text]Heimstatt des D\u00e4nischen Eisenbahnmuseums ist ein alter Lokschuppen von 1954 mitten in Odense. In diesem unverf\u00e4lschten industriellen Rahmen wird die d\u00e4nische Eisenbahngeschichte lebendig, wenn man auf Tuchf\u00fchlung mit vielen Loks und Wagen kommt.[\/vc_column_text][\/vc_column_inner][\/vc_row_inner]<div class=\"ult-spacer spacer-69ecbee850ba8\" data-id=\"69ecbee850ba8\" data-height=\"90\" data-height-mobile=\"60\" data-height-tab=\"90\" data-height-tab-portrait=\"60\" data-height-mobile-landscape=\"60\" style=\"clear:both;display:block;\"><\/div>[\/vc_column][\/vc_row]<\/p>\n<\/section>","protected":false},"excerpt":{"rendered":"<p>Die Parks und G\u00e4rten sind ein Abenteuer f\u00fcr sich und viele sind f\u00fcr die \u00d6ffentlichkeit zug\u00e4nglich.<\/p>\n","protected":false},"author":1,"featured_media":0,"parent":0,"menu_order":13,"comment_status":"closed","ping_status":"closed","template":"","meta":{"_acf_changed":false,"footnotes":""},"categories":[],"class_list":["post-4665","page","type-page","status-publish"],"acf":[],"yoast_head":"<!-- This site is optimized with the Yoast SEO plugin v27.2 - https:\/\/yoast.com\/product\/yoast-seo-wordpress\/ -->\n<title>Erlebnisse &#183; Kongsh\u00f8j Camping<\/title>\n<meta name=\"robots\" content=\"index, follow, max-snippet:-1, max-image-preview:large, max-video-preview:-1\" \/>\n<link rel=\"canonical\" href=\"https:\/\/kongshojcamping.dk\/de\/erlebnisse\/\" \/>\n<meta property=\"og:locale\" content=\"de_DE\" \/>\n<meta property=\"og:type\" content=\"article\" \/>\n<meta property=\"og:title\" content=\"Erlebnisse &#183; Kongsh\u00f8j Camping\" \/>\n<meta property=\"og:description\" content=\"Die Parks und G\u00e4rten sind ein Abenteuer f\u00fcr sich und viele sind f\u00fcr die \u00d6ffentlichkeit zug\u00e4nglich.\" \/>\n<meta property=\"og:url\" content=\"https:\/\/kongshojcamping.dk\/de\/erlebnisse\/\" \/>\n<meta property=\"og:site_name\" content=\"Kongsh\u00f8j Camping\" \/>\n<meta property=\"article:modified_time\" content=\"2022-10-13T08:57:20+00:00\" \/>\n<meta name=\"twitter:card\" content=\"summary_large_image\" \/>\n<meta name=\"twitter:label1\" content=\"Gesch\u00e4tzte Lesezeit\" \/>\n\t<meta name=\"twitter:data1\" content=\"8\u00a0Minuten\" \/>\n<script type=\"application\/ld+json\" class=\"yoast-schema-graph\">{\"@context\":\"https:\/\/schema.org\",\"@graph\":[{\"@type\":\"WebPage\",\"@id\":\"https:\/\/kongshojcamping.dk\/de\/erlebnisse\/\",\"url\":\"https:\/\/kongshojcamping.dk\/de\/erlebnisse\/\",\"name\":\"Erlebnisse &#183; Kongsh\u00f8j Camping\",\"isPartOf\":{\"@id\":\"https:\/\/kongshojcamping.dk\/de\/#website\"},\"datePublished\":\"2022-09-22T13:18:43+00:00\",\"dateModified\":\"2022-10-13T08:57:20+00:00\",\"breadcrumb\":{\"@id\":\"https:\/\/kongshojcamping.dk\/de\/erlebnisse\/#breadcrumb\"},\"inLanguage\":\"de\",\"potentialAction\":[{\"@type\":\"ReadAction\",\"target\":[\"https:\/\/kongshojcamping.dk\/de\/erlebnisse\/\"]}]},{\"@type\":\"BreadcrumbList\",\"@id\":\"https:\/\/kongshojcamping.dk\/de\/erlebnisse\/#breadcrumb\",\"itemListElement\":[{\"@type\":\"ListItem\",\"position\":1,\"name\":\"Hjem\",\"item\":\"https:\/\/kongshojcamping.dk\/de\/titelseite\/\"},{\"@type\":\"ListItem\",\"position\":2,\"name\":\"Erlebnisse\"}]},{\"@type\":\"WebSite\",\"@id\":\"https:\/\/kongshojcamping.dk\/de\/#website\",\"url\":\"https:\/\/kongshojcamping.dk\/de\/\",\"name\":\"Kongsh\u00f8j Camping\",\"description\":\"Camping med campingplads og campinghytte n\u00e6r strand p\u00e5 Fyn\",\"publisher\":{\"@id\":\"https:\/\/kongshojcamping.dk\/de\/#organization\"},\"potentialAction\":[{\"@type\":\"SearchAction\",\"target\":{\"@type\":\"EntryPoint\",\"urlTemplate\":\"https:\/\/kongshojcamping.dk\/de\/?s={search_term_string}\"},\"query-input\":{\"@type\":\"PropertyValueSpecification\",\"valueRequired\":true,\"valueName\":\"search_term_string\"}}],\"inLanguage\":\"de\"},{\"@type\":\"Organization\",\"@id\":\"https:\/\/kongshojcamping.dk\/de\/#organization\",\"name\":\"Kongsh\u00f8j Camping\",\"url\":\"https:\/\/kongshojcamping.dk\/de\/\",\"logo\":{\"@type\":\"ImageObject\",\"inLanguage\":\"de\",\"@id\":\"https:\/\/kongshojcamping.dk\/de\/#\/schema\/logo\/image\/\",\"url\":\"https:\/\/kongshojcamping.dk\/wp-content\/uploads\/2022\/09\/layer-2.png\",\"contentUrl\":\"https:\/\/kongshojcamping.dk\/wp-content\/uploads\/2022\/09\/layer-2.png\",\"width\":997,\"height\":613,\"caption\":\"Kongsh\u00f8j Camping\"},\"image\":{\"@id\":\"https:\/\/kongshojcamping.dk\/de\/#\/schema\/logo\/image\/\"}}]}<\/script>\n<!-- \/ Yoast SEO plugin. -->","yoast_head_json":{"title":"Erlebnisse &#183; Kongsh\u00f8j Camping","robots":{"index":"index","follow":"follow","max-snippet":"max-snippet:-1","max-image-preview":"max-image-preview:large","max-video-preview":"max-video-preview:-1"},"canonical":"https:\/\/kongshojcamping.dk\/de\/erlebnisse\/","og_locale":"de_DE","og_type":"article","og_title":"Erlebnisse &#183; Kongsh\u00f8j Camping","og_description":"Die Parks und G\u00e4rten sind ein Abenteuer f\u00fcr sich und viele sind f\u00fcr die \u00d6ffentlichkeit zug\u00e4nglich.","og_url":"https:\/\/kongshojcamping.dk\/de\/erlebnisse\/","og_site_name":"Kongsh\u00f8j Camping","article_modified_time":"2022-10-13T08:57:20+00:00","twitter_card":"summary_large_image","twitter_misc":{"Gesch\u00e4tzte Lesezeit":"8\u00a0Minuten"},"schema":{"@context":"https:\/\/schema.org","@graph":[{"@type":"WebPage","@id":"https:\/\/kongshojcamping.dk\/de\/erlebnisse\/","url":"https:\/\/kongshojcamping.dk\/de\/erlebnisse\/","name":"Erlebnisse &#183; Kongsh\u00f8j Camping","isPartOf":{"@id":"https:\/\/kongshojcamping.dk\/de\/#website"},"datePublished":"2022-09-22T13:18:43+00:00","dateModified":"2022-10-13T08:57:20+00:00","breadcrumb":{"@id":"https:\/\/kongshojcamping.dk\/de\/erlebnisse\/#breadcrumb"},"inLanguage":"de","potentialAction":[{"@type":"ReadAction","target":["https:\/\/kongshojcamping.dk\/de\/erlebnisse\/"]}]},{"@type":"BreadcrumbList","@id":"https:\/\/kongshojcamping.dk\/de\/erlebnisse\/#breadcrumb","itemListElement":[{"@type":"ListItem","position":1,"name":"Hjem","item":"https:\/\/kongshojcamping.dk\/de\/titelseite\/"},{"@type":"ListItem","position":2,"name":"Erlebnisse"}]},{"@type":"WebSite","@id":"https:\/\/kongshojcamping.dk\/de\/#website","url":"https:\/\/kongshojcamping.dk\/de\/","name":"Kongsh\u00f8j Camping","description":"Camping med campingplads og campinghytte n\u00e6r strand p\u00e5 Fyn","publisher":{"@id":"https:\/\/kongshojcamping.dk\/de\/#organization"},"potentialAction":[{"@type":"SearchAction","target":{"@type":"EntryPoint","urlTemplate":"https:\/\/kongshojcamping.dk\/de\/?s={search_term_string}"},"query-input":{"@type":"PropertyValueSpecification","valueRequired":true,"valueName":"search_term_string"}}],"inLanguage":"de"},{"@type":"Organization","@id":"https:\/\/kongshojcamping.dk\/de\/#organization","name":"Kongsh\u00f8j Camping","url":"https:\/\/kongshojcamping.dk\/de\/","logo":{"@type":"ImageObject","inLanguage":"de","@id":"https:\/\/kongshojcamping.dk\/de\/#\/schema\/logo\/image\/","url":"https:\/\/kongshojcamping.dk\/wp-content\/uploads\/2022\/09\/layer-2.png","contentUrl":"https:\/\/kongshojcamping.dk\/wp-content\/uploads\/2022\/09\/layer-2.png","width":997,"height":613,"caption":"Kongsh\u00f8j Camping"},"image":{"@id":"https:\/\/kongshojcamping.dk\/de\/#\/schema\/logo\/image\/"}}]}},"_links":{"self":[{"href":"https:\/\/kongshojcamping.dk\/de\/wp-json\/wp\/v2\/pages\/4665","targetHints":{"allow":["GET"]}}],"collection":[{"href":"https:\/\/kongshojcamping.dk\/de\/wp-json\/wp\/v2\/pages"}],"about":[{"href":"https:\/\/kongshojcamping.dk\/de\/wp-json\/wp\/v2\/types\/page"}],"author":[{"embeddable":true,"href":"https:\/\/kongshojcamping.dk\/de\/wp-json\/wp\/v2\/users\/1"}],"replies":[{"embeddable":true,"href":"https:\/\/kongshojcamping.dk\/de\/wp-json\/wp\/v2\/comments?post=4665"}],"version-history":[{"count":5,"href":"https:\/\/kongshojcamping.dk\/de\/wp-json\/wp\/v2\/pages\/4665\/revisions"}],"predecessor-version":[{"id":4670,"href":"https:\/\/kongshojcamping.dk\/de\/wp-json\/wp\/v2\/pages\/4665\/revisions\/4670"}],"wp:attachment":[{"href":"https:\/\/kongshojcamping.dk\/de\/wp-json\/wp\/v2\/media?parent=4665"}],"wp:term":[{"taxonomy":"category","embeddable":true,"href":"https:\/\/kongshojcamping.dk\/de\/wp-json\/wp\/v2\/categories?post=4665"}],"curies":[{"name":"wp","href":"https:\/\/api.w.org\/{rel}","templated":true}]}}