{"id":4671,"date":"2022-09-22T15:18:43","date_gmt":"2022-09-22T13:18:43","guid":{"rendered":"https:\/\/kongshojcamping.dk\/camping\/"},"modified":"2022-10-18T12:37:39","modified_gmt":"2022-10-18T10:37:39","slug":"camping","status":"publish","type":"page","link":"https:\/\/kongshojcamping.dk\/de\/camping\/","title":{"rendered":"Camping"},"content":{"rendered":"<section class=\"wpb-content-wrapper\"><p>[vc_row full_width=&#8220;stretch_row&#8220;][vc_column]<div class=\"ult-spacer spacer-69ecb9a378e96\" data-id=\"69ecb9a378e96\" data-height=\"90\" data-height-mobile=\"60\" data-height-tab=\"90\" data-height-tab-portrait=\"60\" data-height-mobile-landscape=\"60\" style=\"clear:both;display:block;\"><\/div>[vc_row_inner][vc_column_inner offset=&#8220;vc_col-lg-8 vc_col-md-8 vc_col-xs-12&#8243;][vc_column_text]<\/p>\n<h2>Preise f\u00fcr \u00dcbernachtung im eigenen Wagen\/Zelt\/Autocamper<\/h2>\n<p>[\/vc_column_text][vc_empty_space height=&#8220;30px&#8220;][vc_raw_html]JTVCdGFibGUlMjBpZCUzRDE4JTIwJTJGJTVE[\/vc_raw_html][vc_empty_space height=&#8220;15px&#8220;][vc_column_text]<em><strong>Keine Stellplatzgeb\u00fchr auf dem Sonnenplatz (Zeltplatz)<\/strong><\/em><\/p>\n<h4>SENIOREN-ANGEBOT 60 +<\/h4>\n<p>Im eigenem Wohnwagen\/Zelt\/Autocamper<\/p>\n<p>Bei minimum 4 zusammenh\u00e4ngende N\u00e4chte gew\u00e4hren wir 20 % Rabatt auf den \u00dcbernachtungspreis.<\/p>\n<p>G\u00fcltig im ganzen Jahr ausser Pfingsten, Kristi Himmelfahrtstag und Hochsaison(21\/6-9\/8).<\/p>\n<p>Bitte erw\u00e4hnen Sie bei Ankunft dass Sie zu die Senioren Gruppen geh\u00f6ren.[\/vc_column_text][\/vc_column_inner][vc_column_inner offset=&#8220;vc_col-lg-4 vc_col-md-4 vc_col-xs-12&#8243;][\/vc_column_inner][\/vc_row_inner]<div class=\"ult-spacer spacer-69ecb9a378ed5\" data-id=\"69ecb9a378ed5\" data-height=\"90\" data-height-mobile=\"60\" data-height-tab=\"90\" data-height-tab-portrait=\"60\" data-height-mobile-landscape=\"60\" style=\"clear:both;display:block;\"><\/div>[\/vc_column][\/vc_row]<\/p>\n<\/section>","protected":false},"excerpt":{"rendered":"<p>Verschaffen Sie sich einen \u00dcberblick \u00fcber unsere Campingpreise.<\/p>\n","protected":false},"author":1,"featured_media":0,"parent":0,"menu_order":14,"comment_status":"closed","ping_status":"closed","template":"","meta":{"_acf_changed":false,"footnotes":""},"categories":[],"class_list":["post-4671","page","type-page","status-publish"],"acf":[],"yoast_head":"<!-- This site is optimized with the Yoast SEO plugin v27.2 - https:\/\/yoast.com\/product\/yoast-seo-wordpress\/ -->\n<title>Camping &#183; Kongsh\u00f8j Camping<\/title>\n<meta name=\"robots\" content=\"index, follow, max-snippet:-1, max-image-preview:large, max-video-preview:-1\" \/>\n<link rel=\"canonical\" href=\"https:\/\/kongshojcamping.dk\/de\/camping\/\" \/>\n<meta property=\"og:locale\" content=\"de_DE\" \/>\n<meta property=\"og:type\" content=\"article\" \/>\n<meta property=\"og:title\" content=\"Camping &#183; Kongsh\u00f8j Camping\" \/>\n<meta property=\"og:description\" content=\"Verschaffen Sie sich einen \u00dcberblick \u00fcber unsere Campingpreise.\" \/>\n<meta property=\"og:url\" content=\"https:\/\/kongshojcamping.dk\/de\/camping\/\" \/>\n<meta property=\"og:site_name\" content=\"Kongsh\u00f8j Camping\" \/>\n<meta property=\"article:modified_time\" content=\"2022-10-18T10:37:39+00:00\" \/>\n<meta name=\"twitter:card\" content=\"summary_large_image\" \/>\n<meta name=\"twitter:label1\" content=\"Gesch\u00e4tzte Lesezeit\" \/>\n\t<meta name=\"twitter:data1\" content=\"1\u00a0Minute\" \/>\n<script type=\"application\/ld+json\" class=\"yoast-schema-graph\">{\"@context\":\"https:\/\/schema.org\",\"@graph\":[{\"@type\":\"WebPage\",\"@id\":\"https:\/\/kongshojcamping.dk\/de\/camping\/\",\"url\":\"https:\/\/kongshojcamping.dk\/de\/camping\/\",\"name\":\"Camping &#183; Kongsh\u00f8j Camping\",\"isPartOf\":{\"@id\":\"https:\/\/kongshojcamping.dk\/de\/#website\"},\"datePublished\":\"2022-09-22T13:18:43+00:00\",\"dateModified\":\"2022-10-18T10:37:39+00:00\",\"breadcrumb\":{\"@id\":\"https:\/\/kongshojcamping.dk\/de\/camping\/#breadcrumb\"},\"inLanguage\":\"de\",\"potentialAction\":[{\"@type\":\"ReadAction\",\"target\":[\"https:\/\/kongshojcamping.dk\/de\/camping\/\"]}]},{\"@type\":\"BreadcrumbList\",\"@id\":\"https:\/\/kongshojcamping.dk\/de\/camping\/#breadcrumb\",\"itemListElement\":[{\"@type\":\"ListItem\",\"position\":1,\"name\":\"Hjem\",\"item\":\"https:\/\/kongshojcamping.dk\/de\/titelseite\/\"},{\"@type\":\"ListItem\",\"position\":2,\"name\":\"Camping\"}]},{\"@type\":\"WebSite\",\"@id\":\"https:\/\/kongshojcamping.dk\/de\/#website\",\"url\":\"https:\/\/kongshojcamping.dk\/de\/\",\"name\":\"Kongsh\u00f8j Camping\",\"description\":\"Camping med campingplads og campinghytte n\u00e6r strand p\u00e5 Fyn\",\"publisher\":{\"@id\":\"https:\/\/kongshojcamping.dk\/de\/#organization\"},\"potentialAction\":[{\"@type\":\"SearchAction\",\"target\":{\"@type\":\"EntryPoint\",\"urlTemplate\":\"https:\/\/kongshojcamping.dk\/de\/?s={search_term_string}\"},\"query-input\":{\"@type\":\"PropertyValueSpecification\",\"valueRequired\":true,\"valueName\":\"search_term_string\"}}],\"inLanguage\":\"de\"},{\"@type\":\"Organization\",\"@id\":\"https:\/\/kongshojcamping.dk\/de\/#organization\",\"name\":\"Kongsh\u00f8j Camping\",\"url\":\"https:\/\/kongshojcamping.dk\/de\/\",\"logo\":{\"@type\":\"ImageObject\",\"inLanguage\":\"de\",\"@id\":\"https:\/\/kongshojcamping.dk\/de\/#\/schema\/logo\/image\/\",\"url\":\"https:\/\/kongshojcamping.dk\/wp-content\/uploads\/2022\/09\/layer-2.png\",\"contentUrl\":\"https:\/\/kongshojcamping.dk\/wp-content\/uploads\/2022\/09\/layer-2.png\",\"width\":997,\"height\":613,\"caption\":\"Kongsh\u00f8j Camping\"},\"image\":{\"@id\":\"https:\/\/kongshojcamping.dk\/de\/#\/schema\/logo\/image\/\"}}]}<\/script>\n<!-- \/ Yoast SEO plugin. -->","yoast_head_json":{"title":"Camping &#183; Kongsh\u00f8j Camping","robots":{"index":"index","follow":"follow","max-snippet":"max-snippet:-1","max-image-preview":"max-image-preview:large","max-video-preview":"max-video-preview:-1"},"canonical":"https:\/\/kongshojcamping.dk\/de\/camping\/","og_locale":"de_DE","og_type":"article","og_title":"Camping &#183; Kongsh\u00f8j Camping","og_description":"Verschaffen Sie sich einen \u00dcberblick \u00fcber unsere Campingpreise.","og_url":"https:\/\/kongshojcamping.dk\/de\/camping\/","og_site_name":"Kongsh\u00f8j Camping","article_modified_time":"2022-10-18T10:37:39+00:00","twitter_card":"summary_large_image","twitter_misc":{"Gesch\u00e4tzte Lesezeit":"1\u00a0Minute"},"schema":{"@context":"https:\/\/schema.org","@graph":[{"@type":"WebPage","@id":"https:\/\/kongshojcamping.dk\/de\/camping\/","url":"https:\/\/kongshojcamping.dk\/de\/camping\/","name":"Camping &#183; Kongsh\u00f8j Camping","isPartOf":{"@id":"https:\/\/kongshojcamping.dk\/de\/#website"},"datePublished":"2022-09-22T13:18:43+00:00","dateModified":"2022-10-18T10:37:39+00:00","breadcrumb":{"@id":"https:\/\/kongshojcamping.dk\/de\/camping\/#breadcrumb"},"inLanguage":"de","potentialAction":[{"@type":"ReadAction","target":["https:\/\/kongshojcamping.dk\/de\/camping\/"]}]},{"@type":"BreadcrumbList","@id":"https:\/\/kongshojcamping.dk\/de\/camping\/#breadcrumb","itemListElement":[{"@type":"ListItem","position":1,"name":"Hjem","item":"https:\/\/kongshojcamping.dk\/de\/titelseite\/"},{"@type":"ListItem","position":2,"name":"Camping"}]},{"@type":"WebSite","@id":"https:\/\/kongshojcamping.dk\/de\/#website","url":"https:\/\/kongshojcamping.dk\/de\/","name":"Kongsh\u00f8j Camping","description":"Camping med campingplads og campinghytte n\u00e6r strand p\u00e5 Fyn","publisher":{"@id":"https:\/\/kongshojcamping.dk\/de\/#organization"},"potentialAction":[{"@type":"SearchAction","target":{"@type":"EntryPoint","urlTemplate":"https:\/\/kongshojcamping.dk\/de\/?s={search_term_string}"},"query-input":{"@type":"PropertyValueSpecification","valueRequired":true,"valueName":"search_term_string"}}],"inLanguage":"de"},{"@type":"Organization","@id":"https:\/\/kongshojcamping.dk\/de\/#organization","name":"Kongsh\u00f8j Camping","url":"https:\/\/kongshojcamping.dk\/de\/","logo":{"@type":"ImageObject","inLanguage":"de","@id":"https:\/\/kongshojcamping.dk\/de\/#\/schema\/logo\/image\/","url":"https:\/\/kongshojcamping.dk\/wp-content\/uploads\/2022\/09\/layer-2.png","contentUrl":"https:\/\/kongshojcamping.dk\/wp-content\/uploads\/2022\/09\/layer-2.png","width":997,"height":613,"caption":"Kongsh\u00f8j Camping"},"image":{"@id":"https:\/\/kongshojcamping.dk\/de\/#\/schema\/logo\/image\/"}}]}},"_links":{"self":[{"href":"https:\/\/kongshojcamping.dk\/de\/wp-json\/wp\/v2\/pages\/4671","targetHints":{"allow":["GET"]}}],"collection":[{"href":"https:\/\/kongshojcamping.dk\/de\/wp-json\/wp\/v2\/pages"}],"about":[{"href":"https:\/\/kongshojcamping.dk\/de\/wp-json\/wp\/v2\/types\/page"}],"author":[{"embeddable":true,"href":"https:\/\/kongshojcamping.dk\/de\/wp-json\/wp\/v2\/users\/1"}],"replies":[{"embeddable":true,"href":"https:\/\/kongshojcamping.dk\/de\/wp-json\/wp\/v2\/comments?post=4671"}],"version-history":[{"count":6,"href":"https:\/\/kongshojcamping.dk\/de\/wp-json\/wp\/v2\/pages\/4671\/revisions"}],"predecessor-version":[{"id":5028,"href":"https:\/\/kongshojcamping.dk\/de\/wp-json\/wp\/v2\/pages\/4671\/revisions\/5028"}],"wp:attachment":[{"href":"https:\/\/kongshojcamping.dk\/de\/wp-json\/wp\/v2\/media?parent=4671"}],"wp:term":[{"taxonomy":"category","embeddable":true,"href":"https:\/\/kongshojcamping.dk\/de\/wp-json\/wp\/v2\/categories?post=4671"}],"curies":[{"name":"wp","href":"https:\/\/api.w.org\/{rel}","templated":true}]}}