{"id":4716,"date":"2022-10-06T08:59:32","date_gmt":"2022-10-06T06:59:32","guid":{"rendered":"https:\/\/kongshojcamping.dk\/galerie\/"},"modified":"2022-10-13T11:20:37","modified_gmt":"2022-10-13T09:20:37","slug":"galerie","status":"publish","type":"page","link":"https:\/\/kongshojcamping.dk\/de\/galerie\/","title":{"rendered":"Galerie"},"content":{"rendered":"<section class=\"wpb-content-wrapper\"><p>[vc_row full_width=&#8220;stretch_row&#8220;][vc_column]<div class=\"ult-spacer spacer-69ea9f5679e85\" data-id=\"69ea9f5679e85\" data-height=\"90\" data-height-mobile=\"60\" data-height-tab=\"90\" data-height-tab-portrait=\"60\" data-height-mobile-landscape=\"60\" style=\"clear:both;display:block;\"><\/div>[vc_tta_tabs style=&#8220;flat&#8220; shape=&#8220;square&#8220; alignment=&#8220;center&#8220; active_section=&#8220;1&#8243;][vc_tta_section title=&#8220;Luftbild&#8220; tab_id=&#8220;luftfoto&#8220;][vc_media_grid gap=&#8220;20&#8243; grid_id=&#8220;vc_gid:1665039220067-bab9db29-0ae7-7&#8243; include=&#8220;3783,3784,3785,3786,3787,3788&#8243;][\/vc_tta_section][vc_tta_section title=&#8220; Bilder vom Platz&#8220; tab_id=&#8220;billeder&#8220;][vc_media_grid gap=&#8220;20&#8243; grid_id=&#8220;vc_gid:1665039276647-54020c65-d6a3-4&#8243; include=&#8220;3789,3790,3791,3792,3793,3794,3795,3796,3797&#8243;][\/vc_tta_section][vc_tta_section title=&#8220;Die Natur rund um den Platz&#8220; tab_id=&#8220;naturen&#8220;][vc_media_grid gap=&#8220;20&#8243; grid_id=&#8220;vc_gid:1665039335531-b4eb5119-cd61-1&#8243; include=&#8220;3798,3799,3800,3801,3802,3803&#8243;][\/vc_tta_section][vc_tta_section title=&#8220;H\u00fctten&#8220; tab_id=&#8220;hytter&#8220;][vc_media_grid gap=&#8220;20&#8243; grid_id=&#8220;vc_gid:1665039397151-6c60568f-1479-9&#8243; include=&#8220;3804,3805,3806,3807&#8243;][\/vc_tta_section][vc_tta_section title=&#8220;Spielpl\u00e4tze&#8220; tab_id=&#8220;legepladser&#8220;][vc_media_grid gap=&#8220;20&#8243; grid_id=&#8220;vc_gid:1665039474895-d685ce80-6503-9&#8243; include=&#8220;3808,3809,3810,3811,3812,3813&#8243;][\/vc_tta_section][vc_tta_section title=&#8220;Tiere auf dem Platz&#8220; tab_id=&#8220;dyr&#8220;][vc_media_grid gap=&#8220;20&#8243; grid_id=&#8220;vc_gid:1665039498220-a7c7628e-aea0-4&#8243; include=&#8220;3814,3815,3816,3817,3818,3819,3820,3821,3822,3823,3824,3825&#8243;][\/vc_tta_section][vc_tta_section title=&#8220;Badestrand&#8220; tab_id=&#8220;badestrand&#8220;][vc_media_grid gap=&#8220;20&#8243; grid_id=&#8220;vc_gid:1665039552108-410533b9-0039-0&#8243; include=&#8220;3826,3827,3828,3829,3830&#8243;][\/vc_tta_section][\/vc_tta_tabs]<div class=\"ult-spacer spacer-69ea9f5679eca\" data-id=\"69ea9f5679eca\" data-height=\"90\" data-height-mobile=\"60\" data-height-tab=\"90\" data-height-tab-portrait=\"60\" data-height-mobile-landscape=\"60\" style=\"clear:both;display:block;\"><\/div>[\/vc_column][\/vc_row]<\/p>\n<\/section>","protected":false},"excerpt":{"rendered":"<p>Siehe unsere Bilder unten<\/p>\n","protected":false},"author":1,"featured_media":0,"parent":0,"menu_order":14,"comment_status":"closed","ping_status":"closed","template":"","meta":{"_acf_changed":false,"footnotes":""},"categories":[],"class_list":["post-4716","page","type-page","status-publish"],"acf":[],"yoast_head":"<!-- This site is optimized with the Yoast SEO plugin v27.2 - https:\/\/yoast.com\/product\/yoast-seo-wordpress\/ -->\n<title>Galerie &#183; Kongsh\u00f8j Camping<\/title>\n<meta name=\"robots\" content=\"index, follow, max-snippet:-1, max-image-preview:large, max-video-preview:-1\" \/>\n<link rel=\"canonical\" href=\"https:\/\/kongshojcamping.dk\/de\/galerie\/\" \/>\n<meta property=\"og:locale\" content=\"de_DE\" \/>\n<meta property=\"og:type\" content=\"article\" \/>\n<meta property=\"og:title\" content=\"Galerie &#183; Kongsh\u00f8j Camping\" \/>\n<meta property=\"og:description\" content=\"Siehe unsere Bilder unten\" \/>\n<meta property=\"og:url\" content=\"https:\/\/kongshojcamping.dk\/de\/galerie\/\" \/>\n<meta property=\"og:site_name\" content=\"Kongsh\u00f8j Camping\" \/>\n<meta property=\"article:modified_time\" content=\"2022-10-13T09:20:37+00:00\" \/>\n<meta name=\"twitter:card\" content=\"summary_large_image\" \/>\n<meta name=\"twitter:label1\" content=\"Gesch\u00e4tzte Lesezeit\" \/>\n\t<meta name=\"twitter:data1\" content=\"1\u00a0Minute\" \/>\n<script type=\"application\/ld+json\" class=\"yoast-schema-graph\">{\"@context\":\"https:\/\/schema.org\",\"@graph\":[{\"@type\":\"WebPage\",\"@id\":\"https:\/\/kongshojcamping.dk\/de\/galerie\/\",\"url\":\"https:\/\/kongshojcamping.dk\/de\/galerie\/\",\"name\":\"Galerie &#183; Kongsh\u00f8j Camping\",\"isPartOf\":{\"@id\":\"https:\/\/kongshojcamping.dk\/de\/#website\"},\"datePublished\":\"2022-10-06T06:59:32+00:00\",\"dateModified\":\"2022-10-13T09:20:37+00:00\",\"breadcrumb\":{\"@id\":\"https:\/\/kongshojcamping.dk\/de\/galerie\/#breadcrumb\"},\"inLanguage\":\"de\",\"potentialAction\":[{\"@type\":\"ReadAction\",\"target\":[\"https:\/\/kongshojcamping.dk\/de\/galerie\/\"]}]},{\"@type\":\"BreadcrumbList\",\"@id\":\"https:\/\/kongshojcamping.dk\/de\/galerie\/#breadcrumb\",\"itemListElement\":[{\"@type\":\"ListItem\",\"position\":1,\"name\":\"Hjem\",\"item\":\"https:\/\/kongshojcamping.dk\/de\/titelseite\/\"},{\"@type\":\"ListItem\",\"position\":2,\"name\":\"Galerie\"}]},{\"@type\":\"WebSite\",\"@id\":\"https:\/\/kongshojcamping.dk\/de\/#website\",\"url\":\"https:\/\/kongshojcamping.dk\/de\/\",\"name\":\"Kongsh\u00f8j Camping\",\"description\":\"Camping med campingplads og campinghytte n\u00e6r strand p\u00e5 Fyn\",\"publisher\":{\"@id\":\"https:\/\/kongshojcamping.dk\/de\/#organization\"},\"potentialAction\":[{\"@type\":\"SearchAction\",\"target\":{\"@type\":\"EntryPoint\",\"urlTemplate\":\"https:\/\/kongshojcamping.dk\/de\/?s={search_term_string}\"},\"query-input\":{\"@type\":\"PropertyValueSpecification\",\"valueRequired\":true,\"valueName\":\"search_term_string\"}}],\"inLanguage\":\"de\"},{\"@type\":\"Organization\",\"@id\":\"https:\/\/kongshojcamping.dk\/de\/#organization\",\"name\":\"Kongsh\u00f8j Camping\",\"url\":\"https:\/\/kongshojcamping.dk\/de\/\",\"logo\":{\"@type\":\"ImageObject\",\"inLanguage\":\"de\",\"@id\":\"https:\/\/kongshojcamping.dk\/de\/#\/schema\/logo\/image\/\",\"url\":\"https:\/\/kongshojcamping.dk\/wp-content\/uploads\/2022\/09\/layer-2.png\",\"contentUrl\":\"https:\/\/kongshojcamping.dk\/wp-content\/uploads\/2022\/09\/layer-2.png\",\"width\":997,\"height\":613,\"caption\":\"Kongsh\u00f8j Camping\"},\"image\":{\"@id\":\"https:\/\/kongshojcamping.dk\/de\/#\/schema\/logo\/image\/\"}}]}<\/script>\n<!-- \/ Yoast SEO plugin. -->","yoast_head_json":{"title":"Galerie &#183; Kongsh\u00f8j Camping","robots":{"index":"index","follow":"follow","max-snippet":"max-snippet:-1","max-image-preview":"max-image-preview:large","max-video-preview":"max-video-preview:-1"},"canonical":"https:\/\/kongshojcamping.dk\/de\/galerie\/","og_locale":"de_DE","og_type":"article","og_title":"Galerie &#183; Kongsh\u00f8j Camping","og_description":"Siehe unsere Bilder unten","og_url":"https:\/\/kongshojcamping.dk\/de\/galerie\/","og_site_name":"Kongsh\u00f8j Camping","article_modified_time":"2022-10-13T09:20:37+00:00","twitter_card":"summary_large_image","twitter_misc":{"Gesch\u00e4tzte Lesezeit":"1\u00a0Minute"},"schema":{"@context":"https:\/\/schema.org","@graph":[{"@type":"WebPage","@id":"https:\/\/kongshojcamping.dk\/de\/galerie\/","url":"https:\/\/kongshojcamping.dk\/de\/galerie\/","name":"Galerie &#183; Kongsh\u00f8j Camping","isPartOf":{"@id":"https:\/\/kongshojcamping.dk\/de\/#website"},"datePublished":"2022-10-06T06:59:32+00:00","dateModified":"2022-10-13T09:20:37+00:00","breadcrumb":{"@id":"https:\/\/kongshojcamping.dk\/de\/galerie\/#breadcrumb"},"inLanguage":"de","potentialAction":[{"@type":"ReadAction","target":["https:\/\/kongshojcamping.dk\/de\/galerie\/"]}]},{"@type":"BreadcrumbList","@id":"https:\/\/kongshojcamping.dk\/de\/galerie\/#breadcrumb","itemListElement":[{"@type":"ListItem","position":1,"name":"Hjem","item":"https:\/\/kongshojcamping.dk\/de\/titelseite\/"},{"@type":"ListItem","position":2,"name":"Galerie"}]},{"@type":"WebSite","@id":"https:\/\/kongshojcamping.dk\/de\/#website","url":"https:\/\/kongshojcamping.dk\/de\/","name":"Kongsh\u00f8j Camping","description":"Camping med campingplads og campinghytte n\u00e6r strand p\u00e5 Fyn","publisher":{"@id":"https:\/\/kongshojcamping.dk\/de\/#organization"},"potentialAction":[{"@type":"SearchAction","target":{"@type":"EntryPoint","urlTemplate":"https:\/\/kongshojcamping.dk\/de\/?s={search_term_string}"},"query-input":{"@type":"PropertyValueSpecification","valueRequired":true,"valueName":"search_term_string"}}],"inLanguage":"de"},{"@type":"Organization","@id":"https:\/\/kongshojcamping.dk\/de\/#organization","name":"Kongsh\u00f8j Camping","url":"https:\/\/kongshojcamping.dk\/de\/","logo":{"@type":"ImageObject","inLanguage":"de","@id":"https:\/\/kongshojcamping.dk\/de\/#\/schema\/logo\/image\/","url":"https:\/\/kongshojcamping.dk\/wp-content\/uploads\/2022\/09\/layer-2.png","contentUrl":"https:\/\/kongshojcamping.dk\/wp-content\/uploads\/2022\/09\/layer-2.png","width":997,"height":613,"caption":"Kongsh\u00f8j Camping"},"image":{"@id":"https:\/\/kongshojcamping.dk\/de\/#\/schema\/logo\/image\/"}}]}},"_links":{"self":[{"href":"https:\/\/kongshojcamping.dk\/de\/wp-json\/wp\/v2\/pages\/4716","targetHints":{"allow":["GET"]}}],"collection":[{"href":"https:\/\/kongshojcamping.dk\/de\/wp-json\/wp\/v2\/pages"}],"about":[{"href":"https:\/\/kongshojcamping.dk\/de\/wp-json\/wp\/v2\/types\/page"}],"author":[{"embeddable":true,"href":"https:\/\/kongshojcamping.dk\/de\/wp-json\/wp\/v2\/users\/1"}],"replies":[{"embeddable":true,"href":"https:\/\/kongshojcamping.dk\/de\/wp-json\/wp\/v2\/comments?post=4716"}],"version-history":[{"count":5,"href":"https:\/\/kongshojcamping.dk\/de\/wp-json\/wp\/v2\/pages\/4716\/revisions"}],"predecessor-version":[{"id":4721,"href":"https:\/\/kongshojcamping.dk\/de\/wp-json\/wp\/v2\/pages\/4716\/revisions\/4721"}],"wp:attachment":[{"href":"https:\/\/kongshojcamping.dk\/de\/wp-json\/wp\/v2\/media?parent=4716"}],"wp:term":[{"taxonomy":"category","embeddable":true,"href":"https:\/\/kongshojcamping.dk\/de\/wp-json\/wp\/v2\/categories?post=4716"}],"curies":[{"name":"wp","href":"https:\/\/api.w.org\/{rel}","templated":true}]}}