{"id":4762,"date":"2022-09-22T15:18:41","date_gmt":"2022-09-22T13:18:41","guid":{"rendered":"https:\/\/kongshojcamping.dk\/luxurioeses-sommerhaus\/"},"modified":"2022-11-04T10:03:00","modified_gmt":"2022-11-04T09:03:00","slug":"luxurioeses-sommerhaus","status":"publish","type":"page","link":"https:\/\/kongshojcamping.dk\/de\/luxurioeses-sommerhaus\/","title":{"rendered":"Luxuri\u00f6ses Sommerhaus"},"content":{"rendered":"<section class=\"wpb-content-wrapper\"><p>[vc_row full_width=&#8220;stretch_row&#8220;][vc_column]<div class=\"ult-spacer spacer-69ed4864a1890\" data-id=\"69ed4864a1890\" data-height=\"90\" data-height-mobile=\"60\" data-height-tab=\"90\" data-height-tab-portrait=\"60\" data-height-mobile-landscape=\"60\" style=\"clear:both;display:block;\"><\/div>[vc_row_inner][vc_column_inner offset=&#8220;vc_col-lg-8 vc_col-md-8 vc_col-xs-12&#8243;][vc_column_text]<\/p>\n<h2>Neues aufregendes Luxus-Sommerhaus f\u00fcr 26 Personen mit wundersch\u00f6nem Meerblick und vielen Aktivit\u00e4ten und mit vielen M\u00f6glichkeiten f\u00fcr gr\u00f6\u00dfere gemeinsame Veranstaltungen<\/h2>\n<p>Kontaktieren Sie uns f\u00fcr weitere Informationen zu Preisen\/Zeitr\u00e4umen und zur Buchung des Hauses.<\/p>\n<p>Willkommen in unserem luxuri\u00f6sen Sommerhaus auf Kongsh\u00f8j voller aufregender Details und Aktivit\u00e4tsm\u00f6glichkeiten f\u00fcr 26 Personen.<\/p>\n<p>Das hauseigene Erlebnisbad l\u00e4dt mit dem 23 m2 gro\u00dfen Becken mit Gegenstromanlage, r\u00f6mischer Treppe und Wasserrutsche zu stundenlangem Bade- und Schwimmspa\u00df ein. Wenn pures Wohlbefinden gew\u00fcnscht wird, laden der gro\u00dfe Whirlpool und die Sauna des Hauses zu entspannenden Momenten ein.<\/p>\n<p>Das gro\u00dfe Wohnzimmer mit Zugang zur Terrasse ist der nat\u00fcrliche Treffpunkt des Hauses mit Sofagruppe, Essbereich und K\u00fcche.<\/p>\n<p>Die K\u00fcche ist praktisch eingerichtet mit einer Kochinsel, einem Doppelgeschirrsp\u00fcler, einer Sp\u00fcle, einem Backofen, einem K\u00fchlschrank und Kochplatten, so dass es einfach ist, all Ihre Urlaubsmahlzeiten zuzubereiten.<\/p>\n<h3>Viele M\u00f6glichkeiten sich zu am\u00fcsieren<\/h3>\n<p>Die vielen M\u00f6glichkeiten, sich im Aktivit\u00e4tsraum bei einem freundschaftlichen Wettkampf zu vergn\u00fcgen, sind ein sicherer Erfolg f\u00fcr Jung und Alt. Sie k\u00f6nnen Billard, Tischtennis, Darts, Fu\u00dfballspiele und Playstation 4 spielen, und von der Bar mit eigenem K\u00fchlschrank k\u00f6nnen Sie kalte Getr\u00e4nke servieren und anfeuern.<\/p>\n<p>Die gro\u00dfe Sofagruppe mit Holzofen l\u00e4dt zum Entspannen bei einem guten Buch oder Film \u2013 oder vielleicht einem Gesellschaftsspiel \u2013 ein.<\/p>\n<p>Die gro\u00dfe Terrasse mit exklusiven Gartenm\u00f6beln bildet den perfekten Rahmen sowohl f\u00fcr einen Sommertag in der Sonne als auch f\u00fcr einen gem\u00fctlichen Grillabend mit Freunden und Familie.<\/p>\n<p>Die vielen Schlafpl\u00e4tze des Hauses verteilen sich auf 3 Schlafbereiche mit jeweils 1 Badezimmer und 3-4 Schlafzimmer, sodass die Gesamtzahl der Schlafzimmer 10 betr\u00e4gt. Die restlichen Schlafpl\u00e4tze verteilen sich auf die 2 Dachb\u00f6den des Hauses.<\/p>\n<p>Wenn das Wetter zu Aktivit\u00e4ten im Freien lockt, gibt es ein Trampolin, eine Schaukel, einen Sandkasten sowie eine gro\u00dfe Wiese, auf der Sie Fu\u00dfball, Wikingerspiele oder etwas ganz anderes spielen k\u00f6nnen.<\/p>\n<h3>Neben all den spannenden Dingen, die das Haus bietet<\/h3>\n<p>K\u00f6nnen Sie alle Einrichtungen des Campingplatzes nutzen? Hier wird Familienspa\u00df f\u00fcr alle geboten mit u.a. Minigolf, Indoor-Badminton, Kuscheltiere, 2 Spielpl\u00e4tze mit H\u00fcpfkissen und jede Menge Spielger\u00e4te.<\/p>\n<p>Au\u00dferdem gibt es einen Minimarkt, wo Sie jeden Tag Fr\u00fchst\u00fcck bestellen oder ein Eis essen k\u00f6nnen.<\/p>\n<p>Kongsh\u00f8j Strand Camping bietet auch fantastische Natur mit eigenem Angelsee, Hundepark, Spazierwegen und einem sch\u00f6nen Strand mit der Blauen Flagge.<\/p>\n<p>Wenn Sie gr\u00f6\u00dfere Veranstaltungen in Verbindung mit dem Sommerhaus durchf\u00fchren m\u00f6chten, k\u00f6nnen Sie auf dem Campingplatz Luxush\u00fctten mieten, sodass die Gesamtzahl der Schlafpl\u00e4tze 100 betr\u00e4gt.<\/p>\n<p>W\u00e4hrend der Wintermonate k\u00f6nnen bestimmte Einrichtungen auf dem Campingplatz f\u00fcr den Winter geschlossen sein.[\/vc_column_text]<div class=\"ult-spacer spacer-69ed4864a1901\" data-id=\"69ed4864a1901\" data-height=\"0\" data-height-mobile=\"30\" data-height-tab=\"0\" data-height-tab-portrait=\"0\" data-height-mobile-landscape=\"30\" style=\"clear:both;display:block;\"><\/div>[\/vc_column_inner][vc_column_inner offset=&#8220;vc_col-lg-4 vc_col-md-4 vc_col-xs-12&#8243;][vc_column_text css=&#8220;.vc_custom_1664267346983{padding-top: 30px !important;padding-right: 30px !important;padding-bottom: 30px !important;padding-left: 30px !important;background-color: #fafafa !important;}&#8220;]<\/p>\n<h3>Praktische Information<\/h3>\n<ul>\n<li><strong>Das Haus<\/strong> wird nicht an Jugendgruppen vermietet.<\/li>\n<li><strong>Es ist erlaubt, zwei Haustiere<\/strong> ohne Aufpreis mitzubringen. Wenn Sie mehrere Haustiere haben, kontaktieren Sie uns bitte vor der Buchung.<\/li>\n<li><strong>Weitere Informationen<\/strong> zu Mietbedingungen und Stornierungsregeln finden Sie unter <a href=\"\/wp-content\/uploads\/2022\/10\/prisliste-sommerhus-2020-2.pdf\">Preisliste<\/a><\/li>\n<\/ul>\n<p>[\/vc_column_text][\/vc_column_inner][\/vc_row_inner][vc_empty_space height=&#8220;60px&#8220;][vc_media_grid gap=&#8220;20&#8243; grid_id=&#8220;vc_gid:1667552506659-93faaf77-1cc1-8&#8243; include=&#8220;3584,3585,3586,3587,3588,3589,3590,3591,3592,3593,3594,3595,3596,3597,3598,3599,3600,3601,3602,3603,3604,3605,3606,3607,3608&#8243;]<div class=\"ult-spacer spacer-69ed4864a192e\" data-id=\"69ed4864a192e\" data-height=\"90\" data-height-mobile=\"60\" data-height-tab=\"90\" data-height-tab-portrait=\"60\" data-height-mobile-landscape=\"60\" style=\"clear:both;display:block;\"><\/div>[\/vc_column][\/vc_row]<\/p>\n<\/section>","protected":false},"excerpt":{"rendered":"<p>Kontaktieren Sie uns f\u00fcr weitere Informationen zu Preisen\/Zeitr\u00e4umen und zur Buchung des Hauses.<\/p>\n","protected":false},"author":1,"featured_media":0,"parent":0,"menu_order":6,"comment_status":"closed","ping_status":"closed","template":"","meta":{"_acf_changed":false,"footnotes":""},"categories":[],"class_list":["post-4762","page","type-page","status-publish"],"acf":[],"yoast_head":"<!-- This site is optimized with the Yoast SEO plugin v27.2 - https:\/\/yoast.com\/product\/yoast-seo-wordpress\/ -->\n<title>Luxuri\u00f6ses Sommerhaus &#183; Kongsh\u00f8j Camping<\/title>\n<meta name=\"robots\" content=\"index, follow, max-snippet:-1, max-image-preview:large, max-video-preview:-1\" \/>\n<link rel=\"canonical\" href=\"https:\/\/kongshojcamping.dk\/de\/luxurioeses-sommerhaus\/\" \/>\n<meta property=\"og:locale\" content=\"de_DE\" \/>\n<meta property=\"og:type\" content=\"article\" \/>\n<meta property=\"og:title\" content=\"Luxuri\u00f6ses Sommerhaus &#183; Kongsh\u00f8j Camping\" \/>\n<meta property=\"og:description\" content=\"Kontaktieren Sie uns f\u00fcr weitere Informationen zu Preisen\/Zeitr\u00e4umen und zur Buchung des Hauses.\" \/>\n<meta property=\"og:url\" content=\"https:\/\/kongshojcamping.dk\/de\/luxurioeses-sommerhaus\/\" \/>\n<meta property=\"og:site_name\" content=\"Kongsh\u00f8j Camping\" \/>\n<meta property=\"article:modified_time\" content=\"2022-11-04T09:03:00+00:00\" \/>\n<meta name=\"twitter:card\" content=\"summary_large_image\" \/>\n<meta name=\"twitter:label1\" content=\"Gesch\u00e4tzte Lesezeit\" \/>\n\t<meta name=\"twitter:data1\" content=\"3\u00a0Minuten\" \/>\n<script type=\"application\/ld+json\" class=\"yoast-schema-graph\">{\"@context\":\"https:\/\/schema.org\",\"@graph\":[{\"@type\":\"WebPage\",\"@id\":\"https:\/\/kongshojcamping.dk\/de\/luxurioeses-sommerhaus\/\",\"url\":\"https:\/\/kongshojcamping.dk\/de\/luxurioeses-sommerhaus\/\",\"name\":\"Luxuri\u00f6ses Sommerhaus &#183; Kongsh\u00f8j Camping\",\"isPartOf\":{\"@id\":\"https:\/\/kongshojcamping.dk\/de\/#website\"},\"datePublished\":\"2022-09-22T13:18:41+00:00\",\"dateModified\":\"2022-11-04T09:03:00+00:00\",\"breadcrumb\":{\"@id\":\"https:\/\/kongshojcamping.dk\/de\/luxurioeses-sommerhaus\/#breadcrumb\"},\"inLanguage\":\"de\",\"potentialAction\":[{\"@type\":\"ReadAction\",\"target\":[\"https:\/\/kongshojcamping.dk\/de\/luxurioeses-sommerhaus\/\"]}]},{\"@type\":\"BreadcrumbList\",\"@id\":\"https:\/\/kongshojcamping.dk\/de\/luxurioeses-sommerhaus\/#breadcrumb\",\"itemListElement\":[{\"@type\":\"ListItem\",\"position\":1,\"name\":\"Hjem\",\"item\":\"https:\/\/kongshojcamping.dk\/de\/titelseite\/\"},{\"@type\":\"ListItem\",\"position\":2,\"name\":\"Luxuri\u00f6ses Sommerhaus\"}]},{\"@type\":\"WebSite\",\"@id\":\"https:\/\/kongshojcamping.dk\/de\/#website\",\"url\":\"https:\/\/kongshojcamping.dk\/de\/\",\"name\":\"Kongsh\u00f8j Camping\",\"description\":\"Camping med campingplads og campinghytte n\u00e6r strand p\u00e5 Fyn\",\"publisher\":{\"@id\":\"https:\/\/kongshojcamping.dk\/de\/#organization\"},\"potentialAction\":[{\"@type\":\"SearchAction\",\"target\":{\"@type\":\"EntryPoint\",\"urlTemplate\":\"https:\/\/kongshojcamping.dk\/de\/?s={search_term_string}\"},\"query-input\":{\"@type\":\"PropertyValueSpecification\",\"valueRequired\":true,\"valueName\":\"search_term_string\"}}],\"inLanguage\":\"de\"},{\"@type\":\"Organization\",\"@id\":\"https:\/\/kongshojcamping.dk\/de\/#organization\",\"name\":\"Kongsh\u00f8j Camping\",\"url\":\"https:\/\/kongshojcamping.dk\/de\/\",\"logo\":{\"@type\":\"ImageObject\",\"inLanguage\":\"de\",\"@id\":\"https:\/\/kongshojcamping.dk\/de\/#\/schema\/logo\/image\/\",\"url\":\"https:\/\/kongshojcamping.dk\/wp-content\/uploads\/2022\/09\/layer-2.png\",\"contentUrl\":\"https:\/\/kongshojcamping.dk\/wp-content\/uploads\/2022\/09\/layer-2.png\",\"width\":997,\"height\":613,\"caption\":\"Kongsh\u00f8j Camping\"},\"image\":{\"@id\":\"https:\/\/kongshojcamping.dk\/de\/#\/schema\/logo\/image\/\"}}]}<\/script>\n<!-- \/ Yoast SEO plugin. -->","yoast_head_json":{"title":"Luxuri\u00f6ses Sommerhaus &#183; Kongsh\u00f8j Camping","robots":{"index":"index","follow":"follow","max-snippet":"max-snippet:-1","max-image-preview":"max-image-preview:large","max-video-preview":"max-video-preview:-1"},"canonical":"https:\/\/kongshojcamping.dk\/de\/luxurioeses-sommerhaus\/","og_locale":"de_DE","og_type":"article","og_title":"Luxuri\u00f6ses Sommerhaus &#183; Kongsh\u00f8j Camping","og_description":"Kontaktieren Sie uns f\u00fcr weitere Informationen zu Preisen\/Zeitr\u00e4umen und zur Buchung des Hauses.","og_url":"https:\/\/kongshojcamping.dk\/de\/luxurioeses-sommerhaus\/","og_site_name":"Kongsh\u00f8j Camping","article_modified_time":"2022-11-04T09:03:00+00:00","twitter_card":"summary_large_image","twitter_misc":{"Gesch\u00e4tzte Lesezeit":"3\u00a0Minuten"},"schema":{"@context":"https:\/\/schema.org","@graph":[{"@type":"WebPage","@id":"https:\/\/kongshojcamping.dk\/de\/luxurioeses-sommerhaus\/","url":"https:\/\/kongshojcamping.dk\/de\/luxurioeses-sommerhaus\/","name":"Luxuri\u00f6ses Sommerhaus &#183; Kongsh\u00f8j Camping","isPartOf":{"@id":"https:\/\/kongshojcamping.dk\/de\/#website"},"datePublished":"2022-09-22T13:18:41+00:00","dateModified":"2022-11-04T09:03:00+00:00","breadcrumb":{"@id":"https:\/\/kongshojcamping.dk\/de\/luxurioeses-sommerhaus\/#breadcrumb"},"inLanguage":"de","potentialAction":[{"@type":"ReadAction","target":["https:\/\/kongshojcamping.dk\/de\/luxurioeses-sommerhaus\/"]}]},{"@type":"BreadcrumbList","@id":"https:\/\/kongshojcamping.dk\/de\/luxurioeses-sommerhaus\/#breadcrumb","itemListElement":[{"@type":"ListItem","position":1,"name":"Hjem","item":"https:\/\/kongshojcamping.dk\/de\/titelseite\/"},{"@type":"ListItem","position":2,"name":"Luxuri\u00f6ses Sommerhaus"}]},{"@type":"WebSite","@id":"https:\/\/kongshojcamping.dk\/de\/#website","url":"https:\/\/kongshojcamping.dk\/de\/","name":"Kongsh\u00f8j Camping","description":"Camping med campingplads og campinghytte n\u00e6r strand p\u00e5 Fyn","publisher":{"@id":"https:\/\/kongshojcamping.dk\/de\/#organization"},"potentialAction":[{"@type":"SearchAction","target":{"@type":"EntryPoint","urlTemplate":"https:\/\/kongshojcamping.dk\/de\/?s={search_term_string}"},"query-input":{"@type":"PropertyValueSpecification","valueRequired":true,"valueName":"search_term_string"}}],"inLanguage":"de"},{"@type":"Organization","@id":"https:\/\/kongshojcamping.dk\/de\/#organization","name":"Kongsh\u00f8j Camping","url":"https:\/\/kongshojcamping.dk\/de\/","logo":{"@type":"ImageObject","inLanguage":"de","@id":"https:\/\/kongshojcamping.dk\/de\/#\/schema\/logo\/image\/","url":"https:\/\/kongshojcamping.dk\/wp-content\/uploads\/2022\/09\/layer-2.png","contentUrl":"https:\/\/kongshojcamping.dk\/wp-content\/uploads\/2022\/09\/layer-2.png","width":997,"height":613,"caption":"Kongsh\u00f8j Camping"},"image":{"@id":"https:\/\/kongshojcamping.dk\/de\/#\/schema\/logo\/image\/"}}]}},"_links":{"self":[{"href":"https:\/\/kongshojcamping.dk\/de\/wp-json\/wp\/v2\/pages\/4762","targetHints":{"allow":["GET"]}}],"collection":[{"href":"https:\/\/kongshojcamping.dk\/de\/wp-json\/wp\/v2\/pages"}],"about":[{"href":"https:\/\/kongshojcamping.dk\/de\/wp-json\/wp\/v2\/types\/page"}],"author":[{"embeddable":true,"href":"https:\/\/kongshojcamping.dk\/de\/wp-json\/wp\/v2\/users\/1"}],"replies":[{"embeddable":true,"href":"https:\/\/kongshojcamping.dk\/de\/wp-json\/wp\/v2\/comments?post=4762"}],"version-history":[{"count":10,"href":"https:\/\/kongshojcamping.dk\/de\/wp-json\/wp\/v2\/pages\/4762\/revisions"}],"predecessor-version":[{"id":900047,"href":"https:\/\/kongshojcamping.dk\/de\/wp-json\/wp\/v2\/pages\/4762\/revisions\/900047"}],"wp:attachment":[{"href":"https:\/\/kongshojcamping.dk\/de\/wp-json\/wp\/v2\/media?parent=4762"}],"wp:term":[{"taxonomy":"category","embeddable":true,"href":"https:\/\/kongshojcamping.dk\/de\/wp-json\/wp\/v2\/categories?post=4762"}],"curies":[{"name":"wp","href":"https:\/\/api.w.org\/{rel}","templated":true}]}}