{"id":4775,"date":"2022-10-06T08:26:29","date_gmt":"2022-10-06T06:26:29","guid":{"rendered":"https:\/\/kongshojcamping.dk\/ueber-den-platz\/"},"modified":"2022-10-13T13:16:39","modified_gmt":"2022-10-13T11:16:39","slug":"ueber-den-platz","status":"publish","type":"page","link":"https:\/\/kongshojcamping.dk\/de\/ueber-den-platz\/","title":{"rendered":"\u00dcber den Platz"},"content":{"rendered":"<section class=\"wpb-content-wrapper\"><p>[vc_row full_width=&#8220;stretch_row&#8220;][vc_column]<div class=\"ult-spacer spacer-69ecd2da7854a\" data-id=\"69ecd2da7854a\" data-height=\"90\" data-height-mobile=\"60\" data-height-tab=\"90\" data-height-tab-portrait=\"60\" data-height-mobile-landscape=\"60\" style=\"clear:both;display:block;\"><\/div>[vc_row_inner][vc_column_inner offset=&#8220;vc_col-lg-8 vc_col-md-8 vc_col-xs-12&#8243;][vc_column_text]<\/p>\n<h2>Kongsh\u00f8j Strand Camping ist ein gem\u00fctlicher Familienplatz<\/h2>\n<p>Kongsh\u00f8j Strand Camping ist ein gem\u00fctlicher Familienplatz, der in den 1960er Jahren von J\u00f8rgen und Rita S\u00f8nderby gegr\u00fcndet wurde. Von Anfang an war es nur ein Bauernhof, w\u00e4hrend parallel ein Campingplatz entwickelt wurde. Erst 1978 wurden die letzten Schweine verkauft, seitdem ist es ein reiner Campingplatz, wenn auch noch mit etwas Landwirtschaft daneben. Heute ist der Platz im Besitz von Bent und Susanne S\u00f8nderby und wird zusammen mit der Familie gef\u00fchrt.<\/p>\n<p>Wir legen gro\u00dfen Wert auf Service f\u00fcr unsere G\u00e4ste und stehen Ihnen jederzeit mit Informationen und Hilfestellungen zur Verf\u00fcgung. Auf Kongsh\u00f8j Strand Camping k\u00f6nnen Sie in gem\u00fctlicher Atmosph\u00e4re in Ruhe entspannen oder an einigen unserer gem\u00fctlichen Gemeinschaftsveranstaltungen teilnehmen, vom Krabbenfischen bis zum Sno-Brot und Minigolfturnier. Wenn Sie bei uns \u00fcbernachten, sind Sie auch in der N\u00e4he vieler spannender Attraktionen auf F\u00fcnen in der Umgebung. Oder erkunden Sie unser eigenes Gel\u00e4nde, wo wir unseren eigenen Fischsumpf, Fu\u00dfballpl\u00e4tze, Wanderwege und vieles mehr haben&#8230;<\/p>\n<h3>Wir haben 250 Einheiten auf dem Gel\u00e4nde<\/h3>\n<p>Wir haben 250 Einheiten auf dem Gel\u00e4nde, wo alle Standorte Strom haben. Gleichzeitig haben wir auch 12 Kabinen, aufgeteilt in 4 verschiedene Kategorien, von denen 8 brandneu aus den Jahren 2015 und 2016 sind.<\/p>\n<p>Wir haben verschiedene Arten von Sitzen. Es gibt solche in der ersten Reihe mit Blick auf den Gro\u00dfen Belt, es gibt Stellpl\u00e4tze in der N\u00e4he von Dienstleistungsgeb\u00e4uden und Stellpl\u00e4tze in der N\u00e4he von Spielpl\u00e4tzen. Es gibt auch sch\u00f6ne Eckpl\u00e4tze mit Ruhe und Frieden. Wir haben Pl\u00e4tze f\u00fcr alle Kinderwagengr\u00f6\u00dfen, vom kleinen Ein-Personen-Kinderwagen bis zum gro\u00dfen Familien-Kinderwagen. Die meisten Stellpl\u00e4tze haben 3 Hecken, was optimale Windschutzbedingungen bietet.<\/p>\n<p>Gleichzeitig haben wir auch einen sch\u00f6nen gro\u00dfen Zeltplatz oder Solpladsen, wo Platz f\u00fcr viele Zelte ist. Der Zeltplatz liegt in einer wundersch\u00f6nen Umgebung mit Blick \u00fcber unser Moor hinaus. Es gibt auch mehrere Tischbanksets und sind ideal f\u00fcr mehrere Zelte zusammen und Gruppen.<\/p>\n<h4>Unsere Lage in der Mitte des Landes macht uns auch ideal f\u00fcr Versammlungen<\/h4>\n<p>Vores placering midt i landet g\u00f8r os desuden ideel til sammenkomster. Med kun 15 kilometer fra Storeb\u00e6ltsbroen, er det nemt for familier og venner fra hele landet at m\u00f8des centralt i landet.<\/p>\n<p>Vi har ogs\u00e5 gode muligheder for tr\u00e6f af forskellige st\u00f8rrelser. Udover vores pladser har vi med 12 hytter og et luksussommerhus p\u00e5 325 m2 plads til 104 overnattende g\u00e6ster. Af tidligere tr\u00e6f kan n\u00e6vnes: Ford P7 klubben, MKP og Hobby klubben. Til udstilling kan vi tilbyde b\u00e5de indend\u00f8rs og udend\u00f8rs faciliteter.[\/vc_column_text][vc_empty_space height=&#8220;30px&#8220;][vc_btn title=&#8220;Book&#8220; style=&#8220;custom&#8220; custom_background=&#8220;#f8ca3c&#8220; custom_text=&#8220;#2d4750&#8243; shape=&#8220;square&#8220; align=&#8220;left&#8220; link=&#8220;url:https%3A%2F%2Fkongshoj.onlinebooking.dk%2Fbooking%2Fdefault.aspx|target:_blank|&#8220;]<div class=\"ult-spacer spacer-69ecd2da7858e\" data-id=\"69ecd2da7858e\" data-height=\"0\" data-height-mobile=\"30\" data-height-tab=\"0\" data-height-tab-portrait=\"0\" data-height-mobile-landscape=\"30\" style=\"clear:both;display:block;\"><\/div>[\/vc_column_inner][vc_column_inner offset=&#8220;vc_col-lg-4 vc_col-md-4 vc_col-xs-12&#8243;][\/vc_column_inner][\/vc_row_inner][vc_empty_space height=&#8220;60px&#8220;][vc_media_grid gap=&#8220;20&#8243; grid_id=&#8220;vc_gid:1665037962972-056dbab8-18d5-1&#8243; include=&#8220;3727,3728,3729,3730,3731,3732,3733,3734&#8243;]<div class=\"ult-spacer spacer-69ecd2da785b1\" data-id=\"69ecd2da785b1\" data-height=\"90\" data-height-mobile=\"60\" data-height-tab=\"90\" data-height-tab-portrait=\"60\" data-height-mobile-landscape=\"60\" style=\"clear:both;display:block;\"><\/div>[\/vc_column][\/vc_row]<\/p>\n<\/section>","protected":false},"excerpt":{"rendered":"<p>Lesen Sie hier mehr \u00fcber den Platz<\/p>\n","protected":false},"author":1,"featured_media":0,"parent":0,"menu_order":14,"comment_status":"closed","ping_status":"closed","template":"","meta":{"_acf_changed":false,"footnotes":""},"categories":[],"class_list":["post-4775","page","type-page","status-publish"],"acf":[],"yoast_head":"<!-- This site is optimized with the Yoast SEO plugin v27.2 - https:\/\/yoast.com\/product\/yoast-seo-wordpress\/ -->\n<title>\u00dcber den Platz &#183; Kongsh\u00f8j Camping<\/title>\n<meta name=\"robots\" content=\"index, follow, max-snippet:-1, max-image-preview:large, max-video-preview:-1\" \/>\n<link rel=\"canonical\" href=\"https:\/\/kongshojcamping.dk\/de\/ueber-den-platz\/\" \/>\n<meta property=\"og:locale\" content=\"de_DE\" \/>\n<meta property=\"og:type\" content=\"article\" \/>\n<meta property=\"og:title\" content=\"\u00dcber den Platz &#183; Kongsh\u00f8j Camping\" \/>\n<meta property=\"og:description\" content=\"Lesen Sie hier mehr \u00fcber den Platz\" \/>\n<meta property=\"og:url\" content=\"https:\/\/kongshojcamping.dk\/de\/ueber-den-platz\/\" \/>\n<meta property=\"og:site_name\" content=\"Kongsh\u00f8j Camping\" \/>\n<meta property=\"article:modified_time\" content=\"2022-10-13T11:16:39+00:00\" \/>\n<meta name=\"twitter:card\" content=\"summary_large_image\" \/>\n<meta name=\"twitter:label1\" content=\"Gesch\u00e4tzte Lesezeit\" \/>\n\t<meta name=\"twitter:data1\" content=\"3\u00a0Minuten\" \/>\n<script type=\"application\/ld+json\" class=\"yoast-schema-graph\">{\"@context\":\"https:\/\/schema.org\",\"@graph\":[{\"@type\":\"WebPage\",\"@id\":\"https:\/\/kongshojcamping.dk\/de\/ueber-den-platz\/\",\"url\":\"https:\/\/kongshojcamping.dk\/de\/ueber-den-platz\/\",\"name\":\"\u00dcber den Platz &#183; Kongsh\u00f8j Camping\",\"isPartOf\":{\"@id\":\"https:\/\/kongshojcamping.dk\/de\/#website\"},\"datePublished\":\"2022-10-06T06:26:29+00:00\",\"dateModified\":\"2022-10-13T11:16:39+00:00\",\"breadcrumb\":{\"@id\":\"https:\/\/kongshojcamping.dk\/de\/ueber-den-platz\/#breadcrumb\"},\"inLanguage\":\"de\",\"potentialAction\":[{\"@type\":\"ReadAction\",\"target\":[\"https:\/\/kongshojcamping.dk\/de\/ueber-den-platz\/\"]}]},{\"@type\":\"BreadcrumbList\",\"@id\":\"https:\/\/kongshojcamping.dk\/de\/ueber-den-platz\/#breadcrumb\",\"itemListElement\":[{\"@type\":\"ListItem\",\"position\":1,\"name\":\"Hjem\",\"item\":\"https:\/\/kongshojcamping.dk\/de\/titelseite\/\"},{\"@type\":\"ListItem\",\"position\":2,\"name\":\"\u00dcber den Platz\"}]},{\"@type\":\"WebSite\",\"@id\":\"https:\/\/kongshojcamping.dk\/de\/#website\",\"url\":\"https:\/\/kongshojcamping.dk\/de\/\",\"name\":\"Kongsh\u00f8j Camping\",\"description\":\"Camping med campingplads og campinghytte n\u00e6r strand p\u00e5 Fyn\",\"publisher\":{\"@id\":\"https:\/\/kongshojcamping.dk\/de\/#organization\"},\"potentialAction\":[{\"@type\":\"SearchAction\",\"target\":{\"@type\":\"EntryPoint\",\"urlTemplate\":\"https:\/\/kongshojcamping.dk\/de\/?s={search_term_string}\"},\"query-input\":{\"@type\":\"PropertyValueSpecification\",\"valueRequired\":true,\"valueName\":\"search_term_string\"}}],\"inLanguage\":\"de\"},{\"@type\":\"Organization\",\"@id\":\"https:\/\/kongshojcamping.dk\/de\/#organization\",\"name\":\"Kongsh\u00f8j Camping\",\"url\":\"https:\/\/kongshojcamping.dk\/de\/\",\"logo\":{\"@type\":\"ImageObject\",\"inLanguage\":\"de\",\"@id\":\"https:\/\/kongshojcamping.dk\/de\/#\/schema\/logo\/image\/\",\"url\":\"https:\/\/kongshojcamping.dk\/wp-content\/uploads\/2022\/09\/layer-2.png\",\"contentUrl\":\"https:\/\/kongshojcamping.dk\/wp-content\/uploads\/2022\/09\/layer-2.png\",\"width\":997,\"height\":613,\"caption\":\"Kongsh\u00f8j Camping\"},\"image\":{\"@id\":\"https:\/\/kongshojcamping.dk\/de\/#\/schema\/logo\/image\/\"}}]}<\/script>\n<!-- \/ Yoast SEO plugin. -->","yoast_head_json":{"title":"\u00dcber den Platz &#183; Kongsh\u00f8j Camping","robots":{"index":"index","follow":"follow","max-snippet":"max-snippet:-1","max-image-preview":"max-image-preview:large","max-video-preview":"max-video-preview:-1"},"canonical":"https:\/\/kongshojcamping.dk\/de\/ueber-den-platz\/","og_locale":"de_DE","og_type":"article","og_title":"\u00dcber den Platz &#183; Kongsh\u00f8j Camping","og_description":"Lesen Sie hier mehr \u00fcber den Platz","og_url":"https:\/\/kongshojcamping.dk\/de\/ueber-den-platz\/","og_site_name":"Kongsh\u00f8j Camping","article_modified_time":"2022-10-13T11:16:39+00:00","twitter_card":"summary_large_image","twitter_misc":{"Gesch\u00e4tzte Lesezeit":"3\u00a0Minuten"},"schema":{"@context":"https:\/\/schema.org","@graph":[{"@type":"WebPage","@id":"https:\/\/kongshojcamping.dk\/de\/ueber-den-platz\/","url":"https:\/\/kongshojcamping.dk\/de\/ueber-den-platz\/","name":"\u00dcber den Platz &#183; Kongsh\u00f8j Camping","isPartOf":{"@id":"https:\/\/kongshojcamping.dk\/de\/#website"},"datePublished":"2022-10-06T06:26:29+00:00","dateModified":"2022-10-13T11:16:39+00:00","breadcrumb":{"@id":"https:\/\/kongshojcamping.dk\/de\/ueber-den-platz\/#breadcrumb"},"inLanguage":"de","potentialAction":[{"@type":"ReadAction","target":["https:\/\/kongshojcamping.dk\/de\/ueber-den-platz\/"]}]},{"@type":"BreadcrumbList","@id":"https:\/\/kongshojcamping.dk\/de\/ueber-den-platz\/#breadcrumb","itemListElement":[{"@type":"ListItem","position":1,"name":"Hjem","item":"https:\/\/kongshojcamping.dk\/de\/titelseite\/"},{"@type":"ListItem","position":2,"name":"\u00dcber den Platz"}]},{"@type":"WebSite","@id":"https:\/\/kongshojcamping.dk\/de\/#website","url":"https:\/\/kongshojcamping.dk\/de\/","name":"Kongsh\u00f8j Camping","description":"Camping med campingplads og campinghytte n\u00e6r strand p\u00e5 Fyn","publisher":{"@id":"https:\/\/kongshojcamping.dk\/de\/#organization"},"potentialAction":[{"@type":"SearchAction","target":{"@type":"EntryPoint","urlTemplate":"https:\/\/kongshojcamping.dk\/de\/?s={search_term_string}"},"query-input":{"@type":"PropertyValueSpecification","valueRequired":true,"valueName":"search_term_string"}}],"inLanguage":"de"},{"@type":"Organization","@id":"https:\/\/kongshojcamping.dk\/de\/#organization","name":"Kongsh\u00f8j Camping","url":"https:\/\/kongshojcamping.dk\/de\/","logo":{"@type":"ImageObject","inLanguage":"de","@id":"https:\/\/kongshojcamping.dk\/de\/#\/schema\/logo\/image\/","url":"https:\/\/kongshojcamping.dk\/wp-content\/uploads\/2022\/09\/layer-2.png","contentUrl":"https:\/\/kongshojcamping.dk\/wp-content\/uploads\/2022\/09\/layer-2.png","width":997,"height":613,"caption":"Kongsh\u00f8j Camping"},"image":{"@id":"https:\/\/kongshojcamping.dk\/de\/#\/schema\/logo\/image\/"}}]}},"_links":{"self":[{"href":"https:\/\/kongshojcamping.dk\/de\/wp-json\/wp\/v2\/pages\/4775","targetHints":{"allow":["GET"]}}],"collection":[{"href":"https:\/\/kongshojcamping.dk\/de\/wp-json\/wp\/v2\/pages"}],"about":[{"href":"https:\/\/kongshojcamping.dk\/de\/wp-json\/wp\/v2\/types\/page"}],"author":[{"embeddable":true,"href":"https:\/\/kongshojcamping.dk\/de\/wp-json\/wp\/v2\/users\/1"}],"replies":[{"embeddable":true,"href":"https:\/\/kongshojcamping.dk\/de\/wp-json\/wp\/v2\/comments?post=4775"}],"version-history":[{"count":5,"href":"https:\/\/kongshojcamping.dk\/de\/wp-json\/wp\/v2\/pages\/4775\/revisions"}],"predecessor-version":[{"id":4780,"href":"https:\/\/kongshojcamping.dk\/de\/wp-json\/wp\/v2\/pages\/4775\/revisions\/4780"}],"wp:attachment":[{"href":"https:\/\/kongshojcamping.dk\/de\/wp-json\/wp\/v2\/media?parent=4775"}],"wp:term":[{"taxonomy":"category","embeddable":true,"href":"https:\/\/kongshojcamping.dk\/de\/wp-json\/wp\/v2\/categories?post=4775"}],"curies":[{"name":"wp","href":"https:\/\/api.w.org\/{rel}","templated":true}]}}