{"id":5201,"date":"2022-10-18T12:54:38","date_gmt":"2022-10-18T10:54:38","guid":{"rendered":"https:\/\/kongshojcamping.dk\/symbole\/"},"modified":"2022-10-18T12:56:10","modified_gmt":"2022-10-18T10:56:10","slug":"symbole","status":"publish","type":"page","link":"https:\/\/kongshojcamping.dk\/de\/symbole\/","title":{"rendered":"Symbole"},"content":{"rendered":"<section class=\"wpb-content-wrapper\"><p>[vc_row][vc_column]<div class=\"ult-spacer spacer-69ecd4c13cd86\" data-id=\"69ecd4c13cd86\" data-height=\"90\" data-height-mobile=\"60\" data-height-tab=\"90\" data-height-tab-portrait=\"60\" data-height-mobile-landscape=\"60\" style=\"clear:both;display:block;\"><\/div>[vc_column_text]<\/p>\n<h2>Sehen Sie hier unsere Symbole<\/h2>\n<p>[\/vc_column_text][vc_empty_space height=&#8220;30px&#8220;][\/vc_column][\/vc_row][vc_row height=&#8220;90&#8243; height_on_tabs=&#8220;90&#8243; height_on_tabs_portrait=&#8220;60&#8243; height_on_mob_landscape=&#8220;60&#8243; height_on_mob=&#8220;60&#8243;][vc_column width=&#8220;1\/3&#8243;][vc_media_grid element_width=&#8220;3&#8243; gap=&#8220;20&#8243; grid_id=&#8220;vc_gid:1666090110957-a3d8dea2-576f-4&#8243; include=&#8220;5043,5046,5049,5052,5055,5058,5061,5064,5067,5070,5073,5076,5079,5082,5085,5088,5091,5094,5097&#8243;][vc_empty_space height=&#8220;30px&#8220;][\/vc_column][vc_column width=&#8220;1\/3&#8243;][vc_media_grid element_width=&#8220;3&#8243; gap=&#8220;20&#8243; grid_id=&#8220;vc_gid:1666090175743-5a972969-47f7-6&#8243; include=&#8220;5100,5103,5106,5109,5112,5115,5118,5121,5124,5127,5130,5133,5136,5139&#8243;][vc_empty_space height=&#8220;30px&#8220;][\/vc_column][vc_column width=&#8220;1\/3&#8243;][vc_media_grid element_width=&#8220;3&#8243; gap=&#8220;20&#8243; grid_id=&#8220;vc_gid:1666090258695-a514f111-bd71-2&#8243; include=&#8220;5142,5145,5148,5151,5154,5157,5160,5163,5166,5169,5172,5175,5178,5181,5184,5187,5190&#8243;][\/vc_column][\/vc_row][vc_row][vc_column]<div class=\"ult-spacer spacer-69ecd4c13cdcd\" data-id=\"69ecd4c13cdcd\" data-height=\"90\" data-height-mobile=\"60\" data-height-tab=\"90\" data-height-tab-portrait=\"60\" data-height-mobile-landscape=\"60\" style=\"clear:both;display:block;\"><\/div>[\/vc_column][\/vc_row]<\/p>\n<\/section>","protected":false},"excerpt":{"rendered":"<p>[vc_row][vc_column][vc_column_text] Sehen Sie hier unsere Symbole [\/vc_column_text][vc_empty_space height=&#8220;30px&#8220;][\/vc_column][\/vc_row][vc_row height=&#8220;90&#8243; height_on_tabs=&#8220;90&#8243; height_on_tabs_portrait=&#8220;60&#8243; height_on_mob_landscape=&#8220;60&#8243; height_on_mob=&#8220;60&#8243;][vc_column width=&#8220;1\/3&#8243;][vc_media_grid element_width=&#8220;3&#8243; gap=&#8220;20&#8243; grid_id=&#8220;vc_gid:1666090110957-a3d8dea2-576f-4&#8243; include=&#8220;5043,5046,5049,5052,5055,5058,5061,5064,5067,5070,5073,5076,5079,5082,5085,5088,5091,5094,5097&#8243;][vc_empty_space height=&#8220;30px&#8220;][\/vc_column][vc_column width=&#8220;1\/3&#8243;][vc_media_grid element_width=&#8220;3&#8243; gap=&#8220;20&#8243; grid_id=&#8220;vc_gid:1666090175743-5a972969-47f7-6&#8243; include=&#8220;5100,5103,5106,5109,5112,5115,5118,5121,5124,5127,5130,5133,5136,5139&#8243;][vc_empty_space height=&#8220;30px&#8220;][\/vc_column][vc_column width=&#8220;1\/3&#8243;][vc_media_grid element_width=&#8220;3&#8243; gap=&#8220;20&#8243; grid_id=&#8220;vc_gid:1666090258695-a514f111-bd71-2&#8243; include=&#8220;5142,5145,5148,5151,5154,5157,5160,5163,5166,5169,5172,5175,5178,5181,5184,5187,5190&#8243;][\/vc_column][\/vc_row][vc_row][vc_column][\/vc_column][\/vc_row]<\/p>\n","protected":false},"author":1,"featured_media":0,"parent":0,"menu_order":0,"comment_status":"closed","ping_status":"closed","template":"","meta":{"_acf_changed":false,"footnotes":""},"categories":[],"class_list":["post-5201","page","type-page","status-publish"],"acf":[],"yoast_head":"<!-- This site is optimized with the Yoast SEO plugin v27.2 - https:\/\/yoast.com\/product\/yoast-seo-wordpress\/ -->\n<title>Symbole &#183; Kongsh\u00f8j Camping<\/title>\n<meta name=\"robots\" content=\"index, follow, max-snippet:-1, max-image-preview:large, max-video-preview:-1\" \/>\n<link rel=\"canonical\" href=\"https:\/\/kongshojcamping.dk\/de\/symbole\/\" \/>\n<meta property=\"og:locale\" content=\"de_DE\" \/>\n<meta property=\"og:type\" content=\"article\" \/>\n<meta property=\"og:title\" content=\"Symbole &#183; Kongsh\u00f8j Camping\" \/>\n<meta property=\"og:description\" content=\"[vc_row][vc_column][vc_column_text] Sehen Sie hier unsere Symbole [\/vc_column_text][vc_empty_space height=&#8220;30px&#8220;][\/vc_column][\/vc_row][vc_row height=&#8220;90&#8243; height_on_tabs=&#8220;90&#8243; height_on_tabs_portrait=&#8220;60&#8243; height_on_mob_landscape=&#8220;60&#8243; height_on_mob=&#8220;60&#8243;][vc_column width=&#8220;1\/3&#8243;][vc_media_grid element_width=&#8220;3&#8243; gap=&#8220;20&#8243; grid_id=&#8220;vc_gid:1666090110957-a3d8dea2-576f-4&#8243; include=&#8220;5043,5046,5049,5052,5055,5058,5061,5064,5067,5070,5073,5076,5079,5082,5085,5088,5091,5094,5097&#8243;][vc_empty_space height=&#8220;30px&#8220;][\/vc_column][vc_column width=&#8220;1\/3&#8243;][vc_media_grid element_width=&#8220;3&#8243; gap=&#8220;20&#8243; grid_id=&#8220;vc_gid:1666090175743-5a972969-47f7-6&#8243; include=&#8220;5100,5103,5106,5109,5112,5115,5118,5121,5124,5127,5130,5133,5136,5139&#8243;][vc_empty_space height=&#8220;30px&#8220;][\/vc_column][vc_column width=&#8220;1\/3&#8243;][vc_media_grid element_width=&#8220;3&#8243; gap=&#8220;20&#8243; grid_id=&#8220;vc_gid:1666090258695-a514f111-bd71-2&#8243; include=&#8220;5142,5145,5148,5151,5154,5157,5160,5163,5166,5169,5172,5175,5178,5181,5184,5187,5190&#8243;][\/vc_column][\/vc_row][vc_row][vc_column][\/vc_column][\/vc_row]\" \/>\n<meta property=\"og:url\" content=\"https:\/\/kongshojcamping.dk\/de\/symbole\/\" \/>\n<meta property=\"og:site_name\" content=\"Kongsh\u00f8j Camping\" \/>\n<meta property=\"article:modified_time\" content=\"2022-10-18T10:56:10+00:00\" \/>\n<meta name=\"twitter:card\" content=\"summary_large_image\" \/>\n<meta name=\"twitter:label1\" content=\"Gesch\u00e4tzte Lesezeit\" \/>\n\t<meta name=\"twitter:data1\" content=\"1\u00a0Minute\" \/>\n<script type=\"application\/ld+json\" class=\"yoast-schema-graph\">{\"@context\":\"https:\/\/schema.org\",\"@graph\":[{\"@type\":\"WebPage\",\"@id\":\"https:\/\/kongshojcamping.dk\/de\/symbole\/\",\"url\":\"https:\/\/kongshojcamping.dk\/de\/symbole\/\",\"name\":\"Symbole &#183; Kongsh\u00f8j Camping\",\"isPartOf\":{\"@id\":\"https:\/\/kongshojcamping.dk\/de\/#website\"},\"datePublished\":\"2022-10-18T10:54:38+00:00\",\"dateModified\":\"2022-10-18T10:56:10+00:00\",\"breadcrumb\":{\"@id\":\"https:\/\/kongshojcamping.dk\/de\/symbole\/#breadcrumb\"},\"inLanguage\":\"de\",\"potentialAction\":[{\"@type\":\"ReadAction\",\"target\":[\"https:\/\/kongshojcamping.dk\/de\/symbole\/\"]}]},{\"@type\":\"BreadcrumbList\",\"@id\":\"https:\/\/kongshojcamping.dk\/de\/symbole\/#breadcrumb\",\"itemListElement\":[{\"@type\":\"ListItem\",\"position\":1,\"name\":\"Hjem\",\"item\":\"https:\/\/kongshojcamping.dk\/de\/titelseite\/\"},{\"@type\":\"ListItem\",\"position\":2,\"name\":\"Symbole\"}]},{\"@type\":\"WebSite\",\"@id\":\"https:\/\/kongshojcamping.dk\/de\/#website\",\"url\":\"https:\/\/kongshojcamping.dk\/de\/\",\"name\":\"Kongsh\u00f8j Camping\",\"description\":\"Camping med campingplads og campinghytte n\u00e6r strand p\u00e5 Fyn\",\"publisher\":{\"@id\":\"https:\/\/kongshojcamping.dk\/de\/#organization\"},\"potentialAction\":[{\"@type\":\"SearchAction\",\"target\":{\"@type\":\"EntryPoint\",\"urlTemplate\":\"https:\/\/kongshojcamping.dk\/de\/?s={search_term_string}\"},\"query-input\":{\"@type\":\"PropertyValueSpecification\",\"valueRequired\":true,\"valueName\":\"search_term_string\"}}],\"inLanguage\":\"de\"},{\"@type\":\"Organization\",\"@id\":\"https:\/\/kongshojcamping.dk\/de\/#organization\",\"name\":\"Kongsh\u00f8j Camping\",\"url\":\"https:\/\/kongshojcamping.dk\/de\/\",\"logo\":{\"@type\":\"ImageObject\",\"inLanguage\":\"de\",\"@id\":\"https:\/\/kongshojcamping.dk\/de\/#\/schema\/logo\/image\/\",\"url\":\"https:\/\/kongshojcamping.dk\/wp-content\/uploads\/2022\/09\/layer-2.png\",\"contentUrl\":\"https:\/\/kongshojcamping.dk\/wp-content\/uploads\/2022\/09\/layer-2.png\",\"width\":997,\"height\":613,\"caption\":\"Kongsh\u00f8j Camping\"},\"image\":{\"@id\":\"https:\/\/kongshojcamping.dk\/de\/#\/schema\/logo\/image\/\"}}]}<\/script>\n<!-- \/ Yoast SEO plugin. -->","yoast_head_json":{"title":"Symbole &#183; Kongsh\u00f8j Camping","robots":{"index":"index","follow":"follow","max-snippet":"max-snippet:-1","max-image-preview":"max-image-preview:large","max-video-preview":"max-video-preview:-1"},"canonical":"https:\/\/kongshojcamping.dk\/de\/symbole\/","og_locale":"de_DE","og_type":"article","og_title":"Symbole &#183; Kongsh\u00f8j Camping","og_description":"[vc_row][vc_column][vc_column_text] Sehen Sie hier unsere Symbole [\/vc_column_text][vc_empty_space height=&#8220;30px&#8220;][\/vc_column][\/vc_row][vc_row height=&#8220;90&#8243; height_on_tabs=&#8220;90&#8243; height_on_tabs_portrait=&#8220;60&#8243; height_on_mob_landscape=&#8220;60&#8243; height_on_mob=&#8220;60&#8243;][vc_column width=&#8220;1\/3&#8243;][vc_media_grid element_width=&#8220;3&#8243; gap=&#8220;20&#8243; grid_id=&#8220;vc_gid:1666090110957-a3d8dea2-576f-4&#8243; include=&#8220;5043,5046,5049,5052,5055,5058,5061,5064,5067,5070,5073,5076,5079,5082,5085,5088,5091,5094,5097&#8243;][vc_empty_space height=&#8220;30px&#8220;][\/vc_column][vc_column width=&#8220;1\/3&#8243;][vc_media_grid element_width=&#8220;3&#8243; gap=&#8220;20&#8243; grid_id=&#8220;vc_gid:1666090175743-5a972969-47f7-6&#8243; include=&#8220;5100,5103,5106,5109,5112,5115,5118,5121,5124,5127,5130,5133,5136,5139&#8243;][vc_empty_space height=&#8220;30px&#8220;][\/vc_column][vc_column width=&#8220;1\/3&#8243;][vc_media_grid element_width=&#8220;3&#8243; gap=&#8220;20&#8243; grid_id=&#8220;vc_gid:1666090258695-a514f111-bd71-2&#8243; include=&#8220;5142,5145,5148,5151,5154,5157,5160,5163,5166,5169,5172,5175,5178,5181,5184,5187,5190&#8243;][\/vc_column][\/vc_row][vc_row][vc_column][\/vc_column][\/vc_row]","og_url":"https:\/\/kongshojcamping.dk\/de\/symbole\/","og_site_name":"Kongsh\u00f8j Camping","article_modified_time":"2022-10-18T10:56:10+00:00","twitter_card":"summary_large_image","twitter_misc":{"Gesch\u00e4tzte Lesezeit":"1\u00a0Minute"},"schema":{"@context":"https:\/\/schema.org","@graph":[{"@type":"WebPage","@id":"https:\/\/kongshojcamping.dk\/de\/symbole\/","url":"https:\/\/kongshojcamping.dk\/de\/symbole\/","name":"Symbole &#183; Kongsh\u00f8j Camping","isPartOf":{"@id":"https:\/\/kongshojcamping.dk\/de\/#website"},"datePublished":"2022-10-18T10:54:38+00:00","dateModified":"2022-10-18T10:56:10+00:00","breadcrumb":{"@id":"https:\/\/kongshojcamping.dk\/de\/symbole\/#breadcrumb"},"inLanguage":"de","potentialAction":[{"@type":"ReadAction","target":["https:\/\/kongshojcamping.dk\/de\/symbole\/"]}]},{"@type":"BreadcrumbList","@id":"https:\/\/kongshojcamping.dk\/de\/symbole\/#breadcrumb","itemListElement":[{"@type":"ListItem","position":1,"name":"Hjem","item":"https:\/\/kongshojcamping.dk\/de\/titelseite\/"},{"@type":"ListItem","position":2,"name":"Symbole"}]},{"@type":"WebSite","@id":"https:\/\/kongshojcamping.dk\/de\/#website","url":"https:\/\/kongshojcamping.dk\/de\/","name":"Kongsh\u00f8j Camping","description":"Camping med campingplads og campinghytte n\u00e6r strand p\u00e5 Fyn","publisher":{"@id":"https:\/\/kongshojcamping.dk\/de\/#organization"},"potentialAction":[{"@type":"SearchAction","target":{"@type":"EntryPoint","urlTemplate":"https:\/\/kongshojcamping.dk\/de\/?s={search_term_string}"},"query-input":{"@type":"PropertyValueSpecification","valueRequired":true,"valueName":"search_term_string"}}],"inLanguage":"de"},{"@type":"Organization","@id":"https:\/\/kongshojcamping.dk\/de\/#organization","name":"Kongsh\u00f8j Camping","url":"https:\/\/kongshojcamping.dk\/de\/","logo":{"@type":"ImageObject","inLanguage":"de","@id":"https:\/\/kongshojcamping.dk\/de\/#\/schema\/logo\/image\/","url":"https:\/\/kongshojcamping.dk\/wp-content\/uploads\/2022\/09\/layer-2.png","contentUrl":"https:\/\/kongshojcamping.dk\/wp-content\/uploads\/2022\/09\/layer-2.png","width":997,"height":613,"caption":"Kongsh\u00f8j Camping"},"image":{"@id":"https:\/\/kongshojcamping.dk\/de\/#\/schema\/logo\/image\/"}}]}},"_links":{"self":[{"href":"https:\/\/kongshojcamping.dk\/de\/wp-json\/wp\/v2\/pages\/5201","targetHints":{"allow":["GET"]}}],"collection":[{"href":"https:\/\/kongshojcamping.dk\/de\/wp-json\/wp\/v2\/pages"}],"about":[{"href":"https:\/\/kongshojcamping.dk\/de\/wp-json\/wp\/v2\/types\/page"}],"author":[{"embeddable":true,"href":"https:\/\/kongshojcamping.dk\/de\/wp-json\/wp\/v2\/users\/1"}],"replies":[{"embeddable":true,"href":"https:\/\/kongshojcamping.dk\/de\/wp-json\/wp\/v2\/comments?post=5201"}],"version-history":[{"count":5,"href":"https:\/\/kongshojcamping.dk\/de\/wp-json\/wp\/v2\/pages\/5201\/revisions"}],"predecessor-version":[{"id":5206,"href":"https:\/\/kongshojcamping.dk\/de\/wp-json\/wp\/v2\/pages\/5201\/revisions\/5206"}],"wp:attachment":[{"href":"https:\/\/kongshojcamping.dk\/de\/wp-json\/wp\/v2\/media?parent=5201"}],"wp:term":[{"taxonomy":"category","embeddable":true,"href":"https:\/\/kongshojcamping.dk\/de\/wp-json\/wp\/v2\/categories?post=5201"}],"curies":[{"name":"wp","href":"https:\/\/api.w.org\/{rel}","templated":true}]}}