{"id":900266,"date":"2025-01-10T09:37:39","date_gmt":"2025-01-10T08:37:39","guid":{"rendered":"https:\/\/kongshojcamping.dk\/campen-einfach\/"},"modified":"2025-06-04T16:05:02","modified_gmt":"2025-06-04T14:05:02","slug":"camp-let","status":"publish","type":"page","link":"https:\/\/kongshojcamping.dk\/de\/camp-let\/","title":{"rendered":"Camp-let"},"content":{"rendered":"<section class=\"wpb-content-wrapper\"><p>[vc_row full_width=&#8220;stretch_row&#8220;][vc_column]<div class=\"ult-spacer spacer-69ecb89bbdbbd\" data-id=\"69ecb89bbdbbd\" data-height=\"90\" data-height-mobile=\"60\" data-height-tab=\"90\" data-height-tab-portrait=\"60\" data-height-mobile-landscape=\"60\" style=\"clear:both;display:block;\"><\/div>[vc_row_inner][vc_column_inner offset=&#8220;vc_col-lg-8 vc_col-md-8 vc_col-xs-12&#8243;][vc_column_text]<\/p>\n<h3>Wenn Sie ausgehen und ein echtes Campingerlebnis ausprobieren m\u00f6chten, sollten Sie ab 2025 einen Aufenthalt in unseren 2 neuen Camplets buchen<\/h3>\n<p>Sie sind mit 2 Doppelbetten und einer Markise mit Tischen und St\u00fchlen sowie K\u00fcchenutensilien und einem K\u00fchlschrank ausgestattet.<\/p>\n<p>Es gibt Platz f\u00fcr 4 Personen.<\/p>\n<p>Dar\u00fcber hinaus gibt es eine gro\u00dfe Markise, sodass Sie die Abendsonne so richtig genie\u00dfen k\u00f6nnen.<\/p>\n<p>Sie liegen auf den Pl\u00e4tzen 215 und 216.<\/p>\n<p>Buchen Sie jetzt per Telefon oder E-Mail oder online booking.<\/p>\n<p>&nbsp;<\/p>\n<p><strong>Preise<\/strong><\/p>\n<p>Woche 28\u201331: 4350 DKK.<\/p>\n<p>Woche 27 und 32: 3850 DKK.<\/p>\n<p>Tagespreis: DKK 500.[\/vc_column_text][vc_empty_space height=&#8220;30px&#8220;][vc_btn title=&#8220;Buch&#8220; style=&#8220;custom&#8220; custom_background=&#8220;#f8ca3c&#8220; custom_text=&#8220;#2d4750&#8243; shape=&#8220;square&#8220; align=&#8220;left&#8220; link=&#8220;url:https%3A%2F%2Fv3.onlinebooking.dk%2Fv3kongshoj|target:_blank|&#8220;]<div class=\"ult-spacer spacer-69ecb89bbdbfe\" data-id=\"69ecb89bbdbfe\" data-height=\"0\" data-height-mobile=\"30\" data-height-tab=\"0\" data-height-tab-portrait=\"0\" data-height-mobile-landscape=\"30\" style=\"clear:both;display:block;\"><\/div>[\/vc_column_inner][vc_column_inner offset=&#8220;vc_col-lg-4 vc_col-md-4 vc_col-xs-12&#8243;][vc_column_text css=&#8220;.vc_custom_1749045894998{padding-top: 30px !important;padding-right: 30px !important;padding-bottom: 30px !important;padding-left: 30px !important;background-color: #fafafa !important;}&#8220;]<\/p>\n<h3>Praktische Informationen<\/h3>\n<ul>\n<li style=\"list-style-type: none;\">\n<ul>\n<li><strong>Ankunft<\/strong> ist von 15:00 Uhr und die Abreise erfolgt sp\u00e4testens um 15:00 Uhr 10:00<\/li>\n<\/ul>\n<\/li>\n<\/ul>\n<p>Eine<\/p>\n<ul>\n<li><strong>Endreinigung<\/strong> kann bei der Buchung des Camps bestellt werden. Der Preis betr\u00e4gt DKK 300<\/li>\n<li><strong>Hunde<\/strong> sind gegen einen kleinen Aufpreis willkommen. Das Lagerfeuer ist rauchfrei.<\/li>\n<li><strong>Das Camp-Let<\/strong>\u00a0ist mit Bettdecken und Kissen ausgestattet, aber Sie m\u00fcssen Ihre eigene Bettw\u00e4sche mitbringen.<\/li>\n<\/ul>\n<p>[\/vc_column_text][\/vc_column_inner][\/vc_row_inner][vc_empty_space height=&#8220;60px&#8220;][vc_media_grid gap=&#8220;20&#8243; grid_id=&#8220;vc_gid:1749045848304-b58dd463-59c8-2&#8243; include=&#8220;900333,900324,900321,900327,900318,900336&#8243;]<div class=\"ult-spacer spacer-69ecb89bbdc23\" data-id=\"69ecb89bbdc23\" data-height=\"90\" data-height-mobile=\"60\" data-height-tab=\"90\" data-height-tab-portrait=\"60\" data-height-mobile-landscape=\"60\" style=\"clear:both;display:block;\"><\/div>[\/vc_column][\/vc_row]<\/p>\n<\/section>","protected":false},"excerpt":{"rendered":"<p>[vc_row full_width=&#8220;stretch_row&#8220;][vc_column][vc_row_inner][vc_column_inner offset=&#8220;vc_col-lg-8 vc_col-md-8 vc_col-xs-12&#8243;][vc_column_text] Wenn Sie ausgehen und ein echtes Campingerlebnis ausprobieren m\u00f6chten, sollten Sie ab 2025 einen Aufenthalt in unseren 2 neuen Camplets buchen Sie sind mit 2 Doppelbetten und einer Markise mit Tischen und St\u00fchlen sowie K\u00fcchenutensilien und einem K\u00fchlschrank ausgestattet. Es gibt Platz f\u00fcr 4 Personen. Dar\u00fcber hinaus gibt es eine &#8230; <a title=\"Camp-let\" class=\"read-more\" href=\"https:\/\/kongshojcamping.dk\/de\/camp-let\/\" aria-label=\"Mehr zu Camp-let\">Weiterlesen &#8230;<\/a><\/p>\n","protected":false},"author":8,"featured_media":0,"parent":0,"menu_order":0,"comment_status":"closed","ping_status":"closed","template":"","meta":{"_acf_changed":false,"footnotes":""},"categories":[],"class_list":["post-900266","page","type-page","status-publish"],"acf":[],"yoast_head":"<!-- This site is optimized with the Yoast SEO plugin v27.2 - https:\/\/yoast.com\/product\/yoast-seo-wordpress\/ -->\n<title>Camp-let &#183; Kongsh\u00f8j Camping<\/title>\n<meta name=\"robots\" content=\"index, follow, max-snippet:-1, max-image-preview:large, max-video-preview:-1\" \/>\n<link rel=\"canonical\" href=\"https:\/\/kongshojcamping.dk\/de\/camp-let\/\" \/>\n<meta property=\"og:locale\" content=\"de_DE\" \/>\n<meta property=\"og:type\" content=\"article\" \/>\n<meta property=\"og:title\" content=\"Camp-let &#183; Kongsh\u00f8j Camping\" \/>\n<meta property=\"og:description\" content=\"[vc_row full_width=&#8220;stretch_row&#8220;][vc_column][vc_row_inner][vc_column_inner offset=&#8220;vc_col-lg-8 vc_col-md-8 vc_col-xs-12&#8243;][vc_column_text] Wenn Sie ausgehen und ein echtes Campingerlebnis ausprobieren m\u00f6chten, sollten Sie ab 2025 einen Aufenthalt in unseren 2 neuen Camplets buchen Sie sind mit 2 Doppelbetten und einer Markise mit Tischen und St\u00fchlen sowie K\u00fcchenutensilien und einem K\u00fchlschrank ausgestattet. Es gibt Platz f\u00fcr 4 Personen. Dar\u00fcber hinaus gibt es eine ... Weiterlesen ...\" \/>\n<meta property=\"og:url\" content=\"https:\/\/kongshojcamping.dk\/de\/camp-let\/\" \/>\n<meta property=\"og:site_name\" content=\"Kongsh\u00f8j Camping\" \/>\n<meta property=\"article:modified_time\" content=\"2025-06-04T14:05:02+00:00\" \/>\n<meta name=\"twitter:card\" content=\"summary_large_image\" \/>\n<meta name=\"twitter:label1\" content=\"Gesch\u00e4tzte Lesezeit\" \/>\n\t<meta name=\"twitter:data1\" content=\"3\u00a0Minuten\" \/>\n<script type=\"application\/ld+json\" class=\"yoast-schema-graph\">{\"@context\":\"https:\/\/schema.org\",\"@graph\":[{\"@type\":\"WebPage\",\"@id\":\"https:\/\/kongshojcamping.dk\/de\/camp-let\/\",\"url\":\"https:\/\/kongshojcamping.dk\/de\/camp-let\/\",\"name\":\"Camp-let &#183; Kongsh\u00f8j Camping\",\"isPartOf\":{\"@id\":\"https:\/\/kongshojcamping.dk\/de\/#website\"},\"datePublished\":\"2025-01-10T08:37:39+00:00\",\"dateModified\":\"2025-06-04T14:05:02+00:00\",\"breadcrumb\":{\"@id\":\"https:\/\/kongshojcamping.dk\/de\/camp-let\/#breadcrumb\"},\"inLanguage\":\"de\",\"potentialAction\":[{\"@type\":\"ReadAction\",\"target\":[\"https:\/\/kongshojcamping.dk\/de\/camp-let\/\"]}]},{\"@type\":\"BreadcrumbList\",\"@id\":\"https:\/\/kongshojcamping.dk\/de\/camp-let\/#breadcrumb\",\"itemListElement\":[{\"@type\":\"ListItem\",\"position\":1,\"name\":\"Hjem\",\"item\":\"https:\/\/kongshojcamping.dk\/de\/titelseite\/\"},{\"@type\":\"ListItem\",\"position\":2,\"name\":\"Camp-let\"}]},{\"@type\":\"WebSite\",\"@id\":\"https:\/\/kongshojcamping.dk\/de\/#website\",\"url\":\"https:\/\/kongshojcamping.dk\/de\/\",\"name\":\"Kongsh\u00f8j Camping\",\"description\":\"Camping med campingplads og campinghytte n\u00e6r strand p\u00e5 Fyn\",\"publisher\":{\"@id\":\"https:\/\/kongshojcamping.dk\/de\/#organization\"},\"potentialAction\":[{\"@type\":\"SearchAction\",\"target\":{\"@type\":\"EntryPoint\",\"urlTemplate\":\"https:\/\/kongshojcamping.dk\/de\/?s={search_term_string}\"},\"query-input\":{\"@type\":\"PropertyValueSpecification\",\"valueRequired\":true,\"valueName\":\"search_term_string\"}}],\"inLanguage\":\"de\"},{\"@type\":\"Organization\",\"@id\":\"https:\/\/kongshojcamping.dk\/de\/#organization\",\"name\":\"Kongsh\u00f8j Camping\",\"url\":\"https:\/\/kongshojcamping.dk\/de\/\",\"logo\":{\"@type\":\"ImageObject\",\"inLanguage\":\"de\",\"@id\":\"https:\/\/kongshojcamping.dk\/de\/#\/schema\/logo\/image\/\",\"url\":\"https:\/\/kongshojcamping.dk\/wp-content\/uploads\/2022\/09\/layer-2.png\",\"contentUrl\":\"https:\/\/kongshojcamping.dk\/wp-content\/uploads\/2022\/09\/layer-2.png\",\"width\":997,\"height\":613,\"caption\":\"Kongsh\u00f8j Camping\"},\"image\":{\"@id\":\"https:\/\/kongshojcamping.dk\/de\/#\/schema\/logo\/image\/\"}}]}<\/script>\n<!-- \/ Yoast SEO plugin. -->","yoast_head_json":{"title":"Camp-let &#183; Kongsh\u00f8j Camping","robots":{"index":"index","follow":"follow","max-snippet":"max-snippet:-1","max-image-preview":"max-image-preview:large","max-video-preview":"max-video-preview:-1"},"canonical":"https:\/\/kongshojcamping.dk\/de\/camp-let\/","og_locale":"de_DE","og_type":"article","og_title":"Camp-let &#183; Kongsh\u00f8j Camping","og_description":"[vc_row full_width=&#8220;stretch_row&#8220;][vc_column][vc_row_inner][vc_column_inner offset=&#8220;vc_col-lg-8 vc_col-md-8 vc_col-xs-12&#8243;][vc_column_text] Wenn Sie ausgehen und ein echtes Campingerlebnis ausprobieren m\u00f6chten, sollten Sie ab 2025 einen Aufenthalt in unseren 2 neuen Camplets buchen Sie sind mit 2 Doppelbetten und einer Markise mit Tischen und St\u00fchlen sowie K\u00fcchenutensilien und einem K\u00fchlschrank ausgestattet. Es gibt Platz f\u00fcr 4 Personen. Dar\u00fcber hinaus gibt es eine ... Weiterlesen ...","og_url":"https:\/\/kongshojcamping.dk\/de\/camp-let\/","og_site_name":"Kongsh\u00f8j Camping","article_modified_time":"2025-06-04T14:05:02+00:00","twitter_card":"summary_large_image","twitter_misc":{"Gesch\u00e4tzte Lesezeit":"3\u00a0Minuten"},"schema":{"@context":"https:\/\/schema.org","@graph":[{"@type":"WebPage","@id":"https:\/\/kongshojcamping.dk\/de\/camp-let\/","url":"https:\/\/kongshojcamping.dk\/de\/camp-let\/","name":"Camp-let &#183; Kongsh\u00f8j Camping","isPartOf":{"@id":"https:\/\/kongshojcamping.dk\/de\/#website"},"datePublished":"2025-01-10T08:37:39+00:00","dateModified":"2025-06-04T14:05:02+00:00","breadcrumb":{"@id":"https:\/\/kongshojcamping.dk\/de\/camp-let\/#breadcrumb"},"inLanguage":"de","potentialAction":[{"@type":"ReadAction","target":["https:\/\/kongshojcamping.dk\/de\/camp-let\/"]}]},{"@type":"BreadcrumbList","@id":"https:\/\/kongshojcamping.dk\/de\/camp-let\/#breadcrumb","itemListElement":[{"@type":"ListItem","position":1,"name":"Hjem","item":"https:\/\/kongshojcamping.dk\/de\/titelseite\/"},{"@type":"ListItem","position":2,"name":"Camp-let"}]},{"@type":"WebSite","@id":"https:\/\/kongshojcamping.dk\/de\/#website","url":"https:\/\/kongshojcamping.dk\/de\/","name":"Kongsh\u00f8j Camping","description":"Camping med campingplads og campinghytte n\u00e6r strand p\u00e5 Fyn","publisher":{"@id":"https:\/\/kongshojcamping.dk\/de\/#organization"},"potentialAction":[{"@type":"SearchAction","target":{"@type":"EntryPoint","urlTemplate":"https:\/\/kongshojcamping.dk\/de\/?s={search_term_string}"},"query-input":{"@type":"PropertyValueSpecification","valueRequired":true,"valueName":"search_term_string"}}],"inLanguage":"de"},{"@type":"Organization","@id":"https:\/\/kongshojcamping.dk\/de\/#organization","name":"Kongsh\u00f8j Camping","url":"https:\/\/kongshojcamping.dk\/de\/","logo":{"@type":"ImageObject","inLanguage":"de","@id":"https:\/\/kongshojcamping.dk\/de\/#\/schema\/logo\/image\/","url":"https:\/\/kongshojcamping.dk\/wp-content\/uploads\/2022\/09\/layer-2.png","contentUrl":"https:\/\/kongshojcamping.dk\/wp-content\/uploads\/2022\/09\/layer-2.png","width":997,"height":613,"caption":"Kongsh\u00f8j Camping"},"image":{"@id":"https:\/\/kongshojcamping.dk\/de\/#\/schema\/logo\/image\/"}}]}},"_links":{"self":[{"href":"https:\/\/kongshojcamping.dk\/de\/wp-json\/wp\/v2\/pages\/900266","targetHints":{"allow":["GET"]}}],"collection":[{"href":"https:\/\/kongshojcamping.dk\/de\/wp-json\/wp\/v2\/pages"}],"about":[{"href":"https:\/\/kongshojcamping.dk\/de\/wp-json\/wp\/v2\/types\/page"}],"author":[{"embeddable":true,"href":"https:\/\/kongshojcamping.dk\/de\/wp-json\/wp\/v2\/users\/8"}],"replies":[{"embeddable":true,"href":"https:\/\/kongshojcamping.dk\/de\/wp-json\/wp\/v2\/comments?post=900266"}],"version-history":[{"count":7,"href":"https:\/\/kongshojcamping.dk\/de\/wp-json\/wp\/v2\/pages\/900266\/revisions"}],"predecessor-version":[{"id":900380,"href":"https:\/\/kongshojcamping.dk\/de\/wp-json\/wp\/v2\/pages\/900266\/revisions\/900380"}],"wp:attachment":[{"href":"https:\/\/kongshojcamping.dk\/de\/wp-json\/wp\/v2\/media?parent=900266"}],"wp:term":[{"taxonomy":"category","embeddable":true,"href":"https:\/\/kongshojcamping.dk\/de\/wp-json\/wp\/v2\/categories?post=900266"}],"curies":[{"name":"wp","href":"https:\/\/api.w.org\/{rel}","templated":true}]}}