{"id":900564,"date":"2022-09-22T15:18:42","date_gmt":"2022-09-22T13:18:42","guid":{"rendered":"https:\/\/kongshojcamping.dk\/spielplaetze\/"},"modified":"2026-03-26T00:41:51","modified_gmt":"2026-03-25T23:41:51","slug":"spielplaetze","status":"publish","type":"page","link":"https:\/\/kongshojcamping.dk\/de\/spielplaetze\/","title":{"rendered":"Spielpl\u00e4tze"},"content":{"rendered":"<section class=\"wpb-content-wrapper\"><p>[vc_row full_width=&#8220;stretch_row&#8220;][vc_column]<div class=\"ult-spacer spacer-6a07ca822fcbc\" data-id=\"6a07ca822fcbc\" data-height=\"90\" data-height-mobile=\"60\" data-height-tab=\"90\" data-height-tab-portrait=\"60\" data-height-mobile-landscape=\"60\" style=\"clear:both;display:block;\"><\/div>[vc_row_inner][vc_column_inner offset=&#8220;vc_col-lg-8 vc_col-md-8 vc_col-xs-12&#8243;][vc_column_text]<\/p>\n<p data-start=\"0\" data-end=\"169\">Die Spielpl\u00e4tze sind ein zentraler Treffpunkt auf dem Kongsh\u00f8j Strand Camping. Hier treffen sich Kinder jeden Alters, und neue Urlaubsfreundschaften entstehen schnell.<\/p>\n<p data-start=\"171\" data-end=\"423\">Auf dem Platz haben wir zwei Spielpl\u00e4tze, die beide zentral gelegen sind, sodass Spiel und Aktivit\u00e4ten nie weit entfernt sind. Hier findet ihr unter anderem unsere zwei beliebten H\u00fcpfkissen \u2013 eines f\u00fcr die gr\u00f6\u00dferen Kinder und eines f\u00fcr die Kleinsten.<\/p>\n<p data-start=\"425\" data-end=\"765\">Im Jahr 2026 haben wir den Spielplatz mit einem ganz neuen und spannenden Spielbereich erweitert. Dazu geh\u00f6ren unter anderem eine neue Turmanlage, auf der die Kinder klettern, entdecken und in der H\u00f6he spielen k\u00f6nnen, eine gro\u00dfe Nestschaukel sowie gute M\u00f6glichkeiten zum Spielen im Sand, bei denen der Fantasie keine Grenzen gesetzt sind.<\/p>\n<p data-start=\"767\" data-end=\"969\">Der Spielplatz ist au\u00dferdem interaktiver geworden, sodass die Kinder spielen, sich bewegen und sowohl ihr Gleichgewicht als auch ihre Teamf\u00e4higkeit durch verschiedene Aktivit\u00e4ten herausfordern k\u00f6nnen.<\/p>\n<p data-start=\"971\" data-end=\"1207\">Dar\u00fcber hinaus findet ihr weiterhin viele lustige Spielger\u00e4te auf dem Platz \u2013 darunter Rutschen, Federtiere, Kletternetze und gem\u00fctliche Ecken mit Tisch-Bank-Sets, an denen sich die Familie versammeln kann, w\u00e4hrend die Kinder spielen.<\/p>\n<p data-start=\"1209\" data-end=\"1299\">Au\u00dferdem haben wir unsere beliebten Mooncars, die bei Kindern jeden Alters ein Hit sind.<\/p>\n<p data-start=\"1301\" data-end=\"1497\" data-is-last-node=\"\" data-is-only-node=\"\">Kurz gesagt sind die Spielpl\u00e4tze ein nat\u00fcrlicher Treffpunkt auf dem Campingplatz \u2013 ein Ort, an dem das Spielen den ganzen Tag weitergeht und an dem viele Kinder schnell neue Urlaubsfreunde finden.<\/p>\n<p>[\/vc_column_text][\/vc_column_inner][vc_column_inner offset=&#8220;vc_col-lg-4 vc_col-md-4 vc_col-xs-12&#8243;][\/vc_column_inner][\/vc_row_inner][vc_empty_space height=&#8220;60px&#8220;][vc_media_grid gap=&#8220;20&#8243; grid_id=&#8220;vc_gid:1773433955971-e9bd571d-9747-9&#8243; include=&#8220;900234,3630,900546,3635,3631,3634,3632,3633,900543,900540,900549&#8243;]<div class=\"ult-spacer spacer-6a07ca822fd00\" data-id=\"6a07ca822fd00\" data-height=\"90\" data-height-mobile=\"60\" data-height-tab=\"90\" data-height-tab-portrait=\"60\" data-height-mobile-landscape=\"60\" style=\"clear:both;display:block;\"><\/div>[\/vc_column][\/vc_row]<\/p>\n<\/section>","protected":false},"excerpt":{"rendered":"<p>Unsere zwei H\u00fcpfkissen sind unglaublich beliebt. Das eine ist f\u00fcr die \u201egr\u00f6\u00dferen\u201c Kinder, das andere f\u00fcr die Kleinsten.<\/p>\n","protected":false},"author":1,"featured_media":0,"parent":0,"menu_order":8,"comment_status":"closed","ping_status":"closed","template":"","meta":{"_acf_changed":false,"footnotes":""},"categories":[],"class_list":["post-900564","page","type-page","status-publish"],"acf":[],"yoast_head":"<!-- This site is optimized with the Yoast SEO plugin v27.2 - https:\/\/yoast.com\/product\/yoast-seo-wordpress\/ -->\n<title>Spielpl\u00e4tze &#183; Kongsh\u00f8j Camping<\/title>\n<meta name=\"robots\" content=\"index, follow, max-snippet:-1, max-image-preview:large, max-video-preview:-1\" \/>\n<link rel=\"canonical\" href=\"https:\/\/kongshojcamping.dk\/de\/spielplaetze\/\" \/>\n<meta property=\"og:locale\" content=\"de_DE\" \/>\n<meta property=\"og:type\" content=\"article\" \/>\n<meta property=\"og:title\" content=\"Spielpl\u00e4tze &#183; Kongsh\u00f8j Camping\" \/>\n<meta property=\"og:description\" content=\"Unsere zwei H\u00fcpfkissen sind unglaublich beliebt. Das eine ist f\u00fcr die \u201egr\u00f6\u00dferen\u201c Kinder, das andere f\u00fcr die Kleinsten.\" \/>\n<meta property=\"og:url\" content=\"https:\/\/kongshojcamping.dk\/de\/spielplaetze\/\" \/>\n<meta property=\"og:site_name\" content=\"Kongsh\u00f8j Camping\" \/>\n<meta property=\"article:modified_time\" content=\"2026-03-25T23:41:51+00:00\" \/>\n<meta name=\"twitter:card\" content=\"summary_large_image\" \/>\n<meta name=\"twitter:label1\" content=\"Gesch\u00e4tzte Lesezeit\" \/>\n\t<meta name=\"twitter:data1\" content=\"2\u00a0Minuten\" \/>\n<script type=\"application\/ld+json\" class=\"yoast-schema-graph\">{\"@context\":\"https:\/\/schema.org\",\"@graph\":[{\"@type\":\"WebPage\",\"@id\":\"https:\/\/kongshojcamping.dk\/de\/spielplaetze\/\",\"url\":\"https:\/\/kongshojcamping.dk\/de\/spielplaetze\/\",\"name\":\"Spielpl\u00e4tze &#183; Kongsh\u00f8j Camping\",\"isPartOf\":{\"@id\":\"https:\/\/kongshojcamping.dk\/de\/#website\"},\"datePublished\":\"2022-09-22T13:18:42+00:00\",\"dateModified\":\"2026-03-25T23:41:51+00:00\",\"breadcrumb\":{\"@id\":\"https:\/\/kongshojcamping.dk\/de\/spielplaetze\/#breadcrumb\"},\"inLanguage\":\"de\",\"potentialAction\":[{\"@type\":\"ReadAction\",\"target\":[\"https:\/\/kongshojcamping.dk\/de\/spielplaetze\/\"]}]},{\"@type\":\"BreadcrumbList\",\"@id\":\"https:\/\/kongshojcamping.dk\/de\/spielplaetze\/#breadcrumb\",\"itemListElement\":[{\"@type\":\"ListItem\",\"position\":1,\"name\":\"Hjem\",\"item\":\"https:\/\/kongshojcamping.dk\/de\/titelseite\/\"},{\"@type\":\"ListItem\",\"position\":2,\"name\":\"Spielpl\u00e4tze\"}]},{\"@type\":\"WebSite\",\"@id\":\"https:\/\/kongshojcamping.dk\/de\/#website\",\"url\":\"https:\/\/kongshojcamping.dk\/de\/\",\"name\":\"Kongsh\u00f8j Camping\",\"description\":\"Camping med campingplads og campinghytte n\u00e6r strand p\u00e5 Fyn\",\"publisher\":{\"@id\":\"https:\/\/kongshojcamping.dk\/de\/#organization\"},\"potentialAction\":[{\"@type\":\"SearchAction\",\"target\":{\"@type\":\"EntryPoint\",\"urlTemplate\":\"https:\/\/kongshojcamping.dk\/de\/?s={search_term_string}\"},\"query-input\":{\"@type\":\"PropertyValueSpecification\",\"valueRequired\":true,\"valueName\":\"search_term_string\"}}],\"inLanguage\":\"de\"},{\"@type\":\"Organization\",\"@id\":\"https:\/\/kongshojcamping.dk\/de\/#organization\",\"name\":\"Kongsh\u00f8j Camping\",\"url\":\"https:\/\/kongshojcamping.dk\/de\/\",\"logo\":{\"@type\":\"ImageObject\",\"inLanguage\":\"de\",\"@id\":\"https:\/\/kongshojcamping.dk\/de\/#\/schema\/logo\/image\/\",\"url\":\"https:\/\/kongshojcamping.dk\/wp-content\/uploads\/2022\/09\/layer-2.png\",\"contentUrl\":\"https:\/\/kongshojcamping.dk\/wp-content\/uploads\/2022\/09\/layer-2.png\",\"width\":997,\"height\":613,\"caption\":\"Kongsh\u00f8j Camping\"},\"image\":{\"@id\":\"https:\/\/kongshojcamping.dk\/de\/#\/schema\/logo\/image\/\"}}]}<\/script>\n<!-- \/ Yoast SEO plugin. -->","yoast_head_json":{"title":"Spielpl\u00e4tze &#183; Kongsh\u00f8j Camping","robots":{"index":"index","follow":"follow","max-snippet":"max-snippet:-1","max-image-preview":"max-image-preview:large","max-video-preview":"max-video-preview:-1"},"canonical":"https:\/\/kongshojcamping.dk\/de\/spielplaetze\/","og_locale":"de_DE","og_type":"article","og_title":"Spielpl\u00e4tze &#183; Kongsh\u00f8j Camping","og_description":"Unsere zwei H\u00fcpfkissen sind unglaublich beliebt. Das eine ist f\u00fcr die \u201egr\u00f6\u00dferen\u201c Kinder, das andere f\u00fcr die Kleinsten.","og_url":"https:\/\/kongshojcamping.dk\/de\/spielplaetze\/","og_site_name":"Kongsh\u00f8j Camping","article_modified_time":"2026-03-25T23:41:51+00:00","twitter_card":"summary_large_image","twitter_misc":{"Gesch\u00e4tzte Lesezeit":"2\u00a0Minuten"},"schema":{"@context":"https:\/\/schema.org","@graph":[{"@type":"WebPage","@id":"https:\/\/kongshojcamping.dk\/de\/spielplaetze\/","url":"https:\/\/kongshojcamping.dk\/de\/spielplaetze\/","name":"Spielpl\u00e4tze &#183; Kongsh\u00f8j Camping","isPartOf":{"@id":"https:\/\/kongshojcamping.dk\/de\/#website"},"datePublished":"2022-09-22T13:18:42+00:00","dateModified":"2026-03-25T23:41:51+00:00","breadcrumb":{"@id":"https:\/\/kongshojcamping.dk\/de\/spielplaetze\/#breadcrumb"},"inLanguage":"de","potentialAction":[{"@type":"ReadAction","target":["https:\/\/kongshojcamping.dk\/de\/spielplaetze\/"]}]},{"@type":"BreadcrumbList","@id":"https:\/\/kongshojcamping.dk\/de\/spielplaetze\/#breadcrumb","itemListElement":[{"@type":"ListItem","position":1,"name":"Hjem","item":"https:\/\/kongshojcamping.dk\/de\/titelseite\/"},{"@type":"ListItem","position":2,"name":"Spielpl\u00e4tze"}]},{"@type":"WebSite","@id":"https:\/\/kongshojcamping.dk\/de\/#website","url":"https:\/\/kongshojcamping.dk\/de\/","name":"Kongsh\u00f8j Camping","description":"Camping med campingplads og campinghytte n\u00e6r strand p\u00e5 Fyn","publisher":{"@id":"https:\/\/kongshojcamping.dk\/de\/#organization"},"potentialAction":[{"@type":"SearchAction","target":{"@type":"EntryPoint","urlTemplate":"https:\/\/kongshojcamping.dk\/de\/?s={search_term_string}"},"query-input":{"@type":"PropertyValueSpecification","valueRequired":true,"valueName":"search_term_string"}}],"inLanguage":"de"},{"@type":"Organization","@id":"https:\/\/kongshojcamping.dk\/de\/#organization","name":"Kongsh\u00f8j Camping","url":"https:\/\/kongshojcamping.dk\/de\/","logo":{"@type":"ImageObject","inLanguage":"de","@id":"https:\/\/kongshojcamping.dk\/de\/#\/schema\/logo\/image\/","url":"https:\/\/kongshojcamping.dk\/wp-content\/uploads\/2022\/09\/layer-2.png","contentUrl":"https:\/\/kongshojcamping.dk\/wp-content\/uploads\/2022\/09\/layer-2.png","width":997,"height":613,"caption":"Kongsh\u00f8j Camping"},"image":{"@id":"https:\/\/kongshojcamping.dk\/de\/#\/schema\/logo\/image\/"}}]}},"_links":{"self":[{"href":"https:\/\/kongshojcamping.dk\/de\/wp-json\/wp\/v2\/pages\/900564","targetHints":{"allow":["GET"]}}],"collection":[{"href":"https:\/\/kongshojcamping.dk\/de\/wp-json\/wp\/v2\/pages"}],"about":[{"href":"https:\/\/kongshojcamping.dk\/de\/wp-json\/wp\/v2\/types\/page"}],"author":[{"embeddable":true,"href":"https:\/\/kongshojcamping.dk\/de\/wp-json\/wp\/v2\/users\/1"}],"replies":[{"embeddable":true,"href":"https:\/\/kongshojcamping.dk\/de\/wp-json\/wp\/v2\/comments?post=900564"}],"version-history":[{"count":2,"href":"https:\/\/kongshojcamping.dk\/de\/wp-json\/wp\/v2\/pages\/900564\/revisions"}],"predecessor-version":[{"id":900566,"href":"https:\/\/kongshojcamping.dk\/de\/wp-json\/wp\/v2\/pages\/900564\/revisions\/900566"}],"wp:attachment":[{"href":"https:\/\/kongshojcamping.dk\/de\/wp-json\/wp\/v2\/media?parent=900564"}],"wp:term":[{"taxonomy":"category","embeddable":true,"href":"https:\/\/kongshojcamping.dk\/de\/wp-json\/wp\/v2\/categories?post=900564"}],"curies":[{"name":"wp","href":"https:\/\/api.w.org\/{rel}","templated":true}]}}