{"id":900571,"date":"2022-10-06T08:48:38","date_gmt":"2022-10-06T06:48:38","guid":{"rendered":"https:\/\/kongshojcamping.dk\/natur\/"},"modified":"2026-03-26T00:48:29","modified_gmt":"2026-03-25T23:48:29","slug":"natur","status":"publish","type":"page","link":"https:\/\/kongshojcamping.dk\/de\/natur\/","title":{"rendered":"Natur"},"content":{"rendered":"<section class=\"wpb-content-wrapper\"><p>[vc_row full_width=&#8220;stretch_row&#8220;][vc_column]<div class=\"ult-spacer spacer-69ed36efb3603\" data-id=\"69ed36efb3603\" data-height=\"90\" data-height-mobile=\"60\" data-height-tab=\"90\" data-height-tab-portrait=\"60\" data-height-mobile-landscape=\"60\" style=\"clear:both;display:block;\"><\/div>[vc_row_inner][vc_column_inner offset=&#8220;vc_col-lg-8 vc_col-md-8 vc_col-xs-12&#8243;][vc_column_text]<\/p>\n<p data-start=\"1711\" data-end=\"1809\">Auf dem Campingplatz und in der Umgebung gibt es eine Vielzahl an Naturerlebnissen zu entdecken.<\/p>\n<p data-start=\"1811\" data-end=\"2157\"><strong data-start=\"1811\" data-end=\"1825\">Badestrand<\/strong><br data-start=\"1825\" data-end=\"1828\" \/>Wir haben einen sch\u00f6nen Badestrand, der Jahr f\u00fcr Jahr mit der Blauen Flagge ausgezeichnet wird \u2013 ein Zeichen f\u00fcr sauberes und gutes Badewasser. Hier kann man viele Stunden an unserem kinderfreundlichen Strand verbringen. An warmen Sonnentagen sind Badeausfl\u00fcge ideal, und Eimer und Schaufel f\u00fcr die Kinder geh\u00f6ren einfach dazu.<\/p>\n<p data-start=\"2159\" data-end=\"2605\"><strong data-start=\"2159\" data-end=\"2181\">Angelm\u00f6glichkeiten<\/strong><br data-start=\"2181\" data-end=\"2184\" \/>Die Angel kann sowohl an der K\u00fcste als auch an unserem Moor ausgeworfen werden, und die Chancen, einen Hecht zu fangen \u2013 und sp\u00e4ter als Fischfrikadellen zu genie\u00dfen \u2013 sind gut. Besonders das Gebiet vor dem Campingplatz ist bei Anglern sehr beliebt. Bei Erfolg steht zudem eine gute Fischk\u00fcche zum Reinigen der Fische zur Verf\u00fcgung. Eigene Boote k\u00f6nnen ebenfalls mitgebracht werden, da wir einen eigenen Bootssteg haben.<\/p>\n<p data-start=\"2607\" data-end=\"2948\"><strong data-start=\"2607\" data-end=\"2637\">Unkenbiotop (Rotbauchunke)<\/strong><br data-start=\"2637\" data-end=\"2640\" \/>Im Jahr 2015 haben wir ein neues Biotop angelegt, um den Bestand der seltenen Rotbauchunke in Ostf\u00fcnen zu unterst\u00fctzen. Rund um das Gew\u00e4sser grasen unsere Tiere, und es bietet sich an, im Hundewald auf einer der B\u00e4nke zu sitzen und die Ruhe sowie den Blick \u00fcber das Wasser und das Kongsh\u00f8j-Tal zu genie\u00dfen.<\/p>\n<p data-start=\"2950\" data-end=\"3176\"><strong data-start=\"2950\" data-end=\"2965\">Wanderungen<\/strong><br data-start=\"2965\" data-end=\"2968\" \/>Wir haben mehrere verschiedene Wanderwege auf unserem eigenen Gel\u00e4nde sowie in den umliegenden W\u00e4ldern. Zum Beispiel gibt es unsere \u201eAussichtstour\u201c, bei der man den Blick \u00fcber den Gro\u00dfen Belt genie\u00dfen kann.<\/p>\n<p data-start=\"3178\" data-end=\"3333\">Nicht weit vom Campingplatz entfernt liegt au\u00dferdem ein gro\u00dfer Wald, in dem man schottische Hochlandrinder auf einer weiten Naturwiese grasen sehen kann.<\/p>\n<p data-start=\"3335\" data-end=\"3437\">Auch ein Spaziergang nach Revs\u00f8re lohnt sich \u2013 ein gem\u00fctliches, kleines, traditionelles Fischerdorf.<\/p>\n<p data-start=\"3439\" data-end=\"3627\" data-is-last-node=\"\" data-is-only-node=\"\"><strong data-start=\"3439\" data-end=\"3452\">Hundewald<\/strong><br data-start=\"3452\" data-end=\"3455\" \/>Wir haben einen 5.000 m\u00b2 gro\u00dfen, vollst\u00e4ndig eingez\u00e4unten Hundewald eingerichtet, in dem Hundebesitzer ihre Hunde frei laufen lassen k\u00f6nnen, damit sie sich austoben k\u00f6nnen.<\/p>\n<p>[\/vc_column_text][vc_empty_space height=&#8220;30px&#8220;][vc_btn title=&#8220;Book&#8220; style=&#8220;custom&#8220; custom_background=&#8220;#f8ca3c&#8220; custom_text=&#8220;#2d4750&#8243; shape=&#8220;square&#8220; align=&#8220;left&#8220; link=&#8220;url:https%3A%2F%2Fv3.onlinebooking.dk%2Fv3kongshoj|target:_blank|&#8220;]<div class=\"ult-spacer spacer-69ed36efb364a\" data-id=\"69ed36efb364a\" data-height=\"0\" data-height-mobile=\"30\" data-height-tab=\"0\" data-height-tab-portrait=\"0\" data-height-mobile-landscape=\"30\" style=\"clear:both;display:block;\"><\/div>[\/vc_column_inner][vc_column_inner offset=&#8220;vc_col-lg-4 vc_col-md-4 vc_col-xs-12&#8243;][\/vc_column_inner][\/vc_row_inner][vc_empty_space height=&#8220;60px&#8220;][vc_media_grid gap=&#8220;20&#8243; grid_id=&#8220;vc_gid:1705053104342-1cff742e-ab75-1&#8243; include=&#8220;3755,3756,3757,3758,3759,3760,3761,3762,3763,3764,3765,3766,3767,3768,3769,3770,3771,3772,3773,3774,3775,3776&#8243;]<div class=\"ult-spacer spacer-69ed36efb3680\" data-id=\"69ed36efb3680\" data-height=\"90\" data-height-mobile=\"60\" data-height-tab=\"90\" data-height-tab-portrait=\"60\" data-height-mobile-landscape=\"60\" style=\"clear:both;display:block;\"><\/div>[\/vc_column][\/vc_row]<\/p>\n<\/section>","protected":false},"excerpt":{"rendered":"<p>Erleben Sie die sch\u00f6ne Natur rund um den Campingplatz.<\/p>\n","protected":false},"author":1,"featured_media":0,"parent":0,"menu_order":14,"comment_status":"closed","ping_status":"closed","template":"","meta":{"_acf_changed":false,"footnotes":""},"categories":[],"class_list":["post-900571","page","type-page","status-publish"],"acf":[],"yoast_head":"<!-- This site is optimized with the Yoast SEO plugin v27.2 - https:\/\/yoast.com\/product\/yoast-seo-wordpress\/ -->\n<title>Natur &#183; Kongsh\u00f8j Camping<\/title>\n<meta name=\"robots\" content=\"index, follow, max-snippet:-1, max-image-preview:large, max-video-preview:-1\" \/>\n<link rel=\"canonical\" href=\"https:\/\/kongshojcamping.dk\/de\/natur\/\" \/>\n<meta property=\"og:locale\" content=\"de_DE\" \/>\n<meta property=\"og:type\" content=\"article\" \/>\n<meta property=\"og:title\" content=\"Natur &#183; Kongsh\u00f8j Camping\" \/>\n<meta property=\"og:description\" content=\"Erleben Sie die sch\u00f6ne Natur rund um den Campingplatz.\" \/>\n<meta property=\"og:url\" content=\"https:\/\/kongshojcamping.dk\/de\/natur\/\" \/>\n<meta property=\"og:site_name\" content=\"Kongsh\u00f8j Camping\" \/>\n<meta property=\"article:modified_time\" content=\"2026-03-25T23:48:29+00:00\" \/>\n<meta name=\"twitter:card\" content=\"summary_large_image\" \/>\n<meta name=\"twitter:label1\" content=\"Gesch\u00e4tzte Lesezeit\" \/>\n\t<meta name=\"twitter:data1\" content=\"2\u00a0Minuten\" \/>\n<script type=\"application\/ld+json\" class=\"yoast-schema-graph\">{\"@context\":\"https:\/\/schema.org\",\"@graph\":[{\"@type\":\"WebPage\",\"@id\":\"https:\/\/kongshojcamping.dk\/de\/natur\/\",\"url\":\"https:\/\/kongshojcamping.dk\/de\/natur\/\",\"name\":\"Natur &#183; Kongsh\u00f8j Camping\",\"isPartOf\":{\"@id\":\"https:\/\/kongshojcamping.dk\/de\/#website\"},\"datePublished\":\"2022-10-06T06:48:38+00:00\",\"dateModified\":\"2026-03-25T23:48:29+00:00\",\"breadcrumb\":{\"@id\":\"https:\/\/kongshojcamping.dk\/de\/natur\/#breadcrumb\"},\"inLanguage\":\"de\",\"potentialAction\":[{\"@type\":\"ReadAction\",\"target\":[\"https:\/\/kongshojcamping.dk\/de\/natur\/\"]}]},{\"@type\":\"BreadcrumbList\",\"@id\":\"https:\/\/kongshojcamping.dk\/de\/natur\/#breadcrumb\",\"itemListElement\":[{\"@type\":\"ListItem\",\"position\":1,\"name\":\"Hjem\",\"item\":\"https:\/\/kongshojcamping.dk\/de\/titelseite\/\"},{\"@type\":\"ListItem\",\"position\":2,\"name\":\"Natur\"}]},{\"@type\":\"WebSite\",\"@id\":\"https:\/\/kongshojcamping.dk\/de\/#website\",\"url\":\"https:\/\/kongshojcamping.dk\/de\/\",\"name\":\"Kongsh\u00f8j Camping\",\"description\":\"Camping med campingplads og campinghytte n\u00e6r strand p\u00e5 Fyn\",\"publisher\":{\"@id\":\"https:\/\/kongshojcamping.dk\/de\/#organization\"},\"potentialAction\":[{\"@type\":\"SearchAction\",\"target\":{\"@type\":\"EntryPoint\",\"urlTemplate\":\"https:\/\/kongshojcamping.dk\/de\/?s={search_term_string}\"},\"query-input\":{\"@type\":\"PropertyValueSpecification\",\"valueRequired\":true,\"valueName\":\"search_term_string\"}}],\"inLanguage\":\"de\"},{\"@type\":\"Organization\",\"@id\":\"https:\/\/kongshojcamping.dk\/de\/#organization\",\"name\":\"Kongsh\u00f8j Camping\",\"url\":\"https:\/\/kongshojcamping.dk\/de\/\",\"logo\":{\"@type\":\"ImageObject\",\"inLanguage\":\"de\",\"@id\":\"https:\/\/kongshojcamping.dk\/de\/#\/schema\/logo\/image\/\",\"url\":\"https:\/\/kongshojcamping.dk\/wp-content\/uploads\/2022\/09\/layer-2.png\",\"contentUrl\":\"https:\/\/kongshojcamping.dk\/wp-content\/uploads\/2022\/09\/layer-2.png\",\"width\":997,\"height\":613,\"caption\":\"Kongsh\u00f8j Camping\"},\"image\":{\"@id\":\"https:\/\/kongshojcamping.dk\/de\/#\/schema\/logo\/image\/\"}}]}<\/script>\n<!-- \/ Yoast SEO plugin. -->","yoast_head_json":{"title":"Natur &#183; Kongsh\u00f8j Camping","robots":{"index":"index","follow":"follow","max-snippet":"max-snippet:-1","max-image-preview":"max-image-preview:large","max-video-preview":"max-video-preview:-1"},"canonical":"https:\/\/kongshojcamping.dk\/de\/natur\/","og_locale":"de_DE","og_type":"article","og_title":"Natur &#183; Kongsh\u00f8j Camping","og_description":"Erleben Sie die sch\u00f6ne Natur rund um den Campingplatz.","og_url":"https:\/\/kongshojcamping.dk\/de\/natur\/","og_site_name":"Kongsh\u00f8j Camping","article_modified_time":"2026-03-25T23:48:29+00:00","twitter_card":"summary_large_image","twitter_misc":{"Gesch\u00e4tzte Lesezeit":"2\u00a0Minuten"},"schema":{"@context":"https:\/\/schema.org","@graph":[{"@type":"WebPage","@id":"https:\/\/kongshojcamping.dk\/de\/natur\/","url":"https:\/\/kongshojcamping.dk\/de\/natur\/","name":"Natur &#183; Kongsh\u00f8j Camping","isPartOf":{"@id":"https:\/\/kongshojcamping.dk\/de\/#website"},"datePublished":"2022-10-06T06:48:38+00:00","dateModified":"2026-03-25T23:48:29+00:00","breadcrumb":{"@id":"https:\/\/kongshojcamping.dk\/de\/natur\/#breadcrumb"},"inLanguage":"de","potentialAction":[{"@type":"ReadAction","target":["https:\/\/kongshojcamping.dk\/de\/natur\/"]}]},{"@type":"BreadcrumbList","@id":"https:\/\/kongshojcamping.dk\/de\/natur\/#breadcrumb","itemListElement":[{"@type":"ListItem","position":1,"name":"Hjem","item":"https:\/\/kongshojcamping.dk\/de\/titelseite\/"},{"@type":"ListItem","position":2,"name":"Natur"}]},{"@type":"WebSite","@id":"https:\/\/kongshojcamping.dk\/de\/#website","url":"https:\/\/kongshojcamping.dk\/de\/","name":"Kongsh\u00f8j Camping","description":"Camping med campingplads og campinghytte n\u00e6r strand p\u00e5 Fyn","publisher":{"@id":"https:\/\/kongshojcamping.dk\/de\/#organization"},"potentialAction":[{"@type":"SearchAction","target":{"@type":"EntryPoint","urlTemplate":"https:\/\/kongshojcamping.dk\/de\/?s={search_term_string}"},"query-input":{"@type":"PropertyValueSpecification","valueRequired":true,"valueName":"search_term_string"}}],"inLanguage":"de"},{"@type":"Organization","@id":"https:\/\/kongshojcamping.dk\/de\/#organization","name":"Kongsh\u00f8j Camping","url":"https:\/\/kongshojcamping.dk\/de\/","logo":{"@type":"ImageObject","inLanguage":"de","@id":"https:\/\/kongshojcamping.dk\/de\/#\/schema\/logo\/image\/","url":"https:\/\/kongshojcamping.dk\/wp-content\/uploads\/2022\/09\/layer-2.png","contentUrl":"https:\/\/kongshojcamping.dk\/wp-content\/uploads\/2022\/09\/layer-2.png","width":997,"height":613,"caption":"Kongsh\u00f8j Camping"},"image":{"@id":"https:\/\/kongshojcamping.dk\/de\/#\/schema\/logo\/image\/"}}]}},"_links":{"self":[{"href":"https:\/\/kongshojcamping.dk\/de\/wp-json\/wp\/v2\/pages\/900571","targetHints":{"allow":["GET"]}}],"collection":[{"href":"https:\/\/kongshojcamping.dk\/de\/wp-json\/wp\/v2\/pages"}],"about":[{"href":"https:\/\/kongshojcamping.dk\/de\/wp-json\/wp\/v2\/types\/page"}],"author":[{"embeddable":true,"href":"https:\/\/kongshojcamping.dk\/de\/wp-json\/wp\/v2\/users\/1"}],"replies":[{"embeddable":true,"href":"https:\/\/kongshojcamping.dk\/de\/wp-json\/wp\/v2\/comments?post=900571"}],"version-history":[{"count":2,"href":"https:\/\/kongshojcamping.dk\/de\/wp-json\/wp\/v2\/pages\/900571\/revisions"}],"predecessor-version":[{"id":900573,"href":"https:\/\/kongshojcamping.dk\/de\/wp-json\/wp\/v2\/pages\/900571\/revisions\/900573"}],"wp:attachment":[{"href":"https:\/\/kongshojcamping.dk\/de\/wp-json\/wp\/v2\/media?parent=900571"}],"wp:term":[{"taxonomy":"category","embeddable":true,"href":"https:\/\/kongshojcamping.dk\/de\/wp-json\/wp\/v2\/categories?post=900571"}],"curies":[{"name":"wp","href":"https:\/\/api.w.org\/{rel}","templated":true}]}}