{"id":900581,"date":"2022-10-06T08:43:49","date_gmt":"2022-10-06T06:43:49","guid":{"rendered":"https:\/\/kongshojcamping.dk\/hunde-auf-dem-campingplatz\/"},"modified":"2026-03-26T00:56:13","modified_gmt":"2026-03-25T23:56:13","slug":"hunde-auf-dem-campingplatz","status":"publish","type":"page","link":"https:\/\/kongshojcamping.dk\/de\/hunde-auf-dem-campingplatz\/","title":{"rendered":"Hunde auf dem Campingplatz"},"content":{"rendered":"<section class=\"wpb-content-wrapper\"><p>[vc_row full_width=&#8220;stretch_row&#8220;][vc_column]<div class=\"ult-spacer spacer-69f8c8964d511\" data-id=\"69f8c8964d511\" data-height=\"90\" data-height-mobile=\"60\" data-height-tab=\"90\" data-height-tab-portrait=\"60\" data-height-mobile-landscape=\"60\" style=\"clear:both;display:block;\"><\/div>[vc_row_inner][vc_column_inner offset=&#8220;vc_col-lg-8 vc_col-md-8 vc_col-xs-12&#8243;][vc_column_text]<\/p>\n<p data-start=\"1266\" data-end=\"1387\">Heute sind Hunde ein gro\u00dfer Teil der Familie, deshalb sollen sie nat\u00fcrlich auch mit in den Campingurlaub kommen d\u00fcrfen.<\/p>\n<p data-start=\"1389\" data-end=\"1648\">Es ist daher erlaubt, Ihren Hund mit auf den Kongsh\u00f8j Strand Camping zu bringen \u2013 egal ob Sie im eigenen Wohnwagen\/Zelt oder in einer unserer sch\u00f6nen Luxush\u00fctten \u00fcbernachten. Selbstverst\u00e4ndlich muss der Hund auf dem Campingplatz an der Leine gef\u00fchrt werden.<\/p>\n<p data-start=\"1650\" data-end=\"2107\">Wir bieten zahlreiche M\u00f6glichkeiten, sowohl Hunde als auch ihre Besitzer aktiv zu besch\u00e4ftigen. Wir verf\u00fcgen \u00fcber ein 20 Hektar gro\u00dfes Gebiet mit W\u00e4ldern und Feldern, in dem es verschiedene Wanderwege gibt. Egal, ob Sie entlang von Feldern, \u00fcber offene Wiesen, am Strand oder durch dichten Wald spazieren m\u00f6chten \u2013 bei uns ist alles m\u00f6glich. In der N\u00e4he des Campingplatzes liegt au\u00dferdem der gro\u00dfe T\u00e5ruplund-Wald, der noch mehr Wanderm\u00f6glichkeiten bietet.<\/p>\n<p data-start=\"2109\" data-end=\"2453\">Nat\u00fcrlich soll Ihr Hund auch die M\u00f6glichkeit haben, sich auszutoben und Energie loszuwerden. Daf\u00fcr haben wir unseren sehr beliebten Hundewald, in dem die Hunde auf einem 5.000 m\u00b2 gro\u00dfen, eingez\u00e4unten Gel\u00e4nde frei laufen k\u00f6nnen, w\u00e4hrend Sie sich auf einer der B\u00e4nke entspannen und den Blick \u00fcber unsere Tierweide und das Kongsh\u00f8j-Tal genie\u00dfen.<\/p>\n<p data-start=\"2455\" data-end=\"2552\">Wir freuen uns darauf, Sie und Ihre Hunde auf dem Kongsh\u00f8j Strand Camping willkommen zu hei\u00dfen.<\/p>\n<p data-start=\"2554\" data-end=\"2640\" data-is-last-node=\"\" data-is-only-node=\"\">Bei Fragen k\u00f6nnen Sie uns jederzeit unter (+45) 65 37 12 88 anrufen und mehr erfahren.<\/p>\n<p>[\/vc_column_text][vc_empty_space height=&#8220;30px&#8220;][vc_btn title=&#8220;Book&#8220; style=&#8220;custom&#8220; custom_background=&#8220;#f8ca3c&#8220; custom_text=&#8220;#2d4750&#8243; shape=&#8220;square&#8220; align=&#8220;left&#8220; link=&#8220;url:https%3A%2F%2Fv3.onlinebooking.dk%2Fv3kongshoj|target:_blank|&#8220;]<div class=\"ult-spacer spacer-69f8c8964d55e\" data-id=\"69f8c8964d55e\" data-height=\"0\" data-height-mobile=\"30\" data-height-tab=\"0\" data-height-tab-portrait=\"0\" data-height-mobile-landscape=\"30\" style=\"clear:both;display:block;\"><\/div>[\/vc_column_inner][vc_column_inner offset=&#8220;vc_col-lg-4 vc_col-md-4 vc_col-xs-12&#8243;][\/vc_column_inner][\/vc_row_inner][vc_empty_space height=&#8220;60px&#8220;][vc_media_grid gap=&#8220;20&#8243; grid_id=&#8220;vc_gid:1705053073661-224f8aa7-3447-4&#8243; include=&#8220;3747,3748,3749,3750,3751,3752&#8243;]<div class=\"ult-spacer spacer-69f8c8964d586\" data-id=\"69f8c8964d586\" data-height=\"90\" data-height-mobile=\"60\" data-height-tab=\"90\" data-height-tab-portrait=\"60\" data-height-mobile-landscape=\"60\" style=\"clear:both;display:block;\"><\/div>[\/vc_column][\/vc_row]<\/p>\n<\/section>","protected":false},"excerpt":{"rendered":"<p>Nehmen Sie den besten Freund des Menschen mit in den Urlaub.<\/p>\n","protected":false},"author":1,"featured_media":0,"parent":0,"menu_order":14,"comment_status":"closed","ping_status":"closed","template":"","meta":{"_acf_changed":false,"footnotes":""},"categories":[],"class_list":["post-900581","page","type-page","status-publish"],"acf":[],"yoast_head":"<!-- This site is optimized with the Yoast SEO plugin v27.2 - https:\/\/yoast.com\/product\/yoast-seo-wordpress\/ -->\n<title>Hunde auf dem Campingplatz &#183; Kongsh\u00f8j Camping<\/title>\n<meta name=\"robots\" content=\"index, follow, max-snippet:-1, max-image-preview:large, max-video-preview:-1\" \/>\n<link rel=\"canonical\" href=\"https:\/\/kongshojcamping.dk\/de\/hunde-auf-dem-campingplatz\/\" \/>\n<meta property=\"og:locale\" content=\"de_DE\" \/>\n<meta property=\"og:type\" content=\"article\" \/>\n<meta property=\"og:title\" content=\"Hunde auf dem Campingplatz &#183; Kongsh\u00f8j Camping\" \/>\n<meta property=\"og:description\" content=\"Nehmen Sie den besten Freund des Menschen mit in den Urlaub.\" \/>\n<meta property=\"og:url\" content=\"https:\/\/kongshojcamping.dk\/de\/hunde-auf-dem-campingplatz\/\" \/>\n<meta property=\"og:site_name\" content=\"Kongsh\u00f8j Camping\" \/>\n<meta property=\"article:modified_time\" content=\"2026-03-25T23:56:13+00:00\" \/>\n<meta name=\"twitter:card\" content=\"summary_large_image\" \/>\n<meta name=\"twitter:label1\" content=\"Gesch\u00e4tzte Lesezeit\" \/>\n\t<meta name=\"twitter:data1\" content=\"2\u00a0Minuten\" \/>\n<script type=\"application\/ld+json\" class=\"yoast-schema-graph\">{\"@context\":\"https:\/\/schema.org\",\"@graph\":[{\"@type\":\"WebPage\",\"@id\":\"https:\/\/kongshojcamping.dk\/de\/hunde-auf-dem-campingplatz\/\",\"url\":\"https:\/\/kongshojcamping.dk\/de\/hunde-auf-dem-campingplatz\/\",\"name\":\"Hunde auf dem Campingplatz &#183; Kongsh\u00f8j Camping\",\"isPartOf\":{\"@id\":\"https:\/\/kongshojcamping.dk\/de\/#website\"},\"datePublished\":\"2022-10-06T06:43:49+00:00\",\"dateModified\":\"2026-03-25T23:56:13+00:00\",\"breadcrumb\":{\"@id\":\"https:\/\/kongshojcamping.dk\/de\/hunde-auf-dem-campingplatz\/#breadcrumb\"},\"inLanguage\":\"de\",\"potentialAction\":[{\"@type\":\"ReadAction\",\"target\":[\"https:\/\/kongshojcamping.dk\/de\/hunde-auf-dem-campingplatz\/\"]}]},{\"@type\":\"BreadcrumbList\",\"@id\":\"https:\/\/kongshojcamping.dk\/de\/hunde-auf-dem-campingplatz\/#breadcrumb\",\"itemListElement\":[{\"@type\":\"ListItem\",\"position\":1,\"name\":\"Hjem\",\"item\":\"https:\/\/kongshojcamping.dk\/de\/titelseite\/\"},{\"@type\":\"ListItem\",\"position\":2,\"name\":\"Hunde auf dem Campingplatz\"}]},{\"@type\":\"WebSite\",\"@id\":\"https:\/\/kongshojcamping.dk\/de\/#website\",\"url\":\"https:\/\/kongshojcamping.dk\/de\/\",\"name\":\"Kongsh\u00f8j Camping\",\"description\":\"Camping med campingplads og campinghytte n\u00e6r strand p\u00e5 Fyn\",\"publisher\":{\"@id\":\"https:\/\/kongshojcamping.dk\/de\/#organization\"},\"potentialAction\":[{\"@type\":\"SearchAction\",\"target\":{\"@type\":\"EntryPoint\",\"urlTemplate\":\"https:\/\/kongshojcamping.dk\/de\/?s={search_term_string}\"},\"query-input\":{\"@type\":\"PropertyValueSpecification\",\"valueRequired\":true,\"valueName\":\"search_term_string\"}}],\"inLanguage\":\"de\"},{\"@type\":\"Organization\",\"@id\":\"https:\/\/kongshojcamping.dk\/de\/#organization\",\"name\":\"Kongsh\u00f8j Camping\",\"url\":\"https:\/\/kongshojcamping.dk\/de\/\",\"logo\":{\"@type\":\"ImageObject\",\"inLanguage\":\"de\",\"@id\":\"https:\/\/kongshojcamping.dk\/de\/#\/schema\/logo\/image\/\",\"url\":\"https:\/\/kongshojcamping.dk\/wp-content\/uploads\/2022\/09\/layer-2.png\",\"contentUrl\":\"https:\/\/kongshojcamping.dk\/wp-content\/uploads\/2022\/09\/layer-2.png\",\"width\":997,\"height\":613,\"caption\":\"Kongsh\u00f8j Camping\"},\"image\":{\"@id\":\"https:\/\/kongshojcamping.dk\/de\/#\/schema\/logo\/image\/\"}}]}<\/script>\n<!-- \/ Yoast SEO plugin. -->","yoast_head_json":{"title":"Hunde auf dem Campingplatz &#183; Kongsh\u00f8j Camping","robots":{"index":"index","follow":"follow","max-snippet":"max-snippet:-1","max-image-preview":"max-image-preview:large","max-video-preview":"max-video-preview:-1"},"canonical":"https:\/\/kongshojcamping.dk\/de\/hunde-auf-dem-campingplatz\/","og_locale":"de_DE","og_type":"article","og_title":"Hunde auf dem Campingplatz &#183; Kongsh\u00f8j Camping","og_description":"Nehmen Sie den besten Freund des Menschen mit in den Urlaub.","og_url":"https:\/\/kongshojcamping.dk\/de\/hunde-auf-dem-campingplatz\/","og_site_name":"Kongsh\u00f8j Camping","article_modified_time":"2026-03-25T23:56:13+00:00","twitter_card":"summary_large_image","twitter_misc":{"Gesch\u00e4tzte Lesezeit":"2\u00a0Minuten"},"schema":{"@context":"https:\/\/schema.org","@graph":[{"@type":"WebPage","@id":"https:\/\/kongshojcamping.dk\/de\/hunde-auf-dem-campingplatz\/","url":"https:\/\/kongshojcamping.dk\/de\/hunde-auf-dem-campingplatz\/","name":"Hunde auf dem Campingplatz &#183; Kongsh\u00f8j Camping","isPartOf":{"@id":"https:\/\/kongshojcamping.dk\/de\/#website"},"datePublished":"2022-10-06T06:43:49+00:00","dateModified":"2026-03-25T23:56:13+00:00","breadcrumb":{"@id":"https:\/\/kongshojcamping.dk\/de\/hunde-auf-dem-campingplatz\/#breadcrumb"},"inLanguage":"de","potentialAction":[{"@type":"ReadAction","target":["https:\/\/kongshojcamping.dk\/de\/hunde-auf-dem-campingplatz\/"]}]},{"@type":"BreadcrumbList","@id":"https:\/\/kongshojcamping.dk\/de\/hunde-auf-dem-campingplatz\/#breadcrumb","itemListElement":[{"@type":"ListItem","position":1,"name":"Hjem","item":"https:\/\/kongshojcamping.dk\/de\/titelseite\/"},{"@type":"ListItem","position":2,"name":"Hunde auf dem Campingplatz"}]},{"@type":"WebSite","@id":"https:\/\/kongshojcamping.dk\/de\/#website","url":"https:\/\/kongshojcamping.dk\/de\/","name":"Kongsh\u00f8j Camping","description":"Camping med campingplads og campinghytte n\u00e6r strand p\u00e5 Fyn","publisher":{"@id":"https:\/\/kongshojcamping.dk\/de\/#organization"},"potentialAction":[{"@type":"SearchAction","target":{"@type":"EntryPoint","urlTemplate":"https:\/\/kongshojcamping.dk\/de\/?s={search_term_string}"},"query-input":{"@type":"PropertyValueSpecification","valueRequired":true,"valueName":"search_term_string"}}],"inLanguage":"de"},{"@type":"Organization","@id":"https:\/\/kongshojcamping.dk\/de\/#organization","name":"Kongsh\u00f8j Camping","url":"https:\/\/kongshojcamping.dk\/de\/","logo":{"@type":"ImageObject","inLanguage":"de","@id":"https:\/\/kongshojcamping.dk\/de\/#\/schema\/logo\/image\/","url":"https:\/\/kongshojcamping.dk\/wp-content\/uploads\/2022\/09\/layer-2.png","contentUrl":"https:\/\/kongshojcamping.dk\/wp-content\/uploads\/2022\/09\/layer-2.png","width":997,"height":613,"caption":"Kongsh\u00f8j Camping"},"image":{"@id":"https:\/\/kongshojcamping.dk\/de\/#\/schema\/logo\/image\/"}}]}},"_links":{"self":[{"href":"https:\/\/kongshojcamping.dk\/de\/wp-json\/wp\/v2\/pages\/900581","targetHints":{"allow":["GET"]}}],"collection":[{"href":"https:\/\/kongshojcamping.dk\/de\/wp-json\/wp\/v2\/pages"}],"about":[{"href":"https:\/\/kongshojcamping.dk\/de\/wp-json\/wp\/v2\/types\/page"}],"author":[{"embeddable":true,"href":"https:\/\/kongshojcamping.dk\/de\/wp-json\/wp\/v2\/users\/1"}],"replies":[{"embeddable":true,"href":"https:\/\/kongshojcamping.dk\/de\/wp-json\/wp\/v2\/comments?post=900581"}],"version-history":[{"count":2,"href":"https:\/\/kongshojcamping.dk\/de\/wp-json\/wp\/v2\/pages\/900581\/revisions"}],"predecessor-version":[{"id":900583,"href":"https:\/\/kongshojcamping.dk\/de\/wp-json\/wp\/v2\/pages\/900581\/revisions\/900583"}],"wp:attachment":[{"href":"https:\/\/kongshojcamping.dk\/de\/wp-json\/wp\/v2\/media?parent=900581"}],"wp:term":[{"taxonomy":"category","embeddable":true,"href":"https:\/\/kongshojcamping.dk\/de\/wp-json\/wp\/v2\/categories?post=900581"}],"curies":[{"name":"wp","href":"https:\/\/api.w.org\/{rel}","templated":true}]}}