{"id":900588,"date":"2022-09-22T15:18:42","date_gmt":"2022-09-22T13:18:42","guid":{"rendered":"https:\/\/kongshojcamping.dk\/tiere-zum-streicheln\/"},"modified":"2026-03-26T01:03:28","modified_gmt":"2026-03-26T00:03:28","slug":"tiere-zum-streicheln","status":"publish","type":"page","link":"https:\/\/kongshojcamping.dk\/de\/tiere-zum-streicheln\/","title":{"rendered":"Tiere zum Streicheln"},"content":{"rendered":"<section class=\"wpb-content-wrapper\"><p>[vc_row full_width=&#8220;stretch_row&#8220;][vc_column]<div class=\"ult-spacer spacer-69ed680c43d38\" data-id=\"69ed680c43d38\" data-height=\"90\" data-height-mobile=\"60\" data-height-tab=\"90\" data-height-tab-portrait=\"60\" data-height-mobile-landscape=\"60\" style=\"clear:both;display:block;\"><\/div>[vc_row_inner][vc_column_inner offset=&#8220;vc_col-lg-8 vc_col-md-8 vc_col-xs-12&#8243;][vc_column_text]<\/p>\n<p data-start=\"1138\" data-end=\"1393\"><strong data-start=\"1138\" data-end=\"1204\">Streicheltiere \u2013 ein echtes Erlebnis f\u00fcr Kinder und Erwachsene<\/strong><br data-start=\"1204\" data-end=\"1207\" \/>Eines der beliebtesten Angebote auf dem Platz sind unsere Streicheltiere. Sie laufen frei herum, genie\u00dfen ihr Leben \u2013 und lieben es, von Kindern und Erwachsenen gestreichelt zu werden.<\/p>\n<p data-start=\"1395\" data-end=\"1719\">Jeden Sommer bekommen wir neue Zicklein, L\u00e4mmer und junge Kaninchen, wobei besonders die Kaninchen sehr beliebt sind. Es ist etwas ganz Besonderes, ein kleines, weiches Kaninchen im Arm zu halten \u2013 ruhig, gem\u00fctlich und eine sch\u00f6ne Pause von Bildschirmen und Elektronik. Die Tiere sind eine gro\u00dfe Freude f\u00fcr Gro\u00df und Klein.<\/p>\n<p data-start=\"1721\" data-end=\"1843\">Wir haben verschiedene Tiere auf dem Platz: Kaninchen, Ziegen, Schafe \u2013 sowie unsere zwei Shetlandponys Berta und Sofus.<\/p>\n<p data-start=\"1845\" data-end=\"1889\">Die Tiere sind auf zwei Bereiche verteilt:<\/p>\n<p data-start=\"1891\" data-end=\"2199\">Auf der gro\u00dfen Weide beim Moor laufen Schafe, Ziegen und Ponys frei und grasen die Wiese sowie das Gebiet rund um das Unkenbiotop ab.<br data-start=\"2024\" data-end=\"2027\" \/>Im Mini-Zoo beim Spielplatz befinden sich unsere zahmen Ziegen und Kaninchen. Hier k\u00f6nnen Sie gerne hineingehen und die Tiere besuchen \u2013 unter Aufsicht eines Erwachsenen.<\/p>\n<p data-start=\"2201\" data-end=\"2341\" data-is-last-node=\"\" data-is-only-node=\"\">Alle unsere Tiere sind an Menschen gew\u00f6hnt und f\u00fchlen sich wohl im Kontakt mit G\u00e4sten, die Freude daran haben, Zeit mit ihnen zu verbringen.<\/p>\n<p>[\/vc_column_text][\/vc_column_inner][vc_column_inner offset=&#8220;vc_col-lg-4 vc_col-md-4 vc_col-xs-12&#8243;][\/vc_column_inner][\/vc_row_inner][vc_empty_space height=&#8220;60px&#8220;][vc_media_grid gap=&#8220;20&#8243; grid_id=&#8220;vc_gid:1743862987858-33daf6d0-b8ee-9&#8243; include=&#8220;3647,3656,3648,900226,3649,900229,3651,3653,3654&#8243;]<div class=\"ult-spacer spacer-69ed680c43d96\" data-id=\"69ed680c43d96\" data-height=\"90\" data-height-mobile=\"60\" data-height-tab=\"90\" data-height-tab-portrait=\"60\" data-height-mobile-landscape=\"60\" style=\"clear:both;display:block;\"><\/div>[\/vc_column][\/vc_row]<\/p>\n<\/section>","protected":false},"excerpt":{"rendered":"<p>Unsere Streicheltiere laufen frei herum, genie\u00dfen das Leben und freuen sich darauf, von Kindern und Erwachsenen gestreichelt zu werden.<\/p>\n","protected":false},"author":1,"featured_media":0,"parent":0,"menu_order":10,"comment_status":"closed","ping_status":"closed","template":"","meta":{"_acf_changed":false,"footnotes":""},"categories":[],"class_list":["post-900588","page","type-page","status-publish"],"acf":[],"yoast_head":"<!-- This site is optimized with the Yoast SEO plugin v27.2 - https:\/\/yoast.com\/product\/yoast-seo-wordpress\/ -->\n<title>Tiere zum Streicheln &#183; Kongsh\u00f8j Camping<\/title>\n<meta name=\"robots\" content=\"index, follow, max-snippet:-1, max-image-preview:large, max-video-preview:-1\" \/>\n<link rel=\"canonical\" href=\"https:\/\/kongshojcamping.dk\/de\/tiere-zum-streicheln\/\" \/>\n<meta property=\"og:locale\" content=\"de_DE\" \/>\n<meta property=\"og:type\" content=\"article\" \/>\n<meta property=\"og:title\" content=\"Tiere zum Streicheln &#183; Kongsh\u00f8j Camping\" \/>\n<meta property=\"og:description\" content=\"Unsere Streicheltiere laufen frei herum, genie\u00dfen das Leben und freuen sich darauf, von Kindern und Erwachsenen gestreichelt zu werden.\" \/>\n<meta property=\"og:url\" content=\"https:\/\/kongshojcamping.dk\/de\/tiere-zum-streicheln\/\" \/>\n<meta property=\"og:site_name\" content=\"Kongsh\u00f8j Camping\" \/>\n<meta property=\"article:modified_time\" content=\"2026-03-26T00:03:28+00:00\" \/>\n<meta name=\"twitter:card\" content=\"summary_large_image\" \/>\n<meta name=\"twitter:label1\" content=\"Gesch\u00e4tzte Lesezeit\" \/>\n\t<meta name=\"twitter:data1\" content=\"1\u00a0Minute\" \/>\n<script type=\"application\/ld+json\" class=\"yoast-schema-graph\">{\"@context\":\"https:\/\/schema.org\",\"@graph\":[{\"@type\":\"WebPage\",\"@id\":\"https:\/\/kongshojcamping.dk\/de\/tiere-zum-streicheln\/\",\"url\":\"https:\/\/kongshojcamping.dk\/de\/tiere-zum-streicheln\/\",\"name\":\"Tiere zum Streicheln &#183; Kongsh\u00f8j Camping\",\"isPartOf\":{\"@id\":\"https:\/\/kongshojcamping.dk\/de\/#website\"},\"datePublished\":\"2022-09-22T13:18:42+00:00\",\"dateModified\":\"2026-03-26T00:03:28+00:00\",\"breadcrumb\":{\"@id\":\"https:\/\/kongshojcamping.dk\/de\/tiere-zum-streicheln\/#breadcrumb\"},\"inLanguage\":\"de\",\"potentialAction\":[{\"@type\":\"ReadAction\",\"target\":[\"https:\/\/kongshojcamping.dk\/de\/tiere-zum-streicheln\/\"]}]},{\"@type\":\"BreadcrumbList\",\"@id\":\"https:\/\/kongshojcamping.dk\/de\/tiere-zum-streicheln\/#breadcrumb\",\"itemListElement\":[{\"@type\":\"ListItem\",\"position\":1,\"name\":\"Hjem\",\"item\":\"https:\/\/kongshojcamping.dk\/de\/titelseite\/\"},{\"@type\":\"ListItem\",\"position\":2,\"name\":\"Tiere zum Streicheln\"}]},{\"@type\":\"WebSite\",\"@id\":\"https:\/\/kongshojcamping.dk\/de\/#website\",\"url\":\"https:\/\/kongshojcamping.dk\/de\/\",\"name\":\"Kongsh\u00f8j Camping\",\"description\":\"Camping med campingplads og campinghytte n\u00e6r strand p\u00e5 Fyn\",\"publisher\":{\"@id\":\"https:\/\/kongshojcamping.dk\/de\/#organization\"},\"potentialAction\":[{\"@type\":\"SearchAction\",\"target\":{\"@type\":\"EntryPoint\",\"urlTemplate\":\"https:\/\/kongshojcamping.dk\/de\/?s={search_term_string}\"},\"query-input\":{\"@type\":\"PropertyValueSpecification\",\"valueRequired\":true,\"valueName\":\"search_term_string\"}}],\"inLanguage\":\"de\"},{\"@type\":\"Organization\",\"@id\":\"https:\/\/kongshojcamping.dk\/de\/#organization\",\"name\":\"Kongsh\u00f8j Camping\",\"url\":\"https:\/\/kongshojcamping.dk\/de\/\",\"logo\":{\"@type\":\"ImageObject\",\"inLanguage\":\"de\",\"@id\":\"https:\/\/kongshojcamping.dk\/de\/#\/schema\/logo\/image\/\",\"url\":\"https:\/\/kongshojcamping.dk\/wp-content\/uploads\/2022\/09\/layer-2.png\",\"contentUrl\":\"https:\/\/kongshojcamping.dk\/wp-content\/uploads\/2022\/09\/layer-2.png\",\"width\":997,\"height\":613,\"caption\":\"Kongsh\u00f8j Camping\"},\"image\":{\"@id\":\"https:\/\/kongshojcamping.dk\/de\/#\/schema\/logo\/image\/\"}}]}<\/script>\n<!-- \/ Yoast SEO plugin. -->","yoast_head_json":{"title":"Tiere zum Streicheln &#183; Kongsh\u00f8j Camping","robots":{"index":"index","follow":"follow","max-snippet":"max-snippet:-1","max-image-preview":"max-image-preview:large","max-video-preview":"max-video-preview:-1"},"canonical":"https:\/\/kongshojcamping.dk\/de\/tiere-zum-streicheln\/","og_locale":"de_DE","og_type":"article","og_title":"Tiere zum Streicheln &#183; Kongsh\u00f8j Camping","og_description":"Unsere Streicheltiere laufen frei herum, genie\u00dfen das Leben und freuen sich darauf, von Kindern und Erwachsenen gestreichelt zu werden.","og_url":"https:\/\/kongshojcamping.dk\/de\/tiere-zum-streicheln\/","og_site_name":"Kongsh\u00f8j Camping","article_modified_time":"2026-03-26T00:03:28+00:00","twitter_card":"summary_large_image","twitter_misc":{"Gesch\u00e4tzte Lesezeit":"1\u00a0Minute"},"schema":{"@context":"https:\/\/schema.org","@graph":[{"@type":"WebPage","@id":"https:\/\/kongshojcamping.dk\/de\/tiere-zum-streicheln\/","url":"https:\/\/kongshojcamping.dk\/de\/tiere-zum-streicheln\/","name":"Tiere zum Streicheln &#183; Kongsh\u00f8j Camping","isPartOf":{"@id":"https:\/\/kongshojcamping.dk\/de\/#website"},"datePublished":"2022-09-22T13:18:42+00:00","dateModified":"2026-03-26T00:03:28+00:00","breadcrumb":{"@id":"https:\/\/kongshojcamping.dk\/de\/tiere-zum-streicheln\/#breadcrumb"},"inLanguage":"de","potentialAction":[{"@type":"ReadAction","target":["https:\/\/kongshojcamping.dk\/de\/tiere-zum-streicheln\/"]}]},{"@type":"BreadcrumbList","@id":"https:\/\/kongshojcamping.dk\/de\/tiere-zum-streicheln\/#breadcrumb","itemListElement":[{"@type":"ListItem","position":1,"name":"Hjem","item":"https:\/\/kongshojcamping.dk\/de\/titelseite\/"},{"@type":"ListItem","position":2,"name":"Tiere zum Streicheln"}]},{"@type":"WebSite","@id":"https:\/\/kongshojcamping.dk\/de\/#website","url":"https:\/\/kongshojcamping.dk\/de\/","name":"Kongsh\u00f8j Camping","description":"Camping med campingplads og campinghytte n\u00e6r strand p\u00e5 Fyn","publisher":{"@id":"https:\/\/kongshojcamping.dk\/de\/#organization"},"potentialAction":[{"@type":"SearchAction","target":{"@type":"EntryPoint","urlTemplate":"https:\/\/kongshojcamping.dk\/de\/?s={search_term_string}"},"query-input":{"@type":"PropertyValueSpecification","valueRequired":true,"valueName":"search_term_string"}}],"inLanguage":"de"},{"@type":"Organization","@id":"https:\/\/kongshojcamping.dk\/de\/#organization","name":"Kongsh\u00f8j Camping","url":"https:\/\/kongshojcamping.dk\/de\/","logo":{"@type":"ImageObject","inLanguage":"de","@id":"https:\/\/kongshojcamping.dk\/de\/#\/schema\/logo\/image\/","url":"https:\/\/kongshojcamping.dk\/wp-content\/uploads\/2022\/09\/layer-2.png","contentUrl":"https:\/\/kongshojcamping.dk\/wp-content\/uploads\/2022\/09\/layer-2.png","width":997,"height":613,"caption":"Kongsh\u00f8j Camping"},"image":{"@id":"https:\/\/kongshojcamping.dk\/de\/#\/schema\/logo\/image\/"}}]}},"_links":{"self":[{"href":"https:\/\/kongshojcamping.dk\/de\/wp-json\/wp\/v2\/pages\/900588","targetHints":{"allow":["GET"]}}],"collection":[{"href":"https:\/\/kongshojcamping.dk\/de\/wp-json\/wp\/v2\/pages"}],"about":[{"href":"https:\/\/kongshojcamping.dk\/de\/wp-json\/wp\/v2\/types\/page"}],"author":[{"embeddable":true,"href":"https:\/\/kongshojcamping.dk\/de\/wp-json\/wp\/v2\/users\/1"}],"replies":[{"embeddable":true,"href":"https:\/\/kongshojcamping.dk\/de\/wp-json\/wp\/v2\/comments?post=900588"}],"version-history":[{"count":2,"href":"https:\/\/kongshojcamping.dk\/de\/wp-json\/wp\/v2\/pages\/900588\/revisions"}],"predecessor-version":[{"id":900590,"href":"https:\/\/kongshojcamping.dk\/de\/wp-json\/wp\/v2\/pages\/900588\/revisions\/900590"}],"wp:attachment":[{"href":"https:\/\/kongshojcamping.dk\/de\/wp-json\/wp\/v2\/media?parent=900588"}],"wp:term":[{"taxonomy":"category","embeddable":true,"href":"https:\/\/kongshojcamping.dk\/de\/wp-json\/wp\/v2\/categories?post=900588"}],"curies":[{"name":"wp","href":"https:\/\/api.w.org\/{rel}","templated":true}]}}