{"id":900595,"date":"2022-09-22T15:18:42","date_gmt":"2022-09-22T13:18:42","guid":{"rendered":"https:\/\/kongshojcamping.dk\/freizeithalle\/"},"modified":"2026-03-26T01:10:55","modified_gmt":"2026-03-26T00:10:55","slug":"freizeithalle","status":"publish","type":"page","link":"https:\/\/kongshojcamping.dk\/de\/freizeithalle\/","title":{"rendered":"Freizeithalle"},"content":{"rendered":"<section class=\"wpb-content-wrapper\"><p>[vc_row full_width=&#8220;stretch_row&#8220;][vc_column]<div class=\"ult-spacer spacer-69ed02bed9c88\" data-id=\"69ed02bed9c88\" data-height=\"90\" data-height-mobile=\"60\" data-height-tab=\"90\" data-height-tab-portrait=\"60\" data-height-mobile-landscape=\"60\" style=\"clear:both;display:block;\"><\/div>[vc_row_inner][vc_column_inner offset=&#8220;vc_col-lg-8 vc_col-md-8 vc_col-xs-12&#8243;][vc_column_text]<\/p>\n<p data-start=\"986\" data-end=\"1323\"><strong data-start=\"986\" data-end=\"1011\">ndoor-Mehrzweckhalle<\/strong><br data-start=\"1011\" data-end=\"1014\" \/>Auf dem Campingplatz haben wir eine helle und einladende Mehrzweckhalle mit vielen Aktivit\u00e4tsm\u00f6glichkeiten, darunter Badminton, Tischtennis, Dart, Tischfu\u00dfball und ein Greifautomat mit Kuscheltieren. So k\u00f6nnen alle Altersgruppen mitmachen \u2013 von kleinen Kindern bis hin zu \u201eambitionierten\u201c Badmintonspielern.<\/p>\n<p data-start=\"1325\" data-end=\"1489\">Die Halle ist isoliert und dadurch bei jedem Wetter angenehm zu nutzen. Deshalb wird sie auch f\u00fcr Veranstaltungen genutzt, wenn das Wetter einmal nicht mitspielt.<\/p>\n<p data-start=\"1491\" data-end=\"1710\">Neben den t\u00e4glichen Aktivit\u00e4ten wird die Halle auch f\u00fcr gr\u00f6\u00dfere Events genutzt \u2013 zum Beispiel, wenn der bekannte Bauchredner <span class=\"hover:entity-accent entity-underline inline cursor-pointer align-baseline\"><span class=\"whitespace-normal\">Preben Palsg\u00e5rd<\/span><\/span> zu Besuch kommt, sowie f\u00fcr Flohm\u00e4rkte und vieles mehr.<\/p>\n<p data-start=\"1712\" data-end=\"1853\">Nicht zuletzt wird sie auch f\u00fcr gro\u00dfe gemeinsame Veranstaltungen genutzt, wie das j\u00e4hrliche Erntefest und gemeinsames Essen mit Spanferkel.<\/p>\n<p data-start=\"1855\" data-end=\"1988\" data-is-last-node=\"\" data-is-only-node=\"\">In den Wintermonaten (1. Oktober \u2013 1. April) wird die Halle zur Lagerung genutzt und steht daher nicht f\u00fcr Aktivit\u00e4ten zur Verf\u00fcgung.<\/p>\n<p>[\/vc_column_text][\/vc_column_inner][vc_column_inner offset=&#8220;vc_col-lg-4 vc_col-md-4 vc_col-xs-12&#8243;][\/vc_column_inner][\/vc_row_inner][vc_empty_space height=&#8220;60px&#8220;][vc_media_grid gap=&#8220;20&#8243; grid_id=&#8220;vc_gid:1741689470711-9722b459-4866-6&#8243; include=&#8220;900245,3643,3640,3641,3642,3639&#8243;]<div class=\"ult-spacer spacer-69ed02bed9ccf\" data-id=\"69ed02bed9ccf\" data-height=\"90\" data-height-mobile=\"60\" data-height-tab=\"90\" data-height-tab-portrait=\"60\" data-height-mobile-landscape=\"60\" style=\"clear:both;display:block;\"><\/div>[\/vc_column][\/vc_row]<\/p>\n<\/section>","protected":false},"excerpt":{"rendered":"<p>Unsere Mehrzweckhalle bietet Spa\u00df und Unterhaltung f\u00fcr Gro\u00df und Klein. Fordern Sie sich gegenseitig beim Badminton, Tischtennis, Dart oder Tischfu\u00dfball heraus \u2013 oder versuchen Sie Ihr Gl\u00fcck am Greifautomaten, bei dem es jedes Mal einen Gewinn gibt.<\/p>\n","protected":false},"author":1,"featured_media":0,"parent":0,"menu_order":9,"comment_status":"closed","ping_status":"closed","template":"","meta":{"_acf_changed":false,"footnotes":""},"categories":[],"class_list":["post-900595","page","type-page","status-publish"],"acf":[],"yoast_head":"<!-- This site is optimized with the Yoast SEO plugin v27.2 - https:\/\/yoast.com\/product\/yoast-seo-wordpress\/ -->\n<title>Freizeithalle &#183; Kongsh\u00f8j Camping<\/title>\n<meta name=\"robots\" content=\"index, follow, max-snippet:-1, max-image-preview:large, max-video-preview:-1\" \/>\n<link rel=\"canonical\" href=\"https:\/\/kongshojcamping.dk\/de\/freizeithalle\/\" \/>\n<meta property=\"og:locale\" content=\"de_DE\" \/>\n<meta property=\"og:type\" content=\"article\" \/>\n<meta property=\"og:title\" content=\"Freizeithalle &#183; Kongsh\u00f8j Camping\" \/>\n<meta property=\"og:description\" content=\"Unsere Mehrzweckhalle bietet Spa\u00df und Unterhaltung f\u00fcr Gro\u00df und Klein. Fordern Sie sich gegenseitig beim Badminton, Tischtennis, Dart oder Tischfu\u00dfball heraus \u2013 oder versuchen Sie Ihr Gl\u00fcck am Greifautomaten, bei dem es jedes Mal einen Gewinn gibt.\" \/>\n<meta property=\"og:url\" content=\"https:\/\/kongshojcamping.dk\/de\/freizeithalle\/\" \/>\n<meta property=\"og:site_name\" content=\"Kongsh\u00f8j Camping\" \/>\n<meta property=\"article:modified_time\" content=\"2026-03-26T00:10:55+00:00\" \/>\n<meta name=\"twitter:card\" content=\"summary_large_image\" \/>\n<meta name=\"twitter:label1\" content=\"Gesch\u00e4tzte Lesezeit\" \/>\n\t<meta name=\"twitter:data1\" content=\"1\u00a0Minute\" \/>\n<script type=\"application\/ld+json\" class=\"yoast-schema-graph\">{\"@context\":\"https:\/\/schema.org\",\"@graph\":[{\"@type\":\"WebPage\",\"@id\":\"https:\/\/kongshojcamping.dk\/de\/freizeithalle\/\",\"url\":\"https:\/\/kongshojcamping.dk\/de\/freizeithalle\/\",\"name\":\"Freizeithalle &#183; Kongsh\u00f8j Camping\",\"isPartOf\":{\"@id\":\"https:\/\/kongshojcamping.dk\/de\/#website\"},\"datePublished\":\"2022-09-22T13:18:42+00:00\",\"dateModified\":\"2026-03-26T00:10:55+00:00\",\"breadcrumb\":{\"@id\":\"https:\/\/kongshojcamping.dk\/de\/freizeithalle\/#breadcrumb\"},\"inLanguage\":\"de\",\"potentialAction\":[{\"@type\":\"ReadAction\",\"target\":[\"https:\/\/kongshojcamping.dk\/de\/freizeithalle\/\"]}]},{\"@type\":\"BreadcrumbList\",\"@id\":\"https:\/\/kongshojcamping.dk\/de\/freizeithalle\/#breadcrumb\",\"itemListElement\":[{\"@type\":\"ListItem\",\"position\":1,\"name\":\"Hjem\",\"item\":\"https:\/\/kongshojcamping.dk\/de\/titelseite\/\"},{\"@type\":\"ListItem\",\"position\":2,\"name\":\"Freizeithalle\"}]},{\"@type\":\"WebSite\",\"@id\":\"https:\/\/kongshojcamping.dk\/de\/#website\",\"url\":\"https:\/\/kongshojcamping.dk\/de\/\",\"name\":\"Kongsh\u00f8j Camping\",\"description\":\"Camping med campingplads og campinghytte n\u00e6r strand p\u00e5 Fyn\",\"publisher\":{\"@id\":\"https:\/\/kongshojcamping.dk\/de\/#organization\"},\"potentialAction\":[{\"@type\":\"SearchAction\",\"target\":{\"@type\":\"EntryPoint\",\"urlTemplate\":\"https:\/\/kongshojcamping.dk\/de\/?s={search_term_string}\"},\"query-input\":{\"@type\":\"PropertyValueSpecification\",\"valueRequired\":true,\"valueName\":\"search_term_string\"}}],\"inLanguage\":\"de\"},{\"@type\":\"Organization\",\"@id\":\"https:\/\/kongshojcamping.dk\/de\/#organization\",\"name\":\"Kongsh\u00f8j Camping\",\"url\":\"https:\/\/kongshojcamping.dk\/de\/\",\"logo\":{\"@type\":\"ImageObject\",\"inLanguage\":\"de\",\"@id\":\"https:\/\/kongshojcamping.dk\/de\/#\/schema\/logo\/image\/\",\"url\":\"https:\/\/kongshojcamping.dk\/wp-content\/uploads\/2022\/09\/layer-2.png\",\"contentUrl\":\"https:\/\/kongshojcamping.dk\/wp-content\/uploads\/2022\/09\/layer-2.png\",\"width\":997,\"height\":613,\"caption\":\"Kongsh\u00f8j Camping\"},\"image\":{\"@id\":\"https:\/\/kongshojcamping.dk\/de\/#\/schema\/logo\/image\/\"}}]}<\/script>\n<!-- \/ Yoast SEO plugin. -->","yoast_head_json":{"title":"Freizeithalle &#183; Kongsh\u00f8j Camping","robots":{"index":"index","follow":"follow","max-snippet":"max-snippet:-1","max-image-preview":"max-image-preview:large","max-video-preview":"max-video-preview:-1"},"canonical":"https:\/\/kongshojcamping.dk\/de\/freizeithalle\/","og_locale":"de_DE","og_type":"article","og_title":"Freizeithalle &#183; Kongsh\u00f8j Camping","og_description":"Unsere Mehrzweckhalle bietet Spa\u00df und Unterhaltung f\u00fcr Gro\u00df und Klein. Fordern Sie sich gegenseitig beim Badminton, Tischtennis, Dart oder Tischfu\u00dfball heraus \u2013 oder versuchen Sie Ihr Gl\u00fcck am Greifautomaten, bei dem es jedes Mal einen Gewinn gibt.","og_url":"https:\/\/kongshojcamping.dk\/de\/freizeithalle\/","og_site_name":"Kongsh\u00f8j Camping","article_modified_time":"2026-03-26T00:10:55+00:00","twitter_card":"summary_large_image","twitter_misc":{"Gesch\u00e4tzte Lesezeit":"1\u00a0Minute"},"schema":{"@context":"https:\/\/schema.org","@graph":[{"@type":"WebPage","@id":"https:\/\/kongshojcamping.dk\/de\/freizeithalle\/","url":"https:\/\/kongshojcamping.dk\/de\/freizeithalle\/","name":"Freizeithalle &#183; Kongsh\u00f8j Camping","isPartOf":{"@id":"https:\/\/kongshojcamping.dk\/de\/#website"},"datePublished":"2022-09-22T13:18:42+00:00","dateModified":"2026-03-26T00:10:55+00:00","breadcrumb":{"@id":"https:\/\/kongshojcamping.dk\/de\/freizeithalle\/#breadcrumb"},"inLanguage":"de","potentialAction":[{"@type":"ReadAction","target":["https:\/\/kongshojcamping.dk\/de\/freizeithalle\/"]}]},{"@type":"BreadcrumbList","@id":"https:\/\/kongshojcamping.dk\/de\/freizeithalle\/#breadcrumb","itemListElement":[{"@type":"ListItem","position":1,"name":"Hjem","item":"https:\/\/kongshojcamping.dk\/de\/titelseite\/"},{"@type":"ListItem","position":2,"name":"Freizeithalle"}]},{"@type":"WebSite","@id":"https:\/\/kongshojcamping.dk\/de\/#website","url":"https:\/\/kongshojcamping.dk\/de\/","name":"Kongsh\u00f8j Camping","description":"Camping med campingplads og campinghytte n\u00e6r strand p\u00e5 Fyn","publisher":{"@id":"https:\/\/kongshojcamping.dk\/de\/#organization"},"potentialAction":[{"@type":"SearchAction","target":{"@type":"EntryPoint","urlTemplate":"https:\/\/kongshojcamping.dk\/de\/?s={search_term_string}"},"query-input":{"@type":"PropertyValueSpecification","valueRequired":true,"valueName":"search_term_string"}}],"inLanguage":"de"},{"@type":"Organization","@id":"https:\/\/kongshojcamping.dk\/de\/#organization","name":"Kongsh\u00f8j Camping","url":"https:\/\/kongshojcamping.dk\/de\/","logo":{"@type":"ImageObject","inLanguage":"de","@id":"https:\/\/kongshojcamping.dk\/de\/#\/schema\/logo\/image\/","url":"https:\/\/kongshojcamping.dk\/wp-content\/uploads\/2022\/09\/layer-2.png","contentUrl":"https:\/\/kongshojcamping.dk\/wp-content\/uploads\/2022\/09\/layer-2.png","width":997,"height":613,"caption":"Kongsh\u00f8j Camping"},"image":{"@id":"https:\/\/kongshojcamping.dk\/de\/#\/schema\/logo\/image\/"}}]}},"_links":{"self":[{"href":"https:\/\/kongshojcamping.dk\/de\/wp-json\/wp\/v2\/pages\/900595","targetHints":{"allow":["GET"]}}],"collection":[{"href":"https:\/\/kongshojcamping.dk\/de\/wp-json\/wp\/v2\/pages"}],"about":[{"href":"https:\/\/kongshojcamping.dk\/de\/wp-json\/wp\/v2\/types\/page"}],"author":[{"embeddable":true,"href":"https:\/\/kongshojcamping.dk\/de\/wp-json\/wp\/v2\/users\/1"}],"replies":[{"embeddable":true,"href":"https:\/\/kongshojcamping.dk\/de\/wp-json\/wp\/v2\/comments?post=900595"}],"version-history":[{"count":2,"href":"https:\/\/kongshojcamping.dk\/de\/wp-json\/wp\/v2\/pages\/900595\/revisions"}],"predecessor-version":[{"id":900597,"href":"https:\/\/kongshojcamping.dk\/de\/wp-json\/wp\/v2\/pages\/900595\/revisions\/900597"}],"wp:attachment":[{"href":"https:\/\/kongshojcamping.dk\/de\/wp-json\/wp\/v2\/media?parent=900595"}],"wp:term":[{"taxonomy":"category","embeddable":true,"href":"https:\/\/kongshojcamping.dk\/de\/wp-json\/wp\/v2\/categories?post=900595"}],"curies":[{"name":"wp","href":"https:\/\/api.w.org\/{rel}","templated":true}]}}