{"id":4487,"date":"2022-09-22T15:18:41","date_gmt":"2022-09-22T13:18:41","guid":{"rendered":"https:\/\/kongshojcamping.dk\/cat-3-and-4\/"},"modified":"2025-06-23T14:57:52","modified_gmt":"2025-06-23T12:57:52","slug":"cat-3-and-4","status":"publish","type":"page","link":"https:\/\/kongshojcamping.dk\/en\/cat-3-and-4\/","title":{"rendered":"Cat 3 and 4"},"content":{"rendered":"<section class=\"wpb-content-wrapper\"><p>[vc_row full_width=&#8221;stretch_row&#8221;][vc_column]<div class=\"ult-spacer spacer-69ecd6d942adb\" data-id=\"69ecd6d942adb\" data-height=\"90\" data-height-mobile=\"60\" data-height-tab=\"90\" data-height-tab-portrait=\"60\" data-height-mobile-landscape=\"60\" style=\"clear:both;display:block;\"><\/div>[vc_row_inner][vc_column_inner offset=&#8221;vc_col-lg-8 vc_col-md-8 vc_col-xs-12&#8243;][vc_column_text]<\/p>\n<h2><strong>Cabins with Sea View and a Cozy Atmosphere<\/strong><\/h2>\n<p>Our cabins are just 30 meters from the sanitary building. Each has a covered terrace with garden furniture, a grill, and a lovely view of the sea.<\/p>\n<p>All cabins are insulated, heated, and offer free WiFi.<\/p>\n<p><strong>Category 3 \u2013 Cabin 2 &amp; 3<\/strong><\/p>\n<ul>\n<li>Two separate bedrooms:<br \/>\n\u2013 One with a double bed<br \/>\n\u2013 One with bunk beds<\/li>\n<li>Loft area (hems) with extra sleeping space<\/li>\n<li>Living area with dining table, fully equipped kitchen, TV, and two armchairs<\/li>\n<li><strong>No toilet<\/strong> inside \u2013 but close to sanitary facilities<\/li>\n<\/ul>\n<p><strong>Category 4 \u2013 Cabin 1 &amp; 4<\/strong><\/p>\n<ul>\n<li>Bedroom with double bed<\/li>\n<li>Sofa bed in the living room<\/li>\n<li>Loft area with extra sleeping space<\/li>\n<li>Fully equipped kitchen, TV, and dining area<\/li>\n<li><strong>With toilet<\/strong> inside the cabin<\/li>\n<\/ul>\n<p>Perfect for families who want a peaceful holiday close to nature and the sea.[\/vc_column_text][vc_empty_space height=&#8221;30px&#8221;][vc_btn title=&#8221;Book&#8221; style=&#8221;custom&#8221; custom_background=&#8221;#f8ca3c&#8221; custom_text=&#8221;#2d4750&#8243; shape=&#8221;square&#8221; align=&#8221;left&#8221; link=&#8221;url:https%3A%2F%2Fkongshoj.onlinebooking.dk%2Fbooking%2Fdefault.aspx|target:_blank|&#8221;]<div class=\"ult-spacer spacer-69ecd6d942b1f\" data-id=\"69ecd6d942b1f\" data-height=\"0\" data-height-mobile=\"30\" data-height-tab=\"0\" data-height-tab-portrait=\"0\" data-height-mobile-landscape=\"30\" style=\"clear:both;display:block;\"><\/div>[\/vc_column_inner][vc_column_inner offset=&#8221;vc_col-lg-4 vc_col-md-4 vc_col-xs-12&#8243;][vc_column_text css=&#8221;.vc_custom_1664263415019{padding-top: 30px !important;padding-right: 30px !important;padding-bottom: 30px !important;padding-left: 30px !important;background-color: #fafafa !important;}&#8221;]<\/p>\n<h3>Practical information<\/h3>\n<ul>\n<li><strong>Arrival<\/strong> is from 15:00 and departure is no later than 10:00<\/li>\n<li><strong>Final cleaning<\/strong> can be ordered when booking a cabin. The price is DKK 300.<\/li>\n<li><strong>Dogs<\/strong> are welcome, but for a small supplement. The cabins are non-smoking<\/li>\n<li><strong>The cabins<\/strong> are equipped with duvets and pillows, but you must bring your own linen.<\/li>\n<\/ul>\n<p>[\/vc_column_text][\/vc_column_inner][\/vc_row_inner][vc_empty_space height=&#8221;60px&#8221;][vc_media_grid gap=&#8221;20&#8243; grid_id=&#8221;vc_gid:1750683353303-109b4b6c-76a9-6&#8243; include=&#8221;3507,900438,900414,900405,900399,900435,900420,900417,900408&#8243;]<div class=\"ult-spacer spacer-69ecd6d942b41\" data-id=\"69ecd6d942b41\" data-height=\"90\" data-height-mobile=\"60\" data-height-tab=\"90\" data-height-tab-portrait=\"60\" data-height-mobile-landscape=\"60\" style=\"clear:both;display:block;\"><\/div>[\/vc_column][\/vc_row]<\/p>\n<\/section>","protected":false},"excerpt":{"rendered":"<p>Delightful cabins, category 3 and 4, for six people. <\/p>\n","protected":false},"author":1,"featured_media":4005,"parent":0,"menu_order":2,"comment_status":"closed","ping_status":"closed","template":"","meta":{"_acf_changed":false,"footnotes":""},"categories":[28],"class_list":{"0":"post-4487","1":"page","2":"type-page","3":"status-publish","4":"has-post-thumbnail","6":"category-cabins"},"acf":[],"yoast_head":"<!-- This site is optimized with the Yoast SEO plugin v27.2 - https:\/\/yoast.com\/product\/yoast-seo-wordpress\/ -->\n<title>Cat 3 and 4 &#183; Kongsh\u00f8j Camping<\/title>\n<meta name=\"robots\" content=\"index, follow, max-snippet:-1, max-image-preview:large, max-video-preview:-1\" \/>\n<link rel=\"canonical\" href=\"https:\/\/kongshojcamping.dk\/en\/cat-3-and-4\/\" \/>\n<meta property=\"og:locale\" content=\"en_US\" \/>\n<meta property=\"og:type\" content=\"article\" \/>\n<meta property=\"og:title\" content=\"Cat 3 and 4 &#183; Kongsh\u00f8j Camping\" \/>\n<meta property=\"og:description\" content=\"Delightful cabins, category 3 and 4, for six people.\" \/>\n<meta property=\"og:url\" content=\"https:\/\/kongshojcamping.dk\/en\/cat-3-and-4\/\" \/>\n<meta property=\"og:site_name\" content=\"Kongsh\u00f8j Camping\" \/>\n<meta property=\"article:modified_time\" content=\"2025-06-23T12:57:52+00:00\" \/>\n<meta property=\"og:image\" content=\"https:\/\/kongshojcamping.dk\/wp-content\/uploads\/2022\/09\/dsc02897-1024x683-1.jpg\" \/>\n\t<meta property=\"og:image:width\" content=\"1024\" \/>\n\t<meta property=\"og:image:height\" content=\"683\" \/>\n\t<meta property=\"og:image:type\" content=\"image\/jpeg\" \/>\n<meta name=\"twitter:card\" content=\"summary_large_image\" \/>\n<meta name=\"twitter:label1\" content=\"Est. reading time\" \/>\n\t<meta name=\"twitter:data1\" content=\"4 minutes\" \/>\n<script type=\"application\/ld+json\" class=\"yoast-schema-graph\">{\"@context\":\"https:\/\/schema.org\",\"@graph\":[{\"@type\":\"WebPage\",\"@id\":\"https:\/\/kongshojcamping.dk\/en\/cat-3-and-4\/\",\"url\":\"https:\/\/kongshojcamping.dk\/en\/cat-3-and-4\/\",\"name\":\"Cat 3 and 4 &#183; Kongsh\u00f8j Camping\",\"isPartOf\":{\"@id\":\"https:\/\/kongshojcamping.dk\/en\/#website\"},\"primaryImageOfPage\":{\"@id\":\"https:\/\/kongshojcamping.dk\/en\/cat-3-and-4\/#primaryimage\"},\"image\":{\"@id\":\"https:\/\/kongshojcamping.dk\/en\/cat-3-and-4\/#primaryimage\"},\"thumbnailUrl\":\"https:\/\/kongshojcamping.dk\/wp-content\/uploads\/2022\/09\/dsc02897-1024x683-1.jpg\",\"datePublished\":\"2022-09-22T13:18:41+00:00\",\"dateModified\":\"2025-06-23T12:57:52+00:00\",\"breadcrumb\":{\"@id\":\"https:\/\/kongshojcamping.dk\/en\/cat-3-and-4\/#breadcrumb\"},\"inLanguage\":\"en-US\",\"potentialAction\":[{\"@type\":\"ReadAction\",\"target\":[\"https:\/\/kongshojcamping.dk\/en\/cat-3-and-4\/\"]}]},{\"@type\":\"ImageObject\",\"inLanguage\":\"en-US\",\"@id\":\"https:\/\/kongshojcamping.dk\/en\/cat-3-and-4\/#primaryimage\",\"url\":\"https:\/\/kongshojcamping.dk\/wp-content\/uploads\/2022\/09\/dsc02897-1024x683-1.jpg\",\"contentUrl\":\"https:\/\/kongshojcamping.dk\/wp-content\/uploads\/2022\/09\/dsc02897-1024x683-1.jpg\",\"width\":1024,\"height\":683},{\"@type\":\"BreadcrumbList\",\"@id\":\"https:\/\/kongshojcamping.dk\/en\/cat-3-and-4\/#breadcrumb\",\"itemListElement\":[{\"@type\":\"ListItem\",\"position\":1,\"name\":\"Hjem\",\"item\":\"https:\/\/kongshojcamping.dk\/en\/home\/\"},{\"@type\":\"ListItem\",\"position\":2,\"name\":\"Cat 3 and 4\"}]},{\"@type\":\"WebSite\",\"@id\":\"https:\/\/kongshojcamping.dk\/en\/#website\",\"url\":\"https:\/\/kongshojcamping.dk\/en\/\",\"name\":\"Kongsh\u00f8j Camping\",\"description\":\"Camping med campingplads og campinghytte n\u00e6r strand p\u00e5 Fyn\",\"publisher\":{\"@id\":\"https:\/\/kongshojcamping.dk\/en\/#organization\"},\"potentialAction\":[{\"@type\":\"SearchAction\",\"target\":{\"@type\":\"EntryPoint\",\"urlTemplate\":\"https:\/\/kongshojcamping.dk\/en\/?s={search_term_string}\"},\"query-input\":{\"@type\":\"PropertyValueSpecification\",\"valueRequired\":true,\"valueName\":\"search_term_string\"}}],\"inLanguage\":\"en-US\"},{\"@type\":\"Organization\",\"@id\":\"https:\/\/kongshojcamping.dk\/en\/#organization\",\"name\":\"Kongsh\u00f8j Camping\",\"url\":\"https:\/\/kongshojcamping.dk\/en\/\",\"logo\":{\"@type\":\"ImageObject\",\"inLanguage\":\"en-US\",\"@id\":\"https:\/\/kongshojcamping.dk\/en\/#\/schema\/logo\/image\/\",\"url\":\"https:\/\/kongshojcamping.dk\/wp-content\/uploads\/2022\/09\/layer-2.png\",\"contentUrl\":\"https:\/\/kongshojcamping.dk\/wp-content\/uploads\/2022\/09\/layer-2.png\",\"width\":997,\"height\":613,\"caption\":\"Kongsh\u00f8j Camping\"},\"image\":{\"@id\":\"https:\/\/kongshojcamping.dk\/en\/#\/schema\/logo\/image\/\"}}]}<\/script>\n<!-- \/ Yoast SEO plugin. -->","yoast_head_json":{"title":"Cat 3 and 4 &#183; Kongsh\u00f8j Camping","robots":{"index":"index","follow":"follow","max-snippet":"max-snippet:-1","max-image-preview":"max-image-preview:large","max-video-preview":"max-video-preview:-1"},"canonical":"https:\/\/kongshojcamping.dk\/en\/cat-3-and-4\/","og_locale":"en_US","og_type":"article","og_title":"Cat 3 and 4 &#183; Kongsh\u00f8j Camping","og_description":"Delightful cabins, category 3 and 4, for six people.","og_url":"https:\/\/kongshojcamping.dk\/en\/cat-3-and-4\/","og_site_name":"Kongsh\u00f8j Camping","article_modified_time":"2025-06-23T12:57:52+00:00","og_image":[{"width":1024,"height":683,"url":"https:\/\/kongshojcamping.dk\/wp-content\/uploads\/2022\/09\/dsc02897-1024x683-1.jpg","type":"image\/jpeg"}],"twitter_card":"summary_large_image","twitter_misc":{"Est. reading time":"4 minutes"},"schema":{"@context":"https:\/\/schema.org","@graph":[{"@type":"WebPage","@id":"https:\/\/kongshojcamping.dk\/en\/cat-3-and-4\/","url":"https:\/\/kongshojcamping.dk\/en\/cat-3-and-4\/","name":"Cat 3 and 4 &#183; Kongsh\u00f8j Camping","isPartOf":{"@id":"https:\/\/kongshojcamping.dk\/en\/#website"},"primaryImageOfPage":{"@id":"https:\/\/kongshojcamping.dk\/en\/cat-3-and-4\/#primaryimage"},"image":{"@id":"https:\/\/kongshojcamping.dk\/en\/cat-3-and-4\/#primaryimage"},"thumbnailUrl":"https:\/\/kongshojcamping.dk\/wp-content\/uploads\/2022\/09\/dsc02897-1024x683-1.jpg","datePublished":"2022-09-22T13:18:41+00:00","dateModified":"2025-06-23T12:57:52+00:00","breadcrumb":{"@id":"https:\/\/kongshojcamping.dk\/en\/cat-3-and-4\/#breadcrumb"},"inLanguage":"en-US","potentialAction":[{"@type":"ReadAction","target":["https:\/\/kongshojcamping.dk\/en\/cat-3-and-4\/"]}]},{"@type":"ImageObject","inLanguage":"en-US","@id":"https:\/\/kongshojcamping.dk\/en\/cat-3-and-4\/#primaryimage","url":"https:\/\/kongshojcamping.dk\/wp-content\/uploads\/2022\/09\/dsc02897-1024x683-1.jpg","contentUrl":"https:\/\/kongshojcamping.dk\/wp-content\/uploads\/2022\/09\/dsc02897-1024x683-1.jpg","width":1024,"height":683},{"@type":"BreadcrumbList","@id":"https:\/\/kongshojcamping.dk\/en\/cat-3-and-4\/#breadcrumb","itemListElement":[{"@type":"ListItem","position":1,"name":"Hjem","item":"https:\/\/kongshojcamping.dk\/en\/home\/"},{"@type":"ListItem","position":2,"name":"Cat 3 and 4"}]},{"@type":"WebSite","@id":"https:\/\/kongshojcamping.dk\/en\/#website","url":"https:\/\/kongshojcamping.dk\/en\/","name":"Kongsh\u00f8j Camping","description":"Camping med campingplads og campinghytte n\u00e6r strand p\u00e5 Fyn","publisher":{"@id":"https:\/\/kongshojcamping.dk\/en\/#organization"},"potentialAction":[{"@type":"SearchAction","target":{"@type":"EntryPoint","urlTemplate":"https:\/\/kongshojcamping.dk\/en\/?s={search_term_string}"},"query-input":{"@type":"PropertyValueSpecification","valueRequired":true,"valueName":"search_term_string"}}],"inLanguage":"en-US"},{"@type":"Organization","@id":"https:\/\/kongshojcamping.dk\/en\/#organization","name":"Kongsh\u00f8j Camping","url":"https:\/\/kongshojcamping.dk\/en\/","logo":{"@type":"ImageObject","inLanguage":"en-US","@id":"https:\/\/kongshojcamping.dk\/en\/#\/schema\/logo\/image\/","url":"https:\/\/kongshojcamping.dk\/wp-content\/uploads\/2022\/09\/layer-2.png","contentUrl":"https:\/\/kongshojcamping.dk\/wp-content\/uploads\/2022\/09\/layer-2.png","width":997,"height":613,"caption":"Kongsh\u00f8j Camping"},"image":{"@id":"https:\/\/kongshojcamping.dk\/en\/#\/schema\/logo\/image\/"}}]}},"_links":{"self":[{"href":"https:\/\/kongshojcamping.dk\/en\/wp-json\/wp\/v2\/pages\/4487","targetHints":{"allow":["GET"]}}],"collection":[{"href":"https:\/\/kongshojcamping.dk\/en\/wp-json\/wp\/v2\/pages"}],"about":[{"href":"https:\/\/kongshojcamping.dk\/en\/wp-json\/wp\/v2\/types\/page"}],"author":[{"embeddable":true,"href":"https:\/\/kongshojcamping.dk\/en\/wp-json\/wp\/v2\/users\/1"}],"replies":[{"embeddable":true,"href":"https:\/\/kongshojcamping.dk\/en\/wp-json\/wp\/v2\/comments?post=4487"}],"version-history":[{"count":25,"href":"https:\/\/kongshojcamping.dk\/en\/wp-json\/wp\/v2\/pages\/4487\/revisions"}],"predecessor-version":[{"id":900461,"href":"https:\/\/kongshojcamping.dk\/en\/wp-json\/wp\/v2\/pages\/4487\/revisions\/900461"}],"wp:featuredmedia":[{"embeddable":true,"href":"https:\/\/kongshojcamping.dk\/en\/wp-json\/wp\/v2\/media\/4005"}],"wp:attachment":[{"href":"https:\/\/kongshojcamping.dk\/en\/wp-json\/wp\/v2\/media?parent=4487"}],"wp:term":[{"taxonomy":"category","embeddable":true,"href":"https:\/\/kongshojcamping.dk\/en\/wp-json\/wp\/v2\/categories?post=4487"}],"curies":[{"name":"wp","href":"https:\/\/api.w.org\/{rel}","templated":true}]}}