{"id":4523,"date":"2022-09-22T15:18:41","date_gmt":"2022-09-22T13:18:41","guid":{"rendered":"https:\/\/kongshojcamping.dk\/caravan\/"},"modified":"2025-06-04T16:06:03","modified_gmt":"2025-06-04T14:06:03","slug":"caravan","status":"publish","type":"page","link":"https:\/\/kongshojcamping.dk\/en\/caravan\/","title":{"rendered":"Caravan"},"content":{"rendered":"<section class=\"wpb-content-wrapper\"><p>[vc_row full_width=&#8221;stretch_row&#8221;][vc_column]<div class=\"ult-spacer spacer-69eab1e7ca5ea\" data-id=\"69eab1e7ca5ea\" data-height=\"90\" data-height-mobile=\"60\" data-height-tab=\"90\" data-height-tab-portrait=\"60\" data-height-mobile-landscape=\"60\" style=\"clear:both;display:block;\"><\/div>[vc_row_inner][vc_column_inner offset=&#8221;vc_col-lg-8 vc_col-md-8 vc_col-xs-12&#8243;][vc_column_text]<\/p>\n<h3><strong>Cozy and Well-Equipped Caravan for 4 People (Wilk)<\/strong><\/h3>\n<p>Enjoy your holiday in this welcoming caravan \u2013 perfect for the whole family. It features a fixed double bed and a spacious seating area that easily converts into another double bed. There\u2019s also a well-equipped kitchen, a toilet, and a comfy lounge area.<\/p>\n<p>&nbsp;<\/p>\n<p>The fully furnished awning includes a TV and offers plenty of space to relax. Outdoors, you&#8217;ll find garden furniture and a barbecue \u2013 perfect for warm summer evenings.<\/p>\n<p>The caravan is located on pitch 217 and listed as \u201cC1\u201d in the online booking system.[\/vc_column_text][vc_empty_space height=&#8221;30px&#8221;][vc_media_grid gap=&#8221;20&#8243; grid_id=&#8221;vc_gid:1749045940496-ca9eba2b-94af-9&#8243; include=&#8221;900344,900353,900356,900350,900359,900347&#8243;][vc_empty_space height=&#8221;30px&#8221;][vc_column_text]<\/p>\n<h3><\/h3>\n<h3><strong>Lovely Caravan with Sea View \u2013 For 4 people (Tabbert)<\/strong><\/h3>\n<p>Enjoy your holiday in this cozy caravan with a beautiful sea view. It features a double bed and a seating area that easily converts into extra sleeping space. The caravan also includes a small kitchen and a toilet.<\/p>\n<p>The spacious awning is fully furnished, offering plenty of room to relax and spend time together. Inside the caravan, you\u2019ll also find a TV and DVD player \u2013 perfect for a quiet evening.<\/p>\n<p>The caravan is located on pitch 31 and listed as \u201cC2\u201d in the online booking system.[\/vc_column_text][vc_media_grid grid_id=&#8221;vc_gid:1749045940500-3e8031b0-c015-2&#8243; include=&#8221;4071,4075,4077,4087,4083&#8243;][vc_empty_space height=&#8221;30px&#8221;][vc_column_text]<\/p>\n<h3><\/h3>\n<h3><\/h3>\n<h3><strong>Cozy Caravan for 4 People \u2013 Hymer Nova<\/strong><\/h3>\n<p>This lovely caravan is perfect for a relaxing holiday for up to 4 people. It features 2 single beds and a seating area that converts into extra sleeping space. There is also a small kitchen, a mini oven, and a toilet.<\/p>\n<p>&nbsp;<\/p>\n<p>The furnished awning provides extra room to relax, and inside the caravan you&#8217;ll find a TV. Outside, garden furniture and a barbecue are ready for warm summer evenings.<\/p>\n<p>The caravan is located on pitch 131 and listed as \u201cC3\u201d in the online booking system.<\/p>\n<p><strong>Prices<\/strong><\/p>\n<p>Week 28\u201330: DKK 4,000<\/p>\n<p>Week 27, 31, 32: DKK 3,500<\/p>\n<p>Daily rate: DKK 500[\/vc_column_text][vc_media_grid grid_id=&#8221;vc_gid:1749045940502-a09fe312-e4a4-8&#8243; include=&#8221;4099,4091,4087,4093,4095,4089&#8243;][\/vc_column_inner][vc_column_inner offset=&#8221;vc_col-lg-4 vc_col-md-4 vc_col-xs-12&#8243;][vc_column_text css=&#8221;.vc_custom_1749045204450{padding-top: 30px !important;padding-right: 30px !important;padding-bottom: 30px !important;padding-left: 30px !important;background-color: #fafafa !important;}&#8221;]<\/p>\n<h3>Practical information<\/h3>\n<ul>\n<li><strong>Arrival<\/strong> is from 15:00 and departure is no later than 10:00<\/li>\n<li><strong>Final cleaning<\/strong> can be ordered when booking a cabin. The price is DKK 300.<\/li>\n<li><strong>Dogs<\/strong> are welcome, but for a small supplement. The cabins are non-smoking<\/li>\n<li><strong>The caravans<\/strong>\u00a0are equipped with duvets and pillows, but you must bring your own linen.<\/li>\n<\/ul>\n<p>[\/vc_column_text][\/vc_column_inner][\/vc_row_inner]<div class=\"ult-spacer spacer-69eab1e7ca62f\" data-id=\"69eab1e7ca62f\" data-height=\"90\" data-height-mobile=\"60\" data-height-tab=\"90\" data-height-tab-portrait=\"60\" data-height-mobile-landscape=\"60\" style=\"clear:both;display:block;\"><\/div>[\/vc_column][\/vc_row]<\/p>\n<\/section>","protected":false},"excerpt":{"rendered":"<p>We have 3 lovely caravans for hire. See more about the caravans below.<\/p>\n","protected":false},"author":1,"featured_media":4055,"parent":0,"menu_order":5,"comment_status":"closed","ping_status":"closed","template":"","meta":{"_acf_changed":false,"footnotes":""},"categories":[28],"class_list":{"0":"post-4523","1":"page","2":"type-page","3":"status-publish","4":"has-post-thumbnail","6":"category-cabins"},"acf":[],"yoast_head":"<!-- This site is optimized with the Yoast SEO plugin v27.2 - https:\/\/yoast.com\/product\/yoast-seo-wordpress\/ -->\n<title>Caravan &#183; Kongsh\u00f8j Camping<\/title>\n<meta name=\"robots\" content=\"index, follow, max-snippet:-1, max-image-preview:large, max-video-preview:-1\" \/>\n<link rel=\"canonical\" href=\"https:\/\/kongshojcamping.dk\/en\/caravan\/\" \/>\n<meta property=\"og:locale\" content=\"en_US\" \/>\n<meta property=\"og:type\" content=\"article\" \/>\n<meta property=\"og:title\" content=\"Caravan &#183; Kongsh\u00f8j Camping\" \/>\n<meta property=\"og:description\" content=\"We have 3 lovely caravans for hire. See more about the caravans below.\" \/>\n<meta property=\"og:url\" content=\"https:\/\/kongshojcamping.dk\/en\/caravan\/\" \/>\n<meta property=\"og:site_name\" content=\"Kongsh\u00f8j Camping\" \/>\n<meta property=\"article:modified_time\" content=\"2025-06-04T14:06:03+00:00\" \/>\n<meta property=\"og:image\" content=\"https:\/\/kongshojcamping.dk\/wp-content\/uploads\/2022\/09\/img-08861-1024x768-1.jpg\" \/>\n\t<meta property=\"og:image:width\" content=\"1024\" \/>\n\t<meta property=\"og:image:height\" content=\"768\" \/>\n\t<meta property=\"og:image:type\" content=\"image\/jpeg\" \/>\n<meta name=\"twitter:card\" content=\"summary_large_image\" \/>\n<meta name=\"twitter:label1\" content=\"Est. reading time\" \/>\n\t<meta name=\"twitter:data1\" content=\"6 minutes\" \/>\n<script type=\"application\/ld+json\" class=\"yoast-schema-graph\">{\"@context\":\"https:\/\/schema.org\",\"@graph\":[{\"@type\":\"WebPage\",\"@id\":\"https:\/\/kongshojcamping.dk\/en\/caravan\/\",\"url\":\"https:\/\/kongshojcamping.dk\/en\/caravan\/\",\"name\":\"Caravan &#183; Kongsh\u00f8j Camping\",\"isPartOf\":{\"@id\":\"https:\/\/kongshojcamping.dk\/en\/#website\"},\"primaryImageOfPage\":{\"@id\":\"https:\/\/kongshojcamping.dk\/en\/caravan\/#primaryimage\"},\"image\":{\"@id\":\"https:\/\/kongshojcamping.dk\/en\/caravan\/#primaryimage\"},\"thumbnailUrl\":\"https:\/\/kongshojcamping.dk\/wp-content\/uploads\/2022\/09\/img-08861-1024x768-1.jpg\",\"datePublished\":\"2022-09-22T13:18:41+00:00\",\"dateModified\":\"2025-06-04T14:06:03+00:00\",\"breadcrumb\":{\"@id\":\"https:\/\/kongshojcamping.dk\/en\/caravan\/#breadcrumb\"},\"inLanguage\":\"en-US\",\"potentialAction\":[{\"@type\":\"ReadAction\",\"target\":[\"https:\/\/kongshojcamping.dk\/en\/caravan\/\"]}]},{\"@type\":\"ImageObject\",\"inLanguage\":\"en-US\",\"@id\":\"https:\/\/kongshojcamping.dk\/en\/caravan\/#primaryimage\",\"url\":\"https:\/\/kongshojcamping.dk\/wp-content\/uploads\/2022\/09\/img-08861-1024x768-1.jpg\",\"contentUrl\":\"https:\/\/kongshojcamping.dk\/wp-content\/uploads\/2022\/09\/img-08861-1024x768-1.jpg\",\"width\":1024,\"height\":768},{\"@type\":\"BreadcrumbList\",\"@id\":\"https:\/\/kongshojcamping.dk\/en\/caravan\/#breadcrumb\",\"itemListElement\":[{\"@type\":\"ListItem\",\"position\":1,\"name\":\"Hjem\",\"item\":\"https:\/\/kongshojcamping.dk\/en\/home\/\"},{\"@type\":\"ListItem\",\"position\":2,\"name\":\"Caravan\"}]},{\"@type\":\"WebSite\",\"@id\":\"https:\/\/kongshojcamping.dk\/en\/#website\",\"url\":\"https:\/\/kongshojcamping.dk\/en\/\",\"name\":\"Kongsh\u00f8j Camping\",\"description\":\"Camping med campingplads og campinghytte n\u00e6r strand p\u00e5 Fyn\",\"publisher\":{\"@id\":\"https:\/\/kongshojcamping.dk\/en\/#organization\"},\"potentialAction\":[{\"@type\":\"SearchAction\",\"target\":{\"@type\":\"EntryPoint\",\"urlTemplate\":\"https:\/\/kongshojcamping.dk\/en\/?s={search_term_string}\"},\"query-input\":{\"@type\":\"PropertyValueSpecification\",\"valueRequired\":true,\"valueName\":\"search_term_string\"}}],\"inLanguage\":\"en-US\"},{\"@type\":\"Organization\",\"@id\":\"https:\/\/kongshojcamping.dk\/en\/#organization\",\"name\":\"Kongsh\u00f8j Camping\",\"url\":\"https:\/\/kongshojcamping.dk\/en\/\",\"logo\":{\"@type\":\"ImageObject\",\"inLanguage\":\"en-US\",\"@id\":\"https:\/\/kongshojcamping.dk\/en\/#\/schema\/logo\/image\/\",\"url\":\"https:\/\/kongshojcamping.dk\/wp-content\/uploads\/2022\/09\/layer-2.png\",\"contentUrl\":\"https:\/\/kongshojcamping.dk\/wp-content\/uploads\/2022\/09\/layer-2.png\",\"width\":997,\"height\":613,\"caption\":\"Kongsh\u00f8j Camping\"},\"image\":{\"@id\":\"https:\/\/kongshojcamping.dk\/en\/#\/schema\/logo\/image\/\"}}]}<\/script>\n<!-- \/ Yoast SEO plugin. -->","yoast_head_json":{"title":"Caravan &#183; Kongsh\u00f8j Camping","robots":{"index":"index","follow":"follow","max-snippet":"max-snippet:-1","max-image-preview":"max-image-preview:large","max-video-preview":"max-video-preview:-1"},"canonical":"https:\/\/kongshojcamping.dk\/en\/caravan\/","og_locale":"en_US","og_type":"article","og_title":"Caravan &#183; Kongsh\u00f8j Camping","og_description":"We have 3 lovely caravans for hire. See more about the caravans below.","og_url":"https:\/\/kongshojcamping.dk\/en\/caravan\/","og_site_name":"Kongsh\u00f8j Camping","article_modified_time":"2025-06-04T14:06:03+00:00","og_image":[{"width":1024,"height":768,"url":"https:\/\/kongshojcamping.dk\/wp-content\/uploads\/2022\/09\/img-08861-1024x768-1.jpg","type":"image\/jpeg"}],"twitter_card":"summary_large_image","twitter_misc":{"Est. reading time":"6 minutes"},"schema":{"@context":"https:\/\/schema.org","@graph":[{"@type":"WebPage","@id":"https:\/\/kongshojcamping.dk\/en\/caravan\/","url":"https:\/\/kongshojcamping.dk\/en\/caravan\/","name":"Caravan &#183; Kongsh\u00f8j Camping","isPartOf":{"@id":"https:\/\/kongshojcamping.dk\/en\/#website"},"primaryImageOfPage":{"@id":"https:\/\/kongshojcamping.dk\/en\/caravan\/#primaryimage"},"image":{"@id":"https:\/\/kongshojcamping.dk\/en\/caravan\/#primaryimage"},"thumbnailUrl":"https:\/\/kongshojcamping.dk\/wp-content\/uploads\/2022\/09\/img-08861-1024x768-1.jpg","datePublished":"2022-09-22T13:18:41+00:00","dateModified":"2025-06-04T14:06:03+00:00","breadcrumb":{"@id":"https:\/\/kongshojcamping.dk\/en\/caravan\/#breadcrumb"},"inLanguage":"en-US","potentialAction":[{"@type":"ReadAction","target":["https:\/\/kongshojcamping.dk\/en\/caravan\/"]}]},{"@type":"ImageObject","inLanguage":"en-US","@id":"https:\/\/kongshojcamping.dk\/en\/caravan\/#primaryimage","url":"https:\/\/kongshojcamping.dk\/wp-content\/uploads\/2022\/09\/img-08861-1024x768-1.jpg","contentUrl":"https:\/\/kongshojcamping.dk\/wp-content\/uploads\/2022\/09\/img-08861-1024x768-1.jpg","width":1024,"height":768},{"@type":"BreadcrumbList","@id":"https:\/\/kongshojcamping.dk\/en\/caravan\/#breadcrumb","itemListElement":[{"@type":"ListItem","position":1,"name":"Hjem","item":"https:\/\/kongshojcamping.dk\/en\/home\/"},{"@type":"ListItem","position":2,"name":"Caravan"}]},{"@type":"WebSite","@id":"https:\/\/kongshojcamping.dk\/en\/#website","url":"https:\/\/kongshojcamping.dk\/en\/","name":"Kongsh\u00f8j Camping","description":"Camping med campingplads og campinghytte n\u00e6r strand p\u00e5 Fyn","publisher":{"@id":"https:\/\/kongshojcamping.dk\/en\/#organization"},"potentialAction":[{"@type":"SearchAction","target":{"@type":"EntryPoint","urlTemplate":"https:\/\/kongshojcamping.dk\/en\/?s={search_term_string}"},"query-input":{"@type":"PropertyValueSpecification","valueRequired":true,"valueName":"search_term_string"}}],"inLanguage":"en-US"},{"@type":"Organization","@id":"https:\/\/kongshojcamping.dk\/en\/#organization","name":"Kongsh\u00f8j Camping","url":"https:\/\/kongshojcamping.dk\/en\/","logo":{"@type":"ImageObject","inLanguage":"en-US","@id":"https:\/\/kongshojcamping.dk\/en\/#\/schema\/logo\/image\/","url":"https:\/\/kongshojcamping.dk\/wp-content\/uploads\/2022\/09\/layer-2.png","contentUrl":"https:\/\/kongshojcamping.dk\/wp-content\/uploads\/2022\/09\/layer-2.png","width":997,"height":613,"caption":"Kongsh\u00f8j Camping"},"image":{"@id":"https:\/\/kongshojcamping.dk\/en\/#\/schema\/logo\/image\/"}}]}},"_links":{"self":[{"href":"https:\/\/kongshojcamping.dk\/en\/wp-json\/wp\/v2\/pages\/4523","targetHints":{"allow":["GET"]}}],"collection":[{"href":"https:\/\/kongshojcamping.dk\/en\/wp-json\/wp\/v2\/pages"}],"about":[{"href":"https:\/\/kongshojcamping.dk\/en\/wp-json\/wp\/v2\/types\/page"}],"author":[{"embeddable":true,"href":"https:\/\/kongshojcamping.dk\/en\/wp-json\/wp\/v2\/users\/1"}],"replies":[{"embeddable":true,"href":"https:\/\/kongshojcamping.dk\/en\/wp-json\/wp\/v2\/comments?post=4523"}],"version-history":[{"count":17,"href":"https:\/\/kongshojcamping.dk\/en\/wp-json\/wp\/v2\/pages\/4523\/revisions"}],"predecessor-version":[{"id":900381,"href":"https:\/\/kongshojcamping.dk\/en\/wp-json\/wp\/v2\/pages\/4523\/revisions\/900381"}],"wp:featuredmedia":[{"embeddable":true,"href":"https:\/\/kongshojcamping.dk\/en\/wp-json\/wp\/v2\/media\/4055"}],"wp:attachment":[{"href":"https:\/\/kongshojcamping.dk\/en\/wp-json\/wp\/v2\/media?parent=4523"}],"wp:term":[{"taxonomy":"category","embeddable":true,"href":"https:\/\/kongshojcamping.dk\/en\/wp-json\/wp\/v2\/categories?post=4523"}],"curies":[{"name":"wp","href":"https:\/\/api.w.org\/{rel}","templated":true}]}}