{"id":4536,"date":"2022-09-22T15:18:42","date_gmt":"2022-09-22T13:18:42","guid":{"rendered":"https:\/\/kongshojcamping.dk\/activities\/"},"modified":"2025-02-27T06:51:45","modified_gmt":"2025-02-27T05:51:45","slug":"activities","status":"publish","type":"page","link":"https:\/\/kongshojcamping.dk\/en\/activities\/","title":{"rendered":"Activities"},"content":{"rendered":"<section class=\"wpb-content-wrapper\"><p>[vc_row full_width=&#8221;stretch_row&#8221;][vc_column]<div class=\"ult-spacer spacer-69ecd321f1157\" data-id=\"69ecd321f1157\" data-height=\"90\" data-height-mobile=\"60\" data-height-tab=\"90\" data-height-tab-portrait=\"60\" data-height-mobile-landscape=\"60\" style=\"clear:both;display:block;\"><\/div>[vc_row_inner][vc_column_inner offset=&#8221;vc_col-lg-8 vc_col-md-8 vc_col-xs-12&#8243;][vc_column_text]<\/p>\n<h2>Here at Kongsh\u00f8j Strand Camping, we spend a lot of time on our joint activities, which range widely<\/h2>\n<p>The playground is the central point at Kongsh\u00f8j Strand Camping, children meet here and friendships arise.<\/p>\n<p>Our two bouncy cushions are extremely popular. One is for the \u2018grown-up\u2019 children, and the other for toddlers.<\/p>\n<p>There are no fixed activities, they crop up spontaneously and as required. On warm, calm evenings we invite guests to take part in baking twistbread.<\/p>\n<p>There is a children\u2019s discotheque for toddlers, and there are also opportunities for a dance for \u2018the mature\u2019.<\/p>\n<p>Guests can spent countless hours on our safe beach. A dip is the preferred choice on hot days and the children\u2019s buckets and spades should not be forgotten.<\/p>\n<h3>The playgrounds are filled with equipment that suits both large and small children<\/h3>\n<p>In addition to our activities, we also have two playgrounds were you can unleash your children. The playgrounds are filled with equipment that suits both large and small children. This includes towers, slides, seesaws and a large hamsterwheel. However the most popular equipment is of course our two bouncy cushions, where children can spend countless hours.<\/p>\n<p>Right next to our big playground we have a small petting zoo, where the entire family can enjoy watching and petting with our goats and rabbits. In another enclosure with have larger animals such as goats sheeps and Shetland ponies.<\/p>\n<p>If the weather is not suited for outdoor, you can go inside our activityhall, where you can play badminton, tabletennis or darts.<\/p>\n<h3>Good chance to cath a pike<\/h3>\n<p>Use your fishing rod either from the coast or at our freshwater lake, and there is a good chance of catching a pike to make some delicious fish rissoles with.<\/p>\n<p>Otherwise time is occupied at Kongsh\u00f8j Strand Camping in taking walks in the nearby T\u00e5rup Lundeskov woods, relaxing, or organizing a barbecue.<\/p>\n<p>Here are some of the activities, which are taking place on the campsite.[\/vc_column_text][\/vc_column_inner][vc_column_inner offset=&#8221;vc_col-lg-4 vc_col-md-4 vc_col-xs-12&#8243;][\/vc_column_inner][\/vc_row_inner][vc_empty_space height=&#8221;60px&#8221;][vc_media_grid gap=&#8221;20&#8243; grid_id=&#8221;vc_gid:1740635412528-b94cb2b9-3c12-2&#8243; include=&#8221;3617,3618,3623,900248,3619,900251,3620,3622,3624,3626&#8243;]<div class=\"ult-spacer spacer-69ecd321f1196\" data-id=\"69ecd321f1196\" data-height=\"90\" data-height-mobile=\"60\" data-height-tab=\"90\" data-height-tab-portrait=\"60\" data-height-mobile-landscape=\"60\" style=\"clear:both;display:block;\"><\/div>[\/vc_column][\/vc_row]<\/p>\n<\/section>","protected":false},"excerpt":{"rendered":"<p>We have both crab fishing and balloon man for the little ones, banko, football tournament and mini golf tournament for the slightly older ones.<\/p>\n","protected":false},"author":1,"featured_media":0,"parent":0,"menu_order":7,"comment_status":"closed","ping_status":"closed","template":"","meta":{"_acf_changed":false,"footnotes":""},"categories":[],"class_list":["post-4536","page","type-page","status-publish"],"acf":[],"yoast_head":"<!-- This site is optimized with the Yoast SEO plugin v27.2 - https:\/\/yoast.com\/product\/yoast-seo-wordpress\/ -->\n<title>Activities &#183; Kongsh\u00f8j Camping<\/title>\n<meta name=\"robots\" content=\"index, follow, max-snippet:-1, max-image-preview:large, max-video-preview:-1\" \/>\n<link rel=\"canonical\" href=\"https:\/\/kongshojcamping.dk\/en\/activities\/\" \/>\n<meta property=\"og:locale\" content=\"en_US\" \/>\n<meta property=\"og:type\" content=\"article\" \/>\n<meta property=\"og:title\" content=\"Activities &#183; Kongsh\u00f8j Camping\" \/>\n<meta property=\"og:description\" content=\"We have both crab fishing and balloon man for the little ones, banko, football tournament and mini golf tournament for the slightly older ones.\" \/>\n<meta property=\"og:url\" content=\"https:\/\/kongshojcamping.dk\/en\/activities\/\" \/>\n<meta property=\"og:site_name\" content=\"Kongsh\u00f8j Camping\" \/>\n<meta property=\"article:modified_time\" content=\"2025-02-27T05:51:45+00:00\" \/>\n<meta name=\"twitter:card\" content=\"summary_large_image\" \/>\n<meta name=\"twitter:label1\" content=\"Est. reading time\" \/>\n\t<meta name=\"twitter:data1\" content=\"2 minutes\" \/>\n<script type=\"application\/ld+json\" class=\"yoast-schema-graph\">{\"@context\":\"https:\/\/schema.org\",\"@graph\":[{\"@type\":\"WebPage\",\"@id\":\"https:\/\/kongshojcamping.dk\/en\/activities\/\",\"url\":\"https:\/\/kongshojcamping.dk\/en\/activities\/\",\"name\":\"Activities &#183; Kongsh\u00f8j Camping\",\"isPartOf\":{\"@id\":\"https:\/\/kongshojcamping.dk\/en\/#website\"},\"datePublished\":\"2022-09-22T13:18:42+00:00\",\"dateModified\":\"2025-02-27T05:51:45+00:00\",\"breadcrumb\":{\"@id\":\"https:\/\/kongshojcamping.dk\/en\/activities\/#breadcrumb\"},\"inLanguage\":\"en-US\",\"potentialAction\":[{\"@type\":\"ReadAction\",\"target\":[\"https:\/\/kongshojcamping.dk\/en\/activities\/\"]}]},{\"@type\":\"BreadcrumbList\",\"@id\":\"https:\/\/kongshojcamping.dk\/en\/activities\/#breadcrumb\",\"itemListElement\":[{\"@type\":\"ListItem\",\"position\":1,\"name\":\"Hjem\",\"item\":\"https:\/\/kongshojcamping.dk\/en\/home\/\"},{\"@type\":\"ListItem\",\"position\":2,\"name\":\"Activities\"}]},{\"@type\":\"WebSite\",\"@id\":\"https:\/\/kongshojcamping.dk\/en\/#website\",\"url\":\"https:\/\/kongshojcamping.dk\/en\/\",\"name\":\"Kongsh\u00f8j Camping\",\"description\":\"Camping med campingplads og campinghytte n\u00e6r strand p\u00e5 Fyn\",\"publisher\":{\"@id\":\"https:\/\/kongshojcamping.dk\/en\/#organization\"},\"potentialAction\":[{\"@type\":\"SearchAction\",\"target\":{\"@type\":\"EntryPoint\",\"urlTemplate\":\"https:\/\/kongshojcamping.dk\/en\/?s={search_term_string}\"},\"query-input\":{\"@type\":\"PropertyValueSpecification\",\"valueRequired\":true,\"valueName\":\"search_term_string\"}}],\"inLanguage\":\"en-US\"},{\"@type\":\"Organization\",\"@id\":\"https:\/\/kongshojcamping.dk\/en\/#organization\",\"name\":\"Kongsh\u00f8j Camping\",\"url\":\"https:\/\/kongshojcamping.dk\/en\/\",\"logo\":{\"@type\":\"ImageObject\",\"inLanguage\":\"en-US\",\"@id\":\"https:\/\/kongshojcamping.dk\/en\/#\/schema\/logo\/image\/\",\"url\":\"https:\/\/kongshojcamping.dk\/wp-content\/uploads\/2022\/09\/layer-2.png\",\"contentUrl\":\"https:\/\/kongshojcamping.dk\/wp-content\/uploads\/2022\/09\/layer-2.png\",\"width\":997,\"height\":613,\"caption\":\"Kongsh\u00f8j Camping\"},\"image\":{\"@id\":\"https:\/\/kongshojcamping.dk\/en\/#\/schema\/logo\/image\/\"}}]}<\/script>\n<!-- \/ Yoast SEO plugin. -->","yoast_head_json":{"title":"Activities &#183; Kongsh\u00f8j Camping","robots":{"index":"index","follow":"follow","max-snippet":"max-snippet:-1","max-image-preview":"max-image-preview:large","max-video-preview":"max-video-preview:-1"},"canonical":"https:\/\/kongshojcamping.dk\/en\/activities\/","og_locale":"en_US","og_type":"article","og_title":"Activities &#183; Kongsh\u00f8j Camping","og_description":"We have both crab fishing and balloon man for the little ones, banko, football tournament and mini golf tournament for the slightly older ones.","og_url":"https:\/\/kongshojcamping.dk\/en\/activities\/","og_site_name":"Kongsh\u00f8j Camping","article_modified_time":"2025-02-27T05:51:45+00:00","twitter_card":"summary_large_image","twitter_misc":{"Est. reading time":"2 minutes"},"schema":{"@context":"https:\/\/schema.org","@graph":[{"@type":"WebPage","@id":"https:\/\/kongshojcamping.dk\/en\/activities\/","url":"https:\/\/kongshojcamping.dk\/en\/activities\/","name":"Activities &#183; Kongsh\u00f8j Camping","isPartOf":{"@id":"https:\/\/kongshojcamping.dk\/en\/#website"},"datePublished":"2022-09-22T13:18:42+00:00","dateModified":"2025-02-27T05:51:45+00:00","breadcrumb":{"@id":"https:\/\/kongshojcamping.dk\/en\/activities\/#breadcrumb"},"inLanguage":"en-US","potentialAction":[{"@type":"ReadAction","target":["https:\/\/kongshojcamping.dk\/en\/activities\/"]}]},{"@type":"BreadcrumbList","@id":"https:\/\/kongshojcamping.dk\/en\/activities\/#breadcrumb","itemListElement":[{"@type":"ListItem","position":1,"name":"Hjem","item":"https:\/\/kongshojcamping.dk\/en\/home\/"},{"@type":"ListItem","position":2,"name":"Activities"}]},{"@type":"WebSite","@id":"https:\/\/kongshojcamping.dk\/en\/#website","url":"https:\/\/kongshojcamping.dk\/en\/","name":"Kongsh\u00f8j Camping","description":"Camping med campingplads og campinghytte n\u00e6r strand p\u00e5 Fyn","publisher":{"@id":"https:\/\/kongshojcamping.dk\/en\/#organization"},"potentialAction":[{"@type":"SearchAction","target":{"@type":"EntryPoint","urlTemplate":"https:\/\/kongshojcamping.dk\/en\/?s={search_term_string}"},"query-input":{"@type":"PropertyValueSpecification","valueRequired":true,"valueName":"search_term_string"}}],"inLanguage":"en-US"},{"@type":"Organization","@id":"https:\/\/kongshojcamping.dk\/en\/#organization","name":"Kongsh\u00f8j Camping","url":"https:\/\/kongshojcamping.dk\/en\/","logo":{"@type":"ImageObject","inLanguage":"en-US","@id":"https:\/\/kongshojcamping.dk\/en\/#\/schema\/logo\/image\/","url":"https:\/\/kongshojcamping.dk\/wp-content\/uploads\/2022\/09\/layer-2.png","contentUrl":"https:\/\/kongshojcamping.dk\/wp-content\/uploads\/2022\/09\/layer-2.png","width":997,"height":613,"caption":"Kongsh\u00f8j Camping"},"image":{"@id":"https:\/\/kongshojcamping.dk\/en\/#\/schema\/logo\/image\/"}}]}},"_links":{"self":[{"href":"https:\/\/kongshojcamping.dk\/en\/wp-json\/wp\/v2\/pages\/4536","targetHints":{"allow":["GET"]}}],"collection":[{"href":"https:\/\/kongshojcamping.dk\/en\/wp-json\/wp\/v2\/pages"}],"about":[{"href":"https:\/\/kongshojcamping.dk\/en\/wp-json\/wp\/v2\/types\/page"}],"author":[{"embeddable":true,"href":"https:\/\/kongshojcamping.dk\/en\/wp-json\/wp\/v2\/users\/1"}],"replies":[{"embeddable":true,"href":"https:\/\/kongshojcamping.dk\/en\/wp-json\/wp\/v2\/comments?post=4536"}],"version-history":[{"count":13,"href":"https:\/\/kongshojcamping.dk\/en\/wp-json\/wp\/v2\/pages\/4536\/revisions"}],"predecessor-version":[{"id":900254,"href":"https:\/\/kongshojcamping.dk\/en\/wp-json\/wp\/v2\/pages\/4536\/revisions\/900254"}],"wp:attachment":[{"href":"https:\/\/kongshojcamping.dk\/en\/wp-json\/wp\/v2\/media?parent=4536"}],"wp:term":[{"taxonomy":"category","embeddable":true,"href":"https:\/\/kongshojcamping.dk\/en\/wp-json\/wp\/v2\/categories?post=4536"}],"curies":[{"name":"wp","href":"https:\/\/api.w.org\/{rel}","templated":true}]}}