{"id":4554,"date":"2022-09-22T15:18:43","date_gmt":"2022-09-22T13:18:43","guid":{"rendered":"https:\/\/kongshojcamping.dk\/sights\/"},"modified":"2022-10-13T08:56:46","modified_gmt":"2022-10-13T06:56:46","slug":"sights","status":"publish","type":"page","link":"https:\/\/kongshojcamping.dk\/en\/sights\/","title":{"rendered":"Sights"},"content":{"rendered":"<section class=\"wpb-content-wrapper\"><p>[vc_row full_width=&#8221;stretch_row&#8221;][vc_column]<div class=\"ult-spacer spacer-69d1c0e89248b\" data-id=\"69d1c0e89248b\" data-height=\"90\" data-height-mobile=\"60\" data-height-tab=\"90\" data-height-tab-portrait=\"60\" data-height-mobile-landscape=\"60\" style=\"clear:both;display:block;\"><\/div>[vc_row_inner][vc_column_inner offset=&#8221;vc_col-lg-8 vc_col-md-8 vc_col-xs-12&#8243;][vc_column_text]<\/p>\n<h2>Nowhere in Europe are there more manor houses and castles than in East Funen<\/h2>\n<p>Nowhere in Europe are there more manor houses and castles than in East Funen. The parks and gardens are a fairy-tale in themselves and many are open to the public. It is impossible to forget about Hans Christian Andersen when in East Funen. It is approximately half an hour\u2019s drive from Kongsh\u00f8j to Odense where you can visit the author\u2019s house and \u2018Fyrt\u00f8jet\u2019 (The Tinder-Box), the children\u2019s arts centre.<\/p>\n<p>Odense is the capital of Funen and there are many things to see and do in general. The Village in Funen illustrates life on the island around the year 1850. In addition, Odense Zoo offers the opportunity to see animals from the four corners of the world, from reptiles to lions.<\/p>\n<p>The advantage of holidaying in Funen is not least its attractions, and there is very little distance between them. Our magnificent bridges make getting there and back easy and fast. Copenhagen and Legoland are both just over one hour\u2019s drive from Kongsh\u00f8j.<\/p>\n<p><strong>However this is just a small fraction of what Funen has to offer. Other sights include:<\/strong>[\/vc_column_text][\/vc_column_inner][vc_column_inner offset=&#8221;vc_col-lg-4 vc_col-md-4 vc_col-xs-12&#8243;][\/vc_column_inner][\/vc_row_inner][vc_empty_space height=&#8221;60px&#8221;][\/vc_column][\/vc_row][vc_row full_width=&#8221;stretch_row&#8221;][vc_column][vc_row_inner][vc_column_inner width=&#8221;1\/3&#8243;]<div class=\"ult-new-ib ult-ib-effect-style2  ult-ib-resp ult-ib2-min-height \" data-min-width=\"768\" data-max-width=\"900\" style=\"background:#0090cb; opacity:0; \" data-opacity=\"0.5\" data-hover-opacity=\"0.2\"  data-min-height=\"300\" ><img decoding=\"async\" class=\"ult-new-ib-img\" style=\"opacity:0.5;\" alt=\"null\" src=\"https:\/\/kongshojcamping.dk\/wp-content\/uploads\/2022\/09\/istock-1193585712-min-scaled.jpg\"  data-min-height=\"300\"   \/><div id=\"interactive-banner-wrap-7636\" class=\"ult-new-ib-desc\" style=\"\"><h3 class=\"ult-new-ib-title ult-responsive\"  data-ultimate-target='#interactive-banner-wrap-7636 .ult-new-ib-title'  data-responsive-json-new='{\"font-size\":\"desktop:26px;tablet:26px;tablet_portrait:22px;mobile_landscape:26px;mobile:22px;\",\"line-height\":\"\"}'  style=\"font-weight:bold;color:#f8ca3c;\">The Funen Village<\/h3><div class=\"ult-new-ib-content ult-responsive\"  data-ultimate-target='#interactive-banner-wrap-7636 .ult-new-ib-content'  data-responsive-json-new='{\"font-size\":\"desktop:16px;\",\"line-height\":\"\"}'  style=\"font-weight:200;color:#f8ca3c;\"><p>Read more here<\/p><\/div><\/div><a class=\"ult-new-ib-link\" href=\"http:\/\/museum.odense.dk\/museer\/den-fynske-landsby\" title=\"L\u00e6s mere\" target=\"_blank\" rel=\"noopener\"  ><\/a><\/div>[vc_empty_space height=&#8221;30px&#8221;][vc_column_text]In the Funen open-air museum \u2013 with rural structures from the 18th and 19th century \u2013 a complete village environment has been recreated, with half-timbered buildings, fences and farm animals, village pond and village street. The museum tells the story of life in the country around the 1850s.[\/vc_column_text]<div class=\"ult-spacer spacer-69d1c0e892831\" data-id=\"69d1c0e892831\" data-height=\"0\" data-height-mobile=\"30\" data-height-tab=\"0\" data-height-tab-portrait=\"0\" data-height-mobile-landscape=\"30\" style=\"clear:both;display:block;\"><\/div>[\/vc_column_inner][vc_column_inner width=&#8221;1\/3&#8243;]<div class=\"ult-new-ib ult-ib-effect-style2  ult-ib-resp ult-ib2-min-height \" data-min-width=\"768\" data-max-width=\"900\" style=\"background:#0090cb; opacity:0; \" data-opacity=\"0.5\" data-hover-opacity=\"0.2\"  data-min-height=\"300\" ><img decoding=\"async\" class=\"ult-new-ib-img\" style=\"opacity:0.5;\" alt=\"null\" src=\"https:\/\/kongshojcamping.dk\/wp-content\/uploads\/2022\/09\/istock-1381947130-min-scaled.jpg\"  data-min-height=\"300\"   \/><div id=\"interactive-banner-wrap-7684\" class=\"ult-new-ib-desc\" style=\"\"><h3 class=\"ult-new-ib-title ult-responsive\"  data-ultimate-target='#interactive-banner-wrap-7684 .ult-new-ib-title'  data-responsive-json-new='{\"font-size\":\"desktop:26px;tablet:26px;tablet_portrait:22px;mobile_landscape:26px;mobile:22px;\",\"line-height\":\"\"}'  style=\"font-weight:bold;color:#f8ca3c;\">Odense Zoo<\/h3><div class=\"ult-new-ib-content ult-responsive\"  data-ultimate-target='#interactive-banner-wrap-7684 .ult-new-ib-content'  data-responsive-json-new='{\"font-size\":\"desktop:16px;\",\"line-height\":\"\"}'  style=\"font-weight:200;color:#f8ca3c;\"><p>Read more here<\/p><\/div><\/div><a class=\"ult-new-ib-link\" href=\"http:\/\/www.odensezoo.dk\/forside\/\" title=\"L\u00e6s mere\" target=\"_blank\" rel=\"noopener\"  ><\/a><\/div>[vc_empty_space height=&#8221;30px&#8221;][vc_column_text]Europe\u2019s best zoo offers unique, adventurous moments for the whole family. Fill your day with great impressions, knowledge, play and learning. Look, listen and learn a lot when we feed and exercise the animals \u2013 and let the kids explore the many play areas,\u00a0while you\u00a0enjoy some delici[\/vc_column_text]<div class=\"ult-spacer spacer-69d1c0e892af7\" data-id=\"69d1c0e892af7\" data-height=\"0\" data-height-mobile=\"30\" data-height-tab=\"0\" data-height-tab-portrait=\"0\" data-height-mobile-landscape=\"30\" style=\"clear:both;display:block;\"><\/div>[\/vc_column_inner][vc_column_inner width=&#8221;1\/3&#8243;]<div class=\"ult-new-ib ult-ib-effect-style2  ult-ib-resp ult-ib2-min-height \" data-min-width=\"768\" data-max-width=\"900\" style=\"background:#0090cb; opacity:0; \" data-opacity=\"0.5\" data-hover-opacity=\"0.2\"  data-min-height=\"300\" ><img decoding=\"async\" class=\"ult-new-ib-img\" style=\"opacity:0.5;\" alt=\"null\" src=\"https:\/\/kongshojcamping.dk\/wp-content\/uploads\/2022\/09\/istock-1257014816-min-scaled.jpg\"  data-min-height=\"300\"   \/><div id=\"interactive-banner-wrap-6744\" class=\"ult-new-ib-desc\" style=\"\"><h3 class=\"ult-new-ib-title ult-responsive\"  data-ultimate-target='#interactive-banner-wrap-6744 .ult-new-ib-title'  data-responsive-json-new='{\"font-size\":\"desktop:26px;tablet:26px;tablet_portrait:22px;mobile_landscape:26px;mobile:22px;\",\"line-height\":\"\"}'  style=\"font-weight:bold;color:#f8ca3c;\">Egeskov<\/h3><div class=\"ult-new-ib-content ult-responsive\"  data-ultimate-target='#interactive-banner-wrap-6744 .ult-new-ib-content'  data-responsive-json-new='{\"font-size\":\"desktop:16px;\",\"line-height\":\"\"}'  style=\"font-weight:200;color:#f8ca3c;\"><p>Read more here<\/p><\/div><\/div><a class=\"ult-new-ib-link\" href=\"https:\/\/egeskov.dk\/\" title=\"L\u00e6s mere\" target=\"_blank\" rel=\"noopener\"  ><\/a><\/div>[vc_empty_space height=&#8221;30px&#8221;][vc_column_text]Egeskov is no ordinary castle \u2013 it is one of Europe\u2019s finest Renaissance buildings, featuring a real moat, spires, a knight\u2019s hall and ghastly creatures in its masonry.\u00a0Egeskov is also a PlayForest, where children and youthful souls can enjoy themselves for hours \u2013 on the ground or up in the trees in Tree Top Walking.[\/vc_column_text][\/vc_column_inner][\/vc_row_inner]<div class=\"ult-spacer spacer-69d1c0e892d85\" data-id=\"69d1c0e892d85\" data-height=\"60\" data-height-mobile=\"30\" data-height-tab=\"60\" data-height-tab-portrait=\"60\" data-height-mobile-landscape=\"30\" style=\"clear:both;display:block;\"><\/div>[vc_row_inner][vc_column_inner width=&#8221;1\/3&#8243;]<div class=\"ult-new-ib ult-ib-effect-style2  ult-ib-resp ult-ib2-min-height \" data-min-width=\"768\" data-max-width=\"900\" style=\"background:#0090cb; opacity:0; \" data-opacity=\"0.5\" data-hover-opacity=\"0.2\"  data-min-height=\"300\" ><img decoding=\"async\" class=\"ult-new-ib-img\" style=\"opacity:0.5;\" alt=\"null\" src=\"https:\/\/kongshojcamping.dk\/wp-content\/uploads\/2022\/09\/istock-1330928997-min-scaled.jpg\"  data-min-height=\"300\"   \/><div id=\"interactive-banner-wrap-7456\" class=\"ult-new-ib-desc\" style=\"\"><h3 class=\"ult-new-ib-title ult-responsive\"  data-ultimate-target='#interactive-banner-wrap-7456 .ult-new-ib-title'  data-responsive-json-new='{\"font-size\":\"desktop:26px;tablet:26px;tablet_portrait:22px;mobile_landscape:26px;mobile:22px;\",\"line-height\":\"\"}'  style=\"font-weight:bold;color:#f8ca3c;\">Gorilla Park<\/h3><div class=\"ult-new-ib-content ult-responsive\"  data-ultimate-target='#interactive-banner-wrap-7456 .ult-new-ib-content'  data-responsive-json-new='{\"font-size\":\"desktop:16px;\",\"line-height\":\"\"}'  style=\"font-weight:200;color:#f8ca3c;\"><p>Read more here<\/p><\/div><\/div><a class=\"ult-new-ib-link\" href=\"https:\/\/gorillapark.dk\/\" title=\"L\u00e6s mere\" target=\"_blank\" rel=\"noopener\"  ><\/a><\/div>[vc_empty_space height=&#8221;30px&#8221;][vc_column_text]Gorillapark Svendborg is a high rope adventure park beautifully located in the little town Stenstrup, it lies\u00a0about 12 kilometres from Svendborg.\u00a08 different courses\u00a0from 1 to 26 m. height above ground with different skill levels.[\/vc_column_text]<div class=\"ult-spacer spacer-69d1c0e893073\" data-id=\"69d1c0e893073\" data-height=\"0\" data-height-mobile=\"30\" data-height-tab=\"0\" data-height-tab-portrait=\"0\" data-height-mobile-landscape=\"30\" style=\"clear:both;display:block;\"><\/div>[\/vc_column_inner][vc_column_inner width=&#8221;1\/3&#8243;]<div class=\"ult-new-ib ult-ib-effect-style2  ult-ib-resp ult-ib2-min-height \" data-min-width=\"768\" data-max-width=\"900\" style=\"background:#0090cb; opacity:0; \" data-opacity=\"0.5\" data-hover-opacity=\"0.2\"  data-min-height=\"300\" ><img decoding=\"async\" class=\"ult-new-ib-img\" style=\"opacity:0.5;\" alt=\"null\" src=\"https:\/\/kongshojcamping.dk\/wp-content\/uploads\/2022\/09\/istock-1293307670-min.jpg\"  data-min-height=\"300\"   \/><div id=\"interactive-banner-wrap-6884\" class=\"ult-new-ib-desc\" style=\"\"><h3 class=\"ult-new-ib-title ult-responsive\"  data-ultimate-target='#interactive-banner-wrap-6884 .ult-new-ib-title'  data-responsive-json-new='{\"font-size\":\"desktop:26px;tablet:26px;tablet_portrait:22px;mobile_landscape:26px;mobile:22px;\",\"line-height\":\"\"}'  style=\"font-weight:bold;color:#f8ca3c;\">Valdemars Castle<\/h3><div class=\"ult-new-ib-content ult-responsive\"  data-ultimate-target='#interactive-banner-wrap-6884 .ult-new-ib-content'  data-responsive-json-new='{\"font-size\":\"desktop:16px;\",\"line-height\":\"\"}'  style=\"font-weight:200;color:#f8ca3c;\"><p>Read more here<\/p><\/div><\/div><a class=\"ult-new-ib-link\" href=\"https:\/\/valdemarsslot.dk\/\" title=\"L\u00e6s mere\" target=\"_blank\" rel=\"noopener\"  ><\/a><\/div>[vc_empty_space height=&#8221;30px&#8221;][vc_column_text]The castle was built 1639-44 for prince Valdemar, son of Christian IV_ and Kirstine Munk. Later the castle was taken over by the naval hero Niels Iuel. The castle still belongs to this family. You can also visit the Restaurant, the Tea Pavilion or the Apple Orchard.[\/vc_column_text]<div class=\"ult-spacer spacer-69d1c0e8932da\" data-id=\"69d1c0e8932da\" data-height=\"0\" data-height-mobile=\"30\" data-height-tab=\"0\" data-height-tab-portrait=\"0\" data-height-mobile-landscape=\"30\" style=\"clear:both;display:block;\"><\/div>[\/vc_column_inner][vc_column_inner width=&#8221;1\/3&#8243;]<div class=\"ult-new-ib ult-ib-effect-style2  ult-ib-resp ult-ib2-min-height \" data-min-width=\"768\" data-max-width=\"900\" style=\"background:#0090cb; opacity:0; \" data-opacity=\"0.5\" data-hover-opacity=\"0.2\"  data-min-height=\"300\" ><img decoding=\"async\" class=\"ult-new-ib-img\" style=\"opacity:0.5;\" alt=\"null\" src=\"https:\/\/kongshojcamping.dk\/wp-content\/uploads\/2022\/09\/istock-914630702-min-scaled.jpg\"  data-min-height=\"300\"   \/><div id=\"interactive-banner-wrap-1491\" class=\"ult-new-ib-desc\" style=\"\"><h3 class=\"ult-new-ib-title ult-responsive\"  data-ultimate-target='#interactive-banner-wrap-1491 .ult-new-ib-title'  data-responsive-json-new='{\"font-size\":\"desktop:26px;tablet:26px;tablet_portrait:22px;mobile_landscape:26px;mobile:22px;\",\"line-height\":\"\"}'  style=\"font-weight:bold;color:#f8ca3c;\">The Danish Railway Museum<\/h3><div class=\"ult-new-ib-content ult-responsive\"  data-ultimate-target='#interactive-banner-wrap-1491 .ult-new-ib-content'  data-responsive-json-new='{\"font-size\":\"desktop:16px;\",\"line-height\":\"\"}'  style=\"font-weight:200;color:#f8ca3c;\"><p>Read more here<\/p><\/div><\/div><a class=\"ult-new-ib-link\" href=\"https:\/\/www.jernbanemuseet.dk\/\" title=\"L\u00e6s mere\" target=\"_blank\" rel=\"noopener\"  ><\/a><\/div>[vc_empty_space height=&#8221;30px&#8221;][vc_column_text]Lose yourself in 10.000 m2 of rail technology, experiences, discoveries, games and nostalgia. The Danish Railway Museum is housed in an old roundhouse from 1954 in the centre of Odense. Here you will experience Denmark\u2019s railway history and get close to lots of engines and carriages.[\/vc_column_text][\/vc_column_inner][\/vc_row_inner]<div class=\"ult-spacer spacer-69d1c0e89351d\" data-id=\"69d1c0e89351d\" data-height=\"90\" data-height-mobile=\"60\" data-height-tab=\"90\" data-height-tab-portrait=\"60\" data-height-mobile-landscape=\"60\" style=\"clear:both;display:block;\"><\/div>[\/vc_column][\/vc_row]<\/p>\n<\/section>","protected":false},"excerpt":{"rendered":"<p>The parks and gardens are a fairy-tale in themselves and many are open to the public.<\/p>\n","protected":false},"author":1,"featured_media":0,"parent":0,"menu_order":13,"comment_status":"closed","ping_status":"closed","template":"","meta":{"_acf_changed":false,"footnotes":""},"categories":[],"class_list":["post-4554","page","type-page","status-publish"],"acf":[],"yoast_head":"<!-- This site is optimized with the Yoast SEO plugin v27.2 - https:\/\/yoast.com\/product\/yoast-seo-wordpress\/ -->\n<title>Sights &#183; Kongsh\u00f8j Camping<\/title>\n<meta name=\"robots\" content=\"index, follow, max-snippet:-1, max-image-preview:large, max-video-preview:-1\" \/>\n<link rel=\"canonical\" href=\"https:\/\/kongshojcamping.dk\/en\/sights\/\" \/>\n<meta property=\"og:locale\" content=\"en_US\" \/>\n<meta property=\"og:type\" content=\"article\" \/>\n<meta property=\"og:title\" content=\"Sights &#183; Kongsh\u00f8j Camping\" \/>\n<meta property=\"og:description\" content=\"The parks and gardens are a fairy-tale in themselves and many are open to the public.\" \/>\n<meta property=\"og:url\" content=\"https:\/\/kongshojcamping.dk\/en\/sights\/\" \/>\n<meta property=\"og:site_name\" content=\"Kongsh\u00f8j Camping\" \/>\n<meta property=\"article:modified_time\" content=\"2022-10-13T06:56:46+00:00\" \/>\n<meta name=\"twitter:card\" content=\"summary_large_image\" \/>\n<meta name=\"twitter:label1\" content=\"Est. reading time\" \/>\n\t<meta name=\"twitter:data1\" content=\"8 minutes\" \/>\n<script type=\"application\/ld+json\" class=\"yoast-schema-graph\">{\"@context\":\"https:\/\/schema.org\",\"@graph\":[{\"@type\":\"WebPage\",\"@id\":\"https:\/\/kongshojcamping.dk\/en\/sights\/\",\"url\":\"https:\/\/kongshojcamping.dk\/en\/sights\/\",\"name\":\"Sights &#183; Kongsh\u00f8j Camping\",\"isPartOf\":{\"@id\":\"https:\/\/kongshojcamping.dk\/en\/#website\"},\"datePublished\":\"2022-09-22T13:18:43+00:00\",\"dateModified\":\"2022-10-13T06:56:46+00:00\",\"breadcrumb\":{\"@id\":\"https:\/\/kongshojcamping.dk\/en\/sights\/#breadcrumb\"},\"inLanguage\":\"en-US\",\"potentialAction\":[{\"@type\":\"ReadAction\",\"target\":[\"https:\/\/kongshojcamping.dk\/en\/sights\/\"]}]},{\"@type\":\"BreadcrumbList\",\"@id\":\"https:\/\/kongshojcamping.dk\/en\/sights\/#breadcrumb\",\"itemListElement\":[{\"@type\":\"ListItem\",\"position\":1,\"name\":\"Hjem\",\"item\":\"https:\/\/kongshojcamping.dk\/en\/home\/\"},{\"@type\":\"ListItem\",\"position\":2,\"name\":\"Sights\"}]},{\"@type\":\"WebSite\",\"@id\":\"https:\/\/kongshojcamping.dk\/en\/#website\",\"url\":\"https:\/\/kongshojcamping.dk\/en\/\",\"name\":\"Kongsh\u00f8j Camping\",\"description\":\"Camping med campingplads og campinghytte n\u00e6r strand p\u00e5 Fyn\",\"publisher\":{\"@id\":\"https:\/\/kongshojcamping.dk\/en\/#organization\"},\"potentialAction\":[{\"@type\":\"SearchAction\",\"target\":{\"@type\":\"EntryPoint\",\"urlTemplate\":\"https:\/\/kongshojcamping.dk\/en\/?s={search_term_string}\"},\"query-input\":{\"@type\":\"PropertyValueSpecification\",\"valueRequired\":true,\"valueName\":\"search_term_string\"}}],\"inLanguage\":\"en-US\"},{\"@type\":\"Organization\",\"@id\":\"https:\/\/kongshojcamping.dk\/en\/#organization\",\"name\":\"Kongsh\u00f8j Camping\",\"url\":\"https:\/\/kongshojcamping.dk\/en\/\",\"logo\":{\"@type\":\"ImageObject\",\"inLanguage\":\"en-US\",\"@id\":\"https:\/\/kongshojcamping.dk\/en\/#\/schema\/logo\/image\/\",\"url\":\"https:\/\/kongshojcamping.dk\/wp-content\/uploads\/2022\/09\/layer-2.png\",\"contentUrl\":\"https:\/\/kongshojcamping.dk\/wp-content\/uploads\/2022\/09\/layer-2.png\",\"width\":997,\"height\":613,\"caption\":\"Kongsh\u00f8j Camping\"},\"image\":{\"@id\":\"https:\/\/kongshojcamping.dk\/en\/#\/schema\/logo\/image\/\"}}]}<\/script>\n<!-- \/ Yoast SEO plugin. -->","yoast_head_json":{"title":"Sights &#183; Kongsh\u00f8j Camping","robots":{"index":"index","follow":"follow","max-snippet":"max-snippet:-1","max-image-preview":"max-image-preview:large","max-video-preview":"max-video-preview:-1"},"canonical":"https:\/\/kongshojcamping.dk\/en\/sights\/","og_locale":"en_US","og_type":"article","og_title":"Sights &#183; Kongsh\u00f8j Camping","og_description":"The parks and gardens are a fairy-tale in themselves and many are open to the public.","og_url":"https:\/\/kongshojcamping.dk\/en\/sights\/","og_site_name":"Kongsh\u00f8j Camping","article_modified_time":"2022-10-13T06:56:46+00:00","twitter_card":"summary_large_image","twitter_misc":{"Est. reading time":"8 minutes"},"schema":{"@context":"https:\/\/schema.org","@graph":[{"@type":"WebPage","@id":"https:\/\/kongshojcamping.dk\/en\/sights\/","url":"https:\/\/kongshojcamping.dk\/en\/sights\/","name":"Sights &#183; Kongsh\u00f8j Camping","isPartOf":{"@id":"https:\/\/kongshojcamping.dk\/en\/#website"},"datePublished":"2022-09-22T13:18:43+00:00","dateModified":"2022-10-13T06:56:46+00:00","breadcrumb":{"@id":"https:\/\/kongshojcamping.dk\/en\/sights\/#breadcrumb"},"inLanguage":"en-US","potentialAction":[{"@type":"ReadAction","target":["https:\/\/kongshojcamping.dk\/en\/sights\/"]}]},{"@type":"BreadcrumbList","@id":"https:\/\/kongshojcamping.dk\/en\/sights\/#breadcrumb","itemListElement":[{"@type":"ListItem","position":1,"name":"Hjem","item":"https:\/\/kongshojcamping.dk\/en\/home\/"},{"@type":"ListItem","position":2,"name":"Sights"}]},{"@type":"WebSite","@id":"https:\/\/kongshojcamping.dk\/en\/#website","url":"https:\/\/kongshojcamping.dk\/en\/","name":"Kongsh\u00f8j Camping","description":"Camping med campingplads og campinghytte n\u00e6r strand p\u00e5 Fyn","publisher":{"@id":"https:\/\/kongshojcamping.dk\/en\/#organization"},"potentialAction":[{"@type":"SearchAction","target":{"@type":"EntryPoint","urlTemplate":"https:\/\/kongshojcamping.dk\/en\/?s={search_term_string}"},"query-input":{"@type":"PropertyValueSpecification","valueRequired":true,"valueName":"search_term_string"}}],"inLanguage":"en-US"},{"@type":"Organization","@id":"https:\/\/kongshojcamping.dk\/en\/#organization","name":"Kongsh\u00f8j Camping","url":"https:\/\/kongshojcamping.dk\/en\/","logo":{"@type":"ImageObject","inLanguage":"en-US","@id":"https:\/\/kongshojcamping.dk\/en\/#\/schema\/logo\/image\/","url":"https:\/\/kongshojcamping.dk\/wp-content\/uploads\/2022\/09\/layer-2.png","contentUrl":"https:\/\/kongshojcamping.dk\/wp-content\/uploads\/2022\/09\/layer-2.png","width":997,"height":613,"caption":"Kongsh\u00f8j Camping"},"image":{"@id":"https:\/\/kongshojcamping.dk\/en\/#\/schema\/logo\/image\/"}}]}},"_links":{"self":[{"href":"https:\/\/kongshojcamping.dk\/en\/wp-json\/wp\/v2\/pages\/4554","targetHints":{"allow":["GET"]}}],"collection":[{"href":"https:\/\/kongshojcamping.dk\/en\/wp-json\/wp\/v2\/pages"}],"about":[{"href":"https:\/\/kongshojcamping.dk\/en\/wp-json\/wp\/v2\/types\/page"}],"author":[{"embeddable":true,"href":"https:\/\/kongshojcamping.dk\/en\/wp-json\/wp\/v2\/users\/1"}],"replies":[{"embeddable":true,"href":"https:\/\/kongshojcamping.dk\/en\/wp-json\/wp\/v2\/comments?post=4554"}],"version-history":[{"count":5,"href":"https:\/\/kongshojcamping.dk\/en\/wp-json\/wp\/v2\/pages\/4554\/revisions"}],"predecessor-version":[{"id":4559,"href":"https:\/\/kongshojcamping.dk\/en\/wp-json\/wp\/v2\/pages\/4554\/revisions\/4559"}],"wp:attachment":[{"href":"https:\/\/kongshojcamping.dk\/en\/wp-json\/wp\/v2\/media?parent=4554"}],"wp:term":[{"taxonomy":"category","embeddable":true,"href":"https:\/\/kongshojcamping.dk\/en\/wp-json\/wp\/v2\/categories?post=4554"}],"curies":[{"name":"wp","href":"https:\/\/api.w.org\/{rel}","templated":true}]}}