{"id":4684,"date":"2022-10-06T08:41:12","date_gmt":"2022-10-06T06:41:12","guid":{"rendered":"https:\/\/kongshojcamping.dk\/facilities\/"},"modified":"2025-02-21T21:53:04","modified_gmt":"2025-02-21T20:53:04","slug":"facilities","status":"publish","type":"page","link":"https:\/\/kongshojcamping.dk\/en\/facilities\/","title":{"rendered":"Facilities"},"content":{"rendered":"<section class=\"wpb-content-wrapper\"><p>[vc_row full_width=&#8221;stretch_row&#8221;][vc_column]<div class=\"ult-spacer spacer-69ece80d30ffb\" data-id=\"69ece80d30ffb\" data-height=\"90\" data-height-mobile=\"60\" data-height-tab=\"90\" data-height-tab-portrait=\"60\" data-height-mobile-landscape=\"60\" style=\"clear:both;display:block;\"><\/div>[vc_row_inner][vc_column_inner offset=&#8221;vc_col-lg-8 vc_col-md-8 vc_col-xs-12&#8243;][vc_column_text]<\/p>\n<h2>We have modern facilities at the campsite<\/h2>\n<p>On our camping site we have our own mini-market with a wide range of products. In addition we have our own bakery, where you can buy freshly baked bread.<\/p>\n<p>On the campsite there are two sanitary buildings that are centrally placed. Both buildings are modern and the main building has recently been renovated. The buildings contain:<\/p>\n<ul>\n<li>Facilities for children<\/li>\n<li>Family rooms<\/li>\n<li>Laundry<\/li>\n<li>Handicap room<\/li>\n<li>Kitchens with freezer, oven, hotplates etc.<\/li>\n<li>Covered terrace with benches and a large grill<\/li>\n<li>Fish cleaning facilities with a freezer.<\/li>\n<\/ul>\n<h3>Activities for everyone<\/h3>\n<p>In addition to our practical facilities we have a large number of activities for all ages.<\/p>\n<ul>\n<li>Two TV rooms<\/li>\n<li>Two playgrounds<\/li>\n<li>Two bouncy cushions<\/li>\n<li>Miniature golf and petanque<\/li>\n<li>Football pitch<\/li>\n<li>Large activity building with badminton, table tennis, air hockey and<\/li>\n<li>table football<\/li>\n<li>Freshwater lake with opportunity to fish<\/li>\n<li>Nice walking trips around the campsite<\/li>\n<li>Fenced-in dog park<\/li>\n<li>Fireplace, where we weekly serve twisted bread<\/li>\n<li>Beach with Blue Flag<\/li>\n<li>Landing stage for boats<\/li>\n<li>Rabbits, sheep, goats and Shetlands ponies.<\/li>\n<\/ul>\n<p>[\/vc_column_text][vc_empty_space height=&#8221;30px&#8221;][vc_btn title=&#8221;Book&#8221; style=&#8221;custom&#8221; custom_background=&#8221;#f8ca3c&#8221; custom_text=&#8221;#2d4750&#8243; shape=&#8221;square&#8221; align=&#8221;left&#8221; link=&#8221;url:https%3A%2F%2Fkongshoj.onlinebooking.dk%2Fbooking%2Fdefault.aspx|target:_blank|&#8221;]<div class=\"ult-spacer spacer-69ece80d3103e\" data-id=\"69ece80d3103e\" data-height=\"0\" data-height-mobile=\"30\" data-height-tab=\"0\" data-height-tab-portrait=\"0\" data-height-mobile-landscape=\"30\" style=\"clear:both;display:block;\"><\/div>[\/vc_column_inner][vc_column_inner offset=&#8221;vc_col-lg-4 vc_col-md-4 vc_col-xs-12&#8243;][\/vc_column_inner][\/vc_row_inner][vc_empty_space height=&#8221;60px&#8221;][vc_media_grid gap=&#8221;20&#8243; grid_id=&#8221;vc_gid:1740171126088-121b0118-2eda-2&#8243; include=&#8221;900212,900216,3737,3738,3739,3740,3741,3742,3743&#8243;]<div class=\"ult-spacer spacer-69ece80d31061\" data-id=\"69ece80d31061\" data-height=\"90\" data-height-mobile=\"60\" data-height-tab=\"90\" data-height-tab-portrait=\"60\" data-height-mobile-landscape=\"60\" style=\"clear:both;display:block;\"><\/div>[\/vc_column][\/vc_row]<\/p>\n<\/section>","protected":false},"excerpt":{"rendered":"<p>See our modern facilities here<\/p>\n","protected":false},"author":1,"featured_media":0,"parent":0,"menu_order":14,"comment_status":"closed","ping_status":"closed","template":"","meta":{"_acf_changed":false,"footnotes":""},"categories":[],"class_list":["post-4684","page","type-page","status-publish"],"acf":[],"yoast_head":"<!-- This site is optimized with the Yoast SEO plugin v27.2 - https:\/\/yoast.com\/product\/yoast-seo-wordpress\/ -->\n<title>Facilities &#183; Kongsh\u00f8j Camping<\/title>\n<meta name=\"robots\" content=\"index, follow, max-snippet:-1, max-image-preview:large, max-video-preview:-1\" \/>\n<link rel=\"canonical\" href=\"https:\/\/kongshojcamping.dk\/en\/facilities\/\" \/>\n<meta property=\"og:locale\" content=\"en_US\" \/>\n<meta property=\"og:type\" content=\"article\" \/>\n<meta property=\"og:title\" content=\"Facilities &#183; Kongsh\u00f8j Camping\" \/>\n<meta property=\"og:description\" content=\"See our modern facilities here\" \/>\n<meta property=\"og:url\" content=\"https:\/\/kongshojcamping.dk\/en\/facilities\/\" \/>\n<meta property=\"og:site_name\" content=\"Kongsh\u00f8j Camping\" \/>\n<meta property=\"article:modified_time\" content=\"2025-02-21T20:53:04+00:00\" \/>\n<meta name=\"twitter:card\" content=\"summary_large_image\" \/>\n<meta name=\"twitter:label1\" content=\"Est. reading time\" \/>\n\t<meta name=\"twitter:data1\" content=\"3 minutes\" \/>\n<script type=\"application\/ld+json\" class=\"yoast-schema-graph\">{\"@context\":\"https:\/\/schema.org\",\"@graph\":[{\"@type\":\"WebPage\",\"@id\":\"https:\/\/kongshojcamping.dk\/en\/facilities\/\",\"url\":\"https:\/\/kongshojcamping.dk\/en\/facilities\/\",\"name\":\"Facilities &#183; Kongsh\u00f8j Camping\",\"isPartOf\":{\"@id\":\"https:\/\/kongshojcamping.dk\/en\/#website\"},\"datePublished\":\"2022-10-06T06:41:12+00:00\",\"dateModified\":\"2025-02-21T20:53:04+00:00\",\"breadcrumb\":{\"@id\":\"https:\/\/kongshojcamping.dk\/en\/facilities\/#breadcrumb\"},\"inLanguage\":\"en-US\",\"potentialAction\":[{\"@type\":\"ReadAction\",\"target\":[\"https:\/\/kongshojcamping.dk\/en\/facilities\/\"]}]},{\"@type\":\"BreadcrumbList\",\"@id\":\"https:\/\/kongshojcamping.dk\/en\/facilities\/#breadcrumb\",\"itemListElement\":[{\"@type\":\"ListItem\",\"position\":1,\"name\":\"Hjem\",\"item\":\"https:\/\/kongshojcamping.dk\/en\/home\/\"},{\"@type\":\"ListItem\",\"position\":2,\"name\":\"Facilities\"}]},{\"@type\":\"WebSite\",\"@id\":\"https:\/\/kongshojcamping.dk\/en\/#website\",\"url\":\"https:\/\/kongshojcamping.dk\/en\/\",\"name\":\"Kongsh\u00f8j Camping\",\"description\":\"Camping med campingplads og campinghytte n\u00e6r strand p\u00e5 Fyn\",\"publisher\":{\"@id\":\"https:\/\/kongshojcamping.dk\/en\/#organization\"},\"potentialAction\":[{\"@type\":\"SearchAction\",\"target\":{\"@type\":\"EntryPoint\",\"urlTemplate\":\"https:\/\/kongshojcamping.dk\/en\/?s={search_term_string}\"},\"query-input\":{\"@type\":\"PropertyValueSpecification\",\"valueRequired\":true,\"valueName\":\"search_term_string\"}}],\"inLanguage\":\"en-US\"},{\"@type\":\"Organization\",\"@id\":\"https:\/\/kongshojcamping.dk\/en\/#organization\",\"name\":\"Kongsh\u00f8j Camping\",\"url\":\"https:\/\/kongshojcamping.dk\/en\/\",\"logo\":{\"@type\":\"ImageObject\",\"inLanguage\":\"en-US\",\"@id\":\"https:\/\/kongshojcamping.dk\/en\/#\/schema\/logo\/image\/\",\"url\":\"https:\/\/kongshojcamping.dk\/wp-content\/uploads\/2022\/09\/layer-2.png\",\"contentUrl\":\"https:\/\/kongshojcamping.dk\/wp-content\/uploads\/2022\/09\/layer-2.png\",\"width\":997,\"height\":613,\"caption\":\"Kongsh\u00f8j Camping\"},\"image\":{\"@id\":\"https:\/\/kongshojcamping.dk\/en\/#\/schema\/logo\/image\/\"}}]}<\/script>\n<!-- \/ Yoast SEO plugin. -->","yoast_head_json":{"title":"Facilities &#183; Kongsh\u00f8j Camping","robots":{"index":"index","follow":"follow","max-snippet":"max-snippet:-1","max-image-preview":"max-image-preview:large","max-video-preview":"max-video-preview:-1"},"canonical":"https:\/\/kongshojcamping.dk\/en\/facilities\/","og_locale":"en_US","og_type":"article","og_title":"Facilities &#183; Kongsh\u00f8j Camping","og_description":"See our modern facilities here","og_url":"https:\/\/kongshojcamping.dk\/en\/facilities\/","og_site_name":"Kongsh\u00f8j Camping","article_modified_time":"2025-02-21T20:53:04+00:00","twitter_card":"summary_large_image","twitter_misc":{"Est. reading time":"3 minutes"},"schema":{"@context":"https:\/\/schema.org","@graph":[{"@type":"WebPage","@id":"https:\/\/kongshojcamping.dk\/en\/facilities\/","url":"https:\/\/kongshojcamping.dk\/en\/facilities\/","name":"Facilities &#183; Kongsh\u00f8j Camping","isPartOf":{"@id":"https:\/\/kongshojcamping.dk\/en\/#website"},"datePublished":"2022-10-06T06:41:12+00:00","dateModified":"2025-02-21T20:53:04+00:00","breadcrumb":{"@id":"https:\/\/kongshojcamping.dk\/en\/facilities\/#breadcrumb"},"inLanguage":"en-US","potentialAction":[{"@type":"ReadAction","target":["https:\/\/kongshojcamping.dk\/en\/facilities\/"]}]},{"@type":"BreadcrumbList","@id":"https:\/\/kongshojcamping.dk\/en\/facilities\/#breadcrumb","itemListElement":[{"@type":"ListItem","position":1,"name":"Hjem","item":"https:\/\/kongshojcamping.dk\/en\/home\/"},{"@type":"ListItem","position":2,"name":"Facilities"}]},{"@type":"WebSite","@id":"https:\/\/kongshojcamping.dk\/en\/#website","url":"https:\/\/kongshojcamping.dk\/en\/","name":"Kongsh\u00f8j Camping","description":"Camping med campingplads og campinghytte n\u00e6r strand p\u00e5 Fyn","publisher":{"@id":"https:\/\/kongshojcamping.dk\/en\/#organization"},"potentialAction":[{"@type":"SearchAction","target":{"@type":"EntryPoint","urlTemplate":"https:\/\/kongshojcamping.dk\/en\/?s={search_term_string}"},"query-input":{"@type":"PropertyValueSpecification","valueRequired":true,"valueName":"search_term_string"}}],"inLanguage":"en-US"},{"@type":"Organization","@id":"https:\/\/kongshojcamping.dk\/en\/#organization","name":"Kongsh\u00f8j Camping","url":"https:\/\/kongshojcamping.dk\/en\/","logo":{"@type":"ImageObject","inLanguage":"en-US","@id":"https:\/\/kongshojcamping.dk\/en\/#\/schema\/logo\/image\/","url":"https:\/\/kongshojcamping.dk\/wp-content\/uploads\/2022\/09\/layer-2.png","contentUrl":"https:\/\/kongshojcamping.dk\/wp-content\/uploads\/2022\/09\/layer-2.png","width":997,"height":613,"caption":"Kongsh\u00f8j Camping"},"image":{"@id":"https:\/\/kongshojcamping.dk\/en\/#\/schema\/logo\/image\/"}}]}},"_links":{"self":[{"href":"https:\/\/kongshojcamping.dk\/en\/wp-json\/wp\/v2\/pages\/4684","targetHints":{"allow":["GET"]}}],"collection":[{"href":"https:\/\/kongshojcamping.dk\/en\/wp-json\/wp\/v2\/pages"}],"about":[{"href":"https:\/\/kongshojcamping.dk\/en\/wp-json\/wp\/v2\/types\/page"}],"author":[{"embeddable":true,"href":"https:\/\/kongshojcamping.dk\/en\/wp-json\/wp\/v2\/users\/1"}],"replies":[{"embeddable":true,"href":"https:\/\/kongshojcamping.dk\/en\/wp-json\/wp\/v2\/comments?post=4684"}],"version-history":[{"count":11,"href":"https:\/\/kongshojcamping.dk\/en\/wp-json\/wp\/v2\/pages\/4684\/revisions"}],"predecessor-version":[{"id":900221,"href":"https:\/\/kongshojcamping.dk\/en\/wp-json\/wp\/v2\/pages\/4684\/revisions\/900221"}],"wp:attachment":[{"href":"https:\/\/kongshojcamping.dk\/en\/wp-json\/wp\/v2\/media?parent=4684"}],"wp:term":[{"taxonomy":"category","embeddable":true,"href":"https:\/\/kongshojcamping.dk\/en\/wp-json\/wp\/v2\/categories?post=4684"}],"curies":[{"name":"wp","href":"https:\/\/api.w.org\/{rel}","templated":true}]}}