{"id":4756,"date":"2022-09-22T15:18:41","date_gmt":"2022-09-22T13:18:41","guid":{"rendered":"https:\/\/kongshojcamping.dk\/luxury-summer-house\/"},"modified":"2022-11-04T10:04:33","modified_gmt":"2022-11-04T09:04:33","slug":"luxury-summer-house","status":"publish","type":"page","link":"https:\/\/kongshojcamping.dk\/en\/luxury-summer-house\/","title":{"rendered":"Luxury summer house"},"content":{"rendered":"<section class=\"wpb-content-wrapper\"><p>[vc_row full_width=&#8221;stretch_row&#8221;][vc_column]<div class=\"ult-spacer spacer-69d25167a059a\" data-id=\"69d25167a059a\" data-height=\"90\" data-height-mobile=\"60\" data-height-tab=\"90\" data-height-tab-portrait=\"60\" data-height-mobile-landscape=\"60\" style=\"clear:both;display:block;\"><\/div>[vc_row_inner][vc_column_inner offset=&#8221;vc_col-lg-8 vc_col-md-8 vc_col-xs-12&#8243;][vc_column_text]<\/p>\n<h2>New exciting luxury summer house for 26 people with a beautiful sea view and lots of activities and with lots of possibilities for larger joint events<\/h2>\n<p>Contact us for more information regarding prices\/periods and booking the house.<\/p>\n<p>Welcome to our luxury summer house at Kongsh\u00f8j filled with exciting details and activity opportunities for 26 people.<\/p>\n<p>The house&#8217;s own water park invites you to hours of fun bathing and swimming with the 23 m2 pool with counter current system, Roman stairs and water slide. If pure well-being is desired, the house&#8217;s large hot tub and sauna beckon for relaxing moments.<\/p>\n<p>The large living room, with access to the terrace, is the house&#8217;s natural meeting point with sofa group, dining areas and kitchen.<\/p>\n<p>The kitchen is practically furnished with a kitchen island, and a double dishwasher, sink, oven, fridge and hotplates, so it is easy to cook for all your holiday meals.<\/p>\n<h3>Many opportunities to enjoy yourself<\/h3>\n<p>The activity room&#8217;s many opportunities to have fun with a friendly competition are a sure success for both young and old. You can play billiards, table tennis, darts, football games and Playstation 4, and from the bar with its own fridge you can serve cold drinks and cheer.<\/p>\n<p>The large sofa group with wood-burning stove entices you to relax with a good book or film &#8211; or perhaps a board game.<\/p>\n<p>The large terrace with exclusive garden furniture forms the perfect setting for both a summer day in the sun and a cozy barbecue evening with friends and family.<\/p>\n<p>The house&#8217;s many sleeping places are divided into 3 sleeping areas, each with 1 bathroom and 3-4 bedrooms, so the total number of bedrooms is 10. The remaining sleeping places are divided between the house&#8217;s 2 lofts.<\/p>\n<p>If the weather beckons for outdoor activities, there is a trampoline, swing, sandbox, as well as a large piece of grass where you can play football, Viking games or something else entirely.<\/p>\n<h3>In addition to all the exciting things that the house offers<\/h3>\n<p>Can you use all the campsite&#8217;s facilities. Family fun is offered here for everyone with, among other things, mini golf, indoor badminton, stuffed animals, 2 playgrounds with bouncy pads and plenty of play equipment.<\/p>\n<p>In addition, there is a mini market where you can order breakfast every day or have an ice cream.<\/p>\n<p>Kongsh\u00f8j Strand Camping also offers fantastic nature with its own fishing lake, dog park, walks and a beautiful beach with the Blue Flag.<\/p>\n<p>If you want to hold larger events in connection with the summer house, it is possible to rent luxury cabins on the campsite so that the total number of sleeping places is 100.<\/p>\n<p>During the winter months, there may be certain facilities on the campsite which are closed for the winter.[\/vc_column_text]<div class=\"ult-spacer spacer-69d25167a05e6\" data-id=\"69d25167a05e6\" data-height=\"0\" data-height-mobile=\"30\" data-height-tab=\"0\" data-height-tab-portrait=\"0\" data-height-mobile-landscape=\"30\" style=\"clear:both;display:block;\"><\/div>[\/vc_column_inner][vc_column_inner offset=&#8221;vc_col-lg-4 vc_col-md-4 vc_col-xs-12&#8243;][vc_column_text css=&#8221;.vc_custom_1664267346983{padding-top: 30px !important;padding-right: 30px !important;padding-bottom: 30px !important;padding-left: 30px !important;background-color: #fafafa !important;}&#8221;]<\/p>\n<h3>Practical information<\/h3>\n<ul>\n<li><strong>The house<\/strong> is not rented out to youth groups.<\/li>\n<li><strong>It is allowed to bring two pets<\/strong> with you without extra payment. If you have several pets, please contact us before booking.<\/li>\n<li><strong>For more information<\/strong> regarding rental conditions and cancellation rules, see more under <a href=\"\/wp-content\/uploads\/2022\/10\/prisliste-sommerhus-2020-2.pdf\">Price list<\/a><\/li>\n<\/ul>\n<p>[\/vc_column_text][\/vc_column_inner][\/vc_row_inner][vc_empty_space height=&#8221;60px&#8221;][vc_media_grid gap=&#8221;20&#8243; grid_id=&#8221;vc_gid:1667552629343-f588fd13-b47c-7&#8243; include=&#8221;3584,3585,3586,3587,3588,3589,3590,3591,3592,3593,3594,3595,3596,3597,3598,3599,3600,3601,3602,3603,3604,3605,3606,3607,3608&#8243;]<div class=\"ult-spacer spacer-69d25167a060b\" data-id=\"69d25167a060b\" data-height=\"90\" data-height-mobile=\"60\" data-height-tab=\"90\" data-height-tab-portrait=\"60\" data-height-mobile-landscape=\"60\" style=\"clear:both;display:block;\"><\/div>[\/vc_column][\/vc_row]<\/p>\n<\/section>","protected":false},"excerpt":{"rendered":"<p>Contact us for more information regarding prices\/periods and booking the house.<\/p>\n","protected":false},"author":1,"featured_media":0,"parent":0,"menu_order":6,"comment_status":"closed","ping_status":"closed","template":"","meta":{"_acf_changed":false,"footnotes":""},"categories":[],"class_list":["post-4756","page","type-page","status-publish"],"acf":[],"yoast_head":"<!-- This site is optimized with the Yoast SEO plugin v27.2 - https:\/\/yoast.com\/product\/yoast-seo-wordpress\/ -->\n<title>Luxury summer house &#183; Kongsh\u00f8j Camping<\/title>\n<meta name=\"robots\" content=\"index, follow, max-snippet:-1, max-image-preview:large, max-video-preview:-1\" \/>\n<link rel=\"canonical\" href=\"https:\/\/kongshojcamping.dk\/en\/luxury-summer-house\/\" \/>\n<meta property=\"og:locale\" content=\"en_US\" \/>\n<meta property=\"og:type\" content=\"article\" \/>\n<meta property=\"og:title\" content=\"Luxury summer house &#183; Kongsh\u00f8j Camping\" \/>\n<meta property=\"og:description\" content=\"Contact us for more information regarding prices\/periods and booking the house.\" \/>\n<meta property=\"og:url\" content=\"https:\/\/kongshojcamping.dk\/en\/luxury-summer-house\/\" \/>\n<meta property=\"og:site_name\" content=\"Kongsh\u00f8j Camping\" \/>\n<meta property=\"article:modified_time\" content=\"2022-11-04T09:04:33+00:00\" \/>\n<meta name=\"twitter:card\" content=\"summary_large_image\" \/>\n<meta name=\"twitter:label1\" content=\"Est. reading time\" \/>\n\t<meta name=\"twitter:data1\" content=\"3 minutes\" \/>\n<script type=\"application\/ld+json\" class=\"yoast-schema-graph\">{\"@context\":\"https:\/\/schema.org\",\"@graph\":[{\"@type\":\"WebPage\",\"@id\":\"https:\/\/kongshojcamping.dk\/en\/luxury-summer-house\/\",\"url\":\"https:\/\/kongshojcamping.dk\/en\/luxury-summer-house\/\",\"name\":\"Luxury summer house &#183; Kongsh\u00f8j Camping\",\"isPartOf\":{\"@id\":\"https:\/\/kongshojcamping.dk\/en\/#website\"},\"datePublished\":\"2022-09-22T13:18:41+00:00\",\"dateModified\":\"2022-11-04T09:04:33+00:00\",\"breadcrumb\":{\"@id\":\"https:\/\/kongshojcamping.dk\/en\/luxury-summer-house\/#breadcrumb\"},\"inLanguage\":\"en-US\",\"potentialAction\":[{\"@type\":\"ReadAction\",\"target\":[\"https:\/\/kongshojcamping.dk\/en\/luxury-summer-house\/\"]}]},{\"@type\":\"BreadcrumbList\",\"@id\":\"https:\/\/kongshojcamping.dk\/en\/luxury-summer-house\/#breadcrumb\",\"itemListElement\":[{\"@type\":\"ListItem\",\"position\":1,\"name\":\"Hjem\",\"item\":\"https:\/\/kongshojcamping.dk\/en\/home\/\"},{\"@type\":\"ListItem\",\"position\":2,\"name\":\"Luxury summer house\"}]},{\"@type\":\"WebSite\",\"@id\":\"https:\/\/kongshojcamping.dk\/en\/#website\",\"url\":\"https:\/\/kongshojcamping.dk\/en\/\",\"name\":\"Kongsh\u00f8j Camping\",\"description\":\"Camping med campingplads og campinghytte n\u00e6r strand p\u00e5 Fyn\",\"publisher\":{\"@id\":\"https:\/\/kongshojcamping.dk\/en\/#organization\"},\"potentialAction\":[{\"@type\":\"SearchAction\",\"target\":{\"@type\":\"EntryPoint\",\"urlTemplate\":\"https:\/\/kongshojcamping.dk\/en\/?s={search_term_string}\"},\"query-input\":{\"@type\":\"PropertyValueSpecification\",\"valueRequired\":true,\"valueName\":\"search_term_string\"}}],\"inLanguage\":\"en-US\"},{\"@type\":\"Organization\",\"@id\":\"https:\/\/kongshojcamping.dk\/en\/#organization\",\"name\":\"Kongsh\u00f8j Camping\",\"url\":\"https:\/\/kongshojcamping.dk\/en\/\",\"logo\":{\"@type\":\"ImageObject\",\"inLanguage\":\"en-US\",\"@id\":\"https:\/\/kongshojcamping.dk\/en\/#\/schema\/logo\/image\/\",\"url\":\"https:\/\/kongshojcamping.dk\/wp-content\/uploads\/2022\/09\/layer-2.png\",\"contentUrl\":\"https:\/\/kongshojcamping.dk\/wp-content\/uploads\/2022\/09\/layer-2.png\",\"width\":997,\"height\":613,\"caption\":\"Kongsh\u00f8j Camping\"},\"image\":{\"@id\":\"https:\/\/kongshojcamping.dk\/en\/#\/schema\/logo\/image\/\"}}]}<\/script>\n<!-- \/ Yoast SEO plugin. -->","yoast_head_json":{"title":"Luxury summer house &#183; Kongsh\u00f8j Camping","robots":{"index":"index","follow":"follow","max-snippet":"max-snippet:-1","max-image-preview":"max-image-preview:large","max-video-preview":"max-video-preview:-1"},"canonical":"https:\/\/kongshojcamping.dk\/en\/luxury-summer-house\/","og_locale":"en_US","og_type":"article","og_title":"Luxury summer house &#183; Kongsh\u00f8j Camping","og_description":"Contact us for more information regarding prices\/periods and booking the house.","og_url":"https:\/\/kongshojcamping.dk\/en\/luxury-summer-house\/","og_site_name":"Kongsh\u00f8j Camping","article_modified_time":"2022-11-04T09:04:33+00:00","twitter_card":"summary_large_image","twitter_misc":{"Est. reading time":"3 minutes"},"schema":{"@context":"https:\/\/schema.org","@graph":[{"@type":"WebPage","@id":"https:\/\/kongshojcamping.dk\/en\/luxury-summer-house\/","url":"https:\/\/kongshojcamping.dk\/en\/luxury-summer-house\/","name":"Luxury summer house &#183; Kongsh\u00f8j Camping","isPartOf":{"@id":"https:\/\/kongshojcamping.dk\/en\/#website"},"datePublished":"2022-09-22T13:18:41+00:00","dateModified":"2022-11-04T09:04:33+00:00","breadcrumb":{"@id":"https:\/\/kongshojcamping.dk\/en\/luxury-summer-house\/#breadcrumb"},"inLanguage":"en-US","potentialAction":[{"@type":"ReadAction","target":["https:\/\/kongshojcamping.dk\/en\/luxury-summer-house\/"]}]},{"@type":"BreadcrumbList","@id":"https:\/\/kongshojcamping.dk\/en\/luxury-summer-house\/#breadcrumb","itemListElement":[{"@type":"ListItem","position":1,"name":"Hjem","item":"https:\/\/kongshojcamping.dk\/en\/home\/"},{"@type":"ListItem","position":2,"name":"Luxury summer house"}]},{"@type":"WebSite","@id":"https:\/\/kongshojcamping.dk\/en\/#website","url":"https:\/\/kongshojcamping.dk\/en\/","name":"Kongsh\u00f8j Camping","description":"Camping med campingplads og campinghytte n\u00e6r strand p\u00e5 Fyn","publisher":{"@id":"https:\/\/kongshojcamping.dk\/en\/#organization"},"potentialAction":[{"@type":"SearchAction","target":{"@type":"EntryPoint","urlTemplate":"https:\/\/kongshojcamping.dk\/en\/?s={search_term_string}"},"query-input":{"@type":"PropertyValueSpecification","valueRequired":true,"valueName":"search_term_string"}}],"inLanguage":"en-US"},{"@type":"Organization","@id":"https:\/\/kongshojcamping.dk\/en\/#organization","name":"Kongsh\u00f8j Camping","url":"https:\/\/kongshojcamping.dk\/en\/","logo":{"@type":"ImageObject","inLanguage":"en-US","@id":"https:\/\/kongshojcamping.dk\/en\/#\/schema\/logo\/image\/","url":"https:\/\/kongshojcamping.dk\/wp-content\/uploads\/2022\/09\/layer-2.png","contentUrl":"https:\/\/kongshojcamping.dk\/wp-content\/uploads\/2022\/09\/layer-2.png","width":997,"height":613,"caption":"Kongsh\u00f8j Camping"},"image":{"@id":"https:\/\/kongshojcamping.dk\/en\/#\/schema\/logo\/image\/"}}]}},"_links":{"self":[{"href":"https:\/\/kongshojcamping.dk\/en\/wp-json\/wp\/v2\/pages\/4756","targetHints":{"allow":["GET"]}}],"collection":[{"href":"https:\/\/kongshojcamping.dk\/en\/wp-json\/wp\/v2\/pages"}],"about":[{"href":"https:\/\/kongshojcamping.dk\/en\/wp-json\/wp\/v2\/types\/page"}],"author":[{"embeddable":true,"href":"https:\/\/kongshojcamping.dk\/en\/wp-json\/wp\/v2\/users\/1"}],"replies":[{"embeddable":true,"href":"https:\/\/kongshojcamping.dk\/en\/wp-json\/wp\/v2\/comments?post=4756"}],"version-history":[{"count":10,"href":"https:\/\/kongshojcamping.dk\/en\/wp-json\/wp\/v2\/pages\/4756\/revisions"}],"predecessor-version":[{"id":900048,"href":"https:\/\/kongshojcamping.dk\/en\/wp-json\/wp\/v2\/pages\/4756\/revisions\/900048"}],"wp:attachment":[{"href":"https:\/\/kongshojcamping.dk\/en\/wp-json\/wp\/v2\/media?parent=4756"}],"wp:term":[{"taxonomy":"category","embeddable":true,"href":"https:\/\/kongshojcamping.dk\/en\/wp-json\/wp\/v2\/categories?post=4756"}],"curies":[{"name":"wp","href":"https:\/\/api.w.org\/{rel}","templated":true}]}}