{"id":900567,"date":"2022-10-06T08:48:38","date_gmt":"2022-10-06T06:48:38","guid":{"rendered":"https:\/\/kongshojcamping.dk\/nature\/"},"modified":"2026-03-26T00:46:58","modified_gmt":"2026-03-25T23:46:58","slug":"nature","status":"publish","type":"page","link":"https:\/\/kongshojcamping.dk\/en\/nature\/","title":{"rendered":"Nature"},"content":{"rendered":"<section class=\"wpb-content-wrapper\"><p>[vc_row full_width=&#8221;stretch_row&#8221;][vc_column]<div class=\"ult-spacer spacer-69ed347413c6d\" data-id=\"69ed347413c6d\" data-height=\"90\" data-height-mobile=\"60\" data-height-tab=\"90\" data-height-tab-portrait=\"60\" data-height-mobile-landscape=\"60\" style=\"clear:both;display:block;\"><\/div>[vc_row_inner][vc_column_inner offset=&#8221;vc_col-lg-8 vc_col-md-8 vc_col-xs-12&#8243;][vc_column_text]<\/p>\n<p data-start=\"16\" data-end=\"99\">On and around the campsite, there is a wide range of nature experiences to enjoy.<\/p>\n<p data-start=\"101\" data-end=\"400\"><strong data-start=\"101\" data-end=\"110\">Beach<\/strong><br data-start=\"110\" data-end=\"113\" \/>We have a beautiful beach that year after year receives the Blue Flag, a sign of clean and high-quality bathing water. It\u2019s the perfect place to spend many hours on our lovely, child-friendly beach. On warm sunny days, a swim is a must, and children\u2019s buckets and spades are essential.<\/p>\n<p data-start=\"402\" data-end=\"794\"><strong data-start=\"402\" data-end=\"427\">Fishing opportunities<\/strong><br data-start=\"427\" data-end=\"430\" \/>You can cast your fishing rod either along the coast or by our marsh, and there\u2019s a good chance of catching a pike \u2013 and perhaps serving it as fish cakes later. The area just off the campsite is especially popular among anglers. And if you\u2019re successful, we have a well-equipped fish cleaning facility. You can also bring your own boat, as we have our own jetty.<\/p>\n<p data-start=\"796\" data-end=\"1104\"><strong data-start=\"796\" data-end=\"825\">Fire-bellied toad habitat<\/strong><br data-start=\"825\" data-end=\"828\" \/>In 2015, we established a new habitat to support the East Funen population of the rare fire-bellied toad. Around the pond, our animals graze, and it\u2019s a great spot to sit in the dog forest on one of the benches and enjoy the peaceful view over the water and Kongsh\u00f8j valley.<\/p>\n<p data-start=\"1106\" data-end=\"1301\"><strong data-start=\"1106\" data-end=\"1116\">Hiking<\/strong><br data-start=\"1116\" data-end=\"1119\" \/>We have several different trail systems on our own land and in nearby forests. For example, you can take our \u201cView Trail,\u201d where you can sit and enjoy the view over the Great Belt.<\/p>\n<p data-start=\"1303\" data-end=\"1444\">Not far from the campsite, there is also a large forest where you can experience Scottish Highland cattle grazing on a vast natural meadow.<\/p>\n<p data-start=\"1446\" data-end=\"1539\">It\u2019s also a great idea to walk to Revs\u00f8re, a charming old-fashioned fishing village nearby.<\/p>\n<p data-start=\"1541\" data-end=\"1688\"><strong data-start=\"1541\" data-end=\"1555\">Dog forest<\/strong><br data-start=\"1555\" data-end=\"1558\" \/>We have created a 5,000 m\u00b2 enclosed dog forest where dog owners can walk their dogs freely, and where the dogs can run and play.<\/p>\n<p>[\/vc_column_text][vc_empty_space height=&#8221;30px&#8221;][vc_btn title=&#8221;Book&#8221; style=&#8221;custom&#8221; custom_background=&#8221;#f8ca3c&#8221; custom_text=&#8221;#2d4750&#8243; shape=&#8221;square&#8221; align=&#8221;left&#8221; link=&#8221;url:https%3A%2F%2Fv3.onlinebooking.dk%2Fv3kongshoj|target:_blank|&#8221;]<div class=\"ult-spacer spacer-69ed347413cb2\" data-id=\"69ed347413cb2\" data-height=\"0\" data-height-mobile=\"30\" data-height-tab=\"0\" data-height-tab-portrait=\"0\" data-height-mobile-landscape=\"30\" style=\"clear:both;display:block;\"><\/div>[\/vc_column_inner][vc_column_inner offset=&#8221;vc_col-lg-4 vc_col-md-4 vc_col-xs-12&#8243;][\/vc_column_inner][\/vc_row_inner][vc_empty_space height=&#8221;60px&#8221;][vc_media_grid gap=&#8221;20&#8243; grid_id=&#8221;vc_gid:1705053104342-1cff742e-ab75-1&#8243; include=&#8221;3755,3756,3757,3758,3759,3760,3761,3762,3763,3764,3765,3766,3767,3768,3769,3770,3771,3772,3773,3774,3775,3776&#8243;]<div class=\"ult-spacer spacer-69ed347413cd8\" data-id=\"69ed347413cd8\" data-height=\"90\" data-height-mobile=\"60\" data-height-tab=\"90\" data-height-tab-portrait=\"60\" data-height-mobile-landscape=\"60\" style=\"clear:both;display:block;\"><\/div>[\/vc_column][\/vc_row]<\/p>\n<\/section>","protected":false},"excerpt":{"rendered":"<p>Experience the beautiful nature surrounding the campsite.<\/p>\n","protected":false},"author":1,"featured_media":0,"parent":0,"menu_order":14,"comment_status":"closed","ping_status":"closed","template":"","meta":{"_acf_changed":false,"footnotes":""},"categories":[],"class_list":["post-900567","page","type-page","status-publish"],"acf":[],"yoast_head":"<!-- This site is optimized with the Yoast SEO plugin v27.2 - https:\/\/yoast.com\/product\/yoast-seo-wordpress\/ -->\n<title>Nature &#183; Kongsh\u00f8j Camping<\/title>\n<meta name=\"robots\" content=\"index, follow, max-snippet:-1, max-image-preview:large, max-video-preview:-1\" \/>\n<link rel=\"canonical\" href=\"https:\/\/kongshojcamping.dk\/en\/nature\/\" \/>\n<meta property=\"og:locale\" content=\"en_US\" \/>\n<meta property=\"og:type\" content=\"article\" \/>\n<meta property=\"og:title\" content=\"Nature &#183; Kongsh\u00f8j Camping\" \/>\n<meta property=\"og:description\" content=\"Experience the beautiful nature surrounding the campsite.\" \/>\n<meta property=\"og:url\" content=\"https:\/\/kongshojcamping.dk\/en\/nature\/\" \/>\n<meta property=\"og:site_name\" content=\"Kongsh\u00f8j Camping\" \/>\n<meta property=\"article:modified_time\" content=\"2026-03-25T23:46:58+00:00\" \/>\n<meta name=\"twitter:card\" content=\"summary_large_image\" \/>\n<meta name=\"twitter:label1\" content=\"Est. reading time\" \/>\n\t<meta name=\"twitter:data1\" content=\"2 minutes\" \/>\n<script type=\"application\/ld+json\" class=\"yoast-schema-graph\">{\"@context\":\"https:\/\/schema.org\",\"@graph\":[{\"@type\":\"WebPage\",\"@id\":\"https:\/\/kongshojcamping.dk\/en\/nature\/\",\"url\":\"https:\/\/kongshojcamping.dk\/en\/nature\/\",\"name\":\"Nature &#183; Kongsh\u00f8j Camping\",\"isPartOf\":{\"@id\":\"https:\/\/kongshojcamping.dk\/en\/#website\"},\"datePublished\":\"2022-10-06T06:48:38+00:00\",\"dateModified\":\"2026-03-25T23:46:58+00:00\",\"breadcrumb\":{\"@id\":\"https:\/\/kongshojcamping.dk\/en\/nature\/#breadcrumb\"},\"inLanguage\":\"en-US\",\"potentialAction\":[{\"@type\":\"ReadAction\",\"target\":[\"https:\/\/kongshojcamping.dk\/en\/nature\/\"]}]},{\"@type\":\"BreadcrumbList\",\"@id\":\"https:\/\/kongshojcamping.dk\/en\/nature\/#breadcrumb\",\"itemListElement\":[{\"@type\":\"ListItem\",\"position\":1,\"name\":\"Hjem\",\"item\":\"https:\/\/kongshojcamping.dk\/en\/home\/\"},{\"@type\":\"ListItem\",\"position\":2,\"name\":\"Nature\"}]},{\"@type\":\"WebSite\",\"@id\":\"https:\/\/kongshojcamping.dk\/en\/#website\",\"url\":\"https:\/\/kongshojcamping.dk\/en\/\",\"name\":\"Kongsh\u00f8j Camping\",\"description\":\"Camping med campingplads og campinghytte n\u00e6r strand p\u00e5 Fyn\",\"publisher\":{\"@id\":\"https:\/\/kongshojcamping.dk\/en\/#organization\"},\"potentialAction\":[{\"@type\":\"SearchAction\",\"target\":{\"@type\":\"EntryPoint\",\"urlTemplate\":\"https:\/\/kongshojcamping.dk\/en\/?s={search_term_string}\"},\"query-input\":{\"@type\":\"PropertyValueSpecification\",\"valueRequired\":true,\"valueName\":\"search_term_string\"}}],\"inLanguage\":\"en-US\"},{\"@type\":\"Organization\",\"@id\":\"https:\/\/kongshojcamping.dk\/en\/#organization\",\"name\":\"Kongsh\u00f8j Camping\",\"url\":\"https:\/\/kongshojcamping.dk\/en\/\",\"logo\":{\"@type\":\"ImageObject\",\"inLanguage\":\"en-US\",\"@id\":\"https:\/\/kongshojcamping.dk\/en\/#\/schema\/logo\/image\/\",\"url\":\"https:\/\/kongshojcamping.dk\/wp-content\/uploads\/2022\/09\/layer-2.png\",\"contentUrl\":\"https:\/\/kongshojcamping.dk\/wp-content\/uploads\/2022\/09\/layer-2.png\",\"width\":997,\"height\":613,\"caption\":\"Kongsh\u00f8j Camping\"},\"image\":{\"@id\":\"https:\/\/kongshojcamping.dk\/en\/#\/schema\/logo\/image\/\"}}]}<\/script>\n<!-- \/ Yoast SEO plugin. -->","yoast_head_json":{"title":"Nature &#183; Kongsh\u00f8j Camping","robots":{"index":"index","follow":"follow","max-snippet":"max-snippet:-1","max-image-preview":"max-image-preview:large","max-video-preview":"max-video-preview:-1"},"canonical":"https:\/\/kongshojcamping.dk\/en\/nature\/","og_locale":"en_US","og_type":"article","og_title":"Nature &#183; Kongsh\u00f8j Camping","og_description":"Experience the beautiful nature surrounding the campsite.","og_url":"https:\/\/kongshojcamping.dk\/en\/nature\/","og_site_name":"Kongsh\u00f8j Camping","article_modified_time":"2026-03-25T23:46:58+00:00","twitter_card":"summary_large_image","twitter_misc":{"Est. reading time":"2 minutes"},"schema":{"@context":"https:\/\/schema.org","@graph":[{"@type":"WebPage","@id":"https:\/\/kongshojcamping.dk\/en\/nature\/","url":"https:\/\/kongshojcamping.dk\/en\/nature\/","name":"Nature &#183; Kongsh\u00f8j Camping","isPartOf":{"@id":"https:\/\/kongshojcamping.dk\/en\/#website"},"datePublished":"2022-10-06T06:48:38+00:00","dateModified":"2026-03-25T23:46:58+00:00","breadcrumb":{"@id":"https:\/\/kongshojcamping.dk\/en\/nature\/#breadcrumb"},"inLanguage":"en-US","potentialAction":[{"@type":"ReadAction","target":["https:\/\/kongshojcamping.dk\/en\/nature\/"]}]},{"@type":"BreadcrumbList","@id":"https:\/\/kongshojcamping.dk\/en\/nature\/#breadcrumb","itemListElement":[{"@type":"ListItem","position":1,"name":"Hjem","item":"https:\/\/kongshojcamping.dk\/en\/home\/"},{"@type":"ListItem","position":2,"name":"Nature"}]},{"@type":"WebSite","@id":"https:\/\/kongshojcamping.dk\/en\/#website","url":"https:\/\/kongshojcamping.dk\/en\/","name":"Kongsh\u00f8j Camping","description":"Camping med campingplads og campinghytte n\u00e6r strand p\u00e5 Fyn","publisher":{"@id":"https:\/\/kongshojcamping.dk\/en\/#organization"},"potentialAction":[{"@type":"SearchAction","target":{"@type":"EntryPoint","urlTemplate":"https:\/\/kongshojcamping.dk\/en\/?s={search_term_string}"},"query-input":{"@type":"PropertyValueSpecification","valueRequired":true,"valueName":"search_term_string"}}],"inLanguage":"en-US"},{"@type":"Organization","@id":"https:\/\/kongshojcamping.dk\/en\/#organization","name":"Kongsh\u00f8j Camping","url":"https:\/\/kongshojcamping.dk\/en\/","logo":{"@type":"ImageObject","inLanguage":"en-US","@id":"https:\/\/kongshojcamping.dk\/en\/#\/schema\/logo\/image\/","url":"https:\/\/kongshojcamping.dk\/wp-content\/uploads\/2022\/09\/layer-2.png","contentUrl":"https:\/\/kongshojcamping.dk\/wp-content\/uploads\/2022\/09\/layer-2.png","width":997,"height":613,"caption":"Kongsh\u00f8j Camping"},"image":{"@id":"https:\/\/kongshojcamping.dk\/en\/#\/schema\/logo\/image\/"}}]}},"_links":{"self":[{"href":"https:\/\/kongshojcamping.dk\/en\/wp-json\/wp\/v2\/pages\/900567","targetHints":{"allow":["GET"]}}],"collection":[{"href":"https:\/\/kongshojcamping.dk\/en\/wp-json\/wp\/v2\/pages"}],"about":[{"href":"https:\/\/kongshojcamping.dk\/en\/wp-json\/wp\/v2\/types\/page"}],"author":[{"embeddable":true,"href":"https:\/\/kongshojcamping.dk\/en\/wp-json\/wp\/v2\/users\/1"}],"replies":[{"embeddable":true,"href":"https:\/\/kongshojcamping.dk\/en\/wp-json\/wp\/v2\/comments?post=900567"}],"version-history":[{"count":2,"href":"https:\/\/kongshojcamping.dk\/en\/wp-json\/wp\/v2\/pages\/900567\/revisions"}],"predecessor-version":[{"id":900570,"href":"https:\/\/kongshojcamping.dk\/en\/wp-json\/wp\/v2\/pages\/900567\/revisions\/900570"}],"wp:attachment":[{"href":"https:\/\/kongshojcamping.dk\/en\/wp-json\/wp\/v2\/media?parent=900567"}],"wp:term":[{"taxonomy":"category","embeddable":true,"href":"https:\/\/kongshojcamping.dk\/en\/wp-json\/wp\/v2\/categories?post=900567"}],"curies":[{"name":"wp","href":"https:\/\/api.w.org\/{rel}","templated":true}]}}