{"id":900577,"date":"2022-10-06T08:43:49","date_gmt":"2022-10-06T06:43:49","guid":{"rendered":"https:\/\/kongshojcamping.dk\/dogs-on-campsite\/"},"modified":"2026-03-26T00:54:48","modified_gmt":"2026-03-25T23:54:48","slug":"dogs-on-campsite","status":"publish","type":"page","link":"https:\/\/kongshojcamping.dk\/en\/dogs-on-campsite\/","title":{"rendered":"Dogs on campsite"},"content":{"rendered":"<section class=\"wpb-content-wrapper\"><p>[vc_row full_width=&#8221;stretch_row&#8221;][vc_column]<div class=\"ult-spacer spacer-69d251327e5b5\" data-id=\"69d251327e5b5\" data-height=\"90\" data-height-mobile=\"60\" data-height-tab=\"90\" data-height-tab-portrait=\"60\" data-height-mobile-landscape=\"60\" style=\"clear:both;display:block;\"><\/div>[vc_row_inner][vc_column_inner offset=&#8221;vc_col-lg-8 vc_col-md-8 vc_col-xs-12&#8243;][vc_column_text]<\/p>\n<p data-start=\"16\" data-end=\"129\">Today, dogs are a big part of the family, so of course they should be able to join you on your camping holiday.<\/p>\n<p data-start=\"131\" data-end=\"366\">It is therefore allowed to bring your dog to Kongsh\u00f8j Strand Camping, whether you are staying in your own caravan\/tent or in one of our beautiful luxury cabins. Naturally, dogs must be kept on a leash when moving around the campsite.<\/p>\n<p data-start=\"368\" data-end=\"755\">We offer plenty of opportunities to keep both dogs and their owners active. We have a 20-hectare area with forests and fields, featuring various trail systems. Whether you prefer walking along fields, open grass areas, the beach, or through dense forest, we have it all. Close to the campsite, you will also find the large T\u00e5ruplund Forest, which offers even more hiking opportunities.<\/p>\n<p data-start=\"757\" data-end=\"1058\">Of course, your dog should also have the chance to explore and burn off some energy. That\u2019s why we have our very popular dog forest, where dogs can run freely within a 5,000 m\u00b2 fenced area, while you can relax on one of the benches and enjoy the view over our animal pasture and the Kongsh\u00f8j Valley.<\/p>\n<p data-start=\"1060\" data-end=\"1136\">We look forward to welcoming you and your dogs to Kongsh\u00f8j Strand Camping.<\/p>\n<p data-start=\"1138\" data-end=\"1243\">If you have any questions, you are always welcome to call us at (+45) 65 37 12 88 for more information.<\/p>\n<p>[\/vc_column_text][vc_empty_space height=&#8221;30px&#8221;][vc_btn title=&#8221;Book&#8221; style=&#8221;custom&#8221; custom_background=&#8221;#f8ca3c&#8221; custom_text=&#8221;#2d4750&#8243; shape=&#8221;square&#8221; align=&#8221;left&#8221; link=&#8221;url:https%3A%2F%2Fv3.onlinebooking.dk%2Fv3kongshoj|target:_blank|&#8221;]<div class=\"ult-spacer spacer-69d251327e5fb\" data-id=\"69d251327e5fb\" data-height=\"0\" data-height-mobile=\"30\" data-height-tab=\"0\" data-height-tab-portrait=\"0\" data-height-mobile-landscape=\"30\" style=\"clear:both;display:block;\"><\/div>[\/vc_column_inner][vc_column_inner offset=&#8221;vc_col-lg-4 vc_col-md-4 vc_col-xs-12&#8243;][\/vc_column_inner][\/vc_row_inner][vc_empty_space height=&#8221;60px&#8221;][vc_media_grid gap=&#8221;20&#8243; grid_id=&#8221;vc_gid:1705053073661-224f8aa7-3447-4&#8243; include=&#8221;3747,3748,3749,3750,3751,3752&#8243;]<div class=\"ult-spacer spacer-69d251327e626\" data-id=\"69d251327e626\" data-height=\"90\" data-height-mobile=\"60\" data-height-tab=\"90\" data-height-tab-portrait=\"60\" data-height-mobile-landscape=\"60\" style=\"clear:both;display:block;\"><\/div>[\/vc_column][\/vc_row]<\/p>\n<\/section>","protected":false},"excerpt":{"rendered":"<p>Bring man\u2019s best friend along on holiday.<\/p>\n","protected":false},"author":1,"featured_media":0,"parent":0,"menu_order":14,"comment_status":"closed","ping_status":"closed","template":"","meta":{"_acf_changed":false,"footnotes":""},"categories":[],"class_list":["post-900577","page","type-page","status-publish"],"acf":[],"yoast_head":"<!-- This site is optimized with the Yoast SEO plugin v27.2 - https:\/\/yoast.com\/product\/yoast-seo-wordpress\/ -->\n<title>Dogs on campsite &#183; Kongsh\u00f8j Camping<\/title>\n<meta name=\"robots\" content=\"index, follow, max-snippet:-1, max-image-preview:large, max-video-preview:-1\" \/>\n<link rel=\"canonical\" href=\"https:\/\/kongshojcamping.dk\/en\/dogs-on-campsite\/\" \/>\n<meta property=\"og:locale\" content=\"en_US\" \/>\n<meta property=\"og:type\" content=\"article\" \/>\n<meta property=\"og:title\" content=\"Dogs on campsite &#183; Kongsh\u00f8j Camping\" \/>\n<meta property=\"og:description\" content=\"Bring man\u2019s best friend along on holiday.\" \/>\n<meta property=\"og:url\" content=\"https:\/\/kongshojcamping.dk\/en\/dogs-on-campsite\/\" \/>\n<meta property=\"og:site_name\" content=\"Kongsh\u00f8j Camping\" \/>\n<meta property=\"article:modified_time\" content=\"2026-03-25T23:54:48+00:00\" \/>\n<meta name=\"twitter:card\" content=\"summary_large_image\" \/>\n<meta name=\"twitter:label1\" content=\"Est. reading time\" \/>\n\t<meta name=\"twitter:data1\" content=\"2 minutes\" \/>\n<script type=\"application\/ld+json\" class=\"yoast-schema-graph\">{\"@context\":\"https:\/\/schema.org\",\"@graph\":[{\"@type\":\"WebPage\",\"@id\":\"https:\/\/kongshojcamping.dk\/en\/dogs-on-campsite\/\",\"url\":\"https:\/\/kongshojcamping.dk\/en\/dogs-on-campsite\/\",\"name\":\"Dogs on campsite &#183; Kongsh\u00f8j Camping\",\"isPartOf\":{\"@id\":\"https:\/\/kongshojcamping.dk\/en\/#website\"},\"datePublished\":\"2022-10-06T06:43:49+00:00\",\"dateModified\":\"2026-03-25T23:54:48+00:00\",\"breadcrumb\":{\"@id\":\"https:\/\/kongshojcamping.dk\/en\/dogs-on-campsite\/#breadcrumb\"},\"inLanguage\":\"en-US\",\"potentialAction\":[{\"@type\":\"ReadAction\",\"target\":[\"https:\/\/kongshojcamping.dk\/en\/dogs-on-campsite\/\"]}]},{\"@type\":\"BreadcrumbList\",\"@id\":\"https:\/\/kongshojcamping.dk\/en\/dogs-on-campsite\/#breadcrumb\",\"itemListElement\":[{\"@type\":\"ListItem\",\"position\":1,\"name\":\"Hjem\",\"item\":\"https:\/\/kongshojcamping.dk\/en\/home\/\"},{\"@type\":\"ListItem\",\"position\":2,\"name\":\"Dogs on campsite\"}]},{\"@type\":\"WebSite\",\"@id\":\"https:\/\/kongshojcamping.dk\/en\/#website\",\"url\":\"https:\/\/kongshojcamping.dk\/en\/\",\"name\":\"Kongsh\u00f8j Camping\",\"description\":\"Camping med campingplads og campinghytte n\u00e6r strand p\u00e5 Fyn\",\"publisher\":{\"@id\":\"https:\/\/kongshojcamping.dk\/en\/#organization\"},\"potentialAction\":[{\"@type\":\"SearchAction\",\"target\":{\"@type\":\"EntryPoint\",\"urlTemplate\":\"https:\/\/kongshojcamping.dk\/en\/?s={search_term_string}\"},\"query-input\":{\"@type\":\"PropertyValueSpecification\",\"valueRequired\":true,\"valueName\":\"search_term_string\"}}],\"inLanguage\":\"en-US\"},{\"@type\":\"Organization\",\"@id\":\"https:\/\/kongshojcamping.dk\/en\/#organization\",\"name\":\"Kongsh\u00f8j Camping\",\"url\":\"https:\/\/kongshojcamping.dk\/en\/\",\"logo\":{\"@type\":\"ImageObject\",\"inLanguage\":\"en-US\",\"@id\":\"https:\/\/kongshojcamping.dk\/en\/#\/schema\/logo\/image\/\",\"url\":\"https:\/\/kongshojcamping.dk\/wp-content\/uploads\/2022\/09\/layer-2.png\",\"contentUrl\":\"https:\/\/kongshojcamping.dk\/wp-content\/uploads\/2022\/09\/layer-2.png\",\"width\":997,\"height\":613,\"caption\":\"Kongsh\u00f8j Camping\"},\"image\":{\"@id\":\"https:\/\/kongshojcamping.dk\/en\/#\/schema\/logo\/image\/\"}}]}<\/script>\n<!-- \/ Yoast SEO plugin. -->","yoast_head_json":{"title":"Dogs on campsite &#183; Kongsh\u00f8j Camping","robots":{"index":"index","follow":"follow","max-snippet":"max-snippet:-1","max-image-preview":"max-image-preview:large","max-video-preview":"max-video-preview:-1"},"canonical":"https:\/\/kongshojcamping.dk\/en\/dogs-on-campsite\/","og_locale":"en_US","og_type":"article","og_title":"Dogs on campsite &#183; Kongsh\u00f8j Camping","og_description":"Bring man\u2019s best friend along on holiday.","og_url":"https:\/\/kongshojcamping.dk\/en\/dogs-on-campsite\/","og_site_name":"Kongsh\u00f8j Camping","article_modified_time":"2026-03-25T23:54:48+00:00","twitter_card":"summary_large_image","twitter_misc":{"Est. reading time":"2 minutes"},"schema":{"@context":"https:\/\/schema.org","@graph":[{"@type":"WebPage","@id":"https:\/\/kongshojcamping.dk\/en\/dogs-on-campsite\/","url":"https:\/\/kongshojcamping.dk\/en\/dogs-on-campsite\/","name":"Dogs on campsite &#183; Kongsh\u00f8j Camping","isPartOf":{"@id":"https:\/\/kongshojcamping.dk\/en\/#website"},"datePublished":"2022-10-06T06:43:49+00:00","dateModified":"2026-03-25T23:54:48+00:00","breadcrumb":{"@id":"https:\/\/kongshojcamping.dk\/en\/dogs-on-campsite\/#breadcrumb"},"inLanguage":"en-US","potentialAction":[{"@type":"ReadAction","target":["https:\/\/kongshojcamping.dk\/en\/dogs-on-campsite\/"]}]},{"@type":"BreadcrumbList","@id":"https:\/\/kongshojcamping.dk\/en\/dogs-on-campsite\/#breadcrumb","itemListElement":[{"@type":"ListItem","position":1,"name":"Hjem","item":"https:\/\/kongshojcamping.dk\/en\/home\/"},{"@type":"ListItem","position":2,"name":"Dogs on campsite"}]},{"@type":"WebSite","@id":"https:\/\/kongshojcamping.dk\/en\/#website","url":"https:\/\/kongshojcamping.dk\/en\/","name":"Kongsh\u00f8j Camping","description":"Camping med campingplads og campinghytte n\u00e6r strand p\u00e5 Fyn","publisher":{"@id":"https:\/\/kongshojcamping.dk\/en\/#organization"},"potentialAction":[{"@type":"SearchAction","target":{"@type":"EntryPoint","urlTemplate":"https:\/\/kongshojcamping.dk\/en\/?s={search_term_string}"},"query-input":{"@type":"PropertyValueSpecification","valueRequired":true,"valueName":"search_term_string"}}],"inLanguage":"en-US"},{"@type":"Organization","@id":"https:\/\/kongshojcamping.dk\/en\/#organization","name":"Kongsh\u00f8j Camping","url":"https:\/\/kongshojcamping.dk\/en\/","logo":{"@type":"ImageObject","inLanguage":"en-US","@id":"https:\/\/kongshojcamping.dk\/en\/#\/schema\/logo\/image\/","url":"https:\/\/kongshojcamping.dk\/wp-content\/uploads\/2022\/09\/layer-2.png","contentUrl":"https:\/\/kongshojcamping.dk\/wp-content\/uploads\/2022\/09\/layer-2.png","width":997,"height":613,"caption":"Kongsh\u00f8j Camping"},"image":{"@id":"https:\/\/kongshojcamping.dk\/en\/#\/schema\/logo\/image\/"}}]}},"_links":{"self":[{"href":"https:\/\/kongshojcamping.dk\/en\/wp-json\/wp\/v2\/pages\/900577","targetHints":{"allow":["GET"]}}],"collection":[{"href":"https:\/\/kongshojcamping.dk\/en\/wp-json\/wp\/v2\/pages"}],"about":[{"href":"https:\/\/kongshojcamping.dk\/en\/wp-json\/wp\/v2\/types\/page"}],"author":[{"embeddable":true,"href":"https:\/\/kongshojcamping.dk\/en\/wp-json\/wp\/v2\/users\/1"}],"replies":[{"embeddable":true,"href":"https:\/\/kongshojcamping.dk\/en\/wp-json\/wp\/v2\/comments?post=900577"}],"version-history":[{"count":2,"href":"https:\/\/kongshojcamping.dk\/en\/wp-json\/wp\/v2\/pages\/900577\/revisions"}],"predecessor-version":[{"id":900580,"href":"https:\/\/kongshojcamping.dk\/en\/wp-json\/wp\/v2\/pages\/900577\/revisions\/900580"}],"wp:attachment":[{"href":"https:\/\/kongshojcamping.dk\/en\/wp-json\/wp\/v2\/media?parent=900577"}],"wp:term":[{"taxonomy":"category","embeddable":true,"href":"https:\/\/kongshojcamping.dk\/en\/wp-json\/wp\/v2\/categories?post=900577"}],"curies":[{"name":"wp","href":"https:\/\/api.w.org\/{rel}","templated":true}]}}