{"id":900584,"date":"2022-09-22T15:18:42","date_gmt":"2022-09-22T13:18:42","guid":{"rendered":"https:\/\/kongshojcamping.dk\/meet-the-animals\/"},"modified":"2026-03-26T01:02:04","modified_gmt":"2026-03-26T00:02:04","slug":"meet-the-animals","status":"publish","type":"page","link":"https:\/\/kongshojcamping.dk\/en\/meet-the-animals\/","title":{"rendered":"Meet the animals"},"content":{"rendered":"<section class=\"wpb-content-wrapper\"><p>[vc_row full_width=&#8221;stretch_row&#8221;][vc_column]<div class=\"ult-spacer spacer-69d251b770ac6\" data-id=\"69d251b770ac6\" data-height=\"90\" data-height-mobile=\"60\" data-height-tab=\"90\" data-height-tab-portrait=\"60\" data-height-mobile-landscape=\"60\" style=\"clear:both;display:block;\"><\/div>[vc_row_inner][vc_column_inner offset=&#8221;vc_col-lg-8 vc_col-md-8 vc_col-xs-12&#8243;][vc_column_text]<\/p>\n<p data-start=\"16\" data-end=\"248\"><strong data-start=\"16\" data-end=\"79\">Petting animals \u2013 a real experience for children and adults<\/strong><br data-start=\"79\" data-end=\"82\" \/>One of the most popular features on the site is our petting animals. They roam freely and enjoy themselves \u2013 and they love being petted by both children and adults.<\/p>\n<p data-start=\"250\" data-end=\"562\">Every summer, we welcome new goat kids, lambs, and baby rabbits, and the rabbits are especially a big hit. There\u2019s something truly special about holding a small, soft bunny in your arms \u2013 it\u2019s calm, cozy, and a wonderful break from screens and electronics. The animals provide great entertainment for all ages.<\/p>\n<p data-start=\"564\" data-end=\"673\">We have a variety of animals on site: rabbits, goats, sheep \u2013 and our two Shetland ponies, Berta and Sofus.<\/p>\n<p data-start=\"675\" data-end=\"714\">The animals are located in two areas:<\/p>\n<p data-start=\"716\" data-end=\"1006\">In the large meadow by the marsh, sheep, goats, and ponies roam freely, grazing the fields and the area around the fire-bellied toad pond.<br data-start=\"854\" data-end=\"857\" \/>In the mini zoo near the playground, you\u2019ll find our tame goats and rabbits. You are very welcome to enter and meet them \u2013 under adult supervision.<\/p>\n<p data-start=\"1008\" data-end=\"1115\">All our animals are used to people and thrive in the company of guests who enjoy spending time with them.<\/p>\n<p>[\/vc_column_text][\/vc_column_inner][vc_column_inner offset=&#8221;vc_col-lg-4 vc_col-md-4 vc_col-xs-12&#8243;][\/vc_column_inner][\/vc_row_inner][vc_empty_space height=&#8221;60px&#8221;][vc_media_grid gap=&#8221;20&#8243; grid_id=&#8221;vc_gid:1743862987858-33daf6d0-b8ee-9&#8243; include=&#8221;3647,3656,3648,900226,3649,900229,3651,3653,3654&#8243;]<div class=\"ult-spacer spacer-69d251b770b14\" data-id=\"69d251b770b14\" data-height=\"90\" data-height-mobile=\"60\" data-height-tab=\"90\" data-height-tab-portrait=\"60\" data-height-mobile-landscape=\"60\" style=\"clear:both;display:block;\"><\/div>[\/vc_column][\/vc_row]<\/p>\n<\/section>","protected":false},"excerpt":{"rendered":"<p>Our petting animals roam around and enjoy themselves, and they look forward to being petted by both children and adults.<\/p>\n","protected":false},"author":1,"featured_media":0,"parent":0,"menu_order":10,"comment_status":"closed","ping_status":"closed","template":"","meta":{"_acf_changed":false,"footnotes":""},"categories":[],"class_list":["post-900584","page","type-page","status-publish"],"acf":[],"yoast_head":"<!-- This site is optimized with the Yoast SEO plugin v27.2 - https:\/\/yoast.com\/product\/yoast-seo-wordpress\/ -->\n<title>Meet the animals &#183; Kongsh\u00f8j Camping<\/title>\n<meta name=\"robots\" content=\"index, follow, max-snippet:-1, max-image-preview:large, max-video-preview:-1\" \/>\n<link rel=\"canonical\" href=\"https:\/\/kongshojcamping.dk\/en\/meet-the-animals\/\" \/>\n<meta property=\"og:locale\" content=\"en_US\" \/>\n<meta property=\"og:type\" content=\"article\" \/>\n<meta property=\"og:title\" content=\"Meet the animals &#183; Kongsh\u00f8j Camping\" \/>\n<meta property=\"og:description\" content=\"Our petting animals roam around and enjoy themselves, and they look forward to being petted by both children and adults.\" \/>\n<meta property=\"og:url\" content=\"https:\/\/kongshojcamping.dk\/en\/meet-the-animals\/\" \/>\n<meta property=\"og:site_name\" content=\"Kongsh\u00f8j Camping\" \/>\n<meta property=\"article:modified_time\" content=\"2026-03-26T00:02:04+00:00\" \/>\n<meta name=\"twitter:card\" content=\"summary_large_image\" \/>\n<meta name=\"twitter:label1\" content=\"Est. reading time\" \/>\n\t<meta name=\"twitter:data1\" content=\"1 minute\" \/>\n<script type=\"application\/ld+json\" class=\"yoast-schema-graph\">{\"@context\":\"https:\/\/schema.org\",\"@graph\":[{\"@type\":\"WebPage\",\"@id\":\"https:\/\/kongshojcamping.dk\/en\/meet-the-animals\/\",\"url\":\"https:\/\/kongshojcamping.dk\/en\/meet-the-animals\/\",\"name\":\"Meet the animals &#183; Kongsh\u00f8j Camping\",\"isPartOf\":{\"@id\":\"https:\/\/kongshojcamping.dk\/en\/#website\"},\"datePublished\":\"2022-09-22T13:18:42+00:00\",\"dateModified\":\"2026-03-26T00:02:04+00:00\",\"breadcrumb\":{\"@id\":\"https:\/\/kongshojcamping.dk\/en\/meet-the-animals\/#breadcrumb\"},\"inLanguage\":\"en-US\",\"potentialAction\":[{\"@type\":\"ReadAction\",\"target\":[\"https:\/\/kongshojcamping.dk\/en\/meet-the-animals\/\"]}]},{\"@type\":\"BreadcrumbList\",\"@id\":\"https:\/\/kongshojcamping.dk\/en\/meet-the-animals\/#breadcrumb\",\"itemListElement\":[{\"@type\":\"ListItem\",\"position\":1,\"name\":\"Hjem\",\"item\":\"https:\/\/kongshojcamping.dk\/en\/home\/\"},{\"@type\":\"ListItem\",\"position\":2,\"name\":\"Meet the animals\"}]},{\"@type\":\"WebSite\",\"@id\":\"https:\/\/kongshojcamping.dk\/en\/#website\",\"url\":\"https:\/\/kongshojcamping.dk\/en\/\",\"name\":\"Kongsh\u00f8j Camping\",\"description\":\"Camping med campingplads og campinghytte n\u00e6r strand p\u00e5 Fyn\",\"publisher\":{\"@id\":\"https:\/\/kongshojcamping.dk\/en\/#organization\"},\"potentialAction\":[{\"@type\":\"SearchAction\",\"target\":{\"@type\":\"EntryPoint\",\"urlTemplate\":\"https:\/\/kongshojcamping.dk\/en\/?s={search_term_string}\"},\"query-input\":{\"@type\":\"PropertyValueSpecification\",\"valueRequired\":true,\"valueName\":\"search_term_string\"}}],\"inLanguage\":\"en-US\"},{\"@type\":\"Organization\",\"@id\":\"https:\/\/kongshojcamping.dk\/en\/#organization\",\"name\":\"Kongsh\u00f8j Camping\",\"url\":\"https:\/\/kongshojcamping.dk\/en\/\",\"logo\":{\"@type\":\"ImageObject\",\"inLanguage\":\"en-US\",\"@id\":\"https:\/\/kongshojcamping.dk\/en\/#\/schema\/logo\/image\/\",\"url\":\"https:\/\/kongshojcamping.dk\/wp-content\/uploads\/2022\/09\/layer-2.png\",\"contentUrl\":\"https:\/\/kongshojcamping.dk\/wp-content\/uploads\/2022\/09\/layer-2.png\",\"width\":997,\"height\":613,\"caption\":\"Kongsh\u00f8j Camping\"},\"image\":{\"@id\":\"https:\/\/kongshojcamping.dk\/en\/#\/schema\/logo\/image\/\"}}]}<\/script>\n<!-- \/ Yoast SEO plugin. -->","yoast_head_json":{"title":"Meet the animals &#183; Kongsh\u00f8j Camping","robots":{"index":"index","follow":"follow","max-snippet":"max-snippet:-1","max-image-preview":"max-image-preview:large","max-video-preview":"max-video-preview:-1"},"canonical":"https:\/\/kongshojcamping.dk\/en\/meet-the-animals\/","og_locale":"en_US","og_type":"article","og_title":"Meet the animals &#183; Kongsh\u00f8j Camping","og_description":"Our petting animals roam around and enjoy themselves, and they look forward to being petted by both children and adults.","og_url":"https:\/\/kongshojcamping.dk\/en\/meet-the-animals\/","og_site_name":"Kongsh\u00f8j Camping","article_modified_time":"2026-03-26T00:02:04+00:00","twitter_card":"summary_large_image","twitter_misc":{"Est. reading time":"1 minute"},"schema":{"@context":"https:\/\/schema.org","@graph":[{"@type":"WebPage","@id":"https:\/\/kongshojcamping.dk\/en\/meet-the-animals\/","url":"https:\/\/kongshojcamping.dk\/en\/meet-the-animals\/","name":"Meet the animals &#183; Kongsh\u00f8j Camping","isPartOf":{"@id":"https:\/\/kongshojcamping.dk\/en\/#website"},"datePublished":"2022-09-22T13:18:42+00:00","dateModified":"2026-03-26T00:02:04+00:00","breadcrumb":{"@id":"https:\/\/kongshojcamping.dk\/en\/meet-the-animals\/#breadcrumb"},"inLanguage":"en-US","potentialAction":[{"@type":"ReadAction","target":["https:\/\/kongshojcamping.dk\/en\/meet-the-animals\/"]}]},{"@type":"BreadcrumbList","@id":"https:\/\/kongshojcamping.dk\/en\/meet-the-animals\/#breadcrumb","itemListElement":[{"@type":"ListItem","position":1,"name":"Hjem","item":"https:\/\/kongshojcamping.dk\/en\/home\/"},{"@type":"ListItem","position":2,"name":"Meet the animals"}]},{"@type":"WebSite","@id":"https:\/\/kongshojcamping.dk\/en\/#website","url":"https:\/\/kongshojcamping.dk\/en\/","name":"Kongsh\u00f8j Camping","description":"Camping med campingplads og campinghytte n\u00e6r strand p\u00e5 Fyn","publisher":{"@id":"https:\/\/kongshojcamping.dk\/en\/#organization"},"potentialAction":[{"@type":"SearchAction","target":{"@type":"EntryPoint","urlTemplate":"https:\/\/kongshojcamping.dk\/en\/?s={search_term_string}"},"query-input":{"@type":"PropertyValueSpecification","valueRequired":true,"valueName":"search_term_string"}}],"inLanguage":"en-US"},{"@type":"Organization","@id":"https:\/\/kongshojcamping.dk\/en\/#organization","name":"Kongsh\u00f8j Camping","url":"https:\/\/kongshojcamping.dk\/en\/","logo":{"@type":"ImageObject","inLanguage":"en-US","@id":"https:\/\/kongshojcamping.dk\/en\/#\/schema\/logo\/image\/","url":"https:\/\/kongshojcamping.dk\/wp-content\/uploads\/2022\/09\/layer-2.png","contentUrl":"https:\/\/kongshojcamping.dk\/wp-content\/uploads\/2022\/09\/layer-2.png","width":997,"height":613,"caption":"Kongsh\u00f8j Camping"},"image":{"@id":"https:\/\/kongshojcamping.dk\/en\/#\/schema\/logo\/image\/"}}]}},"_links":{"self":[{"href":"https:\/\/kongshojcamping.dk\/en\/wp-json\/wp\/v2\/pages\/900584","targetHints":{"allow":["GET"]}}],"collection":[{"href":"https:\/\/kongshojcamping.dk\/en\/wp-json\/wp\/v2\/pages"}],"about":[{"href":"https:\/\/kongshojcamping.dk\/en\/wp-json\/wp\/v2\/types\/page"}],"author":[{"embeddable":true,"href":"https:\/\/kongshojcamping.dk\/en\/wp-json\/wp\/v2\/users\/1"}],"replies":[{"embeddable":true,"href":"https:\/\/kongshojcamping.dk\/en\/wp-json\/wp\/v2\/comments?post=900584"}],"version-history":[{"count":2,"href":"https:\/\/kongshojcamping.dk\/en\/wp-json\/wp\/v2\/pages\/900584\/revisions"}],"predecessor-version":[{"id":900587,"href":"https:\/\/kongshojcamping.dk\/en\/wp-json\/wp\/v2\/pages\/900584\/revisions\/900587"}],"wp:attachment":[{"href":"https:\/\/kongshojcamping.dk\/en\/wp-json\/wp\/v2\/media?parent=900584"}],"wp:term":[{"taxonomy":"category","embeddable":true,"href":"https:\/\/kongshojcamping.dk\/en\/wp-json\/wp\/v2\/categories?post=900584"}],"curies":[{"name":"wp","href":"https:\/\/api.w.org\/{rel}","templated":true}]}}